{"id":3818,"date":"2025-10-22T07:19:53","date_gmt":"2025-10-22T06:19:53","guid":{"rendered":"https:\/\/stayhaws.com\/granada\/"},"modified":"2026-02-16T10:43:32","modified_gmt":"2026-02-16T09:43:32","slug":"granada","status":"publish","type":"page","link":"https:\/\/stayhaws.com\/ca\/granada\/","title":{"rendered":"Granada"},"content":{"rendered":"\t\t<div data-elementor-type=\"wp-page\" data-elementor-id=\"3818\" class=\"elementor elementor-3818 elementor-2310\" data-elementor-post-type=\"page\">\n\t\t\t\t<div class=\"elementor-element elementor-element-29838a1 e-flex e-con-boxed e-con e-parent\" data-id=\"29838a1\" data-element_type=\"container\" data-e-type=\"container\" data-settings=\"{&quot;background_background&quot;:&quot;classic&quot;}\">\n\t\t\t\t\t<div class=\"e-con-inner\">\n\t\t\t\t<div class=\"elementor-element elementor-element-e23c269 animated-slow elementor-invisible elementor-widget elementor-widget-heading\" data-id=\"e23c269\" data-element_type=\"widget\" data-e-type=\"widget\" data-settings=\"{&quot;_animation&quot;:&quot;fadeInDown&quot;}\" data-widget_type=\"heading.default\">\n\t\t\t\t<div class=\"elementor-widget-container\">\n\t\t\t\t\t<h1 class=\"elementor-heading-title elementor-size-default\">Granada<\/h1>\t\t\t\t<\/div>\n\t\t\t\t<\/div>\n\t\t\t\t\t<\/div>\n\t\t\t\t<\/div>\n\t\t<div class=\"elementor-element elementor-element-13db8c8 e-con-full e-flex e-con e-parent\" data-id=\"13db8c8\" data-element_type=\"container\" data-e-type=\"container\">\n\t\t<div class=\"elementor-element elementor-element-06802d2 e-con-full e-flex e-con e-child\" data-id=\"06802d2\" data-element_type=\"container\" data-e-type=\"container\">\n\t\t<div class=\"elementor-element elementor-element-3071a03 e-con-full animated-slow e-flex elementor-invisible e-con e-child\" data-id=\"3071a03\" data-element_type=\"container\" data-e-type=\"container\" data-settings=\"{&quot;animation&quot;:&quot;fadeInLeft&quot;}\">\n\t\t<div class=\"elementor-element elementor-element-eb6623b e-con-full e-flex e-con e-child\" data-id=\"eb6623b\" data-element_type=\"container\" data-e-type=\"container\">\n\t\t\t\t<div class=\"elementor-element elementor-element-ea04c1c elementor-widget elementor-widget-heading\" data-id=\"ea04c1c\" data-element_type=\"widget\" data-e-type=\"widget\" data-widget_type=\"heading.default\">\n\t\t\t\t<div class=\"elementor-widget-container\">\n\t\t\t\t\t<p class=\"elementor-heading-title elementor-size-default\">Stay HAWS Granada<\/p>\t\t\t\t<\/div>\n\t\t\t\t<\/div>\n\t\t\t\t<div class=\"elementor-element elementor-element-30906bd elementor-widget elementor-widget-heading\" data-id=\"30906bd\" data-element_type=\"widget\" data-e-type=\"widget\" data-widget_type=\"heading.default\">\n\t\t\t\t<div class=\"elementor-widget-container\">\n\t\t\t\t\t<p class=\"elementor-heading-title elementor-size-default\">HAWS Granada<\/p>\t\t\t\t<\/div>\n\t\t\t\t<\/div>\n\t\t\t\t<div class=\"elementor-element elementor-element-350c15d elementor-widget elementor-widget-heading\" data-id=\"350c15d\" data-element_type=\"widget\" data-e-type=\"widget\" data-widget_type=\"heading.default\">\n\t\t\t\t<div class=\"elementor-widget-container\">\n\t\t\t\t\t<p class=\"elementor-heading-title elementor-size-default\">Amb obertura a finals de 2026, estem preparant alguna cosa veritablement especial al cor de Granada. Amagat al encantador barri de l'Albaic\u00edn, el nostre emblem\u00e0tic edifici combina l'encant hist\u00f2ric amb un disseny contemporani, oferint una nova manera d'experimentar la ciutat.<\/p>\t\t\t\t<\/div>\n\t\t\t\t<\/div>\n\t\t\t\t<div class=\"elementor-element elementor-element-dec9356 elementor-widget__width-initial elementor-widget-tablet_extra__width-initial elementor-widget elementor-widget-heading\" data-id=\"dec9356\" data-element_type=\"widget\" data-e-type=\"widget\" data-widget_type=\"heading.default\">\n\t\t\t\t<div class=\"elementor-widget-container\">\n\t\t\t\t\t<p class=\"elementor-heading-title elementor-size-default\">Amb una selecci\u00f3 d'apartaments d'una, dues i tres habitacions, una refrescant piscina, banys \u00e0rabs tradicionals i tots els serveis i el confort caracter\u00edstics de HAWS, HAWS Granada est\u00e0 dissenyat per ser la teva llar perfecta lluny de casa.<br><bR>Tant si ets aqu\u00ed per oci, negocis o per explorar la rica hist\u00f2ria de Granada, les nostres comoditats de primer nivell i un servei atent faran que la teva estada sigui inoblidable.<\/p>\t\t\t\t<\/div>\n\t\t\t\t<\/div>\n\t\t\t\t<\/div>\n\t\t\t\t<\/div>\n\t\t<div class=\"elementor-element elementor-element-155d93e e-con-full animated-slow e-flex elementor-invisible e-con e-child\" data-id=\"155d93e\" data-element_type=\"container\" data-e-type=\"container\" data-settings=\"{&quot;animation&quot;:&quot;fadeInUp&quot;}\">\n\t\t\t\t<div class=\"elementor-element elementor-element-157b92d elementor-widget elementor-widget-image\" data-id=\"157b92d\" data-element_type=\"widget\" data-e-type=\"widget\" data-widget_type=\"image.default\">\n\t\t\t\t<div class=\"elementor-widget-container\">\n\t\t\t\t\t\t\t\t\t\t\t\t\t\t\t<img fetchpriority=\"high\" decoding=\"async\" width=\"1000\" height=\"1332\" src=\"https:\/\/stayhaws.com\/wp-content\/uploads\/2025\/10\/Granada-2-1.webp\" class=\"attachment-full size-full wp-image-3941\" alt=\"\" srcset=\"https:\/\/stayhaws.com\/wp-content\/uploads\/2025\/10\/Granada-2-1.webp 1000w, https:\/\/stayhaws.com\/wp-content\/uploads\/2025\/10\/Granada-2-1-225x300.webp 225w, https:\/\/stayhaws.com\/wp-content\/uploads\/2025\/10\/Granada-2-1-769x1024.webp 769w, https:\/\/stayhaws.com\/wp-content\/uploads\/2025\/10\/Granada-2-1-768x1023.webp 768w\" sizes=\"(max-width: 1000px) 100vw, 1000px\" \/>\t\t\t\t\t\t\t\t\t\t\t\t\t\t\t<\/div>\n\t\t\t\t<\/div>\n\t\t\t\t<\/div>\n\t\t\t\t<\/div>\n\t\t\t\t<\/div>\n\t\t<div class=\"elementor-element elementor-element-cbfd14a e-flex e-con-boxed e-con e-parent\" data-id=\"cbfd14a\" data-element_type=\"container\" data-e-type=\"container\" data-settings=\"{&quot;background_background&quot;:&quot;classic&quot;}\">\n\t\t\t\t\t<div class=\"e-con-inner\">\n\t\t<div class=\"elementor-element elementor-element-eefe938 e-con-full e-flex e-con e-child\" data-id=\"eefe938\" data-element_type=\"container\" data-e-type=\"container\">\n\t\t<div class=\"elementor-element elementor-element-108b566 e-con-full animated-slow e-flex elementor-invisible e-con e-child\" data-id=\"108b566\" data-element_type=\"container\" data-e-type=\"container\" data-settings=\"{&quot;animation&quot;:&quot;fadeInLeft&quot;}\">\n\t\t\t\t<div class=\"elementor-element elementor-element-0510e5f elementor-widget elementor-widget-image\" data-id=\"0510e5f\" data-element_type=\"widget\" data-e-type=\"widget\" data-widget_type=\"image.default\">\n\t\t\t\t<div class=\"elementor-widget-container\">\n\t\t\t\t\t\t\t\t\t\t\t\t\t\t\t<img decoding=\"async\" width=\"1964\" height=\"1248\" src=\"https:\/\/stayhaws.com\/wp-content\/uploads\/2025\/10\/Granada-3.webp\" class=\"attachment-full size-full wp-image-3942\" alt=\"\" srcset=\"https:\/\/stayhaws.com\/wp-content\/uploads\/2025\/10\/Granada-3.webp 1964w, https:\/\/stayhaws.com\/wp-content\/uploads\/2025\/10\/Granada-3-300x191.webp 300w, https:\/\/stayhaws.com\/wp-content\/uploads\/2025\/10\/Granada-3-1024x651.webp 1024w, https:\/\/stayhaws.com\/wp-content\/uploads\/2025\/10\/Granada-3-768x488.webp 768w, https:\/\/stayhaws.com\/wp-content\/uploads\/2025\/10\/Granada-3-1536x976.webp 1536w\" sizes=\"(max-width: 1964px) 100vw, 1964px\" \/>\t\t\t\t\t\t\t\t\t\t\t\t\t\t\t<\/div>\n\t\t\t\t<\/div>\n\t\t\t\t<\/div>\n\t\t<div class=\"elementor-element elementor-element-a5f36d6 e-con-full animated-slow e-flex elementor-invisible e-con e-child\" data-id=\"a5f36d6\" data-element_type=\"container\" data-e-type=\"container\" data-settings=\"{&quot;animation&quot;:&quot;fadeInRight&quot;,&quot;animation_delay&quot;:300}\">\n\t\t<div class=\"elementor-element elementor-element-4f368dd e-con-full e-flex e-con e-child\" data-id=\"4f368dd\" data-element_type=\"container\" data-e-type=\"container\">\n\t\t\t\t<div class=\"elementor-element elementor-element-8fd076c elementor-widget elementor-widget-heading\" data-id=\"8fd076c\" data-element_type=\"widget\" data-e-type=\"widget\" data-widget_type=\"heading.default\">\n\t\t\t\t<div class=\"elementor-widget-container\">\n\t\t\t\t\t<h3 class=\"elementor-heading-title elementor-size-default\">Alguna Cosa Especial <br>arriba a Granada<\/h3>\t\t\t\t<\/div>\n\t\t\t\t<\/div>\n\t\t<div class=\"elementor-element elementor-element-a37972c e-con-full e-flex e-con e-child\" data-id=\"a37972c\" data-element_type=\"container\" data-e-type=\"container\">\n\t\t\t\t<div class=\"elementor-element elementor-element-533d2af elementor-widget__width-initial elementor-widget elementor-widget-heading\" data-id=\"533d2af\" data-element_type=\"widget\" data-e-type=\"widget\" data-widget_type=\"heading.default\">\n\t\t\t\t<div class=\"elementor-widget-container\">\n\t\t\t\t\t<p class=\"elementor-heading-title elementor-size-default\">Registra't ara per rebre actualitzacions exclusives, ofertes d'acc\u00e9s anticipat i una primera ullada a l'obertura del nostre nou hotel al cor de l'Albaic\u00edn...<\/p>\t\t\t\t<\/div>\n\t\t\t\t<\/div>\n\t\t\t\t<div class=\"elementor-element elementor-element-07f917e elementor-widget elementor-widget-form\" data-id=\"07f917e\" data-element_type=\"widget\" data-e-type=\"widget\" data-settings=\"{&quot;step_next_label&quot;:&quot;Seg\\u00fcent&quot;,&quot;step_previous_label&quot;:&quot;Anterior&quot;,&quot;step_type&quot;:&quot;number_text&quot;,&quot;step_icon_shape&quot;:&quot;circle&quot;}\" data-widget_type=\"form.default\">\n\t\t\t\t<div class=\"elementor-widget-container\">\n\t\t\t\t\t\t\t<form class=\"elementor-form\" method=\"post\" name=\"Alguna cosa especial arriba a Granada\" aria-label=\"Alguna cosa especial arriba a Granada\">\n\t\t\t<input type=\"hidden\" name=\"post_id\" value=\"3818\"\/>\n\t\t\t<input type=\"hidden\" name=\"form_id\" value=\"07f917e\"\/>\n\t\t\t<input type=\"hidden\" name=\"referer_title\" value=\"Wherever life takes you, stay like home - Haws Lifestyle Hospitality\" \/>\n\n\t\t\t\t\t\t\t<input type=\"hidden\" name=\"queried_id\" value=\"3818\"\/>\n\t\t\t\n\t\t\t<div class=\"elementor-form-fields-wrapper elementor-labels-\">\n\t\t\t\t\t\t\t\t<div class=\"elementor-field-type-text elementor-field-group elementor-column elementor-field-group-name elementor-col-100\">\n\t\t\t\t\t\t\t\t\t\t\t\t<label for=\"form-field-name\" class=\"elementor-field-label elementor-screen-only\">\n\t\t\t\t\t\t\t\tNom\t\t\t\t\t\t\t<\/label>\n\t\t\t\t\t\t\t\t\t\t\t\t\t\t<input size=\"1\" type=\"text\" name=\"form_fields[name]\" id=\"form-field-name\" class=\"elementor-field elementor-size-sm  elementor-field-textual\" placeholder=\"Nom\">\n\t\t\t\t\t\t\t\t\t\t\t<\/div>\n\t\t\t\t\t\t\t\t<div class=\"elementor-field-type-email elementor-field-group elementor-column elementor-field-group-email elementor-col-100 elementor-field-required\">\n\t\t\t\t\t\t\t\t\t\t\t\t<label for=\"form-field-email\" class=\"elementor-field-label elementor-screen-only\">\n\t\t\t\t\t\t\t\tCorreu electr\u00f2nic\t\t\t\t\t\t\t<\/label>\n\t\t\t\t\t\t\t\t\t\t\t\t\t\t<input size=\"1\" type=\"email\" name=\"form_fields[email]\" id=\"form-field-email\" class=\"elementor-field elementor-size-sm  elementor-field-textual\" placeholder=\"Correu electr\u00f2nic\" required=\"required\">\n\t\t\t\t\t\t\t\t\t\t\t<\/div>\n\t\t\t\t\t\t\t\t<div class=\"elementor-field-type-acceptance elementor-field-group elementor-column elementor-field-group-privacy elementor-col-100 elementor-field-required\">\n\t\t\t\t\t\t\t\t\t\t\t\t<label for=\"form-field-privacy\" class=\"elementor-field-label elementor-screen-only\">\n\t\t\t\t\t\t\t\tacceptaci\u00f3 de privacitat\t\t\t\t\t\t\t<\/label>\n\t\t\t\t\t\t\t\t<div class=\"elementor-field-subgroup\">\n\t\t\t<span class=\"elementor-field-option\">\n\t\t\t\t<input type=\"checkbox\" name=\"form_fields[privacy]\" id=\"form-field-privacy\" class=\"elementor-field elementor-size-sm  elementor-acceptance-field\" required=\"required\">\n\t\t\t\t<label for=\"form-field-privacy\">He llegit i ent\u00e8s la pol\u00edtica de privacitat<\/label>\t\t\t<\/span>\n\t\t<\/div>\n\t\t\t\t\t\t<\/div>\n\t\t\t\t\t\t\t\t<div class=\"elementor-field-type-acceptance elementor-field-group elementor-column elementor-field-group-marketing elementor-col-100\">\n\t\t\t\t\t\t\t\t\t\t\t\t<label for=\"form-field-marketing\" class=\"elementor-field-label elementor-screen-only\">\n\t\t\t\t\t\t\t\tacceptaci\u00f3 de m\u00e0rqueting\t\t\t\t\t\t\t<\/label>\n\t\t\t\t\t\t\t\t<div class=\"elementor-field-subgroup\">\n\t\t\t<span class=\"elementor-field-option\">\n\t\t\t\t<input type=\"checkbox\" name=\"form_fields[marketing]\" id=\"form-field-marketing\" class=\"elementor-field elementor-size-sm  elementor-acceptance-field\">\n\t\t\t\t<label for=\"form-field-marketing\">Accepto rebre comunicacions de m\u00e0rqueting\/ofertes\/not\u00edcies<\/label>\t\t\t<\/span>\n\t\t<\/div>\n\t\t\t\t\t\t<\/div>\n\t\t\t\t\t\t\t\t<div class=\"elementor-field-type-html elementor-field-group elementor-column elementor-field-group-field_2e73cf9 elementor-col-100\">\n\t\t\t\t\t<div class=\"vertical-space\"><\/div>\t\t\t\t<\/div>\n\t\t\t\t\t\t\t\t<div class=\"elementor-field-group elementor-column elementor-field-type-submit elementor-col-100 e-form__buttons\">\n\t\t\t\t\t<button class=\"elementor-button elementor-size-sm\" type=\"submit\" id=\"sign_me_up\">\n\t\t\t\t\t\t<span class=\"elementor-button-content-wrapper\">\n\t\t\t\t\t\t\t\t\t\t\t\t\t\t\t\t\t\t\t\t\t\t<span class=\"elementor-button-text\">Apunta'm<\/span>\n\t\t\t\t\t\t\t\t\t\t\t\t\t<\/span>\n\t\t\t\t\t<\/button>\n\t\t\t\t<\/div>\n\t\t\t<\/div>\n\t\t<\/form>\n\t\t\t\t\t\t<\/div>\n\t\t\t\t<\/div>\n\t\t\t\t<\/div>\n\t\t\t\t<\/div>\n\t\t\t\t<\/div>\n\t\t\t\t<\/div>\n\t\t\t\t\t<\/div>\n\t\t\t\t<\/div>\n\t\t<div class=\"elementor-element elementor-element-2a8056d e-flex e-con-boxed e-con e-parent\" data-id=\"2a8056d\" data-element_type=\"container\" data-e-type=\"container\">\n\t\t\t\t\t<div class=\"e-con-inner\">\n\t\t<div class=\"elementor-element elementor-element-e396a14 e-flex e-con-boxed e-con e-child\" data-id=\"e396a14\" data-element_type=\"container\" data-e-type=\"container\">\n\t\t\t\t\t<div class=\"e-con-inner\">\n\t\t\t\t<div class=\"elementor-element elementor-element-eb6655e animated-slow elementor-invisible elementor-widget elementor-widget-heading\" data-id=\"eb6655e\" data-element_type=\"widget\" data-e-type=\"widget\" data-settings=\"{&quot;_animation&quot;:&quot;fadeInDown&quot;}\" data-widget_type=\"heading.default\">\n\t\t\t\t<div class=\"elementor-widget-container\">\n\t\t\t\t\t<p class=\"elementor-heading-title elementor-size-default\">El Nostre Barri<\/p>\t\t\t\t<\/div>\n\t\t\t\t<\/div>\n\t\t\t\t<div class=\"elementor-element elementor-element-ff7a3d8 animated-slow elementor-invisible elementor-widget elementor-widget-heading\" data-id=\"ff7a3d8\" data-element_type=\"widget\" data-e-type=\"widget\" data-settings=\"{&quot;_animation&quot;:&quot;fadeIn&quot;,&quot;_animation_delay&quot;:600}\" data-widget_type=\"heading.default\">\n\t\t\t\t<div class=\"elementor-widget-container\">\n\t\t\t\t\t<p class=\"elementor-heading-title elementor-size-default\">Calle Baja de San Ildefonso, 28  |  Albaic\u00edn  |   18010 Granada<\/p>\t\t\t\t<\/div>\n\t\t\t\t<\/div>\n\t\t\t\t\t<\/div>\n\t\t\t\t<\/div>\n\t\t\t\t<div class=\"elementor-element elementor-element-5ac932b elementor-widget elementor-widget-google_maps\" data-id=\"5ac932b\" data-element_type=\"widget\" data-e-type=\"widget\" data-widget_type=\"google_maps.default\">\n\t\t\t\t<div class=\"elementor-widget-container\">\n\t\t\t\t\t\t\t<div class=\"elementor-custom-embed\">\n\t\t\t<iframe loading=\"lazy\"\n\t\t\t\t\tsrc=\"https:\/\/maps.google.com\/maps?q=Calle%20Baja%20de%20San%20Ildefonso%2C%2028%20%20%7C%20%20Albaic%C3%ADn%20%20%7C%20%20%2018010%20Granada&#038;t=m&#038;z=15&#038;output=embed&#038;iwloc=near\"\n\t\t\t\t\ttitle=\"Calle Baja de San Ildefonso, 28  |  Albaic\u00edn  |   18010 Granada\"\n\t\t\t\t\taria-label=\"Calle Baja de San Ildefonso, 28  |  Albaic\u00edn  |   18010 Granada\"\n\t\t\t><\/iframe>\n\t\t<\/div>\n\t\t\t\t\t\t<\/div>\n\t\t\t\t<\/div>\n\t\t\t\t\t<\/div>\n\t\t\t\t<\/div>\n\t\t\t\t<\/div>\n\t\t","protected":false},"excerpt":{"rendered":"<p>Granada Stay HAWS Granada HAWS Granada Amb obertura a finals de 2026, estem preparant alguna cosa veritablement especial al cor de Granada. Amagat al encantador barri de l&#8217;Albaic\u00edn, el nostre emblem\u00e0tic edifici combina l&#8217;encant hist\u00f2ric amb un disseny contemporani, oferint una nova manera d&#8217;experimentar la ciutat. Amb una selecci\u00f3 d&#8217;apartaments d&#8217;una, dues i tres habitacions, [&hellip;]<\/p>\n","protected":false},"author":2,"featured_media":0,"parent":0,"menu_order":0,"comment_status":"closed","ping_status":"closed","template":"","meta":{"footnotes":""},"class_list":["post-3818","page","type-page","status-publish","hentry"],"acf":[],"yoast_head":"<!-- This site is optimized with the Yoast SEO plugin v26.9 - https:\/\/yoast.com\/product\/yoast-seo-wordpress\/ -->\n<title>Wherever life takes you, stay like home - Haws Lifestyle Hospitality<\/title>\n<meta name=\"description\" content=\"Haws is much more than a place to stay. We are on a quest to create boundary-blurring spaces that will bring together a new generation of bold change-makers to connect, stay, work, play and love.\" \/>\n<meta name=\"robots\" content=\"index, follow, max-snippet:-1, max-image-preview:large, max-video-preview:-1\" \/>\n<link rel=\"canonical\" href=\"https:\/\/stayhaws.com\/ca\/granada\/\" \/>\n<meta property=\"og:locale\" content=\"ca_ES\" \/>\n<meta property=\"og:type\" content=\"article\" \/>\n<meta property=\"og:title\" content=\"Wherever life takes you, stay like home - Haws Lifestyle Hospitality\" \/>\n<meta property=\"og:description\" content=\"Haws is much more than a place to stay. We are on a quest to create boundary-blurring spaces that will bring together a new generation of bold change-makers to connect, stay, work, play and love.\" \/>\n<meta property=\"og:url\" content=\"https:\/\/stayhaws.com\/ca\/granada\/\" \/>\n<meta property=\"og:site_name\" content=\"Haws Lifestyle Hospitality\" \/>\n<meta property=\"article:modified_time\" content=\"2026-02-16T09:43:32+00:00\" \/>\n<meta property=\"og:image\" content=\"https:\/\/stayhaws.com\/wp-content\/uploads\/2025\/10\/Granada-2-1.webp\" \/>\n\t<meta property=\"og:image:width\" content=\"1000\" \/>\n\t<meta property=\"og:image:height\" content=\"1332\" \/>\n\t<meta property=\"og:image:type\" content=\"image\/webp\" \/>\n<meta name=\"twitter:card\" content=\"summary_large_image\" \/>\n<meta name=\"twitter:label1\" content=\"Temps estimat de lectura\" \/>\n\t<meta name=\"twitter:data1\" content=\"2 minuts\" \/>\n<script type=\"application\/ld+json\" class=\"yoast-schema-graph\">{\"@context\":\"https:\/\/schema.org\",\"@graph\":[{\"@type\":\"WebPage\",\"@id\":\"https:\/\/stayhaws.com\/ca\/granada\/\",\"url\":\"https:\/\/stayhaws.com\/ca\/granada\/\",\"name\":\"Wherever life takes you, stay like home - Haws Lifestyle Hospitality\",\"isPartOf\":{\"@id\":\"https:\/\/stayhaws.com\/ca\/#website\"},\"primaryImageOfPage\":{\"@id\":\"https:\/\/stayhaws.com\/ca\/granada\/#primaryimage\"},\"image\":{\"@id\":\"https:\/\/stayhaws.com\/ca\/granada\/#primaryimage\"},\"thumbnailUrl\":\"https:\/\/stayhaws.com\/wp-content\/uploads\/2025\/10\/Granada-2-1.webp\",\"datePublished\":\"2025-10-22T06:19:53+00:00\",\"dateModified\":\"2026-02-16T09:43:32+00:00\",\"description\":\"Haws is much more than a place to stay. We are on a quest to create boundary-blurring spaces that will bring together a new generation of bold change-makers to connect, stay, work, play and love.\",\"breadcrumb\":{\"@id\":\"https:\/\/stayhaws.com\/ca\/granada\/#breadcrumb\"},\"inLanguage\":\"ca\",\"potentialAction\":[{\"@type\":\"ReadAction\",\"target\":[\"https:\/\/stayhaws.com\/ca\/granada\/\"]}]},{\"@type\":\"ImageObject\",\"inLanguage\":\"ca\",\"@id\":\"https:\/\/stayhaws.com\/ca\/granada\/#primaryimage\",\"url\":\"https:\/\/stayhaws.com\/wp-content\/uploads\/2025\/10\/Granada-2-1.webp\",\"contentUrl\":\"https:\/\/stayhaws.com\/wp-content\/uploads\/2025\/10\/Granada-2-1.webp\"},{\"@type\":\"BreadcrumbList\",\"@id\":\"https:\/\/stayhaws.com\/ca\/granada\/#breadcrumb\",\"itemListElement\":[{\"@type\":\"ListItem\",\"position\":1,\"name\":\"Home\",\"item\":\"https:\/\/stayhaws.com\/ca\/\"},{\"@type\":\"ListItem\",\"position\":2,\"name\":\"Granada\"}]},{\"@type\":\"WebSite\",\"@id\":\"https:\/\/stayhaws.com\/ca\/#website\",\"url\":\"https:\/\/stayhaws.com\/ca\/\",\"name\":\"HAWS Lifestyle Hospitality\",\"description\":\"Stay Like Home\",\"publisher\":{\"@id\":\"https:\/\/stayhaws.com\/ca\/#organization\"},\"potentialAction\":[{\"@type\":\"SearchAction\",\"target\":{\"@type\":\"EntryPoint\",\"urlTemplate\":\"https:\/\/stayhaws.com\/ca\/?s={search_term_string}\"},\"query-input\":{\"@type\":\"PropertyValueSpecification\",\"valueRequired\":true,\"valueName\":\"search_term_string\"}}],\"inLanguage\":\"ca\"},{\"@type\":\"Organization\",\"@id\":\"https:\/\/stayhaws.com\/ca\/#organization\",\"name\":\"HAWS Lifestyle Hospitality\",\"url\":\"https:\/\/stayhaws.com\/ca\/\",\"logo\":{\"@type\":\"ImageObject\",\"inLanguage\":\"ca\",\"@id\":\"https:\/\/stayhaws.com\/ca\/#\/schema\/logo\/image\/\",\"url\":\"https:\/\/stayhaws.com\/wp-content\/uploads\/2024\/09\/haws-logo-tagline-serif-blue.svg\",\"contentUrl\":\"https:\/\/stayhaws.com\/wp-content\/uploads\/2024\/09\/haws-logo-tagline-serif-blue.svg\",\"width\":1,\"height\":1,\"caption\":\"HAWS Lifestyle Hospitality\"},\"image\":{\"@id\":\"https:\/\/stayhaws.com\/ca\/#\/schema\/logo\/image\/\"}}]}<\/script>\n<!-- \/ Yoast SEO plugin. -->","yoast_head_json":{"title":"Wherever life takes you, stay like home - Haws Lifestyle Hospitality","description":"Haws is much more than a place to stay. We are on a quest to create boundary-blurring spaces that will bring together a new generation of bold change-makers to connect, stay, work, play and love.","robots":{"index":"index","follow":"follow","max-snippet":"max-snippet:-1","max-image-preview":"max-image-preview:large","max-video-preview":"max-video-preview:-1"},"canonical":"https:\/\/stayhaws.com\/ca\/granada\/","og_locale":"ca_ES","og_type":"article","og_title":"Wherever life takes you, stay like home - Haws Lifestyle Hospitality","og_description":"Haws is much more than a place to stay. We are on a quest to create boundary-blurring spaces that will bring together a new generation of bold change-makers to connect, stay, work, play and love.","og_url":"https:\/\/stayhaws.com\/ca\/granada\/","og_site_name":"Haws Lifestyle Hospitality","article_modified_time":"2026-02-16T09:43:32+00:00","og_image":[{"width":1000,"height":1332,"url":"https:\/\/stayhaws.com\/wp-content\/uploads\/2025\/10\/Granada-2-1.webp","type":"image\/webp"}],"twitter_card":"summary_large_image","twitter_misc":{"Temps estimat de lectura":"2 minuts"},"schema":{"@context":"https:\/\/schema.org","@graph":[{"@type":"WebPage","@id":"https:\/\/stayhaws.com\/ca\/granada\/","url":"https:\/\/stayhaws.com\/ca\/granada\/","name":"Wherever life takes you, stay like home - Haws Lifestyle Hospitality","isPartOf":{"@id":"https:\/\/stayhaws.com\/ca\/#website"},"primaryImageOfPage":{"@id":"https:\/\/stayhaws.com\/ca\/granada\/#primaryimage"},"image":{"@id":"https:\/\/stayhaws.com\/ca\/granada\/#primaryimage"},"thumbnailUrl":"https:\/\/stayhaws.com\/wp-content\/uploads\/2025\/10\/Granada-2-1.webp","datePublished":"2025-10-22T06:19:53+00:00","dateModified":"2026-02-16T09:43:32+00:00","description":"Haws is much more than a place to stay. We are on a quest to create boundary-blurring spaces that will bring together a new generation of bold change-makers to connect, stay, work, play and love.","breadcrumb":{"@id":"https:\/\/stayhaws.com\/ca\/granada\/#breadcrumb"},"inLanguage":"ca","potentialAction":[{"@type":"ReadAction","target":["https:\/\/stayhaws.com\/ca\/granada\/"]}]},{"@type":"ImageObject","inLanguage":"ca","@id":"https:\/\/stayhaws.com\/ca\/granada\/#primaryimage","url":"https:\/\/stayhaws.com\/wp-content\/uploads\/2025\/10\/Granada-2-1.webp","contentUrl":"https:\/\/stayhaws.com\/wp-content\/uploads\/2025\/10\/Granada-2-1.webp"},{"@type":"BreadcrumbList","@id":"https:\/\/stayhaws.com\/ca\/granada\/#breadcrumb","itemListElement":[{"@type":"ListItem","position":1,"name":"Home","item":"https:\/\/stayhaws.com\/ca\/"},{"@type":"ListItem","position":2,"name":"Granada"}]},{"@type":"WebSite","@id":"https:\/\/stayhaws.com\/ca\/#website","url":"https:\/\/stayhaws.com\/ca\/","name":"HAWS Lifestyle Hospitality","description":"Stay Like Home","publisher":{"@id":"https:\/\/stayhaws.com\/ca\/#organization"},"potentialAction":[{"@type":"SearchAction","target":{"@type":"EntryPoint","urlTemplate":"https:\/\/stayhaws.com\/ca\/?s={search_term_string}"},"query-input":{"@type":"PropertyValueSpecification","valueRequired":true,"valueName":"search_term_string"}}],"inLanguage":"ca"},{"@type":"Organization","@id":"https:\/\/stayhaws.com\/ca\/#organization","name":"HAWS Lifestyle Hospitality","url":"https:\/\/stayhaws.com\/ca\/","logo":{"@type":"ImageObject","inLanguage":"ca","@id":"https:\/\/stayhaws.com\/ca\/#\/schema\/logo\/image\/","url":"https:\/\/stayhaws.com\/wp-content\/uploads\/2024\/09\/haws-logo-tagline-serif-blue.svg","contentUrl":"https:\/\/stayhaws.com\/wp-content\/uploads\/2024\/09\/haws-logo-tagline-serif-blue.svg","width":1,"height":1,"caption":"HAWS Lifestyle Hospitality"},"image":{"@id":"https:\/\/stayhaws.com\/ca\/#\/schema\/logo\/image\/"}}]}},"featured_image_src":null,"featured_image_src_square":null,"_links":{"self":[{"href":"https:\/\/stayhaws.com\/ca\/wp-json\/wp\/v2\/pages\/3818","targetHints":{"allow":["GET"]}}],"collection":[{"href":"https:\/\/stayhaws.com\/ca\/wp-json\/wp\/v2\/pages"}],"about":[{"href":"https:\/\/stayhaws.com\/ca\/wp-json\/wp\/v2\/types\/page"}],"author":[{"embeddable":true,"href":"https:\/\/stayhaws.com\/ca\/wp-json\/wp\/v2\/users\/2"}],"replies":[{"embeddable":true,"href":"https:\/\/stayhaws.com\/ca\/wp-json\/wp\/v2\/comments?post=3818"}],"version-history":[{"count":4,"href":"https:\/\/stayhaws.com\/ca\/wp-json\/wp\/v2\/pages\/3818\/revisions"}],"predecessor-version":[{"id":5503,"href":"https:\/\/stayhaws.com\/ca\/wp-json\/wp\/v2\/pages\/3818\/revisions\/5503"}],"wp:attachment":[{"href":"https:\/\/stayhaws.com\/ca\/wp-json\/wp\/v2\/media?parent=3818"}],"curies":[{"name":"wp","href":"https:\/\/api.w.org\/{rel}","templated":true}]}}