{"id":3865,"date":"2025-07-27T16:49:15","date_gmt":"2025-07-27T15:49:15","guid":{"rendered":"https:\/\/stayhaws.com\/lisboa\/herois-locals\/lisboa-heroes-wine-bars\/"},"modified":"2026-02-16T09:49:52","modified_gmt":"2026-02-16T08:49:52","slug":"bars-de-vi","status":"publish","type":"page","link":"https:\/\/stayhaws.com\/ca\/lisboa\/herois-locals\/bars-de-vi\/","title":{"rendered":"Bars de Vi"},"content":{"rendered":"\t\t<div data-elementor-type=\"wp-page\" data-elementor-id=\"3865\" class=\"elementor elementor-3865 elementor-1356\" data-elementor-post-type=\"page\">\n\t\t\t\t<div class=\"elementor-element elementor-element-29838a1 e-flex e-con-boxed e-con e-parent\" data-id=\"29838a1\" data-element_type=\"container\" data-e-type=\"container\" data-settings=\"{&quot;background_background&quot;:&quot;classic&quot;}\">\n\t\t\t\t\t<div class=\"e-con-inner\">\n\t\t<div class=\"elementor-element elementor-element-7bf49ed e-con-full e-flex e-con e-child\" data-id=\"7bf49ed\" data-element_type=\"container\" data-e-type=\"container\">\n\t\t\t\t<div class=\"elementor-element elementor-element-e23c269 animated-slow elementor-invisible elementor-widget elementor-widget-heading\" data-id=\"e23c269\" data-element_type=\"widget\" data-e-type=\"widget\" data-settings=\"{&quot;_animation&quot;:&quot;fadeInDown&quot;}\" data-widget_type=\"heading.default\">\n\t\t\t\t<div class=\"elementor-widget-container\">\n\t\t\t\t\t<h1 class=\"elementor-heading-title elementor-size-default\">Herois Locals<\/h1>\t\t\t\t<\/div>\n\t\t\t\t<\/div>\n\t\t\t\t<div class=\"elementor-element elementor-element-e00d0c3 elementor-widget__width-initial animated-slow elementor-invisible elementor-widget elementor-widget-text-editor\" data-id=\"e00d0c3\" data-element_type=\"widget\" data-e-type=\"widget\" data-settings=\"{&quot;_animation&quot;:&quot;fadeInUp&quot;}\" data-widget_type=\"text-editor.default\">\n\t\t\t\t<div class=\"elementor-widget-container\">\n\t\t\t\t\t\t\t\t\t<p>Confort de luxe i servei inigualable al cor de Lisboa<\/p>\n\t\t\t\t\t\t\t\t<\/div>\n\t\t\t\t<\/div>\n\t\t\t\t<\/div>\n\t\t<div class=\"elementor-element elementor-element-aa1f8ca e-con-full e-flex e-con e-child\" data-id=\"aa1f8ca\" data-element_type=\"container\" data-e-type=\"container\">\n\t\t\t\t<div class=\"elementor-element elementor-element-a95393f elementor-widget__width-inherit elementor-widget elementor-widget-html\" data-id=\"a95393f\" data-element_type=\"widget\" data-e-type=\"widget\" data-widget_type=\"html.default\">\n\t\t\t\t<div class=\"elementor-widget-container\">\n\t\t\t\t\t<!-- Importar la fuente Epilogue -->\r\n<link rel=\"preconnect\" href=\"https:\/\/fonts.googleapis.com\">\r\n<link rel=\"preconnect\" href=\"https:\/\/fonts.gstatic.com\" crossorigin>\r\n<link href=\"https:\/\/fonts.googleapis.com\/css2?family=Epilogue:wght@400;700&display=swap\" rel=\"stylesheet\">\r\n\r\n<!-- Importar los estilos y el script de Flatpickr -->\r\n<link rel=\"stylesheet\" href=\"https:\/\/cdn.jsdelivr.net\/npm\/flatpickr\/dist\/flatpickr.min.css\">\r\n<script src=\"https:\/\/cdn.jsdelivr.net\/npm\/flatpickr\"><\/script>\r\n\r\n<div class=\"booking-form-container\">\r\n    <form class=\"booking-form\" id=\"mews-booking-widget\">\r\n      \r\n      <div class=\"form-group\">\r\n        <label for=\"location\">Ubicaci\u00f3<\/label>\r\n        <input type=\"text\" id=\"location\" value=\"Lisboa\" readonly>\r\n      <\/div>\r\n\r\n      <div class=\"form-group\">\r\n        <label for=\"checkin-checkout\">Entrada \/ Sortida<\/label>\r\n        <input type=\"text\" id=\"checkin-checkout\" name=\"checkin-checkout\" placeholder=\"Afegeix Dates\" required>\r\n      <\/div>\r\n      \r\n      <div class=\"form-group\">\r\n        <label for=\"guests\">Guests<\/label>\r\n        <select id=\"guests\" name=\"guests\" required>\r\n            <option value=\"TWO_ADULT\" selected=\"selected\">2 adults<\/option> \r\n            <option value=\"ONE_ADULT\">1 Adult<\/option> \r\n            <option value=\"ONE_ADULT_ONE_CHILD\">1 Adult \/ 1 Child<\/option> \r\n            <option value=\"TWO_ADULT_ONE_CHILD\">2 Adults \/ 1 Child<\/option> \r\n        <\/select>\r\n      <\/div>\r\n      \r\n      <div class=\"form-group\">\r\n        <label for=\"promo-code\">Tens un Codi?<\/label>\r\n        <input type=\"text\" id=\"promo-code\" name=\"promo-code\" placeholder=\"Afegir Codi\">\r\n      <\/div>\r\n      \r\n      <div class=\"form-group-button\">\r\n        <button type=\"submit\" id=\"dates-submit\" value=\"Carregant...\">Comprovar Disponibilitat<\/button>\r\n      <\/div>\r\n    <\/form>\r\n<\/div>\r\n\r\n<script>\r\n  flatpickr(\"#checkin-checkout\", {\r\n    mode: \"range\",\r\n    dateFormat: \"d\/m\/Y\",\r\n    minDate: \"today\",\r\n  });\r\n<\/script>\r\n\t\t\t\t<\/div>\n\t\t\t\t<\/div>\n\t\t\t\t<\/div>\n\t\t\t\t\t<\/div>\n\t\t\t\t<\/div>\n\t\t<div class=\"elementor-element elementor-element-fadd3e7 e-con-full e-flex e-con e-parent\" data-id=\"fadd3e7\" data-element_type=\"container\" data-e-type=\"container\" data-settings=\"{&quot;background_background&quot;:&quot;classic&quot;}\">\n\t\t\t\t<div class=\"elementor-element elementor-element-4e0a98b elementor-invisible elementor-widget elementor-widget-heading\" data-id=\"4e0a98b\" data-element_type=\"widget\" data-e-type=\"widget\" data-settings=\"{&quot;_animation&quot;:&quot;fadeInDown&quot;}\" data-widget_type=\"heading.default\">\n\t\t\t\t<div class=\"elementor-widget-container\">\n\t\t\t\t\t<p class=\"elementor-heading-title elementor-size-default\"><a href=\"https:\/\/stayhaws.com\/lisboa\/lisboa-heroes\/\">Lisboa &gt; Herois Locals<\/a><\/p>\t\t\t\t<\/div>\n\t\t\t\t<\/div>\n\t\t\t\t<div class=\"elementor-element elementor-element-5eced07 elementor-invisible elementor-widget elementor-widget-heading\" data-id=\"5eced07\" data-element_type=\"widget\" data-e-type=\"widget\" data-settings=\"{&quot;_animation&quot;:&quot;fadeInUp&quot;}\" data-widget_type=\"heading.default\">\n\t\t\t\t<div class=\"elementor-widget-container\">\n\t\t\t\t\t<h2 class=\"elementor-heading-title elementor-size-default\">Bars de Vi<\/h2>\t\t\t\t<\/div>\n\t\t\t\t<\/div>\n\t\t\t\t<\/div>\n\t\t<div class=\"elementor-element elementor-element-c9dfc0a e-con-full e-flex e-con e-parent\" data-id=\"c9dfc0a\" data-element_type=\"container\" data-e-type=\"container\" data-settings=\"{&quot;background_background&quot;:&quot;classic&quot;}\">\n\t\t<div class=\"elementor-element elementor-element-9f19197 e-flex e-con-boxed e-con e-child\" data-id=\"9f19197\" data-element_type=\"container\" data-e-type=\"container\">\n\t\t\t\t\t<div class=\"e-con-inner\">\n\t\t<div class=\"elementor-element elementor-element-59d83d5 e-con-full animated-slow e-flex elementor-invisible e-con e-child\" data-id=\"59d83d5\" data-element_type=\"container\" data-e-type=\"container\" data-settings=\"{&quot;background_background&quot;:&quot;classic&quot;,&quot;animation&quot;:&quot;fadeInLeft&quot;}\">\n\t\t\t\t<div class=\"elementor-element elementor-element-17973d4 animated-slow elementor-invisible elementor-widget elementor-widget-image\" data-id=\"17973d4\" data-element_type=\"widget\" data-e-type=\"widget\" data-settings=\"{&quot;_animation&quot;:&quot;fadeInLeft&quot;,&quot;_animation_delay&quot;:600}\" data-widget_type=\"image.default\">\n\t\t\t\t<div class=\"elementor-widget-container\">\n\t\t\t\t\t\t\t\t\t\t\t\t\t\t\t<img decoding=\"async\" src=\"https:\/\/stayhaws.com\/wp-content\/uploads\/elementor\/thumbs\/8-r9duhioif36dxc8r07my8uxw09y184sy9frnki2ptk.webp\" title=\"8\" alt=\"8\" loading=\"lazy\" \/>\t\t\t\t\t\t\t\t\t\t\t\t\t\t\t<\/div>\n\t\t\t\t<\/div>\n\t\t\t\t<\/div>\n\t\t<div class=\"elementor-element elementor-element-e6bf9a2 e-con-full e-flex e-con e-child\" data-id=\"e6bf9a2\" data-element_type=\"container\" data-e-type=\"container\">\n\t\t\t\t<div class=\"elementor-element elementor-element-a81cb45 animated-slow elementor-invisible elementor-widget elementor-widget-heading\" data-id=\"a81cb45\" data-element_type=\"widget\" data-e-type=\"widget\" data-settings=\"{&quot;_animation&quot;:&quot;fadeInDown&quot;}\" data-widget_type=\"heading.default\">\n\t\t\t\t<div class=\"elementor-widget-container\">\n\t\t\t\t\t<p class=\"elementor-heading-title elementor-size-default\">Bom Bom Bom<\/p>\t\t\t\t<\/div>\n\t\t\t\t<\/div>\n\t\t\t\t<div class=\"elementor-element elementor-element-f3fdd12 elementor-widget elementor-widget-text-editor\" data-id=\"f3fdd12\" data-element_type=\"widget\" data-e-type=\"widget\" data-widget_type=\"text-editor.default\">\n\t\t\t\t<div class=\"elementor-widget-container\">\n\t\t\t\t\t\t\t\t\t<p><b>BOM BOM BOM<\/b><span style=\"font-weight: 400;\"> \u00e9s un projecte nascut de tres passions compartides entre els dos fundadors, Antoine i Cassandra: el vi, la m\u00fasica i la bona cuina.<\/span><\/p>\n<p><span style=\"font-weight: 400;\">\u00c9s un bar de vins naturals que ofereix una dotzena de vins per copa, m\u00e9s de cent refer\u00e8ncies de vins embotellats, aix\u00ed com un men\u00fa compost de plats per compartir imaginats i cuinats amb productes de temporada per la xef Cassandra.<\/span><\/p>\n<p><span style=\"font-weight: 400;\">L&#8217;espai tamb\u00e9 compta amb una petita selecci\u00f3 de discos de vinil a la venda, acuradament seleccionats per l&#8217;Antoine, DJs tocant exclusivament amb vinil cada divendres i dissabte, i sessions de jazz en directe dues vegades al mes.<\/span><\/p>\n\t\t\t\t\t\t\t\t<\/div>\n\t\t\t\t<\/div>\n\t\t\t\t<div class=\"elementor-element elementor-element-dbf604f animated-slow elementor-invisible elementor-widget elementor-widget-button\" data-id=\"dbf604f\" data-element_type=\"widget\" data-e-type=\"widget\" data-settings=\"{&quot;_animation&quot;:&quot;fadeInUp&quot;}\" data-widget_type=\"button.default\">\n\t\t\t\t<div class=\"elementor-widget-container\">\n\t\t\t\t\t\t\t\t\t<div class=\"elementor-button-wrapper\">\n\t\t\t\t\t<a class=\"elementor-button elementor-button-link elementor-size-sm\" href=\"https:\/\/www.instagram.com\/bombombomlisboa\" target=\"_blank\">\n\t\t\t\t\t\t<span class=\"elementor-button-content-wrapper\">\n\t\t\t\t\t\t\t\t\t<span class=\"elementor-button-text\">Visita la web de Bom Bom Bom<\/span>\n\t\t\t\t\t<\/span>\n\t\t\t\t\t<\/a>\n\t\t\t\t<\/div>\n\t\t\t\t\t\t\t\t<\/div>\n\t\t\t\t<\/div>\n\t\t\t\t<\/div>\n\t\t\t\t\t<\/div>\n\t\t\t\t<\/div>\n\t\t\t\t<\/div>\n\t\t<div class=\"elementor-element elementor-element-36ffb22 e-con-full e-flex e-con e-parent\" data-id=\"36ffb22\" data-element_type=\"container\" data-e-type=\"container\" data-settings=\"{&quot;background_background&quot;:&quot;classic&quot;}\">\n\t\t<div class=\"elementor-element elementor-element-3ba4bbb e-con-full e-flex e-con e-child\" data-id=\"3ba4bbb\" data-element_type=\"container\" data-e-type=\"container\">\n\t\t<div class=\"elementor-element elementor-element-a7d2805 e-con-full e-flex e-con e-child\" data-id=\"a7d2805\" data-element_type=\"container\" data-e-type=\"container\">\n\t\t\t\t<div class=\"elementor-element elementor-element-5d039df animated-slow elementor-invisible elementor-widget elementor-widget-heading\" data-id=\"5d039df\" data-element_type=\"widget\" data-e-type=\"widget\" data-settings=\"{&quot;_animation&quot;:&quot;fadeInDown&quot;}\" data-widget_type=\"heading.default\">\n\t\t\t\t<div class=\"elementor-widget-container\">\n\t\t\t\t\t<h3 class=\"elementor-heading-title elementor-size-default\">Rude<\/h3>\t\t\t\t<\/div>\n\t\t\t\t<\/div>\n\t\t\t\t<div class=\"elementor-element elementor-element-ab6835f elementor-widget elementor-widget-text-editor\" data-id=\"ab6835f\" data-element_type=\"widget\" data-e-type=\"widget\" data-widget_type=\"text-editor.default\">\n\t\t\t\t<div class=\"elementor-widget-container\">\n\t\t\t\t\t\t\t\t\t<p><span style=\"font-weight: 400;\">Volem ser rics en contingut, genu\u00efns. Ser justos, iguals i fidels a nosaltres mateixos.<\/span><\/p>\n<p><span style=\"font-weight: 400;\">No ens resignem a la convenci\u00f3, tenim els peus ben posats a terra<\/span><\/p>\n<p><span style=\"font-weight: 400;\">i alhora somiem amb volar. Rude \u00e9s un plat que es serveix millor fred, sense<\/span><\/p>\n<p><span style=\"font-weight: 400;\">el desagradable de la revenja i ple de sabor. \u00c9s viure la difer\u00e8ncia i sentir-se a casa. \u00c9s marxar i voler tornar.<\/span><\/p>\n\t\t\t\t\t\t\t\t<\/div>\n\t\t\t\t<\/div>\n\t\t\t\t<div class=\"elementor-element elementor-element-5d169d6 animated-slow elementor-invisible elementor-widget elementor-widget-button\" data-id=\"5d169d6\" data-element_type=\"widget\" data-e-type=\"widget\" data-settings=\"{&quot;_animation&quot;:&quot;fadeInUp&quot;}\" data-widget_type=\"button.default\">\n\t\t\t\t<div class=\"elementor-widget-container\">\n\t\t\t\t\t\t\t\t\t<div class=\"elementor-button-wrapper\">\n\t\t\t\t\t<a class=\"elementor-button elementor-button-link elementor-size-sm\" href=\"https:\/\/rude-wine-and-food.mailchimpsites.com\/\" target=\"_blank\">\n\t\t\t\t\t\t<span class=\"elementor-button-content-wrapper\">\n\t\t\t\t\t\t\t\t\t<span class=\"elementor-button-text\">Visita la web de Rude<\/span>\n\t\t\t\t\t<\/span>\n\t\t\t\t\t<\/a>\n\t\t\t\t<\/div>\n\t\t\t\t\t\t\t\t<\/div>\n\t\t\t\t<\/div>\n\t\t\t\t<\/div>\n\t\t\t\t<\/div>\n\t\t<div class=\"elementor-element elementor-element-5581c85 e-con-full e-flex e-con e-child\" data-id=\"5581c85\" data-element_type=\"container\" data-e-type=\"container\">\n\t\t<div class=\"elementor-element elementor-element-35a153c e-con-full animated-slow e-flex elementor-invisible e-con e-child\" data-id=\"35a153c\" data-element_type=\"container\" data-e-type=\"container\" data-settings=\"{&quot;background_background&quot;:&quot;classic&quot;,&quot;animation&quot;:&quot;fadeInRight&quot;}\">\n\t\t\t\t<div class=\"elementor-element elementor-element-0285c81 animated-slow elementor-invisible elementor-widget elementor-widget-image\" data-id=\"0285c81\" data-element_type=\"widget\" data-e-type=\"widget\" data-settings=\"{&quot;_animation&quot;:&quot;fadeInRight&quot;,&quot;_animation_delay&quot;:600}\" data-widget_type=\"image.default\">\n\t\t\t\t<div class=\"elementor-widget-container\">\n\t\t\t\t\t\t\t\t\t\t\t\t\t\t\t<img fetchpriority=\"high\" decoding=\"async\" width=\"940\" height=\"788\" src=\"https:\/\/stayhaws.com\/wp-content\/uploads\/2025\/07\/Rude-2.webp\" class=\"attachment-full size-full wp-image-4430\" alt=\"\" srcset=\"https:\/\/stayhaws.com\/wp-content\/uploads\/2025\/07\/Rude-2.webp 940w, https:\/\/stayhaws.com\/wp-content\/uploads\/2025\/07\/Rude-2-300x251.webp 300w, https:\/\/stayhaws.com\/wp-content\/uploads\/2025\/07\/Rude-2-768x644.webp 768w\" sizes=\"(max-width: 940px) 100vw, 940px\" \/>\t\t\t\t\t\t\t\t\t\t\t\t\t\t\t<\/div>\n\t\t\t\t<\/div>\n\t\t\t\t<\/div>\n\t\t\t\t<\/div>\n\t\t\t\t<\/div>\n\t\t\t\t<\/div>\n\t\t","protected":false},"excerpt":{"rendered":"<p>Herois Locals Confort de luxe i servei inigualable al cor de Lisboa Ubicaci\u00f3 Entrada \/ Sortida Guests 2 adults1 Adult1 Adult \/ 1 Child2 Adults \/ 1 Child Tens un Codi? Comprovar Disponibilitat Lisboa &gt; Herois Locals Bars de Vi Bom Bom Bom BOM BOM BOM \u00e9s un projecte nascut de tres passions compartides entre [&hellip;]<\/p>\n","protected":false},"author":2,"featured_media":0,"parent":3704,"menu_order":0,"comment_status":"closed","ping_status":"closed","template":"","meta":{"footnotes":""},"class_list":["post-3865","page","type-page","status-publish","hentry"],"acf":[],"yoast_head":"<!-- This site is optimized with the Yoast SEO plugin v26.9 - https:\/\/yoast.com\/product\/yoast-seo-wordpress\/ -->\n<title>Wherever life takes you, stay like home - Haws Lifestyle Hospitality<\/title>\n<meta name=\"description\" content=\"Haws is much more than a place to stay. We are on a quest to create boundary-blurring spaces that will bring together a new generation of bold change-makers to connect, stay, work, play and love.\" \/>\n<meta name=\"robots\" content=\"index, follow, max-snippet:-1, max-image-preview:large, max-video-preview:-1\" \/>\n<link rel=\"canonical\" href=\"https:\/\/stayhaws.com\/ca\/lisboa\/herois-locals\/bars-de-vi\/\" \/>\n<meta property=\"og:locale\" content=\"ca_ES\" \/>\n<meta property=\"og:type\" content=\"article\" \/>\n<meta property=\"og:title\" content=\"Wherever life takes you, stay like home - Haws Lifestyle Hospitality\" \/>\n<meta property=\"og:description\" content=\"Haws is much more than a place to stay. We are on a quest to create boundary-blurring spaces that will bring together a new generation of bold change-makers to connect, stay, work, play and love.\" \/>\n<meta property=\"og:url\" content=\"https:\/\/stayhaws.com\/ca\/lisboa\/herois-locals\/bars-de-vi\/\" \/>\n<meta property=\"og:site_name\" content=\"Haws Lifestyle Hospitality\" \/>\n<meta property=\"article:modified_time\" content=\"2026-02-16T08:49:52+00:00\" \/>\n<meta property=\"og:image\" content=\"https:\/\/stayhaws.com\/wp-content\/uploads\/elementor\/thumbs\/8-r9duhioif36dxc8r07my8uxw09y184sy9frnki2ptk.webp\" \/>\n<meta name=\"twitter:card\" content=\"summary_large_image\" \/>\n<meta name=\"twitter:label1\" content=\"Temps estimat de lectura\" \/>\n\t<meta name=\"twitter:data1\" content=\"2 minuts\" \/>\n<script type=\"application\/ld+json\" class=\"yoast-schema-graph\">{\"@context\":\"https:\/\/schema.org\",\"@graph\":[{\"@type\":\"WebPage\",\"@id\":\"https:\/\/stayhaws.com\/ca\/lisboa\/herois-locals\/bars-de-vi\/\",\"url\":\"https:\/\/stayhaws.com\/ca\/lisboa\/herois-locals\/bars-de-vi\/\",\"name\":\"Wherever life takes you, stay like home - Haws Lifestyle Hospitality\",\"isPartOf\":{\"@id\":\"https:\/\/stayhaws.com\/ca\/#website\"},\"primaryImageOfPage\":{\"@id\":\"https:\/\/stayhaws.com\/ca\/lisboa\/herois-locals\/bars-de-vi\/#primaryimage\"},\"image\":{\"@id\":\"https:\/\/stayhaws.com\/ca\/lisboa\/herois-locals\/bars-de-vi\/#primaryimage\"},\"thumbnailUrl\":\"https:\/\/stayhaws.com\/wp-content\/uploads\/elementor\/thumbs\/8-r9duhioif36dxc8r07my8uxw09y184sy9frnki2ptk.webp\",\"datePublished\":\"2025-07-27T15:49:15+00:00\",\"dateModified\":\"2026-02-16T08:49:52+00:00\",\"description\":\"Haws is much more than a place to stay. We are on a quest to create boundary-blurring spaces that will bring together a new generation of bold change-makers to connect, stay, work, play and love.\",\"breadcrumb\":{\"@id\":\"https:\/\/stayhaws.com\/ca\/lisboa\/herois-locals\/bars-de-vi\/#breadcrumb\"},\"inLanguage\":\"ca\",\"potentialAction\":[{\"@type\":\"ReadAction\",\"target\":[\"https:\/\/stayhaws.com\/ca\/lisboa\/herois-locals\/bars-de-vi\/\"]}]},{\"@type\":\"ImageObject\",\"inLanguage\":\"ca\",\"@id\":\"https:\/\/stayhaws.com\/ca\/lisboa\/herois-locals\/bars-de-vi\/#primaryimage\",\"url\":\"https:\/\/stayhaws.com\/wp-content\/uploads\/elementor\/thumbs\/8-r9duhioif36dxc8r07my8uxw09y184sy9frnki2ptk.webp\",\"contentUrl\":\"https:\/\/stayhaws.com\/wp-content\/uploads\/elementor\/thumbs\/8-r9duhioif36dxc8r07my8uxw09y184sy9frnki2ptk.webp\"},{\"@type\":\"BreadcrumbList\",\"@id\":\"https:\/\/stayhaws.com\/ca\/lisboa\/herois-locals\/bars-de-vi\/#breadcrumb\",\"itemListElement\":[{\"@type\":\"ListItem\",\"position\":1,\"name\":\"Home\",\"item\":\"https:\/\/stayhaws.com\/ca\/\"},{\"@type\":\"ListItem\",\"position\":2,\"name\":\"Lisboa\",\"item\":\"https:\/\/stayhaws.com\/ca\/lisboa\/\"},{\"@type\":\"ListItem\",\"position\":3,\"name\":\"Herois Locals\",\"item\":\"https:\/\/stayhaws.com\/ca\/lisboa\/lisboa-heroes\/\"},{\"@type\":\"ListItem\",\"position\":4,\"name\":\"Bars de Vi\"}]},{\"@type\":\"WebSite\",\"@id\":\"https:\/\/stayhaws.com\/ca\/#website\",\"url\":\"https:\/\/stayhaws.com\/ca\/\",\"name\":\"HAWS Lifestyle Hospitality\",\"description\":\"Stay Like Home\",\"publisher\":{\"@id\":\"https:\/\/stayhaws.com\/ca\/#organization\"},\"potentialAction\":[{\"@type\":\"SearchAction\",\"target\":{\"@type\":\"EntryPoint\",\"urlTemplate\":\"https:\/\/stayhaws.com\/ca\/?s={search_term_string}\"},\"query-input\":{\"@type\":\"PropertyValueSpecification\",\"valueRequired\":true,\"valueName\":\"search_term_string\"}}],\"inLanguage\":\"ca\"},{\"@type\":\"Organization\",\"@id\":\"https:\/\/stayhaws.com\/ca\/#organization\",\"name\":\"HAWS Lifestyle Hospitality\",\"url\":\"https:\/\/stayhaws.com\/ca\/\",\"logo\":{\"@type\":\"ImageObject\",\"inLanguage\":\"ca\",\"@id\":\"https:\/\/stayhaws.com\/ca\/#\/schema\/logo\/image\/\",\"url\":\"https:\/\/stayhaws.com\/wp-content\/uploads\/2024\/09\/haws-logo-tagline-serif-blue.svg\",\"contentUrl\":\"https:\/\/stayhaws.com\/wp-content\/uploads\/2024\/09\/haws-logo-tagline-serif-blue.svg\",\"width\":1,\"height\":1,\"caption\":\"HAWS Lifestyle Hospitality\"},\"image\":{\"@id\":\"https:\/\/stayhaws.com\/ca\/#\/schema\/logo\/image\/\"}}]}<\/script>\n<!-- \/ Yoast SEO plugin. -->","yoast_head_json":{"title":"Wherever life takes you, stay like home - Haws Lifestyle Hospitality","description":"Haws is much more than a place to stay. We are on a quest to create boundary-blurring spaces that will bring together a new generation of bold change-makers to connect, stay, work, play and love.","robots":{"index":"index","follow":"follow","max-snippet":"max-snippet:-1","max-image-preview":"max-image-preview:large","max-video-preview":"max-video-preview:-1"},"canonical":"https:\/\/stayhaws.com\/ca\/lisboa\/herois-locals\/bars-de-vi\/","og_locale":"ca_ES","og_type":"article","og_title":"Wherever life takes you, stay like home - Haws Lifestyle Hospitality","og_description":"Haws is much more than a place to stay. We are on a quest to create boundary-blurring spaces that will bring together a new generation of bold change-makers to connect, stay, work, play and love.","og_url":"https:\/\/stayhaws.com\/ca\/lisboa\/herois-locals\/bars-de-vi\/","og_site_name":"Haws Lifestyle Hospitality","article_modified_time":"2026-02-16T08:49:52+00:00","og_image":[{"url":"https:\/\/stayhaws.com\/wp-content\/uploads\/elementor\/thumbs\/8-r9duhioif36dxc8r07my8uxw09y184sy9frnki2ptk.webp","type":"","width":"","height":""}],"twitter_card":"summary_large_image","twitter_misc":{"Temps estimat de lectura":"2 minuts"},"schema":{"@context":"https:\/\/schema.org","@graph":[{"@type":"WebPage","@id":"https:\/\/stayhaws.com\/ca\/lisboa\/herois-locals\/bars-de-vi\/","url":"https:\/\/stayhaws.com\/ca\/lisboa\/herois-locals\/bars-de-vi\/","name":"Wherever life takes you, stay like home - Haws Lifestyle Hospitality","isPartOf":{"@id":"https:\/\/stayhaws.com\/ca\/#website"},"primaryImageOfPage":{"@id":"https:\/\/stayhaws.com\/ca\/lisboa\/herois-locals\/bars-de-vi\/#primaryimage"},"image":{"@id":"https:\/\/stayhaws.com\/ca\/lisboa\/herois-locals\/bars-de-vi\/#primaryimage"},"thumbnailUrl":"https:\/\/stayhaws.com\/wp-content\/uploads\/elementor\/thumbs\/8-r9duhioif36dxc8r07my8uxw09y184sy9frnki2ptk.webp","datePublished":"2025-07-27T15:49:15+00:00","dateModified":"2026-02-16T08:49:52+00:00","description":"Haws is much more than a place to stay. We are on a quest to create boundary-blurring spaces that will bring together a new generation of bold change-makers to connect, stay, work, play and love.","breadcrumb":{"@id":"https:\/\/stayhaws.com\/ca\/lisboa\/herois-locals\/bars-de-vi\/#breadcrumb"},"inLanguage":"ca","potentialAction":[{"@type":"ReadAction","target":["https:\/\/stayhaws.com\/ca\/lisboa\/herois-locals\/bars-de-vi\/"]}]},{"@type":"ImageObject","inLanguage":"ca","@id":"https:\/\/stayhaws.com\/ca\/lisboa\/herois-locals\/bars-de-vi\/#primaryimage","url":"https:\/\/stayhaws.com\/wp-content\/uploads\/elementor\/thumbs\/8-r9duhioif36dxc8r07my8uxw09y184sy9frnki2ptk.webp","contentUrl":"https:\/\/stayhaws.com\/wp-content\/uploads\/elementor\/thumbs\/8-r9duhioif36dxc8r07my8uxw09y184sy9frnki2ptk.webp"},{"@type":"BreadcrumbList","@id":"https:\/\/stayhaws.com\/ca\/lisboa\/herois-locals\/bars-de-vi\/#breadcrumb","itemListElement":[{"@type":"ListItem","position":1,"name":"Home","item":"https:\/\/stayhaws.com\/ca\/"},{"@type":"ListItem","position":2,"name":"Lisboa","item":"https:\/\/stayhaws.com\/ca\/lisboa\/"},{"@type":"ListItem","position":3,"name":"Herois Locals","item":"https:\/\/stayhaws.com\/ca\/lisboa\/lisboa-heroes\/"},{"@type":"ListItem","position":4,"name":"Bars de Vi"}]},{"@type":"WebSite","@id":"https:\/\/stayhaws.com\/ca\/#website","url":"https:\/\/stayhaws.com\/ca\/","name":"HAWS Lifestyle Hospitality","description":"Stay Like Home","publisher":{"@id":"https:\/\/stayhaws.com\/ca\/#organization"},"potentialAction":[{"@type":"SearchAction","target":{"@type":"EntryPoint","urlTemplate":"https:\/\/stayhaws.com\/ca\/?s={search_term_string}"},"query-input":{"@type":"PropertyValueSpecification","valueRequired":true,"valueName":"search_term_string"}}],"inLanguage":"ca"},{"@type":"Organization","@id":"https:\/\/stayhaws.com\/ca\/#organization","name":"HAWS Lifestyle Hospitality","url":"https:\/\/stayhaws.com\/ca\/","logo":{"@type":"ImageObject","inLanguage":"ca","@id":"https:\/\/stayhaws.com\/ca\/#\/schema\/logo\/image\/","url":"https:\/\/stayhaws.com\/wp-content\/uploads\/2024\/09\/haws-logo-tagline-serif-blue.svg","contentUrl":"https:\/\/stayhaws.com\/wp-content\/uploads\/2024\/09\/haws-logo-tagline-serif-blue.svg","width":1,"height":1,"caption":"HAWS Lifestyle Hospitality"},"image":{"@id":"https:\/\/stayhaws.com\/ca\/#\/schema\/logo\/image\/"}}]}},"featured_image_src":null,"featured_image_src_square":null,"_links":{"self":[{"href":"https:\/\/stayhaws.com\/ca\/wp-json\/wp\/v2\/pages\/3865","targetHints":{"allow":["GET"]}}],"collection":[{"href":"https:\/\/stayhaws.com\/ca\/wp-json\/wp\/v2\/pages"}],"about":[{"href":"https:\/\/stayhaws.com\/ca\/wp-json\/wp\/v2\/types\/page"}],"author":[{"embeddable":true,"href":"https:\/\/stayhaws.com\/ca\/wp-json\/wp\/v2\/users\/2"}],"replies":[{"embeddable":true,"href":"https:\/\/stayhaws.com\/ca\/wp-json\/wp\/v2\/comments?post=3865"}],"version-history":[{"count":3,"href":"https:\/\/stayhaws.com\/ca\/wp-json\/wp\/v2\/pages\/3865\/revisions"}],"predecessor-version":[{"id":5490,"href":"https:\/\/stayhaws.com\/ca\/wp-json\/wp\/v2\/pages\/3865\/revisions\/5490"}],"up":[{"embeddable":true,"href":"https:\/\/stayhaws.com\/ca\/wp-json\/wp\/v2\/pages\/3704"}],"wp:attachment":[{"href":"https:\/\/stayhaws.com\/ca\/wp-json\/wp\/v2\/media?parent=3865"}],"curies":[{"name":"wp","href":"https:\/\/api.w.org\/{rel}","templated":true}]}}