{"id":3895,"date":"2024-12-11T13:34:28","date_gmt":"2024-12-11T12:34:28","guid":{"rendered":"https:\/\/stayhaws.com\/privacy-data\/"},"modified":"2026-02-14T20:57:49","modified_gmt":"2026-02-14T19:57:49","slug":"dades-de-privacitat","status":"publish","type":"page","link":"https:\/\/stayhaws.com\/ca\/dades-de-privacitat\/","title":{"rendered":"Dades de Privacitat"},"content":{"rendered":"\t\t<div data-elementor-type=\"wp-page\" data-elementor-id=\"3895\" class=\"elementor elementor-3895 elementor-550\" data-elementor-post-type=\"page\">\n\t\t\t\t<div class=\"elementor-element elementor-element-81871c8 e-flex e-con-boxed e-con e-parent\" data-id=\"81871c8\" data-element_type=\"container\" data-e-type=\"container\">\n\t\t\t\t\t<div class=\"e-con-inner\">\n\t\t\t\t<div class=\"elementor-element elementor-element-de038be elementor-widget elementor-widget-heading\" data-id=\"de038be\" data-element_type=\"widget\" data-e-type=\"widget\" data-widget_type=\"heading.default\">\n\t\t\t\t<div class=\"elementor-widget-container\">\n\t\t\t\t\t<h1 class=\"elementor-heading-title elementor-size-default\">Dades de Privacitat<\/h1>\t\t\t\t<\/div>\n\t\t\t\t<\/div>\n\t\t\t\t<div class=\"elementor-element elementor-element-f858f23 elementor-widget elementor-widget-heading\" data-id=\"f858f23\" data-element_type=\"widget\" data-e-type=\"widget\" data-widget_type=\"heading.default\">\n\t\t\t\t<div class=\"elementor-widget-container\">\n\t\t\t\t\t<h3 class=\"elementor-heading-title elementor-size-default\">Introducci\u00f3<\/h3>\t\t\t\t<\/div>\n\t\t\t\t<\/div>\n\t\t\t\t<div class=\"elementor-element elementor-element-4292d93 elementor-widget elementor-widget-text-editor\" data-id=\"4292d93\" data-element_type=\"widget\" data-e-type=\"widget\" data-widget_type=\"text-editor.default\">\n\t\t\t\t<div class=\"elementor-widget-container\">\n\t\t\t\t\t\t\t\t\t<p><span style=\"font-weight: 400;\">A Haws, volem assegurar-nos que la vostra experi\u00e8ncia amb nosaltres us deixi amb ganes de tornar! Volem i necessitem ser tan clars i transparents com sigui possible sobre com tractem les vostres dades personals.<\/span><\/p><p><span style=\"font-weight: 400;\">Uns quants aspectes legals sobre Haws Lifestyle Hospitality:<\/span><\/p><ul><li style=\"font-weight: 400;\" aria-level=\"1\"><span style=\"font-weight: 400;\">Cadascun dels nostres hotels i resid\u00e8ncies Haws t\u00e9 la seva pr\u00f2pia empresa. No obstant aix\u00f2, l&#8217;operaci\u00f3 di\u00e0ria dels nostres hotels i d&#8217;aquest lloc web \u00e9s gestionada per Hub4Lisbon Unipessoal Lda., NIPC: 517198444, Rua Maria n\u00ba25, 1170-014 Lisboa.<\/span><\/li><\/ul><ul><li style=\"font-weight: 400;\" aria-level=\"1\"><span style=\"font-weight: 400;\">Quan ens visiteu en persona o truqueu directament als nostres Hotels i Resid\u00e8ncies, l&#8217;empresa Haws corresponent \u00e9s responsable del tractament de les vostres dades personals.<\/span><\/li><li style=\"font-weight: 400;\" aria-level=\"1\"><span style=\"font-weight: 400;\">Si interactueu amb nosaltres en l\u00ednia, <\/span><span style=\"font-weight: 400;\">Haws Lifestyle Hospitality<\/span><span style=\"font-weight: 400;\"><span style=\"font-weight: 400;\"> \u00e9s responsable del tractament de les vostres dades personals i pot compartir les vostres dades amb l&#8217;empresa Haws corresponent si cal per completar la vostra reserva o respondre la vostra consulta.<\/span><\/span><\/li><\/ul><p><span style=\"font-weight: 400;\">Entenem que aix\u00f2 \u00e9s complicat. Aix\u00ed que si busqueu una resposta r\u00e0pida i senzilla sobre qui \u00e9s el responsable del tractament de dades en un escenari concret que tingueu en ment, poseu-vos en contacte amb nosaltres a <\/span><a href=\"mailto:data@stayhaws.com\"><span style=\"font-weight: 400;\">data@stayhaws.com<\/span><\/a><span style=\"font-weight: 400;\"> i us respondrem de seguida.<\/span><\/p><p><span style=\"font-weight: 400;\">Aquesta Pol\u00edtica de Privacitat estableix com Haws Lifestyle Accommodation, propietat i gestionada per Hub4Lisbon Unipessoal Lda., recull, utilitza i protegeix qualsevol informaci\u00f3 personal que ens proporcioneu quan utilitzeu els nostres serveis. Ens comprometem a assegurar que la vostra privacitat estigui protegida. Si us demanem que proporcioneu certa informaci\u00f3 per la qual pugueu ser identificats quan utilitzeu els nostres serveis, podeu estar segurs que nom\u00e9s s&#8217;utilitzar\u00e0 d&#8217;acord amb aquesta Pol\u00edtica de Privacitat.<\/span><\/p><p> <\/p>\t\t\t\t\t\t\t\t<\/div>\n\t\t\t\t<\/div>\n\t\t\t\t<div class=\"elementor-element elementor-element-f3884d9 elementor-widget elementor-widget-heading\" data-id=\"f3884d9\" data-element_type=\"widget\" data-e-type=\"widget\" data-widget_type=\"heading.default\">\n\t\t\t\t<div class=\"elementor-widget-container\">\n\t\t\t\t\t<h3 class=\"elementor-heading-title elementor-size-default\">Quina informaci\u00f3 recopilem<\/h3>\t\t\t\t<\/div>\n\t\t\t\t<\/div>\n\t\t\t\t<div class=\"elementor-element elementor-element-8ee0374 elementor-widget elementor-widget-text-editor\" data-id=\"8ee0374\" data-element_type=\"widget\" data-e-type=\"widget\" data-widget_type=\"text-editor.default\">\n\t\t\t\t<div class=\"elementor-widget-container\">\n\t\t\t\t\t\t\t\t\t<p><span style=\"font-weight: 400;\">Podem recopilar la seg\u00fcent informaci\u00f3 quan utilitzeu els nostres serveis:<\/span><\/p><ul><li style=\"font-weight: 400;\" aria-level=\"1\"><span style=\"font-weight: 400;\">El vostre nom, informaci\u00f3 de contacte i altres dades personals<\/span><\/li><li style=\"font-weight: 400;\" aria-level=\"1\"><span style=\"font-weight: 400;\">La vostra targeta de cr\u00e8dit o altra informaci\u00f3 de pagament<\/span><\/li><li style=\"font-weight: 400;\" aria-level=\"1\"><span style=\"font-weight: 400;\">La informaci\u00f3 de la vostra estada i reserva, incloent-hi dates d&#8217;estada, prefer\u00e8ncies d&#8217;habitaci\u00f3, dades del DNI o passaport i qualsevol sol\u00b7licitud especial o nota<\/span><\/li><li style=\"font-weight: 400;\" aria-level=\"1\"><span style=\"font-weight: 400;\">El vostre \u00fas del nostre lloc web o aplicaci\u00f3 m\u00f2bil, incloent-hi informaci\u00f3 sobre el vostre navegador, adre\u00e7a IP i comportament de navegaci\u00f3<\/span><\/li><li style=\"font-weight: 400;\" aria-level=\"1\"><span style=\"font-weight: 400;\"><span style=\"font-weight: 400;\">Qualsevol altra informaci\u00f3 que ens proporcioneu volunt\u00e0riament<\/span><\/span><\/li><\/ul><p> <\/p>\t\t\t\t\t\t\t\t<\/div>\n\t\t\t\t<\/div>\n\t\t\t\t<div class=\"elementor-element elementor-element-2b6777b elementor-widget elementor-widget-heading\" data-id=\"2b6777b\" data-element_type=\"widget\" data-e-type=\"widget\" data-widget_type=\"heading.default\">\n\t\t\t\t<div class=\"elementor-widget-container\">\n\t\t\t\t\t<h3 class=\"elementor-heading-title elementor-size-default\">Com utilitzem la informaci\u00f3<\/h3>\t\t\t\t<\/div>\n\t\t\t\t<\/div>\n\t\t\t\t<div class=\"elementor-element elementor-element-c0d1563 elementor-widget elementor-widget-text-editor\" data-id=\"c0d1563\" data-element_type=\"widget\" data-e-type=\"widget\" data-widget_type=\"text-editor.default\">\n\t\t\t\t<div class=\"elementor-widget-container\">\n\t\t\t\t\t\t\t\t\t<p><span style=\"font-weight: 400;\">Podem utilitzar la informaci\u00f3 que recopilem per als seg\u00fcents prop\u00f2sits:<\/span><\/p><ul><li style=\"font-weight: 400;\" aria-level=\"1\"><span style=\"font-weight: 400;\">Per processar la vostra reserva i pagament, i per comunicar-nos amb vosaltres sobre la vostra estada<\/span><\/li><li style=\"font-weight: 400;\" aria-level=\"1\"><span style=\"font-weight: 400;\">Per millorar els nostres serveis i personalitzar la vostra experi\u00e8ncia<\/span><\/li><li style=\"font-weight: 400;\" aria-level=\"1\"><span style=\"font-weight: 400;\">Per enviar-vos correus electr\u00f2nics promocionals i\/o altres eines de comunicaci\u00f3 com WhatsApp o SMS sobre ofertes especials, esdeveniments o altra informaci\u00f3 que pensem que us pot interessar<\/span><\/li><li style=\"font-weight: 400;\" aria-level=\"1\"><span style=\"font-weight: 400;\">Per complir amb les obligacions legals i reguladores<\/span><\/li><li style=\"font-weight: 400;\" aria-level=\"1\"><span style=\"font-weight: 400;\"><span style=\"font-weight: 400;\">Per prevenir el frau i protegir la seguretat dels nostres hostes i personal<\/span><\/span><\/li><\/ul><p> <\/p>\t\t\t\t\t\t\t\t<\/div>\n\t\t\t\t<\/div>\n\t\t\t\t<div class=\"elementor-element elementor-element-057a834 elementor-widget elementor-widget-heading\" data-id=\"057a834\" data-element_type=\"widget\" data-e-type=\"widget\" data-widget_type=\"heading.default\">\n\t\t\t\t<div class=\"elementor-widget-container\">\n\t\t\t\t\t<h3 class=\"elementor-heading-title elementor-size-default\">Com protegim la vostra informaci\u00f3<\/h3>\t\t\t\t<\/div>\n\t\t\t\t<\/div>\n\t\t\t\t<div class=\"elementor-element elementor-element-8a67d99 elementor-widget elementor-widget-text-editor\" data-id=\"8a67d99\" data-element_type=\"widget\" data-e-type=\"widget\" data-widget_type=\"text-editor.default\">\n\t\t\t\t<div class=\"elementor-widget-container\">\n\t\t\t\t\t\t\t\t\t<p><span style=\"font-weight: 400;\">Ens comprometem a assegurar que la vostra informaci\u00f3 estigui segura. Per tal de prevenir l&#8217;acc\u00e9s no autoritzat o la divulgaci\u00f3, hem implementat procediments f\u00edsics, electr\u00f2nics i de gesti\u00f3 adequats per salvaguardar i protegir la informaci\u00f3 que recopilem.<\/span><\/p><p> <\/p>\t\t\t\t\t\t\t\t<\/div>\n\t\t\t\t<\/div>\n\t\t\t\t<div class=\"elementor-element elementor-element-0be43b3 elementor-widget elementor-widget-heading\" data-id=\"0be43b3\" data-element_type=\"widget\" data-e-type=\"widget\" data-widget_type=\"heading.default\">\n\t\t\t\t<div class=\"elementor-widget-container\">\n\t\t\t\t\t<h3 class=\"elementor-heading-title elementor-size-default\">Com compartim la vostra informaci\u00f3<\/h3>\t\t\t\t<\/div>\n\t\t\t\t<\/div>\n\t\t\t\t<div class=\"elementor-element elementor-element-8a31c24 elementor-widget elementor-widget-text-editor\" data-id=\"8a31c24\" data-element_type=\"widget\" data-e-type=\"widget\" data-widget_type=\"text-editor.default\">\n\t\t\t\t<div class=\"elementor-widget-container\">\n\t\t\t\t\t\t\t\t\t<p><span style=\"font-weight: 400;\">Podem compartir la vostra informaci\u00f3 amb tercers, incloent-hi:<\/span><\/p><ul><li style=\"font-weight: 400;\" aria-level=\"1\"><span style=\"font-weight: 400;\">Els nostres prove\u00efdors de serveis, com processadors de pagaments i prove\u00efdors de suport inform\u00e0tic, que ens ajuden a prestar els nostres serveis<\/span><\/li><li style=\"font-weight: 400;\" aria-level=\"1\"><span style=\"font-weight: 400;\">Els nostres socis comercials, com ag\u00e8ncies de viatges i operadors tur\u00edstics, que ens ajuden a promocionar els nostres serveis<\/span><\/li><li style=\"font-weight: 400;\" aria-level=\"1\"><span style=\"font-weight: 400;\"><span style=\"font-weight: 400;\">Les forces de l&#8217;ordre o les autoritats governamentals, quan ho requereixi la llei o per protegir la nostra propietat, personal o hostes<\/span><\/span><\/li><\/ul><p><span style=\"font-weight: 400;\">Nom\u00e9s compartirem la vostra informaci\u00f3 amb aquests tercers quan sigui necessari i nom\u00e9s despr\u00e9s d&#8217;assegurar-nos que disposin de les mesures adequades per protegir la vostra privacitat.<\/span><\/p><p> <\/p>\t\t\t\t\t\t\t\t<\/div>\n\t\t\t\t<\/div>\n\t\t\t\t<div class=\"elementor-element elementor-element-09b42e0 elementor-widget elementor-widget-heading\" data-id=\"09b42e0\" data-element_type=\"widget\" data-e-type=\"widget\" data-widget_type=\"heading.default\">\n\t\t\t\t<div class=\"elementor-widget-container\">\n\t\t\t\t\t<h3 class=\"elementor-heading-title elementor-size-default\">Els vostres drets i opcions<\/h3>\t\t\t\t<\/div>\n\t\t\t\t<\/div>\n\t\t\t\t<div class=\"elementor-element elementor-element-18a33b5 elementor-widget elementor-widget-text-editor\" data-id=\"18a33b5\" data-element_type=\"widget\" data-e-type=\"widget\" data-widget_type=\"text-editor.default\">\n\t\t\t\t<div class=\"elementor-widget-container\">\n\t\t\t\t\t\t\t\t\t<p><span style=\"font-weight: 400;\">Teniu dret a:<\/span><\/p><ul><li style=\"font-weight: 400;\" aria-level=\"1\"><span style=\"font-weight: 400;\">Accedir a la informaci\u00f3 que tenim sobre vosaltres i corregir qualsevol inexactitud<\/span><\/li><li style=\"font-weight: 400;\" aria-level=\"1\"><span style=\"font-weight: 400;\">Oposar-vos al tractament de la vostra informaci\u00f3<\/span><\/li><li style=\"font-weight: 400;\" aria-level=\"1\"><span style=\"font-weight: 400;\">Sol\u00b7licitar l&#8217;eliminaci\u00f3 de la vostra informaci\u00f3<\/span><\/li><li style=\"font-weight: 400;\" aria-level=\"1\"><span style=\"font-weight: 400;\">Sol\u00b7licitar la restricci\u00f3 del tractament de la vostra informaci\u00f3<\/span><\/li><li style=\"font-weight: 400;\" aria-level=\"1\"><span style=\"font-weight: 400;\">Retirar el vostre consentiment per al tractament de la vostra informaci\u00f3<\/span><\/li><li style=\"font-weight: 400;\" aria-level=\"1\"><span style=\"font-weight: 400;\">Podeu exercir aquests drets posant-vos en contacte amb nosaltres mitjan\u00e7ant les dades proporcionades a continuaci\u00f3.<\/span><\/li><li style=\"font-weight: 400;\" aria-level=\"1\"><span style=\"font-weight: 400;\">Galetes i tecnologies de seguiment<\/span><\/li><li style=\"font-weight: 400;\" aria-level=\"1\"><span style=\"font-weight: 400;\"><span style=\"font-weight: 400;\">Utilitzem galetes i altres tecnologies de seguiment per millorar la vostra experi\u00e8ncia al nostre lloc web i per personalitzar les nostres comunicacions amb vosaltres. Podeu controlar l&#8217;\u00fas de galetes a trav\u00e9s de la configuraci\u00f3 del vostre navegador.<\/span><\/span><\/li><\/ul><p> <\/p>\t\t\t\t\t\t\t\t<\/div>\n\t\t\t\t<\/div>\n\t\t\t\t<div class=\"elementor-element elementor-element-5829a86 elementor-widget elementor-widget-heading\" data-id=\"5829a86\" data-element_type=\"widget\" data-e-type=\"widget\" data-widget_type=\"heading.default\">\n\t\t\t\t<div class=\"elementor-widget-container\">\n\t\t\t\t\t<h3 class=\"elementor-heading-title elementor-size-default\">Canvis en aquesta pol\u00edtica<\/h3>\t\t\t\t<\/div>\n\t\t\t\t<\/div>\n\t\t\t\t<div class=\"elementor-element elementor-element-e01d456 elementor-widget elementor-widget-text-editor\" data-id=\"e01d456\" data-element_type=\"widget\" data-e-type=\"widget\" data-widget_type=\"text-editor.default\">\n\t\t\t\t<div class=\"elementor-widget-container\">\n\t\t\t\t\t\t\t\t\t<p><span style=\"font-weight: 400;\">Podem actualitzar aquesta Pol\u00edtica de Privacitat de tant en tant publicant una nova versi\u00f3 al nostre lloc web. Haur\u00edeu de consultar aquesta p\u00e0gina ocasionalment per assegurar-vos que esteu d&#8217;acord amb qualsevol canvi.<\/span><\/p><p> <\/p>\t\t\t\t\t\t\t\t<\/div>\n\t\t\t\t<\/div>\n\t\t\t\t<div class=\"elementor-element elementor-element-1524ada elementor-widget elementor-widget-heading\" data-id=\"1524ada\" data-element_type=\"widget\" data-e-type=\"widget\" data-widget_type=\"heading.default\">\n\t\t\t\t<div class=\"elementor-widget-container\">\n\t\t\t\t\t<h3 class=\"elementor-heading-title elementor-size-default\">Contacteu amb nosaltres<\/h3>\t\t\t\t<\/div>\n\t\t\t\t<\/div>\n\t\t\t\t<div class=\"elementor-element elementor-element-15c7b17 elementor-widget elementor-widget-text-editor\" data-id=\"15c7b17\" data-element_type=\"widget\" data-e-type=\"widget\" data-widget_type=\"text-editor.default\">\n\t\t\t\t<div class=\"elementor-widget-container\">\n\t\t\t\t\t\t\t\t\t<p><span style=\"font-weight: 400;\">Si teniu qualsevol pregunta o preocupaci\u00f3 sobre aquesta Pol\u00edtica de Privacitat o sobre l&#8217;\u00fas que fem de la vostra informaci\u00f3, poseu-vos en contacte amb nosaltres a <\/span><a href=\"mailto:data@stayhaws.com\"><span style=\"font-weight: 400;\">data@stayhaws.com<\/span><\/a><span style=\"font-weight: 400;\">.<\/span><\/p>\t\t\t\t\t\t\t\t<\/div>\n\t\t\t\t<\/div>\n\t\t\t\t\t<\/div>\n\t\t\t\t<\/div>\n\t\t\t\t<\/div>\n\t\t","protected":false},"excerpt":{"rendered":"<p>Introducci\u00f3 A Haws, volem assegurar-nos que la vostra experi\u00e8ncia amb nosaltres us deixi amb ganes de tornar! Volem i necessitem ser tan clars i transparents com sigui possible sobre com tractem les vostres dades personals. Uns quants aspectes legals sobre Haws Lifestyle Hospitality: Cadascun dels nostres hotels i resid\u00e8ncies Haws t\u00e9 la seva pr\u00f2pia empresa. [&hellip;]<\/p>\n","protected":false},"author":1,"featured_media":0,"parent":0,"menu_order":0,"comment_status":"closed","ping_status":"closed","template":"","meta":{"footnotes":""},"class_list":["post-3895","page","type-page","status-publish","hentry"],"acf":[],"yoast_head":"<!-- This site is optimized with the Yoast SEO plugin v26.9 - https:\/\/yoast.com\/product\/yoast-seo-wordpress\/ -->\n<title>Dades de Privacitat - Haws Lifestyle Hospitality<\/title>\n<meta name=\"robots\" content=\"index, follow, max-snippet:-1, max-image-preview:large, max-video-preview:-1\" \/>\n<link rel=\"canonical\" href=\"https:\/\/stayhaws.com\/ca\/dades-de-privacitat\/\" \/>\n<meta property=\"og:locale\" content=\"ca_ES\" \/>\n<meta property=\"og:type\" content=\"article\" \/>\n<meta property=\"og:title\" content=\"Dades de Privacitat - Haws Lifestyle Hospitality\" \/>\n<meta property=\"og:description\" content=\"Introducci\u00f3 A Haws, volem assegurar-nos que la vostra experi\u00e8ncia amb nosaltres us deixi amb ganes de tornar! Volem i necessitem ser tan clars i transparents com sigui possible sobre com tractem les vostres dades personals. Uns quants aspectes legals sobre Haws Lifestyle Hospitality: Cadascun dels nostres hotels i resid\u00e8ncies Haws t\u00e9 la seva pr\u00f2pia empresa. [&hellip;]\" \/>\n<meta property=\"og:url\" content=\"https:\/\/stayhaws.com\/ca\/dades-de-privacitat\/\" \/>\n<meta property=\"og:site_name\" content=\"Haws Lifestyle Hospitality\" \/>\n<meta property=\"article:modified_time\" content=\"2026-02-14T19:57:49+00:00\" \/>\n<meta name=\"twitter:card\" content=\"summary_large_image\" \/>\n<meta name=\"twitter:label1\" content=\"Temps estimat de lectura\" \/>\n\t<meta name=\"twitter:data1\" content=\"4 minuts\" \/>\n<script type=\"application\/ld+json\" class=\"yoast-schema-graph\">{\"@context\":\"https:\/\/schema.org\",\"@graph\":[{\"@type\":\"WebPage\",\"@id\":\"https:\/\/stayhaws.com\/ca\/dades-de-privacitat\/\",\"url\":\"https:\/\/stayhaws.com\/ca\/dades-de-privacitat\/\",\"name\":\"Dades de Privacitat - Haws Lifestyle Hospitality\",\"isPartOf\":{\"@id\":\"https:\/\/stayhaws.com\/ca\/#website\"},\"datePublished\":\"2024-12-11T12:34:28+00:00\",\"dateModified\":\"2026-02-14T19:57:49+00:00\",\"breadcrumb\":{\"@id\":\"https:\/\/stayhaws.com\/ca\/dades-de-privacitat\/#breadcrumb\"},\"inLanguage\":\"ca\",\"potentialAction\":[{\"@type\":\"ReadAction\",\"target\":[\"https:\/\/stayhaws.com\/ca\/dades-de-privacitat\/\"]}]},{\"@type\":\"BreadcrumbList\",\"@id\":\"https:\/\/stayhaws.com\/ca\/dades-de-privacitat\/#breadcrumb\",\"itemListElement\":[{\"@type\":\"ListItem\",\"position\":1,\"name\":\"Home\",\"item\":\"https:\/\/stayhaws.com\/ca\/\"},{\"@type\":\"ListItem\",\"position\":2,\"name\":\"Dades de Privacitat\"}]},{\"@type\":\"WebSite\",\"@id\":\"https:\/\/stayhaws.com\/ca\/#website\",\"url\":\"https:\/\/stayhaws.com\/ca\/\",\"name\":\"HAWS Lifestyle Hospitality\",\"description\":\"Stay Like Home\",\"publisher\":{\"@id\":\"https:\/\/stayhaws.com\/ca\/#organization\"},\"potentialAction\":[{\"@type\":\"SearchAction\",\"target\":{\"@type\":\"EntryPoint\",\"urlTemplate\":\"https:\/\/stayhaws.com\/ca\/?s={search_term_string}\"},\"query-input\":{\"@type\":\"PropertyValueSpecification\",\"valueRequired\":true,\"valueName\":\"search_term_string\"}}],\"inLanguage\":\"ca\"},{\"@type\":\"Organization\",\"@id\":\"https:\/\/stayhaws.com\/ca\/#organization\",\"name\":\"HAWS Lifestyle Hospitality\",\"url\":\"https:\/\/stayhaws.com\/ca\/\",\"logo\":{\"@type\":\"ImageObject\",\"inLanguage\":\"ca\",\"@id\":\"https:\/\/stayhaws.com\/ca\/#\/schema\/logo\/image\/\",\"url\":\"https:\/\/stayhaws.com\/wp-content\/uploads\/2024\/09\/haws-logo-tagline-serif-blue.svg\",\"contentUrl\":\"https:\/\/stayhaws.com\/wp-content\/uploads\/2024\/09\/haws-logo-tagline-serif-blue.svg\",\"width\":1,\"height\":1,\"caption\":\"HAWS Lifestyle Hospitality\"},\"image\":{\"@id\":\"https:\/\/stayhaws.com\/ca\/#\/schema\/logo\/image\/\"}}]}<\/script>\n<!-- \/ Yoast SEO plugin. -->","yoast_head_json":{"title":"Dades de Privacitat - Haws Lifestyle Hospitality","robots":{"index":"index","follow":"follow","max-snippet":"max-snippet:-1","max-image-preview":"max-image-preview:large","max-video-preview":"max-video-preview:-1"},"canonical":"https:\/\/stayhaws.com\/ca\/dades-de-privacitat\/","og_locale":"ca_ES","og_type":"article","og_title":"Dades de Privacitat - Haws Lifestyle Hospitality","og_description":"Introducci\u00f3 A Haws, volem assegurar-nos que la vostra experi\u00e8ncia amb nosaltres us deixi amb ganes de tornar! Volem i necessitem ser tan clars i transparents com sigui possible sobre com tractem les vostres dades personals. Uns quants aspectes legals sobre Haws Lifestyle Hospitality: Cadascun dels nostres hotels i resid\u00e8ncies Haws t\u00e9 la seva pr\u00f2pia empresa. [&hellip;]","og_url":"https:\/\/stayhaws.com\/ca\/dades-de-privacitat\/","og_site_name":"Haws Lifestyle Hospitality","article_modified_time":"2026-02-14T19:57:49+00:00","twitter_card":"summary_large_image","twitter_misc":{"Temps estimat de lectura":"4 minuts"},"schema":{"@context":"https:\/\/schema.org","@graph":[{"@type":"WebPage","@id":"https:\/\/stayhaws.com\/ca\/dades-de-privacitat\/","url":"https:\/\/stayhaws.com\/ca\/dades-de-privacitat\/","name":"Dades de Privacitat - Haws Lifestyle Hospitality","isPartOf":{"@id":"https:\/\/stayhaws.com\/ca\/#website"},"datePublished":"2024-12-11T12:34:28+00:00","dateModified":"2026-02-14T19:57:49+00:00","breadcrumb":{"@id":"https:\/\/stayhaws.com\/ca\/dades-de-privacitat\/#breadcrumb"},"inLanguage":"ca","potentialAction":[{"@type":"ReadAction","target":["https:\/\/stayhaws.com\/ca\/dades-de-privacitat\/"]}]},{"@type":"BreadcrumbList","@id":"https:\/\/stayhaws.com\/ca\/dades-de-privacitat\/#breadcrumb","itemListElement":[{"@type":"ListItem","position":1,"name":"Home","item":"https:\/\/stayhaws.com\/ca\/"},{"@type":"ListItem","position":2,"name":"Dades de Privacitat"}]},{"@type":"WebSite","@id":"https:\/\/stayhaws.com\/ca\/#website","url":"https:\/\/stayhaws.com\/ca\/","name":"HAWS Lifestyle Hospitality","description":"Stay Like Home","publisher":{"@id":"https:\/\/stayhaws.com\/ca\/#organization"},"potentialAction":[{"@type":"SearchAction","target":{"@type":"EntryPoint","urlTemplate":"https:\/\/stayhaws.com\/ca\/?s={search_term_string}"},"query-input":{"@type":"PropertyValueSpecification","valueRequired":true,"valueName":"search_term_string"}}],"inLanguage":"ca"},{"@type":"Organization","@id":"https:\/\/stayhaws.com\/ca\/#organization","name":"HAWS Lifestyle Hospitality","url":"https:\/\/stayhaws.com\/ca\/","logo":{"@type":"ImageObject","inLanguage":"ca","@id":"https:\/\/stayhaws.com\/ca\/#\/schema\/logo\/image\/","url":"https:\/\/stayhaws.com\/wp-content\/uploads\/2024\/09\/haws-logo-tagline-serif-blue.svg","contentUrl":"https:\/\/stayhaws.com\/wp-content\/uploads\/2024\/09\/haws-logo-tagline-serif-blue.svg","width":1,"height":1,"caption":"HAWS Lifestyle Hospitality"},"image":{"@id":"https:\/\/stayhaws.com\/ca\/#\/schema\/logo\/image\/"}}]}},"featured_image_src":null,"featured_image_src_square":null,"_links":{"self":[{"href":"https:\/\/stayhaws.com\/ca\/wp-json\/wp\/v2\/pages\/3895","targetHints":{"allow":["GET"]}}],"collection":[{"href":"https:\/\/stayhaws.com\/ca\/wp-json\/wp\/v2\/pages"}],"about":[{"href":"https:\/\/stayhaws.com\/ca\/wp-json\/wp\/v2\/types\/page"}],"author":[{"embeddable":true,"href":"https:\/\/stayhaws.com\/ca\/wp-json\/wp\/v2\/users\/1"}],"replies":[{"embeddable":true,"href":"https:\/\/stayhaws.com\/ca\/wp-json\/wp\/v2\/comments?post=3895"}],"version-history":[{"count":4,"href":"https:\/\/stayhaws.com\/ca\/wp-json\/wp\/v2\/pages\/3895\/revisions"}],"predecessor-version":[{"id":5424,"href":"https:\/\/stayhaws.com\/ca\/wp-json\/wp\/v2\/pages\/3895\/revisions\/5424"}],"wp:attachment":[{"href":"https:\/\/stayhaws.com\/ca\/wp-json\/wp\/v2\/media?parent=3895"}],"curies":[{"name":"wp","href":"https:\/\/api.w.org\/{rel}","templated":true}]}}