{"id":3810,"date":"2025-11-27T07:31:51","date_gmt":"2025-11-27T06:31:51","guid":{"rendered":"https:\/\/stayhaws.com\/lissabon\/lokale-helden\/markets\/"},"modified":"2026-02-15T11:46:00","modified_gmt":"2026-02-15T10:46:00","slug":"markte","status":"publish","type":"page","link":"https:\/\/stayhaws.com\/de\/lissabon\/lokale-helden\/markte\/","title":{"rendered":"M\u00e4rkte"},"content":{"rendered":"\t\t<div data-elementor-type=\"wp-page\" data-elementor-id=\"3810\" class=\"elementor elementor-3810 elementor-3304\" data-elementor-post-type=\"page\">\n\t\t\t\t<div class=\"elementor-element elementor-element-29838a1 e-flex e-con-boxed e-con e-parent\" data-id=\"29838a1\" data-element_type=\"container\" data-e-type=\"container\" data-settings=\"{&quot;background_background&quot;:&quot;classic&quot;}\">\n\t\t\t\t\t<div class=\"e-con-inner\">\n\t\t<div class=\"elementor-element elementor-element-7bf49ed e-con-full e-flex e-con e-child\" data-id=\"7bf49ed\" data-element_type=\"container\" data-e-type=\"container\">\n\t\t\t\t<div class=\"elementor-element elementor-element-e23c269 animated-slow elementor-invisible elementor-widget elementor-widget-heading\" data-id=\"e23c269\" data-element_type=\"widget\" data-e-type=\"widget\" data-settings=\"{&quot;_animation&quot;:&quot;fadeInDown&quot;}\" data-widget_type=\"heading.default\">\n\t\t\t\t<div class=\"elementor-widget-container\">\n\t\t\t\t\t<h1 class=\"elementor-heading-title elementor-size-default\">Lokale Helden<\/h1>\t\t\t\t<\/div>\n\t\t\t\t<\/div>\n\t\t\t\t<div class=\"elementor-element elementor-element-e00d0c3 elementor-widget__width-initial animated-slow elementor-invisible elementor-widget elementor-widget-text-editor\" data-id=\"e00d0c3\" data-element_type=\"widget\" data-e-type=\"widget\" data-settings=\"{&quot;_animation&quot;:&quot;fadeInUp&quot;}\" data-widget_type=\"text-editor.default\">\n\t\t\t\t<div class=\"elementor-widget-container\">\n\t\t\t\t\t\t\t\t\t<p>Luxuri\u00f6ser Komfort und un\u00fcbertroffener Service im Herzen von Lissabon<\/p>\t\t\t\t\t\t\t\t<\/div>\n\t\t\t\t<\/div>\n\t\t\t\t<\/div>\n\t\t<div class=\"elementor-element elementor-element-aa1f8ca e-con-full e-flex e-con e-child\" data-id=\"aa1f8ca\" data-element_type=\"container\" data-e-type=\"container\">\n\t\t\t\t<div class=\"elementor-element elementor-element-6777a3b elementor-widget__width-inherit elementor-widget elementor-widget-html\" data-id=\"6777a3b\" data-element_type=\"widget\" data-e-type=\"widget\" data-widget_type=\"html.default\">\n\t\t\t\t<div class=\"elementor-widget-container\">\n\t\t\t\t\t<!-- Importar la fuente Epilogue -->\n<link rel=\"preconnect\" href=\"https:\/\/fonts.googleapis.com\">\n<link rel=\"preconnect\" href=\"https:\/\/fonts.gstatic.com\" crossorigin>\n<link href=\"https:\/\/fonts.googleapis.com\/css2?family=Epilogue:wght@400;700&display=swap\" rel=\"stylesheet\">\n\n<!-- Importar los estilos y el script de Flatpickr -->\n<link rel=\"stylesheet\" href=\"https:\/\/cdn.jsdelivr.net\/npm\/flatpickr\/dist\/flatpickr.min.css\">\n<script src=\"https:\/\/cdn.jsdelivr.net\/npm\/flatpickr\"><\/script>\n\n<div class=\"booking-form-container\">\n  <form class=\"booking-form\" id=\"mews-booking-widget\">\n\n    <div class=\"form-group\">\n      <label for=\"location\">Standort<\/label>\n      <input type=\"text\" id=\"location\" value=\"Lissabon\" readonly>\n    <\/div>\n\n    <div class=\"form-group\">\n      <label for=\"checkin-checkout\">Check In \/ Check Out<\/label>\n      <input type=\"text\" id=\"checkin-checkout\" name=\"checkin-checkout\" placeholder=\"Daten hinzuf\u00fcgen\" required>\n    <\/div>\n\n    <div class=\"form-group\">\n      <div style=\"display: flex; gap: 10px;\">\n        <div style=\"flex: 1;\">\n          <label for=\"adults-input\" style=\"display: block; margin-bottom: 5px;\">Erwachsene<\/label>\n          <input type=\"number\" id=\"adults-input\" name=\"adults\" value=\"2\" min=\"1\" style=\"width: 100%; padding: 5px;\">\n        <\/div>\n        <div style=\"flex: 1;\">\n          <label for=\"children-input\" style=\"display: block; margin-bottom: 5px;\">Kinder<\/label>\n          <input type=\"number\" id=\"children-input\" name=\"children\" value=\"0\" min=\"0\" style=\"width: 100%; padding: 5px;\">\n        <\/div>\n      <\/div>\n    <\/div>\n\n    <div class=\"form-group\">\n      <label for=\"promo-code\">Haben Sie einen Code?<\/label>\n      <input type=\"text\" id=\"promo-code\" name=\"promo-code\" placeholder=\"Code eingeben\">\n    <\/div>\n\n    <div class=\"form-group-button\">\n      <button type=\"submit\" id=\"dates-submit\" value=\"Laden...\">Verf\u00fcgbarkeit pr\u00fcfen<\/button>\n    <\/div>\n  <\/form>\n<\/div>\n\n<script>\n  flatpickr(\"#checkin-checkout\", {\n    mode: \"range\",\n    dateFormat: \"d\/m\/Y\",\n    minDate: \"today\",\n  });\n<\/script>\t\t\t\t<\/div>\n\t\t\t\t<\/div>\n\t\t\t\t<\/div>\n\t\t\t\t\t<\/div>\n\t\t\t\t<\/div>\n\t\t<div class=\"elementor-element elementor-element-c9dfc0a e-con-full e-flex e-con e-parent\" data-id=\"c9dfc0a\" data-element_type=\"container\" data-e-type=\"container\" data-settings=\"{&quot;background_background&quot;:&quot;classic&quot;}\">\n\t\t\t\t<div class=\"elementor-element elementor-element-19a159f elementor-invisible elementor-widget elementor-widget-heading\" data-id=\"19a159f\" data-element_type=\"widget\" data-e-type=\"widget\" data-settings=\"{&quot;_animation&quot;:&quot;fadeInDown&quot;}\" data-widget_type=\"heading.default\">\n\t\t\t\t<div class=\"elementor-widget-container\">\n\t\t\t\t\t<p class=\"elementor-heading-title elementor-size-default\"><a href=\"https:\/\/stayhaws.com\/lisboa\/lisboa-heroes\/\">Lissabon &gt; Lokale Helden<\/a><\/p>\t\t\t\t<\/div>\n\t\t\t\t<\/div>\n\t\t\t\t<div class=\"elementor-element elementor-element-6e23a4f elementor-invisible elementor-widget elementor-widget-heading\" data-id=\"6e23a4f\" data-element_type=\"widget\" data-e-type=\"widget\" data-settings=\"{&quot;_animation&quot;:&quot;fadeInUp&quot;}\" data-widget_type=\"heading.default\">\n\t\t\t\t<div class=\"elementor-widget-container\">\n\t\t\t\t\t<h2 class=\"elementor-heading-title elementor-size-default\">M\u00e4rkte<\/h2>\t\t\t\t<\/div>\n\t\t\t\t<\/div>\n\t\t\t\t<\/div>\n\t\t<div class=\"elementor-element elementor-element-e7bd527 e-con-full e-flex e-con e-parent\" data-id=\"e7bd527\" data-element_type=\"container\" data-e-type=\"container\" data-settings=\"{&quot;background_background&quot;:&quot;classic&quot;}\">\n\t\t<div class=\"elementor-element elementor-element-e1ed33f e-flex e-con-boxed e-con e-child\" data-id=\"e1ed33f\" data-element_type=\"container\" data-e-type=\"container\">\n\t\t\t\t\t<div class=\"e-con-inner\">\n\t\t<div class=\"elementor-element elementor-element-1bcb095 e-con-full animated-slow e-flex elementor-invisible e-con e-child\" data-id=\"1bcb095\" data-element_type=\"container\" data-e-type=\"container\" data-settings=\"{&quot;background_background&quot;:&quot;classic&quot;,&quot;animation&quot;:&quot;fadeInLeft&quot;}\">\n\t\t\t\t<div class=\"elementor-element elementor-element-73b73d1 animated-slow elementor-invisible elementor-widget elementor-widget-image\" data-id=\"73b73d1\" data-element_type=\"widget\" data-e-type=\"widget\" data-settings=\"{&quot;_animation&quot;:&quot;fadeInLeft&quot;,&quot;_animation_delay&quot;:600}\" data-widget_type=\"image.default\">\n\t\t\t\t<div class=\"elementor-widget-container\">\n\t\t\t\t\t\t\t\t\t\t\t\t\t\t\t<img decoding=\"async\" src=\"https:\/\/stayhaws.com\/wp-content\/uploads\/elementor\/thumbs\/Time-Out-Market-2-rfb9u4mkhik5bofapui935q7e6qwxl1ubcfso5leew.webp\" title=\"Time Out Market 2\" alt=\"Time Out Market 2\" loading=\"lazy\" \/>\t\t\t\t\t\t\t\t\t\t\t\t\t\t\t<\/div>\n\t\t\t\t<\/div>\n\t\t\t\t<\/div>\n\t\t<div class=\"elementor-element elementor-element-a077af9 e-con-full e-flex e-con e-child\" data-id=\"a077af9\" data-element_type=\"container\" data-e-type=\"container\">\n\t\t\t\t<div class=\"elementor-element elementor-element-4db4093 animated-slow elementor-invisible elementor-widget elementor-widget-heading\" data-id=\"4db4093\" data-element_type=\"widget\" data-e-type=\"widget\" data-settings=\"{&quot;_animation&quot;:&quot;fadeInDown&quot;}\" data-widget_type=\"heading.default\">\n\t\t\t\t<div class=\"elementor-widget-container\">\n\t\t\t\t\t<p class=\"elementor-heading-title elementor-size-default\">Time Out Market<\/p>\t\t\t\t<\/div>\n\t\t\t\t<\/div>\n\t\t\t\t<div class=\"elementor-element elementor-element-5d6f1b6 elementor-widget elementor-widget-text-editor\" data-id=\"5d6f1b6\" data-element_type=\"widget\" data-e-type=\"widget\" data-widget_type=\"text-editor.default\">\n\t\t\t\t<div class=\"elementor-widget-container\">\n\t\t\t\t\t\t\t\t\t<p>Mercado da Ribeira, Av. 24 de Julho, 1200-479 Lisboa<\/p><p><strong>T\u00e4glich ge\u00f6ffnet von 10 bis 00 Uhr<\/strong><\/p><p>Ein Konzept, das 2014 vom Team von Time Out Portugal von Grund auf neu geschaffen wurde, mit nur den besten Ideen und Gesch\u00e4ftsprojekten in Lissabon \u2013 laut der Redaktion \u2013 die von einer Woche bis zu drei Jahren im Markt bleiben k\u00f6nnen. Wenn es gut ist, kommt es ins Magazin; wenn es gro\u00dfartig ist, kommt es in den Markt.<\/p><p>Auf der einen Seite 26 Restaurants, 8 Bars, ein Dutzend Gesch\u00e4fte und ein erstklassiger Musikveranstaltungsort, alle mit dem Allerbesten aus Lissabon (das beste Steak, der beste Hamburger, das beste Sushi und die besten Live-Auftritte, unter anderem); auf der anderen Seite die Heimat einiger der bekanntesten (und am l\u00e4ngsten bestehenden) Marktverk\u00e4ufer der Stadt f\u00fcr Fleisch, Fisch, Obst und Blumen.<\/p><p>Heute sind beide Seiten gemeinsam stolz darauf, das Geb\u00e4ude, seine unmittelbare Umgebung und das gesamte Viertel Cais do Sodr\u00e9 in eine gro\u00dfe Attraktion f\u00fcr Besucher verwandelt zu haben, bei Tag und bei Nacht.<\/p><p><strong>Entdecken Sie unsere Kochkurse und monatlichen Veranstaltungen!<\/strong><\/p>\t\t\t\t\t\t\t\t<\/div>\n\t\t\t\t<\/div>\n\t\t\t\t<div class=\"elementor-element elementor-element-fde609d animated-slow elementor-invisible elementor-widget elementor-widget-button\" data-id=\"fde609d\" data-element_type=\"widget\" data-e-type=\"widget\" data-settings=\"{&quot;_animation&quot;:&quot;fadeInUp&quot;}\" data-widget_type=\"button.default\">\n\t\t\t\t<div class=\"elementor-widget-container\">\n\t\t\t\t\t\t\t\t\t<div class=\"elementor-button-wrapper\">\n\t\t\t\t\t<a class=\"elementor-button elementor-button-link elementor-size-sm\" href=\"https:\/\/www.timeout.com\/time-out-market-lisboa\" target=\"_blank\">\n\t\t\t\t\t\t<span class=\"elementor-button-content-wrapper\">\n\t\t\t\t\t\t\t\t\t<span class=\"elementor-button-text\">Besuchen Sie die Time Out Market Website<\/span>\n\t\t\t\t\t<\/span>\n\t\t\t\t\t<\/a>\n\t\t\t\t<\/div>\n\t\t\t\t\t\t\t\t<\/div>\n\t\t\t\t<\/div>\n\t\t\t\t<\/div>\n\t\t\t\t\t<\/div>\n\t\t\t\t<\/div>\n\t\t\t\t<\/div>\n\t\t\t\t<\/div>\n\t\t","protected":false},"excerpt":{"rendered":"<p>Local Heroes Luxurious comfort and unmatched\u2028service in the heart of Lisbon Location Check In \/ Check Out Adults Children Got a Code? Check Availability Lisboa &gt; Local Heroes Markets Time Out Market Mercado da Ribeira, Av. 24 de Julho, 1200-479 Lisboa Open everyday from 10h-00h A concept created from scratch in 2014 by the team [&hellip;]<\/p>\n","protected":false},"author":2,"featured_media":0,"parent":3728,"menu_order":0,"comment_status":"closed","ping_status":"closed","template":"","meta":{"footnotes":""},"class_list":["post-3810","page","type-page","status-publish","hentry"],"acf":[],"yoast_head":"<!-- This site is optimized with the Yoast SEO plugin v26.9 - https:\/\/yoast.com\/product\/yoast-seo-wordpress\/ -->\n<title>Wherever life takes you, stay like home - Haws Lifestyle Hospitality<\/title>\n<meta name=\"description\" content=\"Haws is much more than a place to stay. We are on a quest to create boundary-blurring spaces that will bring together a new generation of bold change-makers to connect, stay, work, play and love.\" \/>\n<meta name=\"robots\" content=\"index, follow, max-snippet:-1, max-image-preview:large, max-video-preview:-1\" \/>\n<link rel=\"canonical\" href=\"https:\/\/stayhaws.com\/de\/lissabon\/lokale-helden\/markte\/\" \/>\n<meta property=\"og:locale\" content=\"de_DE\" \/>\n<meta property=\"og:type\" content=\"article\" \/>\n<meta property=\"og:title\" content=\"Wherever life takes you, stay like home - Haws Lifestyle Hospitality\" \/>\n<meta property=\"og:description\" content=\"Haws is much more than a place to stay. We are on a quest to create boundary-blurring spaces that will bring together a new generation of bold change-makers to connect, stay, work, play and love.\" \/>\n<meta property=\"og:url\" content=\"https:\/\/stayhaws.com\/de\/lissabon\/lokale-helden\/markte\/\" \/>\n<meta property=\"og:site_name\" content=\"Haws Lifestyle Hospitality\" \/>\n<meta property=\"article:modified_time\" content=\"2026-02-15T10:46:00+00:00\" \/>\n<meta property=\"og:image\" content=\"https:\/\/stayhaws.com\/wp-content\/uploads\/elementor\/thumbs\/Time-Out-Market-2-rfb9u4mkhik5bofapui935q7e6qwxl1ubcfso5leew.webp\" \/>\n<meta name=\"twitter:card\" content=\"summary_large_image\" \/>\n<meta name=\"twitter:label1\" content=\"Gesch\u00e4tzte Lesezeit\" \/>\n\t<meta name=\"twitter:data1\" content=\"2\u00a0Minuten\" \/>\n<script type=\"application\/ld+json\" class=\"yoast-schema-graph\">{\"@context\":\"https:\/\/schema.org\",\"@graph\":[{\"@type\":\"WebPage\",\"@id\":\"https:\/\/stayhaws.com\/de\/lissabon\/lokale-helden\/markte\/\",\"url\":\"https:\/\/stayhaws.com\/de\/lissabon\/lokale-helden\/markte\/\",\"name\":\"Wherever life takes you, stay like home - Haws Lifestyle Hospitality\",\"isPartOf\":{\"@id\":\"https:\/\/stayhaws.com\/de\/#website\"},\"primaryImageOfPage\":{\"@id\":\"https:\/\/stayhaws.com\/de\/lissabon\/lokale-helden\/markte\/#primaryimage\"},\"image\":{\"@id\":\"https:\/\/stayhaws.com\/de\/lissabon\/lokale-helden\/markte\/#primaryimage\"},\"thumbnailUrl\":\"https:\/\/stayhaws.com\/wp-content\/uploads\/elementor\/thumbs\/Time-Out-Market-2-rfb9u4mkhik5bofapui935q7e6qwxl1ubcfso5leew.webp\",\"datePublished\":\"2025-11-27T06:31:51+00:00\",\"dateModified\":\"2026-02-15T10:46:00+00:00\",\"description\":\"Haws is much more than a place to stay. We are on a quest to create boundary-blurring spaces that will bring together a new generation of bold change-makers to connect, stay, work, play and love.\",\"breadcrumb\":{\"@id\":\"https:\/\/stayhaws.com\/de\/lissabon\/lokale-helden\/markte\/#breadcrumb\"},\"inLanguage\":\"de\",\"potentialAction\":[{\"@type\":\"ReadAction\",\"target\":[\"https:\/\/stayhaws.com\/de\/lissabon\/lokale-helden\/markte\/\"]}]},{\"@type\":\"ImageObject\",\"inLanguage\":\"de\",\"@id\":\"https:\/\/stayhaws.com\/de\/lissabon\/lokale-helden\/markte\/#primaryimage\",\"url\":\"https:\/\/stayhaws.com\/wp-content\/uploads\/elementor\/thumbs\/Time-Out-Market-2-rfb9u4mkhik5bofapui935q7e6qwxl1ubcfso5leew.webp\",\"contentUrl\":\"https:\/\/stayhaws.com\/wp-content\/uploads\/elementor\/thumbs\/Time-Out-Market-2-rfb9u4mkhik5bofapui935q7e6qwxl1ubcfso5leew.webp\"},{\"@type\":\"BreadcrumbList\",\"@id\":\"https:\/\/stayhaws.com\/de\/lissabon\/lokale-helden\/markte\/#breadcrumb\",\"itemListElement\":[{\"@type\":\"ListItem\",\"position\":1,\"name\":\"Home\",\"item\":\"https:\/\/stayhaws.com\/de\/\"},{\"@type\":\"ListItem\",\"position\":2,\"name\":\"Lissabon\",\"item\":\"https:\/\/stayhaws.com\/de\/lisboa\/\"},{\"@type\":\"ListItem\",\"position\":3,\"name\":\"Lokale Helden\",\"item\":\"https:\/\/stayhaws.com\/de\/lisboa\/lisboa-heroes\/\"},{\"@type\":\"ListItem\",\"position\":4,\"name\":\"M\u00e4rkte\"}]},{\"@type\":\"WebSite\",\"@id\":\"https:\/\/stayhaws.com\/de\/#website\",\"url\":\"https:\/\/stayhaws.com\/de\/\",\"name\":\"HAWS Lifestyle Hospitality\",\"description\":\"Stay Like Home\",\"publisher\":{\"@id\":\"https:\/\/stayhaws.com\/de\/#organization\"},\"potentialAction\":[{\"@type\":\"SearchAction\",\"target\":{\"@type\":\"EntryPoint\",\"urlTemplate\":\"https:\/\/stayhaws.com\/de\/?s={search_term_string}\"},\"query-input\":{\"@type\":\"PropertyValueSpecification\",\"valueRequired\":true,\"valueName\":\"search_term_string\"}}],\"inLanguage\":\"de\"},{\"@type\":\"Organization\",\"@id\":\"https:\/\/stayhaws.com\/de\/#organization\",\"name\":\"HAWS Lifestyle Hospitality\",\"url\":\"https:\/\/stayhaws.com\/de\/\",\"logo\":{\"@type\":\"ImageObject\",\"inLanguage\":\"de\",\"@id\":\"https:\/\/stayhaws.com\/de\/#\/schema\/logo\/image\/\",\"url\":\"https:\/\/stayhaws.com\/wp-content\/uploads\/2024\/09\/haws-logo-tagline-serif-blue.svg\",\"contentUrl\":\"https:\/\/stayhaws.com\/wp-content\/uploads\/2024\/09\/haws-logo-tagline-serif-blue.svg\",\"width\":1,\"height\":1,\"caption\":\"HAWS Lifestyle Hospitality\"},\"image\":{\"@id\":\"https:\/\/stayhaws.com\/de\/#\/schema\/logo\/image\/\"}}]}<\/script>\n<!-- \/ Yoast SEO plugin. -->","yoast_head_json":{"title":"Wherever life takes you, stay like home - Haws Lifestyle Hospitality","description":"Haws is much more than a place to stay. We are on a quest to create boundary-blurring spaces that will bring together a new generation of bold change-makers to connect, stay, work, play and love.","robots":{"index":"index","follow":"follow","max-snippet":"max-snippet:-1","max-image-preview":"max-image-preview:large","max-video-preview":"max-video-preview:-1"},"canonical":"https:\/\/stayhaws.com\/de\/lissabon\/lokale-helden\/markte\/","og_locale":"de_DE","og_type":"article","og_title":"Wherever life takes you, stay like home - Haws Lifestyle Hospitality","og_description":"Haws is much more than a place to stay. We are on a quest to create boundary-blurring spaces that will bring together a new generation of bold change-makers to connect, stay, work, play and love.","og_url":"https:\/\/stayhaws.com\/de\/lissabon\/lokale-helden\/markte\/","og_site_name":"Haws Lifestyle Hospitality","article_modified_time":"2026-02-15T10:46:00+00:00","og_image":[{"url":"https:\/\/stayhaws.com\/wp-content\/uploads\/elementor\/thumbs\/Time-Out-Market-2-rfb9u4mkhik5bofapui935q7e6qwxl1ubcfso5leew.webp","type":"","width":"","height":""}],"twitter_card":"summary_large_image","twitter_misc":{"Gesch\u00e4tzte Lesezeit":"2\u00a0Minuten"},"schema":{"@context":"https:\/\/schema.org","@graph":[{"@type":"WebPage","@id":"https:\/\/stayhaws.com\/de\/lissabon\/lokale-helden\/markte\/","url":"https:\/\/stayhaws.com\/de\/lissabon\/lokale-helden\/markte\/","name":"Wherever life takes you, stay like home - Haws Lifestyle Hospitality","isPartOf":{"@id":"https:\/\/stayhaws.com\/de\/#website"},"primaryImageOfPage":{"@id":"https:\/\/stayhaws.com\/de\/lissabon\/lokale-helden\/markte\/#primaryimage"},"image":{"@id":"https:\/\/stayhaws.com\/de\/lissabon\/lokale-helden\/markte\/#primaryimage"},"thumbnailUrl":"https:\/\/stayhaws.com\/wp-content\/uploads\/elementor\/thumbs\/Time-Out-Market-2-rfb9u4mkhik5bofapui935q7e6qwxl1ubcfso5leew.webp","datePublished":"2025-11-27T06:31:51+00:00","dateModified":"2026-02-15T10:46:00+00:00","description":"Haws is much more than a place to stay. We are on a quest to create boundary-blurring spaces that will bring together a new generation of bold change-makers to connect, stay, work, play and love.","breadcrumb":{"@id":"https:\/\/stayhaws.com\/de\/lissabon\/lokale-helden\/markte\/#breadcrumb"},"inLanguage":"de","potentialAction":[{"@type":"ReadAction","target":["https:\/\/stayhaws.com\/de\/lissabon\/lokale-helden\/markte\/"]}]},{"@type":"ImageObject","inLanguage":"de","@id":"https:\/\/stayhaws.com\/de\/lissabon\/lokale-helden\/markte\/#primaryimage","url":"https:\/\/stayhaws.com\/wp-content\/uploads\/elementor\/thumbs\/Time-Out-Market-2-rfb9u4mkhik5bofapui935q7e6qwxl1ubcfso5leew.webp","contentUrl":"https:\/\/stayhaws.com\/wp-content\/uploads\/elementor\/thumbs\/Time-Out-Market-2-rfb9u4mkhik5bofapui935q7e6qwxl1ubcfso5leew.webp"},{"@type":"BreadcrumbList","@id":"https:\/\/stayhaws.com\/de\/lissabon\/lokale-helden\/markte\/#breadcrumb","itemListElement":[{"@type":"ListItem","position":1,"name":"Home","item":"https:\/\/stayhaws.com\/de\/"},{"@type":"ListItem","position":2,"name":"Lissabon","item":"https:\/\/stayhaws.com\/de\/lisboa\/"},{"@type":"ListItem","position":3,"name":"Lokale Helden","item":"https:\/\/stayhaws.com\/de\/lisboa\/lisboa-heroes\/"},{"@type":"ListItem","position":4,"name":"M\u00e4rkte"}]},{"@type":"WebSite","@id":"https:\/\/stayhaws.com\/de\/#website","url":"https:\/\/stayhaws.com\/de\/","name":"HAWS Lifestyle Hospitality","description":"Stay Like Home","publisher":{"@id":"https:\/\/stayhaws.com\/de\/#organization"},"potentialAction":[{"@type":"SearchAction","target":{"@type":"EntryPoint","urlTemplate":"https:\/\/stayhaws.com\/de\/?s={search_term_string}"},"query-input":{"@type":"PropertyValueSpecification","valueRequired":true,"valueName":"search_term_string"}}],"inLanguage":"de"},{"@type":"Organization","@id":"https:\/\/stayhaws.com\/de\/#organization","name":"HAWS Lifestyle Hospitality","url":"https:\/\/stayhaws.com\/de\/","logo":{"@type":"ImageObject","inLanguage":"de","@id":"https:\/\/stayhaws.com\/de\/#\/schema\/logo\/image\/","url":"https:\/\/stayhaws.com\/wp-content\/uploads\/2024\/09\/haws-logo-tagline-serif-blue.svg","contentUrl":"https:\/\/stayhaws.com\/wp-content\/uploads\/2024\/09\/haws-logo-tagline-serif-blue.svg","width":1,"height":1,"caption":"HAWS Lifestyle Hospitality"},"image":{"@id":"https:\/\/stayhaws.com\/de\/#\/schema\/logo\/image\/"}}]}},"featured_image_src":null,"featured_image_src_square":null,"_links":{"self":[{"href":"https:\/\/stayhaws.com\/de\/wp-json\/wp\/v2\/pages\/3810","targetHints":{"allow":["GET"]}}],"collection":[{"href":"https:\/\/stayhaws.com\/de\/wp-json\/wp\/v2\/pages"}],"about":[{"href":"https:\/\/stayhaws.com\/de\/wp-json\/wp\/v2\/types\/page"}],"author":[{"embeddable":true,"href":"https:\/\/stayhaws.com\/de\/wp-json\/wp\/v2\/users\/2"}],"replies":[{"embeddable":true,"href":"https:\/\/stayhaws.com\/de\/wp-json\/wp\/v2\/comments?post=3810"}],"version-history":[{"count":1,"href":"https:\/\/stayhaws.com\/de\/wp-json\/wp\/v2\/pages\/3810\/revisions"}],"predecessor-version":[{"id":3911,"href":"https:\/\/stayhaws.com\/de\/wp-json\/wp\/v2\/pages\/3810\/revisions\/3911"}],"up":[{"embeddable":true,"href":"https:\/\/stayhaws.com\/de\/wp-json\/wp\/v2\/pages\/3728"}],"wp:attachment":[{"href":"https:\/\/stayhaws.com\/de\/wp-json\/wp\/v2\/media?parent=3810"}],"curies":[{"name":"wp","href":"https:\/\/api.w.org\/{rel}","templated":true}]}}