{"id":3863,"date":"2025-07-27T16:49:15","date_gmt":"2025-07-27T15:49:15","guid":{"rendered":"https:\/\/stayhaws.com\/lissabon\/lokale-helden\/lisboa-heroes-wine-bars\/"},"modified":"2026-02-15T12:46:55","modified_gmt":"2026-02-15T11:46:55","slug":"weinbars","status":"publish","type":"page","link":"https:\/\/stayhaws.com\/de\/lissabon\/lokale-helden\/weinbars\/","title":{"rendered":"Weinbars"},"content":{"rendered":"\t\t<div data-elementor-type=\"wp-page\" data-elementor-id=\"3863\" class=\"elementor elementor-3863 elementor-1356\" data-elementor-post-type=\"page\">\n\t\t\t\t<div class=\"elementor-element elementor-element-29838a1 e-flex e-con-boxed e-con e-parent\" data-id=\"29838a1\" data-element_type=\"container\" data-e-type=\"container\" data-settings=\"{&quot;background_background&quot;:&quot;classic&quot;}\">\n\t\t\t\t\t<div class=\"e-con-inner\">\n\t\t<div class=\"elementor-element elementor-element-7bf49ed e-con-full e-flex e-con e-child\" data-id=\"7bf49ed\" data-element_type=\"container\" data-e-type=\"container\">\n\t\t\t\t<div class=\"elementor-element elementor-element-e23c269 animated-slow elementor-invisible elementor-widget elementor-widget-heading\" data-id=\"e23c269\" data-element_type=\"widget\" data-e-type=\"widget\" data-settings=\"{&quot;_animation&quot;:&quot;fadeInDown&quot;}\" data-widget_type=\"heading.default\">\n\t\t\t\t<div class=\"elementor-widget-container\">\n\t\t\t\t\t<h1 class=\"elementor-heading-title elementor-size-default\">Lokale Helden<\/h1>\t\t\t\t<\/div>\n\t\t\t\t<\/div>\n\t\t\t\t<div class=\"elementor-element elementor-element-e00d0c3 elementor-widget__width-initial animated-slow elementor-invisible elementor-widget elementor-widget-text-editor\" data-id=\"e00d0c3\" data-element_type=\"widget\" data-e-type=\"widget\" data-settings=\"{&quot;_animation&quot;:&quot;fadeInUp&quot;}\" data-widget_type=\"text-editor.default\">\n\t\t\t\t<div class=\"elementor-widget-container\">\n\t\t\t\t\t\t\t\t\t<p>Luxuri\u00f6ser Komfort und un\u00fcbertroffener Service im Herzen von Lissabon<\/p>\t\t\t\t\t\t\t\t<\/div>\n\t\t\t\t<\/div>\n\t\t\t\t<\/div>\n\t\t<div class=\"elementor-element elementor-element-aa1f8ca e-con-full e-flex e-con e-child\" data-id=\"aa1f8ca\" data-element_type=\"container\" data-e-type=\"container\">\n\t\t\t\t<div class=\"elementor-element elementor-element-a95393f elementor-widget__width-inherit elementor-widget elementor-widget-html\" data-id=\"a95393f\" data-element_type=\"widget\" data-e-type=\"widget\" data-widget_type=\"html.default\">\n\t\t\t\t<div class=\"elementor-widget-container\">\n\t\t\t\t\t<!-- Importar la fuente Epilogue -->\n<link rel=\"preconnect\" href=\"https:\/\/fonts.googleapis.com\">\n<link rel=\"preconnect\" href=\"https:\/\/fonts.gstatic.com\" crossorigin>\n<link href=\"https:\/\/fonts.googleapis.com\/css2?family=Epilogue:wght@400;700&display=swap\" rel=\"stylesheet\">\n\n<!-- Importar los estilos y el script de Flatpickr -->\n<link rel=\"stylesheet\" href=\"https:\/\/cdn.jsdelivr.net\/npm\/flatpickr\/dist\/flatpickr.min.css\">\n<script src=\"https:\/\/cdn.jsdelivr.net\/npm\/flatpickr\"><\/script>\n\n<div class=\"booking-form-container\">\n    <form class=\"booking-form\" id=\"mews-booking-widget\">\n      \n      <div class=\"form-group\">\n        <label for=\"location\">Standort<\/label>\n        <input type=\"text\" id=\"location\" value=\"Lissabon\" readonly>\n      <\/div>\n\n      <div class=\"form-group\">\n        <label for=\"checkin-checkout\">Check In \/ Check Out<\/label>\n        <input type=\"text\" id=\"checkin-checkout\" name=\"checkin-checkout\" placeholder=\"Daten hinzuf\u00fcgen\" required>\n      <\/div>\n      \n      <div class=\"form-group\">\n        <label for=\"guests\">Guests<\/label>\n        <select id=\"guests\" name=\"guests\" required>\n            <option value=\"TWO_ADULT\" selected=\"selected\">2 adults<\/option> \n            <option value=\"ONE_ADULT\">1 Adult<\/option> \n            <option value=\"ONE_ADULT_ONE_CHILD\">1 Adult \/ 1 Child<\/option> \n            <option value=\"TWO_ADULT_ONE_CHILD\">2 Adults \/ 1 Child<\/option> \n        <\/select>\n      <\/div>\n      \n      <div class=\"form-group\">\n        <label for=\"promo-code\">Haben Sie einen Code?<\/label>\n        <input type=\"text\" id=\"promo-code\" name=\"promo-code\" placeholder=\"Code eingeben\">\n      <\/div>\n      \n      <div class=\"form-group-button\">\n        <button type=\"submit\" id=\"dates-submit\" value=\"Laden...\">Verf\u00fcgbarkeit pr\u00fcfen<\/button>\n      <\/div>\n    <\/form>\n<\/div>\n\n<script>\n  flatpickr(\"#checkin-checkout\", {\n    mode: \"range\",\n    dateFormat: \"d\/m\/Y\",\n    minDate: \"today\",\n  });\n<\/script>\n\t\t\t\t<\/div>\n\t\t\t\t<\/div>\n\t\t\t\t<\/div>\n\t\t\t\t\t<\/div>\n\t\t\t\t<\/div>\n\t\t<div class=\"elementor-element elementor-element-fadd3e7 e-con-full e-flex e-con e-parent\" data-id=\"fadd3e7\" data-element_type=\"container\" data-e-type=\"container\" data-settings=\"{&quot;background_background&quot;:&quot;classic&quot;}\">\n\t\t\t\t<div class=\"elementor-element elementor-element-4e0a98b elementor-invisible elementor-widget elementor-widget-heading\" data-id=\"4e0a98b\" data-element_type=\"widget\" data-e-type=\"widget\" data-settings=\"{&quot;_animation&quot;:&quot;fadeInDown&quot;}\" data-widget_type=\"heading.default\">\n\t\t\t\t<div class=\"elementor-widget-container\">\n\t\t\t\t\t<p class=\"elementor-heading-title elementor-size-default\"><a href=\"https:\/\/stayhaws.com\/lisboa\/lisboa-heroes\/\">Lissabon &gt; Lokale Helden<\/a><\/p>\t\t\t\t<\/div>\n\t\t\t\t<\/div>\n\t\t\t\t<div class=\"elementor-element elementor-element-5eced07 elementor-invisible elementor-widget elementor-widget-heading\" data-id=\"5eced07\" data-element_type=\"widget\" data-e-type=\"widget\" data-settings=\"{&quot;_animation&quot;:&quot;fadeInUp&quot;}\" data-widget_type=\"heading.default\">\n\t\t\t\t<div class=\"elementor-widget-container\">\n\t\t\t\t\t<h2 class=\"elementor-heading-title elementor-size-default\">Weinbars<\/h2>\t\t\t\t<\/div>\n\t\t\t\t<\/div>\n\t\t\t\t<\/div>\n\t\t<div class=\"elementor-element elementor-element-c9dfc0a e-con-full e-flex e-con e-parent\" data-id=\"c9dfc0a\" data-element_type=\"container\" data-e-type=\"container\" data-settings=\"{&quot;background_background&quot;:&quot;classic&quot;}\">\n\t\t<div class=\"elementor-element elementor-element-9f19197 e-flex e-con-boxed e-con e-child\" data-id=\"9f19197\" data-element_type=\"container\" data-e-type=\"container\">\n\t\t\t\t\t<div class=\"e-con-inner\">\n\t\t<div class=\"elementor-element elementor-element-59d83d5 e-con-full animated-slow e-flex elementor-invisible e-con e-child\" data-id=\"59d83d5\" data-element_type=\"container\" data-e-type=\"container\" data-settings=\"{&quot;background_background&quot;:&quot;classic&quot;,&quot;animation&quot;:&quot;fadeInLeft&quot;}\">\n\t\t\t\t<div class=\"elementor-element elementor-element-17973d4 animated-slow elementor-invisible elementor-widget elementor-widget-image\" data-id=\"17973d4\" data-element_type=\"widget\" data-e-type=\"widget\" data-settings=\"{&quot;_animation&quot;:&quot;fadeInLeft&quot;,&quot;_animation_delay&quot;:600}\" data-widget_type=\"image.default\">\n\t\t\t\t<div class=\"elementor-widget-container\">\n\t\t\t\t\t\t\t\t\t\t\t\t\t\t\t<img decoding=\"async\" src=\"https:\/\/stayhaws.com\/wp-content\/uploads\/elementor\/thumbs\/8-r9duhioif36dxc8r07my8uxw09y184sy9frnki2ptk.webp\" title=\"8\" alt=\"8\" loading=\"lazy\" \/>\t\t\t\t\t\t\t\t\t\t\t\t\t\t\t<\/div>\n\t\t\t\t<\/div>\n\t\t\t\t<\/div>\n\t\t<div class=\"elementor-element elementor-element-e6bf9a2 e-con-full e-flex e-con e-child\" data-id=\"e6bf9a2\" data-element_type=\"container\" data-e-type=\"container\">\n\t\t\t\t<div class=\"elementor-element elementor-element-a81cb45 animated-slow elementor-invisible elementor-widget elementor-widget-heading\" data-id=\"a81cb45\" data-element_type=\"widget\" data-e-type=\"widget\" data-settings=\"{&quot;_animation&quot;:&quot;fadeInDown&quot;}\" data-widget_type=\"heading.default\">\n\t\t\t\t<div class=\"elementor-widget-container\">\n\t\t\t\t\t<p class=\"elementor-heading-title elementor-size-default\">Bom Bom Bom<\/p>\t\t\t\t<\/div>\n\t\t\t\t<\/div>\n\t\t\t\t<div class=\"elementor-element elementor-element-f3fdd12 elementor-widget elementor-widget-text-editor\" data-id=\"f3fdd12\" data-element_type=\"widget\" data-e-type=\"widget\" data-widget_type=\"text-editor.default\">\n\t\t\t\t<div class=\"elementor-widget-container\">\n\t\t\t\t\t\t\t\t\t<p><b>BOM BOM BOM<\/b><span style=\"font-weight: 400;\"> ist ein Projekt, das aus drei gemeinsamen Leidenschaften der beiden Gr\u00fcnder Antoine und Cassandra entstanden ist: Wein, Musik und gutes Essen.<\/span><\/p><p><span style=\"font-weight: 400;\">Es ist eine Naturweinbar, die etwa ein Dutzend Weine glasweise, \u00fcber hundert Flaschenwein-Referenzen sowie eine Speisekarte mit Sharing-Tellern anbietet, die von K\u00fcchenchefin Cassandra mit saisonalen Produkten kreiert und zubereitet werden.<\/span><\/p><p><span style=\"font-weight: 400;\">Der Raum bietet au\u00dferdem eine kleine Auswahl an Schallplatten zum Verkauf, sorgf\u00e4ltig kuratiert von Antoine, DJs, die jeden Freitag und Samstag ausschlie\u00dflich Vinyl auflegen, sowie zweimal im Monat Live-Jazz-Sessions.<\/span><\/p>\t\t\t\t\t\t\t\t<\/div>\n\t\t\t\t<\/div>\n\t\t\t\t<div class=\"elementor-element elementor-element-dbf604f animated-slow elementor-invisible elementor-widget elementor-widget-button\" data-id=\"dbf604f\" data-element_type=\"widget\" data-e-type=\"widget\" data-settings=\"{&quot;_animation&quot;:&quot;fadeInUp&quot;}\" data-widget_type=\"button.default\">\n\t\t\t\t<div class=\"elementor-widget-container\">\n\t\t\t\t\t\t\t\t\t<div class=\"elementor-button-wrapper\">\n\t\t\t\t\t<a class=\"elementor-button elementor-button-link elementor-size-sm\" href=\"https:\/\/www.instagram.com\/bombombomlisboa\" target=\"_blank\">\n\t\t\t\t\t\t<span class=\"elementor-button-content-wrapper\">\n\t\t\t\t\t\t\t\t\t<span class=\"elementor-button-text\">Besuchen Sie die Bom Bom Bom Website<\/span>\n\t\t\t\t\t<\/span>\n\t\t\t\t\t<\/a>\n\t\t\t\t<\/div>\n\t\t\t\t\t\t\t\t<\/div>\n\t\t\t\t<\/div>\n\t\t\t\t<\/div>\n\t\t\t\t\t<\/div>\n\t\t\t\t<\/div>\n\t\t\t\t<\/div>\n\t\t<div class=\"elementor-element elementor-element-36ffb22 e-con-full e-flex e-con e-parent\" data-id=\"36ffb22\" data-element_type=\"container\" data-e-type=\"container\" data-settings=\"{&quot;background_background&quot;:&quot;classic&quot;}\">\n\t\t<div class=\"elementor-element elementor-element-3ba4bbb e-con-full e-flex e-con e-child\" data-id=\"3ba4bbb\" data-element_type=\"container\" data-e-type=\"container\">\n\t\t<div class=\"elementor-element elementor-element-a7d2805 e-con-full e-flex e-con e-child\" data-id=\"a7d2805\" data-element_type=\"container\" data-e-type=\"container\">\n\t\t\t\t<div class=\"elementor-element elementor-element-5d039df animated-slow elementor-invisible elementor-widget elementor-widget-heading\" data-id=\"5d039df\" data-element_type=\"widget\" data-e-type=\"widget\" data-settings=\"{&quot;_animation&quot;:&quot;fadeInDown&quot;}\" data-widget_type=\"heading.default\">\n\t\t\t\t<div class=\"elementor-widget-container\">\n\t\t\t\t\t<h3 class=\"elementor-heading-title elementor-size-default\">Rude<\/h3>\t\t\t\t<\/div>\n\t\t\t\t<\/div>\n\t\t\t\t<div class=\"elementor-element elementor-element-ab6835f elementor-widget elementor-widget-text-editor\" data-id=\"ab6835f\" data-element_type=\"widget\" data-e-type=\"widget\" data-widget_type=\"text-editor.default\">\n\t\t\t\t<div class=\"elementor-widget-container\">\n\t\t\t\t\t\t\t\t\t<p><span style=\"font-weight: 400;\">Wir wollen reich an Inhalt sein, authentisch. Gerecht, gleich und uns selbst treu sein.<\/span><\/p><p><span style=\"font-weight: 400;\">Wir f\u00fcgen uns nicht der Konvention, wir stehen mit beiden Beinen fest auf dem Boden<\/span><\/p><p><span style=\"font-weight: 400;\">und gleichzeitig tr\u00e4umen wir davon zu fliegen. Rude ist ein Gericht, das am besten kalt serviert wird, ohne<\/span><\/p><p><span style=\"font-weight: 400;\">die Unannehmlichkeit der Rache und voller Geschmack. Es ist, den Unterschied zu leben und sich zu Hause zu f\u00fchlen. Es ist wegzugehen und wiederkommen zu wollen.<\/span><\/p>\t\t\t\t\t\t\t\t<\/div>\n\t\t\t\t<\/div>\n\t\t\t\t<div class=\"elementor-element elementor-element-5d169d6 animated-slow elementor-invisible elementor-widget elementor-widget-button\" data-id=\"5d169d6\" data-element_type=\"widget\" data-e-type=\"widget\" data-settings=\"{&quot;_animation&quot;:&quot;fadeInUp&quot;}\" data-widget_type=\"button.default\">\n\t\t\t\t<div class=\"elementor-widget-container\">\n\t\t\t\t\t\t\t\t\t<div class=\"elementor-button-wrapper\">\n\t\t\t\t\t<a class=\"elementor-button elementor-button-link elementor-size-sm\" href=\"https:\/\/rude-wine-and-food.mailchimpsites.com\/\" target=\"_blank\">\n\t\t\t\t\t\t<span class=\"elementor-button-content-wrapper\">\n\t\t\t\t\t\t\t\t\t<span class=\"elementor-button-text\">Besuchen Sie die Rude Website<\/span>\n\t\t\t\t\t<\/span>\n\t\t\t\t\t<\/a>\n\t\t\t\t<\/div>\n\t\t\t\t\t\t\t\t<\/div>\n\t\t\t\t<\/div>\n\t\t\t\t<\/div>\n\t\t\t\t<\/div>\n\t\t<div class=\"elementor-element elementor-element-5581c85 e-con-full e-flex e-con e-child\" data-id=\"5581c85\" data-element_type=\"container\" data-e-type=\"container\">\n\t\t<div class=\"elementor-element elementor-element-35a153c e-con-full animated-slow e-flex elementor-invisible e-con e-child\" data-id=\"35a153c\" data-element_type=\"container\" data-e-type=\"container\" data-settings=\"{&quot;background_background&quot;:&quot;classic&quot;,&quot;animation&quot;:&quot;fadeInRight&quot;}\">\n\t\t\t\t<div class=\"elementor-element elementor-element-0285c81 animated-slow elementor-invisible elementor-widget elementor-widget-image\" data-id=\"0285c81\" data-element_type=\"widget\" data-e-type=\"widget\" data-settings=\"{&quot;_animation&quot;:&quot;fadeInRight&quot;,&quot;_animation_delay&quot;:600}\" data-widget_type=\"image.default\">\n\t\t\t\t<div class=\"elementor-widget-container\">\n\t\t\t\t\t\t\t\t\t\t\t\t\t\t\t<img fetchpriority=\"high\" decoding=\"async\" width=\"940\" height=\"788\" src=\"https:\/\/stayhaws.com\/wp-content\/uploads\/2025\/07\/Rude-2.webp\" class=\"attachment-full size-full wp-image-4406\" alt=\"\" srcset=\"https:\/\/stayhaws.com\/wp-content\/uploads\/2025\/07\/Rude-2.webp 940w, https:\/\/stayhaws.com\/wp-content\/uploads\/2025\/07\/Rude-2-300x251.webp 300w, https:\/\/stayhaws.com\/wp-content\/uploads\/2025\/07\/Rude-2-768x644.webp 768w\" sizes=\"(max-width: 940px) 100vw, 940px\" \/>\t\t\t\t\t\t\t\t\t\t\t\t\t\t\t<\/div>\n\t\t\t\t<\/div>\n\t\t\t\t<\/div>\n\t\t\t\t<\/div>\n\t\t\t\t<\/div>\n\t\t\t\t<\/div>\n\t\t","protected":false},"excerpt":{"rendered":"<p>Local Heroes Luxurious comfort and unmatched\u2028service in the heart of Lisbon Location Check In \/ Check Out Guests 2 adults1 Adult1 Adult \/ 1 Child2 Adults \/ 1 Child Got a Code? Check Availability Lisboa &gt; Local Heroes Wine Bars Bom Bom Bom BOM BOM BOM is a project born from three shared passions between [&hellip;]<\/p>\n","protected":false},"author":2,"featured_media":0,"parent":3728,"menu_order":0,"comment_status":"closed","ping_status":"closed","template":"","meta":{"footnotes":""},"class_list":["post-3863","page","type-page","status-publish","hentry"],"acf":[],"yoast_head":"<!-- This site is optimized with the Yoast SEO plugin v26.9 - https:\/\/yoast.com\/product\/yoast-seo-wordpress\/ -->\n<title>Wherever life takes you, stay like home - Haws Lifestyle Hospitality<\/title>\n<meta name=\"description\" content=\"Haws is much more than a place to stay. We are on a quest to create boundary-blurring spaces that will bring together a new generation of bold change-makers to connect, stay, work, play and love.\" \/>\n<meta name=\"robots\" content=\"index, follow, max-snippet:-1, max-image-preview:large, max-video-preview:-1\" \/>\n<link rel=\"canonical\" href=\"https:\/\/stayhaws.com\/de\/lissabon\/lokale-helden\/weinbars\/\" \/>\n<meta property=\"og:locale\" content=\"de_DE\" \/>\n<meta property=\"og:type\" content=\"article\" \/>\n<meta property=\"og:title\" content=\"Wherever life takes you, stay like home - Haws Lifestyle Hospitality\" \/>\n<meta property=\"og:description\" content=\"Haws is much more than a place to stay. We are on a quest to create boundary-blurring spaces that will bring together a new generation of bold change-makers to connect, stay, work, play and love.\" \/>\n<meta property=\"og:url\" content=\"https:\/\/stayhaws.com\/de\/lissabon\/lokale-helden\/weinbars\/\" \/>\n<meta property=\"og:site_name\" content=\"Haws Lifestyle Hospitality\" \/>\n<meta property=\"article:modified_time\" content=\"2026-02-15T11:46:55+00:00\" \/>\n<meta property=\"og:image\" content=\"https:\/\/stayhaws.com\/wp-content\/uploads\/elementor\/thumbs\/8-r9duhioif36dxc8r07my8uxw09y184sy9frnki2ptk.webp\" \/>\n<meta name=\"twitter:card\" content=\"summary_large_image\" \/>\n<meta name=\"twitter:label1\" content=\"Gesch\u00e4tzte Lesezeit\" \/>\n\t<meta name=\"twitter:data1\" content=\"2\u00a0Minuten\" \/>\n<script type=\"application\/ld+json\" class=\"yoast-schema-graph\">{\"@context\":\"https:\/\/schema.org\",\"@graph\":[{\"@type\":\"WebPage\",\"@id\":\"https:\/\/stayhaws.com\/de\/lissabon\/lokale-helden\/weinbars\/\",\"url\":\"https:\/\/stayhaws.com\/de\/lissabon\/lokale-helden\/weinbars\/\",\"name\":\"Wherever life takes you, stay like home - Haws Lifestyle Hospitality\",\"isPartOf\":{\"@id\":\"https:\/\/stayhaws.com\/de\/#website\"},\"primaryImageOfPage\":{\"@id\":\"https:\/\/stayhaws.com\/de\/lissabon\/lokale-helden\/weinbars\/#primaryimage\"},\"image\":{\"@id\":\"https:\/\/stayhaws.com\/de\/lissabon\/lokale-helden\/weinbars\/#primaryimage\"},\"thumbnailUrl\":\"https:\/\/stayhaws.com\/wp-content\/uploads\/elementor\/thumbs\/8-r9duhioif36dxc8r07my8uxw09y184sy9frnki2ptk.webp\",\"datePublished\":\"2025-07-27T15:49:15+00:00\",\"dateModified\":\"2026-02-15T11:46:55+00:00\",\"description\":\"Haws is much more than a place to stay. We are on a quest to create boundary-blurring spaces that will bring together a new generation of bold change-makers to connect, stay, work, play and love.\",\"breadcrumb\":{\"@id\":\"https:\/\/stayhaws.com\/de\/lissabon\/lokale-helden\/weinbars\/#breadcrumb\"},\"inLanguage\":\"de\",\"potentialAction\":[{\"@type\":\"ReadAction\",\"target\":[\"https:\/\/stayhaws.com\/de\/lissabon\/lokale-helden\/weinbars\/\"]}]},{\"@type\":\"ImageObject\",\"inLanguage\":\"de\",\"@id\":\"https:\/\/stayhaws.com\/de\/lissabon\/lokale-helden\/weinbars\/#primaryimage\",\"url\":\"https:\/\/stayhaws.com\/wp-content\/uploads\/elementor\/thumbs\/8-r9duhioif36dxc8r07my8uxw09y184sy9frnki2ptk.webp\",\"contentUrl\":\"https:\/\/stayhaws.com\/wp-content\/uploads\/elementor\/thumbs\/8-r9duhioif36dxc8r07my8uxw09y184sy9frnki2ptk.webp\"},{\"@type\":\"BreadcrumbList\",\"@id\":\"https:\/\/stayhaws.com\/de\/lissabon\/lokale-helden\/weinbars\/#breadcrumb\",\"itemListElement\":[{\"@type\":\"ListItem\",\"position\":1,\"name\":\"Home\",\"item\":\"https:\/\/stayhaws.com\/de\/\"},{\"@type\":\"ListItem\",\"position\":2,\"name\":\"Lissabon\",\"item\":\"https:\/\/stayhaws.com\/de\/lisboa\/\"},{\"@type\":\"ListItem\",\"position\":3,\"name\":\"Lokale Helden\",\"item\":\"https:\/\/stayhaws.com\/de\/lisboa\/lisboa-heroes\/\"},{\"@type\":\"ListItem\",\"position\":4,\"name\":\"Weinbars\"}]},{\"@type\":\"WebSite\",\"@id\":\"https:\/\/stayhaws.com\/de\/#website\",\"url\":\"https:\/\/stayhaws.com\/de\/\",\"name\":\"HAWS Lifestyle Hospitality\",\"description\":\"Stay Like Home\",\"publisher\":{\"@id\":\"https:\/\/stayhaws.com\/de\/#organization\"},\"potentialAction\":[{\"@type\":\"SearchAction\",\"target\":{\"@type\":\"EntryPoint\",\"urlTemplate\":\"https:\/\/stayhaws.com\/de\/?s={search_term_string}\"},\"query-input\":{\"@type\":\"PropertyValueSpecification\",\"valueRequired\":true,\"valueName\":\"search_term_string\"}}],\"inLanguage\":\"de\"},{\"@type\":\"Organization\",\"@id\":\"https:\/\/stayhaws.com\/de\/#organization\",\"name\":\"HAWS Lifestyle Hospitality\",\"url\":\"https:\/\/stayhaws.com\/de\/\",\"logo\":{\"@type\":\"ImageObject\",\"inLanguage\":\"de\",\"@id\":\"https:\/\/stayhaws.com\/de\/#\/schema\/logo\/image\/\",\"url\":\"https:\/\/stayhaws.com\/wp-content\/uploads\/2024\/09\/haws-logo-tagline-serif-blue.svg\",\"contentUrl\":\"https:\/\/stayhaws.com\/wp-content\/uploads\/2024\/09\/haws-logo-tagline-serif-blue.svg\",\"width\":1,\"height\":1,\"caption\":\"HAWS Lifestyle Hospitality\"},\"image\":{\"@id\":\"https:\/\/stayhaws.com\/de\/#\/schema\/logo\/image\/\"}}]}<\/script>\n<!-- \/ Yoast SEO plugin. -->","yoast_head_json":{"title":"Wherever life takes you, stay like home - Haws Lifestyle Hospitality","description":"Haws is much more than a place to stay. We are on a quest to create boundary-blurring spaces that will bring together a new generation of bold change-makers to connect, stay, work, play and love.","robots":{"index":"index","follow":"follow","max-snippet":"max-snippet:-1","max-image-preview":"max-image-preview:large","max-video-preview":"max-video-preview:-1"},"canonical":"https:\/\/stayhaws.com\/de\/lissabon\/lokale-helden\/weinbars\/","og_locale":"de_DE","og_type":"article","og_title":"Wherever life takes you, stay like home - Haws Lifestyle Hospitality","og_description":"Haws is much more than a place to stay. We are on a quest to create boundary-blurring spaces that will bring together a new generation of bold change-makers to connect, stay, work, play and love.","og_url":"https:\/\/stayhaws.com\/de\/lissabon\/lokale-helden\/weinbars\/","og_site_name":"Haws Lifestyle Hospitality","article_modified_time":"2026-02-15T11:46:55+00:00","og_image":[{"url":"https:\/\/stayhaws.com\/wp-content\/uploads\/elementor\/thumbs\/8-r9duhioif36dxc8r07my8uxw09y184sy9frnki2ptk.webp","type":"","width":"","height":""}],"twitter_card":"summary_large_image","twitter_misc":{"Gesch\u00e4tzte Lesezeit":"2\u00a0Minuten"},"schema":{"@context":"https:\/\/schema.org","@graph":[{"@type":"WebPage","@id":"https:\/\/stayhaws.com\/de\/lissabon\/lokale-helden\/weinbars\/","url":"https:\/\/stayhaws.com\/de\/lissabon\/lokale-helden\/weinbars\/","name":"Wherever life takes you, stay like home - Haws Lifestyle Hospitality","isPartOf":{"@id":"https:\/\/stayhaws.com\/de\/#website"},"primaryImageOfPage":{"@id":"https:\/\/stayhaws.com\/de\/lissabon\/lokale-helden\/weinbars\/#primaryimage"},"image":{"@id":"https:\/\/stayhaws.com\/de\/lissabon\/lokale-helden\/weinbars\/#primaryimage"},"thumbnailUrl":"https:\/\/stayhaws.com\/wp-content\/uploads\/elementor\/thumbs\/8-r9duhioif36dxc8r07my8uxw09y184sy9frnki2ptk.webp","datePublished":"2025-07-27T15:49:15+00:00","dateModified":"2026-02-15T11:46:55+00:00","description":"Haws is much more than a place to stay. We are on a quest to create boundary-blurring spaces that will bring together a new generation of bold change-makers to connect, stay, work, play and love.","breadcrumb":{"@id":"https:\/\/stayhaws.com\/de\/lissabon\/lokale-helden\/weinbars\/#breadcrumb"},"inLanguage":"de","potentialAction":[{"@type":"ReadAction","target":["https:\/\/stayhaws.com\/de\/lissabon\/lokale-helden\/weinbars\/"]}]},{"@type":"ImageObject","inLanguage":"de","@id":"https:\/\/stayhaws.com\/de\/lissabon\/lokale-helden\/weinbars\/#primaryimage","url":"https:\/\/stayhaws.com\/wp-content\/uploads\/elementor\/thumbs\/8-r9duhioif36dxc8r07my8uxw09y184sy9frnki2ptk.webp","contentUrl":"https:\/\/stayhaws.com\/wp-content\/uploads\/elementor\/thumbs\/8-r9duhioif36dxc8r07my8uxw09y184sy9frnki2ptk.webp"},{"@type":"BreadcrumbList","@id":"https:\/\/stayhaws.com\/de\/lissabon\/lokale-helden\/weinbars\/#breadcrumb","itemListElement":[{"@type":"ListItem","position":1,"name":"Home","item":"https:\/\/stayhaws.com\/de\/"},{"@type":"ListItem","position":2,"name":"Lissabon","item":"https:\/\/stayhaws.com\/de\/lisboa\/"},{"@type":"ListItem","position":3,"name":"Lokale Helden","item":"https:\/\/stayhaws.com\/de\/lisboa\/lisboa-heroes\/"},{"@type":"ListItem","position":4,"name":"Weinbars"}]},{"@type":"WebSite","@id":"https:\/\/stayhaws.com\/de\/#website","url":"https:\/\/stayhaws.com\/de\/","name":"HAWS Lifestyle Hospitality","description":"Stay Like Home","publisher":{"@id":"https:\/\/stayhaws.com\/de\/#organization"},"potentialAction":[{"@type":"SearchAction","target":{"@type":"EntryPoint","urlTemplate":"https:\/\/stayhaws.com\/de\/?s={search_term_string}"},"query-input":{"@type":"PropertyValueSpecification","valueRequired":true,"valueName":"search_term_string"}}],"inLanguage":"de"},{"@type":"Organization","@id":"https:\/\/stayhaws.com\/de\/#organization","name":"HAWS Lifestyle Hospitality","url":"https:\/\/stayhaws.com\/de\/","logo":{"@type":"ImageObject","inLanguage":"de","@id":"https:\/\/stayhaws.com\/de\/#\/schema\/logo\/image\/","url":"https:\/\/stayhaws.com\/wp-content\/uploads\/2024\/09\/haws-logo-tagline-serif-blue.svg","contentUrl":"https:\/\/stayhaws.com\/wp-content\/uploads\/2024\/09\/haws-logo-tagline-serif-blue.svg","width":1,"height":1,"caption":"HAWS Lifestyle Hospitality"},"image":{"@id":"https:\/\/stayhaws.com\/de\/#\/schema\/logo\/image\/"}}]}},"featured_image_src":null,"featured_image_src_square":null,"_links":{"self":[{"href":"https:\/\/stayhaws.com\/de\/wp-json\/wp\/v2\/pages\/3863","targetHints":{"allow":["GET"]}}],"collection":[{"href":"https:\/\/stayhaws.com\/de\/wp-json\/wp\/v2\/pages"}],"about":[{"href":"https:\/\/stayhaws.com\/de\/wp-json\/wp\/v2\/types\/page"}],"author":[{"embeddable":true,"href":"https:\/\/stayhaws.com\/de\/wp-json\/wp\/v2\/users\/2"}],"replies":[{"embeddable":true,"href":"https:\/\/stayhaws.com\/de\/wp-json\/wp\/v2\/comments?post=3863"}],"version-history":[{"count":1,"href":"https:\/\/stayhaws.com\/de\/wp-json\/wp\/v2\/pages\/3863\/revisions"}],"predecessor-version":[{"id":4407,"href":"https:\/\/stayhaws.com\/de\/wp-json\/wp\/v2\/pages\/3863\/revisions\/4407"}],"up":[{"embeddable":true,"href":"https:\/\/stayhaws.com\/de\/wp-json\/wp\/v2\/pages\/3728"}],"wp:attachment":[{"href":"https:\/\/stayhaws.com\/de\/wp-json\/wp\/v2\/media?parent=3863"}],"curies":[{"name":"wp","href":"https:\/\/api.w.org\/{rel}","templated":true}]}}