{"id":3893,"date":"2024-12-11T13:34:28","date_gmt":"2024-12-11T12:34:28","guid":{"rendered":"https:\/\/stayhaws.com\/privacy-data\/"},"modified":"2026-02-14T20:57:49","modified_gmt":"2026-02-14T19:57:49","slug":"datenschutz","status":"publish","type":"page","link":"https:\/\/stayhaws.com\/de\/datenschutz\/","title":{"rendered":"Datenschutz"},"content":{"rendered":"\t\t<div data-elementor-type=\"wp-page\" data-elementor-id=\"3893\" class=\"elementor elementor-3893 elementor-550\" data-elementor-post-type=\"page\">\n\t\t\t\t<div class=\"elementor-element elementor-element-81871c8 e-flex e-con-boxed e-con e-parent\" data-id=\"81871c8\" data-element_type=\"container\" data-e-type=\"container\">\n\t\t\t\t\t<div class=\"e-con-inner\">\n\t\t\t\t<div class=\"elementor-element elementor-element-de038be elementor-widget elementor-widget-heading\" data-id=\"de038be\" data-element_type=\"widget\" data-e-type=\"widget\" data-widget_type=\"heading.default\">\n\t\t\t\t<div class=\"elementor-widget-container\">\n\t\t\t\t\t<h1 class=\"elementor-heading-title elementor-size-default\">Datenschutz<\/h1>\t\t\t\t<\/div>\n\t\t\t\t<\/div>\n\t\t\t\t<div class=\"elementor-element elementor-element-f858f23 elementor-widget elementor-widget-heading\" data-id=\"f858f23\" data-element_type=\"widget\" data-e-type=\"widget\" data-widget_type=\"heading.default\">\n\t\t\t\t<div class=\"elementor-widget-container\">\n\t\t\t\t\t<h3 class=\"elementor-heading-title elementor-size-default\">Einleitung<\/h3>\t\t\t\t<\/div>\n\t\t\t\t<\/div>\n\t\t\t\t<div class=\"elementor-element elementor-element-4292d93 elementor-widget elementor-widget-text-editor\" data-id=\"4292d93\" data-element_type=\"widget\" data-e-type=\"widget\" data-widget_type=\"text-editor.default\">\n\t\t\t\t<div class=\"elementor-widget-container\">\n\t\t\t\t\t\t\t\t\t<p><span style=\"font-weight: 400;\">Hier bei Haws m\u00f6chten wir sicherstellen, dass Ihre Erfahrung mit uns Lust auf mehr macht! Wir m\u00f6chten und m\u00fcssen so klar und transparent wie m\u00f6glich dar\u00fcber sein, wie wir mit Ihren personenbezogenen Daten umgehen.<\/span><\/p><p><span style=\"font-weight: 400;\">Einige rechtliche Hinweise zu Haws Lifestyle Hospitality:<\/span><\/p><ul><li style=\"font-weight: 400;\" aria-level=\"1\"><span style=\"font-weight: 400;\">Jedes unserer Haws Hotels und Residenzen hat sein eigenes Unternehmen. Der t\u00e4gliche Betrieb unserer Hotels und dieser Website wird jedoch von Hub4Lisbon Unipessoal Lda., NIPC: 517198444, Rua Maria n\u00ba25, 1170-014 Lisboa verwaltet.<\/span><\/li><\/ul><ul><li style=\"font-weight: 400;\" aria-level=\"1\"><span style=\"font-weight: 400;\">Wenn Sie uns pers\u00f6nlich besuchen oder unsere Hotels und Residenzen direkt anrufen, ist das jeweilige Haws-Unternehmen f\u00fcr die Verarbeitung Ihrer personenbezogenen Daten verantwortlich.<\/span><\/li><li style=\"font-weight: 400;\" aria-level=\"1\"><span style=\"font-weight: 400;\">Wenn Sie online mit uns interagieren, ist <\/span><span style=\"font-weight: 400;\">Haws Lifestyle Hospitality<\/span><span style=\"font-weight: 400;\"><span style=\"font-weight: 400;\"> f\u00fcr die Verarbeitung Ihrer personenbezogenen Daten verantwortlich und kann Ihre Daten bei Bedarf an das entsprechende Haws-Unternehmen weitergeben, um Ihre Buchung abzuschlie\u00dfen oder Ihre Anfrage zu beantworten.<\/span><\/span><\/li><\/ul><p><span style=\"font-weight: 400;\">Wir verstehen, dass dies kompliziert ist. Wenn Sie eine schnelle und einfache Antwort darauf suchen, wer in einem bestimmten Szenario der Datenverantwortliche ist, kontaktieren Sie uns bitte unter <\/span><a href=\"mailto:data@stayhaws.com\"><span style=\"font-weight: 400;\">data@stayhaws.com<\/span><\/a><span style=\"font-weight: 400;\"> und wir melden uns umgehend bei Ihnen.<\/span><\/p><p><span style=\"font-weight: 400;\">Diese Datenschutzerkl\u00e4rung beschreibt, wie Haws Lifestyle Accommodation, im Besitz und betrieben von Hub4Lisbon Unipessoal Lda., personenbezogene Daten erhebt, verwendet und sch\u00fctzt, die Sie uns bei der Nutzung unserer Dienste zur Verf\u00fcgung stellen. Wir verpflichten uns, den Schutz Ihrer Privatsph\u00e4re zu gew\u00e4hrleisten. Sollten wir Sie bitten, bestimmte Informationen bereitzustellen, anhand derer Sie bei der Nutzung unserer Dienste identifiziert werden k\u00f6nnen, k\u00f6nnen Sie sicher sein, dass diese nur in \u00dcbereinstimmung mit dieser Datenschutzerkl\u00e4rung verwendet werden.<\/span><\/p><p> <\/p>\t\t\t\t\t\t\t\t<\/div>\n\t\t\t\t<\/div>\n\t\t\t\t<div class=\"elementor-element elementor-element-f3884d9 elementor-widget elementor-widget-heading\" data-id=\"f3884d9\" data-element_type=\"widget\" data-e-type=\"widget\" data-widget_type=\"heading.default\">\n\t\t\t\t<div class=\"elementor-widget-container\">\n\t\t\t\t\t<h3 class=\"elementor-heading-title elementor-size-default\">Welche Informationen wir erheben<\/h3>\t\t\t\t<\/div>\n\t\t\t\t<\/div>\n\t\t\t\t<div class=\"elementor-element elementor-element-8ee0374 elementor-widget elementor-widget-text-editor\" data-id=\"8ee0374\" data-element_type=\"widget\" data-e-type=\"widget\" data-widget_type=\"text-editor.default\">\n\t\t\t\t<div class=\"elementor-widget-container\">\n\t\t\t\t\t\t\t\t\t<p><span style=\"font-weight: 400;\">Wir k\u00f6nnen die folgenden Informationen von Ihnen erheben, wenn Sie unsere Dienste nutzen:<\/span><\/p><ul><li style=\"font-weight: 400;\" aria-level=\"1\"><span style=\"font-weight: 400;\">Ihren Namen, Kontaktdaten und andere pers\u00f6nliche Angaben<\/span><\/li><li style=\"font-weight: 400;\" aria-level=\"1\"><span style=\"font-weight: 400;\">Ihre Kreditkarten- oder sonstigen Zahlungsinformationen<\/span><\/li><li style=\"font-weight: 400;\" aria-level=\"1\"><span style=\"font-weight: 400;\">Ihre Aufenthalts- und Buchungsinformationen, einschlie\u00dflich Aufenthaltsdaten, Zimmerpr\u00e4ferenzen, Ausweis- oder Reisepassdaten sowie besondere W\u00fcnsche oder Anmerkungen<\/span><\/li><li style=\"font-weight: 400;\" aria-level=\"1\"><span style=\"font-weight: 400;\">Ihre Nutzung unserer Website oder mobilen Anwendung, einschlie\u00dflich Informationen \u00fcber Ihren Browser, Ihre IP-Adresse und Ihr Surfverhalten<\/span><\/li><li style=\"font-weight: 400;\" aria-level=\"1\"><span style=\"font-weight: 400;\"><span style=\"font-weight: 400;\">Alle weiteren Informationen, die Sie uns freiwillig zur Verf\u00fcgung stellen<\/span><\/span><\/li><\/ul><p> <\/p>\t\t\t\t\t\t\t\t<\/div>\n\t\t\t\t<\/div>\n\t\t\t\t<div class=\"elementor-element elementor-element-2b6777b elementor-widget elementor-widget-heading\" data-id=\"2b6777b\" data-element_type=\"widget\" data-e-type=\"widget\" data-widget_type=\"heading.default\">\n\t\t\t\t<div class=\"elementor-widget-container\">\n\t\t\t\t\t<h3 class=\"elementor-heading-title elementor-size-default\">Wie wir die Informationen verwenden<\/h3>\t\t\t\t<\/div>\n\t\t\t\t<\/div>\n\t\t\t\t<div class=\"elementor-element elementor-element-c0d1563 elementor-widget elementor-widget-text-editor\" data-id=\"c0d1563\" data-element_type=\"widget\" data-e-type=\"widget\" data-widget_type=\"text-editor.default\">\n\t\t\t\t<div class=\"elementor-widget-container\">\n\t\t\t\t\t\t\t\t\t<p><span style=\"font-weight: 400;\">Wir k\u00f6nnen die von uns erhobenen Informationen f\u00fcr folgende Zwecke verwenden:<\/span><\/p><ul><li style=\"font-weight: 400;\" aria-level=\"1\"><span style=\"font-weight: 400;\">Zur Bearbeitung Ihrer Buchung und Zahlung sowie zur Kommunikation mit Ihnen bez\u00fcglich Ihres Aufenthalts<\/span><\/li><li style=\"font-weight: 400;\" aria-level=\"1\"><span style=\"font-weight: 400;\">Zur Verbesserung unserer Dienste und Personalisierung Ihrer Erfahrung<\/span><\/li><li style=\"font-weight: 400;\" aria-level=\"1\"><span style=\"font-weight: 400;\">Um Ihnen Werbe-E-Mails und\/oder andere Kommunikationsmittel wie WhatsApp oder SMS \u00fcber Sonderangebote, Veranstaltungen oder andere Informationen zu senden, die f\u00fcr Sie von Interesse sein k\u00f6nnten<\/span><\/li><li style=\"font-weight: 400;\" aria-level=\"1\"><span style=\"font-weight: 400;\">Zur Einhaltung gesetzlicher und regulatorischer Verpflichtungen<\/span><\/li><li style=\"font-weight: 400;\" aria-level=\"1\"><span style=\"font-weight: 400;\"><span style=\"font-weight: 400;\">Zur Betrugsverh\u00fctung und zum Schutz der Sicherheit unserer G\u00e4ste und Mitarbeiter<\/span><\/span><\/li><\/ul><p> <\/p>\t\t\t\t\t\t\t\t<\/div>\n\t\t\t\t<\/div>\n\t\t\t\t<div class=\"elementor-element elementor-element-057a834 elementor-widget elementor-widget-heading\" data-id=\"057a834\" data-element_type=\"widget\" data-e-type=\"widget\" data-widget_type=\"heading.default\">\n\t\t\t\t<div class=\"elementor-widget-container\">\n\t\t\t\t\t<h3 class=\"elementor-heading-title elementor-size-default\">Wie wir Ihre Informationen sch\u00fctzen<\/h3>\t\t\t\t<\/div>\n\t\t\t\t<\/div>\n\t\t\t\t<div class=\"elementor-element elementor-element-8a67d99 elementor-widget elementor-widget-text-editor\" data-id=\"8a67d99\" data-element_type=\"widget\" data-e-type=\"widget\" data-widget_type=\"text-editor.default\">\n\t\t\t\t<div class=\"elementor-widget-container\">\n\t\t\t\t\t\t\t\t\t<p><span style=\"font-weight: 400;\">Wir verpflichten uns, die Sicherheit Ihrer Daten zu gew\u00e4hrleisten. Um unbefugten Zugriff oder unbefugte Offenlegung zu verhindern, haben wir geeignete physische, elektronische und organisatorische Verfahren eingef\u00fchrt, um die von uns erhobenen Informationen zu sch\u00fctzen und zu sichern.<\/span><\/p><p> <\/p>\t\t\t\t\t\t\t\t<\/div>\n\t\t\t\t<\/div>\n\t\t\t\t<div class=\"elementor-element elementor-element-0be43b3 elementor-widget elementor-widget-heading\" data-id=\"0be43b3\" data-element_type=\"widget\" data-e-type=\"widget\" data-widget_type=\"heading.default\">\n\t\t\t\t<div class=\"elementor-widget-container\">\n\t\t\t\t\t<h3 class=\"elementor-heading-title elementor-size-default\">Wie wir Ihre Informationen weitergeben<\/h3>\t\t\t\t<\/div>\n\t\t\t\t<\/div>\n\t\t\t\t<div class=\"elementor-element elementor-element-8a31c24 elementor-widget elementor-widget-text-editor\" data-id=\"8a31c24\" data-element_type=\"widget\" data-e-type=\"widget\" data-widget_type=\"text-editor.default\">\n\t\t\t\t<div class=\"elementor-widget-container\">\n\t\t\t\t\t\t\t\t\t<p><span style=\"font-weight: 400;\">Wir k\u00f6nnen Ihre Informationen an Dritte weitergeben, darunter:<\/span><\/p><ul><li style=\"font-weight: 400;\" aria-level=\"1\"><span style=\"font-weight: 400;\">Unsere Dienstleister, wie Zahlungsabwickler und IT-Support-Anbieter, die uns bei der Erbringung unserer Dienste unterst\u00fctzen<\/span><\/li><li style=\"font-weight: 400;\" aria-level=\"1\"><span style=\"font-weight: 400;\">Unsere Gesch\u00e4ftspartner, wie Reiseb\u00fcros und Reiseveranstalter, die uns bei der Bewerbung unserer Dienste unterst\u00fctzen<\/span><\/li><li style=\"font-weight: 400;\" aria-level=\"1\"><span style=\"font-weight: 400;\"><span style=\"font-weight: 400;\">Strafverfolgungsbeh\u00f6rden oder Regierungsbeh\u00f6rden, wenn dies gesetzlich vorgeschrieben ist oder zum Schutz unseres Eigentums, unserer Mitarbeiter oder G\u00e4ste erforderlich ist<\/span><\/span><\/li><\/ul><p><span style=\"font-weight: 400;\">Wir geben Ihre Informationen nur dann an diese Dritten weiter, wenn dies erforderlich ist, und nur nachdem wir sichergestellt haben, dass diese \u00fcber angemessene Ma\u00dfnahmen zum Schutz Ihrer Privatsph\u00e4re verf\u00fcgen.<\/span><\/p><p> <\/p>\t\t\t\t\t\t\t\t<\/div>\n\t\t\t\t<\/div>\n\t\t\t\t<div class=\"elementor-element elementor-element-09b42e0 elementor-widget elementor-widget-heading\" data-id=\"09b42e0\" data-element_type=\"widget\" data-e-type=\"widget\" data-widget_type=\"heading.default\">\n\t\t\t\t<div class=\"elementor-widget-container\">\n\t\t\t\t\t<h3 class=\"elementor-heading-title elementor-size-default\">Ihre Rechte und Wahlm\u00f6glichkeiten<\/h3>\t\t\t\t<\/div>\n\t\t\t\t<\/div>\n\t\t\t\t<div class=\"elementor-element elementor-element-18a33b5 elementor-widget elementor-widget-text-editor\" data-id=\"18a33b5\" data-element_type=\"widget\" data-e-type=\"widget\" data-widget_type=\"text-editor.default\">\n\t\t\t\t<div class=\"elementor-widget-container\">\n\t\t\t\t\t\t\t\t\t<p><span style=\"font-weight: 400;\">Sie haben das Recht:<\/span><\/p><ul><li style=\"font-weight: 400;\" aria-level=\"1\"><span style=\"font-weight: 400;\">Auf die Informationen zuzugreifen, die wir \u00fcber Sie gespeichert haben, und Unrichtigkeiten zu korrigieren<\/span><\/li><li style=\"font-weight: 400;\" aria-level=\"1\"><span style=\"font-weight: 400;\">Der Verarbeitung Ihrer Informationen zu widersprechen<\/span><\/li><li style=\"font-weight: 400;\" aria-level=\"1\"><span style=\"font-weight: 400;\">Die L\u00f6schung Ihrer Informationen zu verlangen<\/span><\/li><li style=\"font-weight: 400;\" aria-level=\"1\"><span style=\"font-weight: 400;\">Die Einschr\u00e4nkung der Verarbeitung Ihrer Informationen zu verlangen<\/span><\/li><li style=\"font-weight: 400;\" aria-level=\"1\"><span style=\"font-weight: 400;\">Ihre Einwilligung zur Verarbeitung Ihrer Informationen zu widerrufen<\/span><\/li><li style=\"font-weight: 400;\" aria-level=\"1\"><span style=\"font-weight: 400;\">Sie k\u00f6nnen diese Rechte aus\u00fcben, indem Sie uns \u00fcber die unten angegebenen Kontaktdaten erreichen.<\/span><\/li><li style=\"font-weight: 400;\" aria-level=\"1\"><span style=\"font-weight: 400;\">Cookies und Tracking-Technologien<\/span><\/li><li style=\"font-weight: 400;\" aria-level=\"1\"><span style=\"font-weight: 400;\"><span style=\"font-weight: 400;\">Wir verwenden Cookies und andere Tracking-Technologien, um Ihre Erfahrung auf unserer Website zu verbessern und unsere Kommunikation mit Ihnen zu personalisieren. Sie k\u00f6nnen die Verwendung von Cookies \u00fcber Ihre Browsereinstellungen steuern.<\/span><\/span><\/li><\/ul><p> <\/p>\t\t\t\t\t\t\t\t<\/div>\n\t\t\t\t<\/div>\n\t\t\t\t<div class=\"elementor-element elementor-element-5829a86 elementor-widget elementor-widget-heading\" data-id=\"5829a86\" data-element_type=\"widget\" data-e-type=\"widget\" data-widget_type=\"heading.default\">\n\t\t\t\t<div class=\"elementor-widget-container\">\n\t\t\t\t\t<h3 class=\"elementor-heading-title elementor-size-default\">\u00c4nderungen dieser Richtlinie<\/h3>\t\t\t\t<\/div>\n\t\t\t\t<\/div>\n\t\t\t\t<div class=\"elementor-element elementor-element-e01d456 elementor-widget elementor-widget-text-editor\" data-id=\"e01d456\" data-element_type=\"widget\" data-e-type=\"widget\" data-widget_type=\"text-editor.default\">\n\t\t\t\t<div class=\"elementor-widget-container\">\n\t\t\t\t\t\t\t\t\t<p><span style=\"font-weight: 400;\">Wir k\u00f6nnen diese Datenschutzerkl\u00e4rung von Zeit zu Zeit aktualisieren, indem wir eine neue Version auf unserer Website ver\u00f6ffentlichen. Sie sollten diese Seite gelegentlich \u00fcberpr\u00fcfen, um sicherzustellen, dass Sie mit etwaigen \u00c4nderungen einverstanden sind.<\/span><\/p><p> <\/p>\t\t\t\t\t\t\t\t<\/div>\n\t\t\t\t<\/div>\n\t\t\t\t<div class=\"elementor-element elementor-element-1524ada elementor-widget elementor-widget-heading\" data-id=\"1524ada\" data-element_type=\"widget\" data-e-type=\"widget\" data-widget_type=\"heading.default\">\n\t\t\t\t<div class=\"elementor-widget-container\">\n\t\t\t\t\t<h3 class=\"elementor-heading-title elementor-size-default\">Kontakt<\/h3>\t\t\t\t<\/div>\n\t\t\t\t<\/div>\n\t\t\t\t<div class=\"elementor-element elementor-element-15c7b17 elementor-widget elementor-widget-text-editor\" data-id=\"15c7b17\" data-element_type=\"widget\" data-e-type=\"widget\" data-widget_type=\"text-editor.default\">\n\t\t\t\t<div class=\"elementor-widget-container\">\n\t\t\t\t\t\t\t\t\t<p><span style=\"font-weight: 400;\">Wenn Sie Fragen oder Bedenken zu dieser Datenschutzerkl\u00e4rung oder unserer Verwendung Ihrer Informationen haben, kontaktieren Sie uns bitte unter <\/span><a href=\"mailto:data@stayhaws.com\"><span style=\"font-weight: 400;\">data@stayhaws.com<\/span><\/a><span style=\"font-weight: 400;\">.<\/span><\/p>\t\t\t\t\t\t\t\t<\/div>\n\t\t\t\t<\/div>\n\t\t\t\t\t<\/div>\n\t\t\t\t<\/div>\n\t\t\t\t<\/div>\n\t\t","protected":false},"excerpt":{"rendered":"<p>Einleitung Hier bei Haws m\u00f6chten wir sicherstellen, dass Ihre Erfahrung mit uns Lust auf mehr macht! Wir m\u00f6chten und m\u00fcssen so klar und transparent wie m\u00f6glich dar\u00fcber sein, wie wir mit Ihren personenbezogenen Daten umgehen. Einige rechtliche Hinweise zu Haws Lifestyle Hospitality: Jedes unserer Haws Hotels und Residenzen hat sein eigenes Unternehmen. Der t\u00e4gliche Betrieb [&hellip;]<\/p>\n","protected":false},"author":1,"featured_media":0,"parent":0,"menu_order":0,"comment_status":"closed","ping_status":"closed","template":"","meta":{"footnotes":""},"class_list":["post-3893","page","type-page","status-publish","hentry"],"acf":[],"yoast_head":"<!-- This site is optimized with the Yoast SEO plugin v26.9 - https:\/\/yoast.com\/product\/yoast-seo-wordpress\/ -->\n<title>Datenschutz - Haws Lifestyle Hospitality<\/title>\n<meta name=\"robots\" content=\"index, follow, max-snippet:-1, max-image-preview:large, max-video-preview:-1\" \/>\n<link rel=\"canonical\" href=\"https:\/\/stayhaws.com\/de\/datenschutz\/\" \/>\n<meta property=\"og:locale\" content=\"de_DE\" \/>\n<meta property=\"og:type\" content=\"article\" \/>\n<meta property=\"og:title\" content=\"Datenschutz - Haws Lifestyle Hospitality\" \/>\n<meta property=\"og:description\" content=\"Einleitung Hier bei Haws m\u00f6chten wir sicherstellen, dass Ihre Erfahrung mit uns Lust auf mehr macht! Wir m\u00f6chten und m\u00fcssen so klar und transparent wie m\u00f6glich dar\u00fcber sein, wie wir mit Ihren personenbezogenen Daten umgehen. Einige rechtliche Hinweise zu Haws Lifestyle Hospitality: Jedes unserer Haws Hotels und Residenzen hat sein eigenes Unternehmen. Der t\u00e4gliche Betrieb [&hellip;]\" \/>\n<meta property=\"og:url\" content=\"https:\/\/stayhaws.com\/de\/datenschutz\/\" \/>\n<meta property=\"og:site_name\" content=\"Haws Lifestyle Hospitality\" \/>\n<meta property=\"article:modified_time\" content=\"2026-02-14T19:57:49+00:00\" \/>\n<meta name=\"twitter:card\" content=\"summary_large_image\" \/>\n<meta name=\"twitter:label1\" content=\"Gesch\u00e4tzte Lesezeit\" \/>\n\t<meta name=\"twitter:data1\" content=\"4\u00a0Minuten\" \/>\n<script type=\"application\/ld+json\" class=\"yoast-schema-graph\">{\"@context\":\"https:\/\/schema.org\",\"@graph\":[{\"@type\":\"WebPage\",\"@id\":\"https:\/\/stayhaws.com\/de\/datenschutz\/\",\"url\":\"https:\/\/stayhaws.com\/de\/datenschutz\/\",\"name\":\"Datenschutz - Haws Lifestyle Hospitality\",\"isPartOf\":{\"@id\":\"https:\/\/stayhaws.com\/de\/#website\"},\"datePublished\":\"2024-12-11T12:34:28+00:00\",\"dateModified\":\"2026-02-14T19:57:49+00:00\",\"breadcrumb\":{\"@id\":\"https:\/\/stayhaws.com\/de\/datenschutz\/#breadcrumb\"},\"inLanguage\":\"de\",\"potentialAction\":[{\"@type\":\"ReadAction\",\"target\":[\"https:\/\/stayhaws.com\/de\/datenschutz\/\"]}]},{\"@type\":\"BreadcrumbList\",\"@id\":\"https:\/\/stayhaws.com\/de\/datenschutz\/#breadcrumb\",\"itemListElement\":[{\"@type\":\"ListItem\",\"position\":1,\"name\":\"Home\",\"item\":\"https:\/\/stayhaws.com\/de\/\"},{\"@type\":\"ListItem\",\"position\":2,\"name\":\"Datenschutz\"}]},{\"@type\":\"WebSite\",\"@id\":\"https:\/\/stayhaws.com\/de\/#website\",\"url\":\"https:\/\/stayhaws.com\/de\/\",\"name\":\"HAWS Lifestyle Hospitality\",\"description\":\"Stay Like Home\",\"publisher\":{\"@id\":\"https:\/\/stayhaws.com\/de\/#organization\"},\"potentialAction\":[{\"@type\":\"SearchAction\",\"target\":{\"@type\":\"EntryPoint\",\"urlTemplate\":\"https:\/\/stayhaws.com\/de\/?s={search_term_string}\"},\"query-input\":{\"@type\":\"PropertyValueSpecification\",\"valueRequired\":true,\"valueName\":\"search_term_string\"}}],\"inLanguage\":\"de\"},{\"@type\":\"Organization\",\"@id\":\"https:\/\/stayhaws.com\/de\/#organization\",\"name\":\"HAWS Lifestyle Hospitality\",\"url\":\"https:\/\/stayhaws.com\/de\/\",\"logo\":{\"@type\":\"ImageObject\",\"inLanguage\":\"de\",\"@id\":\"https:\/\/stayhaws.com\/de\/#\/schema\/logo\/image\/\",\"url\":\"https:\/\/stayhaws.com\/wp-content\/uploads\/2024\/09\/haws-logo-tagline-serif-blue.svg\",\"contentUrl\":\"https:\/\/stayhaws.com\/wp-content\/uploads\/2024\/09\/haws-logo-tagline-serif-blue.svg\",\"width\":1,\"height\":1,\"caption\":\"HAWS Lifestyle Hospitality\"},\"image\":{\"@id\":\"https:\/\/stayhaws.com\/de\/#\/schema\/logo\/image\/\"}}]}<\/script>\n<!-- \/ Yoast SEO plugin. -->","yoast_head_json":{"title":"Datenschutz - Haws Lifestyle Hospitality","robots":{"index":"index","follow":"follow","max-snippet":"max-snippet:-1","max-image-preview":"max-image-preview:large","max-video-preview":"max-video-preview:-1"},"canonical":"https:\/\/stayhaws.com\/de\/datenschutz\/","og_locale":"de_DE","og_type":"article","og_title":"Datenschutz - Haws Lifestyle Hospitality","og_description":"Einleitung Hier bei Haws m\u00f6chten wir sicherstellen, dass Ihre Erfahrung mit uns Lust auf mehr macht! Wir m\u00f6chten und m\u00fcssen so klar und transparent wie m\u00f6glich dar\u00fcber sein, wie wir mit Ihren personenbezogenen Daten umgehen. Einige rechtliche Hinweise zu Haws Lifestyle Hospitality: Jedes unserer Haws Hotels und Residenzen hat sein eigenes Unternehmen. Der t\u00e4gliche Betrieb [&hellip;]","og_url":"https:\/\/stayhaws.com\/de\/datenschutz\/","og_site_name":"Haws Lifestyle Hospitality","article_modified_time":"2026-02-14T19:57:49+00:00","twitter_card":"summary_large_image","twitter_misc":{"Gesch\u00e4tzte Lesezeit":"4\u00a0Minuten"},"schema":{"@context":"https:\/\/schema.org","@graph":[{"@type":"WebPage","@id":"https:\/\/stayhaws.com\/de\/datenschutz\/","url":"https:\/\/stayhaws.com\/de\/datenschutz\/","name":"Datenschutz - Haws Lifestyle Hospitality","isPartOf":{"@id":"https:\/\/stayhaws.com\/de\/#website"},"datePublished":"2024-12-11T12:34:28+00:00","dateModified":"2026-02-14T19:57:49+00:00","breadcrumb":{"@id":"https:\/\/stayhaws.com\/de\/datenschutz\/#breadcrumb"},"inLanguage":"de","potentialAction":[{"@type":"ReadAction","target":["https:\/\/stayhaws.com\/de\/datenschutz\/"]}]},{"@type":"BreadcrumbList","@id":"https:\/\/stayhaws.com\/de\/datenschutz\/#breadcrumb","itemListElement":[{"@type":"ListItem","position":1,"name":"Home","item":"https:\/\/stayhaws.com\/de\/"},{"@type":"ListItem","position":2,"name":"Datenschutz"}]},{"@type":"WebSite","@id":"https:\/\/stayhaws.com\/de\/#website","url":"https:\/\/stayhaws.com\/de\/","name":"HAWS Lifestyle Hospitality","description":"Stay Like Home","publisher":{"@id":"https:\/\/stayhaws.com\/de\/#organization"},"potentialAction":[{"@type":"SearchAction","target":{"@type":"EntryPoint","urlTemplate":"https:\/\/stayhaws.com\/de\/?s={search_term_string}"},"query-input":{"@type":"PropertyValueSpecification","valueRequired":true,"valueName":"search_term_string"}}],"inLanguage":"de"},{"@type":"Organization","@id":"https:\/\/stayhaws.com\/de\/#organization","name":"HAWS Lifestyle Hospitality","url":"https:\/\/stayhaws.com\/de\/","logo":{"@type":"ImageObject","inLanguage":"de","@id":"https:\/\/stayhaws.com\/de\/#\/schema\/logo\/image\/","url":"https:\/\/stayhaws.com\/wp-content\/uploads\/2024\/09\/haws-logo-tagline-serif-blue.svg","contentUrl":"https:\/\/stayhaws.com\/wp-content\/uploads\/2024\/09\/haws-logo-tagline-serif-blue.svg","width":1,"height":1,"caption":"HAWS Lifestyle Hospitality"},"image":{"@id":"https:\/\/stayhaws.com\/de\/#\/schema\/logo\/image\/"}}]}},"featured_image_src":null,"featured_image_src_square":null,"_links":{"self":[{"href":"https:\/\/stayhaws.com\/de\/wp-json\/wp\/v2\/pages\/3893","targetHints":{"allow":["GET"]}}],"collection":[{"href":"https:\/\/stayhaws.com\/de\/wp-json\/wp\/v2\/pages"}],"about":[{"href":"https:\/\/stayhaws.com\/de\/wp-json\/wp\/v2\/types\/page"}],"author":[{"embeddable":true,"href":"https:\/\/stayhaws.com\/de\/wp-json\/wp\/v2\/users\/1"}],"replies":[{"embeddable":true,"href":"https:\/\/stayhaws.com\/de\/wp-json\/wp\/v2\/comments?post=3893"}],"version-history":[{"count":4,"href":"https:\/\/stayhaws.com\/de\/wp-json\/wp\/v2\/pages\/3893\/revisions"}],"predecessor-version":[{"id":5425,"href":"https:\/\/stayhaws.com\/de\/wp-json\/wp\/v2\/pages\/3893\/revisions\/5425"}],"wp:attachment":[{"href":"https:\/\/stayhaws.com\/de\/wp-json\/wp\/v2\/media?parent=3893"}],"curies":[{"name":"wp","href":"https:\/\/api.w.org\/{rel}","templated":true}]}}