{"id":3808,"date":"2025-10-13T12:07:24","date_gmt":"2025-10-13T11:07:24","guid":{"rendered":"https:\/\/stayhaws.com\/about-us\/"},"modified":"2026-02-14T15:49:58","modified_gmt":"2026-02-14T14:49:58","slug":"sobre-nosotros","status":"publish","type":"page","link":"https:\/\/stayhaws.com\/es\/sobre-nosotros\/","title":{"rendered":"Sobre Nosotros"},"content":{"rendered":"\t\t<div data-elementor-type=\"wp-page\" data-elementor-id=\"3808\" class=\"elementor elementor-3808 elementor-2127\" data-elementor-post-type=\"page\">\n\t\t\t\t<div class=\"elementor-element elementor-element-b669c4d e-flex e-con-boxed e-con e-parent\" data-id=\"b669c4d\" data-element_type=\"container\" data-e-type=\"container\" data-settings=\"{&quot;background_background&quot;:&quot;classic&quot;}\">\n\t\t\t\t\t<div class=\"e-con-inner\">\n\t\t<div class=\"elementor-element elementor-element-100184f e-con-full e-flex e-con e-child\" data-id=\"100184f\" data-element_type=\"container\" data-e-type=\"container\">\n\t\t\t\t<div class=\"elementor-element elementor-element-67af778 animated-slow elementor-invisible elementor-widget elementor-widget-heading\" data-id=\"67af778\" data-element_type=\"widget\" data-e-type=\"widget\" data-settings=\"{&quot;_animation&quot;:&quot;fadeInDown&quot;}\" data-widget_type=\"heading.default\">\n\t\t\t\t<div class=\"elementor-widget-container\">\n\t\t\t\t\t<h1 class=\"elementor-heading-title elementor-size-default\">Sobre Nosotros<\/h1>\t\t\t\t<\/div>\n\t\t\t\t<\/div>\n\t\t\t\t<\/div>\n\t\t\t\t\t<\/div>\n\t\t\t\t<\/div>\n\t\t<div class=\"elementor-element elementor-element-f6f7cb3 e-flex e-con-boxed e-con e-parent\" data-id=\"f6f7cb3\" data-element_type=\"container\" data-e-type=\"container\">\n\t\t\t\t\t<div class=\"e-con-inner\">\n\t\t\t\t<div class=\"elementor-element elementor-element-8de7b75 elementor-widget__width-inherit elementor-widget elementor-widget-heading\" data-id=\"8de7b75\" data-element_type=\"widget\" data-e-type=\"widget\" data-widget_type=\"heading.default\">\n\t\t\t\t<div class=\"elementor-widget-container\">\n\t\t\t\t\t<h4 class=\"elementor-heading-title elementor-size-default\">HAWS Lifestyle Hospitality<\/h4>\t\t\t\t<\/div>\n\t\t\t\t<\/div>\n\t\t\t\t<div class=\"elementor-element elementor-element-e34c273 elementor-widget__width-initial elementor-widget elementor-widget-heading\" data-id=\"e34c273\" data-element_type=\"widget\" data-e-type=\"widget\" data-widget_type=\"heading.default\">\n\t\t\t\t<div class=\"elementor-widget-container\">\n\t\t\t\t\t<h5 class=\"elementor-heading-title elementor-size-default\">Bienvenidos a HAWS \u2014 donde cada estancia combina la comodidad del hogar con el dise\u00f1o, el servicio y la flexibilidad que necesitan los viajeros modernos. Ya sea que est\u00e9s aqu\u00ed por trabajo, ocio o ambos, nuestro objetivo es hacer que tu experiencia sea fluida y enriquecedora.<\/h5>\t\t\t\t<\/div>\n\t\t\t\t<\/div>\n\t\t<div class=\"elementor-element elementor-element-4500ca9 e-con-full e-flex e-con e-child\" data-id=\"4500ca9\" data-element_type=\"container\" data-e-type=\"container\">\n\t\t<div class=\"elementor-element elementor-element-a3e50b0 e-con-full animated-slow e-flex elementor-invisible e-con e-child\" data-id=\"a3e50b0\" data-element_type=\"container\" data-e-type=\"container\" data-settings=\"{&quot;animation&quot;:&quot;fadeInLeft&quot;}\">\n\t\t\t\t<div class=\"elementor-element elementor-element-54a6ce3 elementor-widget elementor-widget-image\" data-id=\"54a6ce3\" data-element_type=\"widget\" data-e-type=\"widget\" data-widget_type=\"image.default\">\n\t\t\t\t<div class=\"elementor-widget-container\">\n\t\t\t\t\t\t\t\t\t\t\t\t\t\t\t<img fetchpriority=\"high\" decoding=\"async\" width=\"570\" height=\"668\" src=\"https:\/\/stayhaws.com\/wp-content\/uploads\/2025\/10\/Our-mission.webp\" class=\"attachment-full size-full wp-image-4125\" alt=\"\" srcset=\"https:\/\/stayhaws.com\/wp-content\/uploads\/2025\/10\/Our-mission.webp 570w, https:\/\/stayhaws.com\/wp-content\/uploads\/2025\/10\/Our-mission-256x300.webp 256w\" sizes=\"(max-width: 570px) 100vw, 570px\" \/>\t\t\t\t\t\t\t\t\t\t\t\t\t\t\t<\/div>\n\t\t\t\t<\/div>\n\t\t\t\t<div class=\"elementor-element elementor-element-78f603c elementor-widget__width-inherit elementor-widget elementor-widget-heading\" data-id=\"78f603c\" data-element_type=\"widget\" data-e-type=\"widget\" data-widget_type=\"heading.default\">\n\t\t\t\t<div class=\"elementor-widget-container\">\n\t\t\t\t\t<h4 class=\"elementor-heading-title elementor-size-default\">Nuestra Misi\u00f3n<\/h4>\t\t\t\t<\/div>\n\t\t\t\t<\/div>\n\t\t\t\t<div class=\"elementor-element elementor-element-fed22f3 elementor-widget__width-initial elementor-widget elementor-widget-heading\" data-id=\"fed22f3\" data-element_type=\"widget\" data-e-type=\"widget\" data-widget_type=\"heading.default\">\n\t\t\t\t<div class=\"elementor-widget-container\">\n\t\t\t\t\t<h5 class=\"elementor-heading-title elementor-size-default\">Redefinir la hospitalidad ofreciendo espacios elegantes y funcionales con comodidades listas para el trabajo, un servicio excepcional y car\u00e1cter local.<\/h5>\t\t\t\t<\/div>\n\t\t\t\t<\/div>\n\t\t\t\t<\/div>\n\t\t<div class=\"elementor-element elementor-element-e484f06 e-con-full animated-slow e-flex elementor-invisible e-con e-child\" data-id=\"e484f06\" data-element_type=\"container\" data-e-type=\"container\" data-settings=\"{&quot;animation&quot;:&quot;fadeInRight&quot;}\">\n\t\t\t\t<div class=\"elementor-element elementor-element-b735454 elementor-widget elementor-widget-image\" data-id=\"b735454\" data-element_type=\"widget\" data-e-type=\"widget\" data-widget_type=\"image.default\">\n\t\t\t\t<div class=\"elementor-widget-container\">\n\t\t\t\t\t\t\t\t\t\t\t\t\t\t\t<img decoding=\"async\" width=\"570\" height=\"668\" src=\"https:\/\/stayhaws.com\/wp-content\/uploads\/2025\/10\/Our-Story.webp\" class=\"attachment-full size-full wp-image-4124\" alt=\"\" srcset=\"https:\/\/stayhaws.com\/wp-content\/uploads\/2025\/10\/Our-Story.webp 570w, https:\/\/stayhaws.com\/wp-content\/uploads\/2025\/10\/Our-Story-256x300.webp 256w\" sizes=\"(max-width: 570px) 100vw, 570px\" \/>\t\t\t\t\t\t\t\t\t\t\t\t\t\t\t<\/div>\n\t\t\t\t<\/div>\n\t\t\t\t<div class=\"elementor-element elementor-element-6dff487 elementor-widget__width-inherit elementor-widget elementor-widget-heading\" data-id=\"6dff487\" data-element_type=\"widget\" data-e-type=\"widget\" data-widget_type=\"heading.default\">\n\t\t\t\t<div class=\"elementor-widget-container\">\n\t\t\t\t\t<h4 class=\"elementor-heading-title elementor-size-default\">Nuestra Historia<\/h4>\t\t\t\t<\/div>\n\t\t\t\t<\/div>\n\t\t\t\t<div class=\"elementor-element elementor-element-f0ae1a5 elementor-widget__width-initial elementor-widget elementor-widget-heading\" data-id=\"f0ae1a5\" data-element_type=\"widget\" data-e-type=\"widget\" data-widget_type=\"heading.default\">\n\t\t\t\t<div class=\"elementor-widget-container\">\n\t\t\t\t\t<h5 class=\"elementor-heading-title elementor-size-default\">HAWS naci\u00f3 de la creencia de que los viajeros de negocios no deber\u00edan elegir entre eficiencia y comodidad. Enraizados en el dise\u00f1o, el servicio y la conectividad, nos propusimos construir hogares lejos del hogar \u2014 con espacios que inspiran, descanso que rejuvenece y apoyo con el que puedes contar.<\/h5>\t\t\t\t<\/div>\n\t\t\t\t<\/div>\n\t\t\t\t<\/div>\n\t\t\t\t<\/div>\n\t\t\t\t\t<\/div>\n\t\t\t\t<\/div>\n\t\t<div class=\"elementor-element elementor-element-61beb5f e-flex e-con-boxed e-con e-parent\" data-id=\"61beb5f\" data-element_type=\"container\" data-e-type=\"container\" data-settings=\"{&quot;background_background&quot;:&quot;classic&quot;}\">\n\t\t\t\t\t<div class=\"e-con-inner\">\n\t\t\t\t<div class=\"elementor-element elementor-element-ff63de7 elementor-widget__width-inherit elementor-widget elementor-widget-heading\" data-id=\"ff63de7\" data-element_type=\"widget\" data-e-type=\"widget\" data-widget_type=\"heading.default\">\n\t\t\t\t<div class=\"elementor-widget-container\">\n\t\t\t\t\t<h4 class=\"elementor-heading-title elementor-size-default\">Qu\u00e9 Nos Diferencia<\/h4>\t\t\t\t<\/div>\n\t\t\t\t<\/div>\n\t\t<div class=\"elementor-element elementor-element-9f14226 e-con-full e-flex e-con e-child\" data-id=\"9f14226\" data-element_type=\"container\" data-e-type=\"container\">\n\t\t<div class=\"elementor-element elementor-element-a84c539 e-con-full animated-slow e-flex elementor-invisible e-con e-child\" data-id=\"a84c539\" data-element_type=\"container\" data-e-type=\"container\" data-settings=\"{&quot;animation&quot;:&quot;fadeInUp&quot;}\">\n\t\t\t\t<div class=\"elementor-element elementor-element-c0a6463 elementor-widget elementor-widget-image\" data-id=\"c0a6463\" data-element_type=\"widget\" data-e-type=\"widget\" data-widget_type=\"image.default\">\n\t\t\t\t<div class=\"elementor-widget-container\">\n\t\t\t\t\t\t\t\t\t\t\t\t\t\t\t<img decoding=\"async\" width=\"78\" height=\"78\" src=\"https:\/\/stayhaws.com\/wp-content\/uploads\/2025\/10\/Designed_accommodations.svg\" class=\"attachment-full size-full wp-image-4120\" alt=\"\" \/>\t\t\t\t\t\t\t\t\t\t\t\t\t\t\t<\/div>\n\t\t\t\t<\/div>\n\t\t\t\t<div class=\"elementor-element elementor-element-129cfb1 elementor-widget__width-inherit elementor-widget elementor-widget-heading\" data-id=\"129cfb1\" data-element_type=\"widget\" data-e-type=\"widget\" data-widget_type=\"heading.default\">\n\t\t\t\t<div class=\"elementor-widget-container\">\n\t\t\t\t\t<p class=\"elementor-heading-title elementor-size-default\">Alojamientos dise\u00f1ados con esmero<\/p>\t\t\t\t<\/div>\n\t\t\t\t<\/div>\n\t\t\t\t<div class=\"elementor-element elementor-element-4ac7573 elementor-widget__width-inherit elementor-widget elementor-widget-heading\" data-id=\"4ac7573\" data-element_type=\"widget\" data-e-type=\"widget\" data-widget_type=\"heading.default\">\n\t\t\t\t<div class=\"elementor-widget-container\">\n\t\t\t\t\t<p class=\"elementor-heading-title elementor-size-default\">Unidades tipo estudio, de dos y tres habitaciones, dise\u00f1adas para la comodidad y la productividad.<\/p>\t\t\t\t<\/div>\n\t\t\t\t<\/div>\n\t\t\t\t<\/div>\n\t\t<div class=\"elementor-element elementor-element-944c26f e-con-full animated-slow e-flex elementor-invisible e-con e-child\" data-id=\"944c26f\" data-element_type=\"container\" data-e-type=\"container\" data-settings=\"{&quot;animation&quot;:&quot;fadeInUp&quot;,&quot;animation_delay&quot;:300}\">\n\t\t\t\t<div class=\"elementor-element elementor-element-e98b533 elementor-widget elementor-widget-image\" data-id=\"e98b533\" data-element_type=\"widget\" data-e-type=\"widget\" data-widget_type=\"image.default\">\n\t\t\t\t<div class=\"elementor-widget-container\">\n\t\t\t\t\t\t\t\t\t\t\t\t\t\t\t<img loading=\"lazy\" decoding=\"async\" width=\"101\" height=\"76\" src=\"https:\/\/stayhaws.com\/wp-content\/uploads\/2025\/07\/Onsite-Working-Spaces.svg\" class=\"attachment-full size-full wp-image-4309\" alt=\"\" \/>\t\t\t\t\t\t\t\t\t\t\t\t\t\t\t<\/div>\n\t\t\t\t<\/div>\n\t\t\t\t<div class=\"elementor-element elementor-element-98fc25c elementor-widget__width-inherit elementor-widget elementor-widget-heading\" data-id=\"98fc25c\" data-element_type=\"widget\" data-e-type=\"widget\" data-widget_type=\"heading.default\">\n\t\t\t\t<div class=\"elementor-widget-container\">\n\t\t\t\t\t<p class=\"elementor-heading-title elementor-size-default\">Instalaciones de trabajo y reuniones en el sitio<\/p>\t\t\t\t<\/div>\n\t\t\t\t<\/div>\n\t\t\t\t<div class=\"elementor-element elementor-element-3b77169 elementor-widget__width-inherit elementor-widget elementor-widget-heading\" data-id=\"3b77169\" data-element_type=\"widget\" data-e-type=\"widget\" data-widget_type=\"heading.default\">\n\t\t\t\t<div class=\"elementor-widget-container\">\n\t\t\t\t\t<p class=\"elementor-heading-title elementor-size-default\">Adaptadas para el trabajo h\u00edbrido, estancias corporativas y colaboraciones.<\/p>\t\t\t\t<\/div>\n\t\t\t\t<\/div>\n\t\t\t\t<\/div>\n\t\t<div class=\"elementor-element elementor-element-bb4b2c3 e-con-full animated-slow e-flex elementor-invisible e-con e-child\" data-id=\"bb4b2c3\" data-element_type=\"container\" data-e-type=\"container\" data-settings=\"{&quot;animation&quot;:&quot;fadeInUp&quot;,&quot;animation_delay&quot;:600}\">\n\t\t\t\t<div class=\"elementor-element elementor-element-ed4e48f elementor-widget elementor-widget-image\" data-id=\"ed4e48f\" data-element_type=\"widget\" data-e-type=\"widget\" data-widget_type=\"image.default\">\n\t\t\t\t<div class=\"elementor-widget-container\">\n\t\t\t\t\t\t\t\t\t\t\t\t\t\t\t<img loading=\"lazy\" decoding=\"async\" width=\"64\" height=\"68\" src=\"https:\/\/stayhaws.com\/wp-content\/uploads\/2025\/07\/Flexible.svg\" class=\"attachment-full size-full wp-image-4306\" alt=\"\" \/>\t\t\t\t\t\t\t\t\t\t\t\t\t\t\t<\/div>\n\t\t\t\t<\/div>\n\t\t\t\t<div class=\"elementor-element elementor-element-2c7dacf elementor-widget__width-inherit elementor-widget elementor-widget-heading\" data-id=\"2c7dacf\" data-element_type=\"widget\" data-e-type=\"widget\" data-widget_type=\"heading.default\">\n\t\t\t\t<div class=\"elementor-widget-container\">\n\t\t\t\t\t<p class=\"elementor-heading-title elementor-size-default\">Estancias flexibles<\/p>\t\t\t\t<\/div>\n\t\t\t\t<\/div>\n\t\t\t\t<div class=\"elementor-element elementor-element-8144d08 elementor-widget__width-inherit elementor-widget elementor-widget-heading\" data-id=\"8144d08\" data-element_type=\"widget\" data-e-type=\"widget\" data-widget_type=\"heading.default\">\n\t\t\t\t<div class=\"elementor-widget-container\">\n\t\t\t\t\t<p class=\"elementor-heading-title elementor-size-default\">Desde una noche hasta varios meses.<\/p>\t\t\t\t<\/div>\n\t\t\t\t<\/div>\n\t\t\t\t<\/div>\n\t\t<div class=\"elementor-element elementor-element-e51802d e-con-full animated-slow e-flex elementor-invisible e-con e-child\" data-id=\"e51802d\" data-element_type=\"container\" data-e-type=\"container\" data-settings=\"{&quot;animation&quot;:&quot;fadeInUp&quot;,&quot;animation_delay&quot;:900}\">\n\t\t\t\t<div class=\"elementor-element elementor-element-c9d5c36 elementor-widget elementor-widget-image\" data-id=\"c9d5c36\" data-element_type=\"widget\" data-e-type=\"widget\" data-widget_type=\"image.default\">\n\t\t\t\t<div class=\"elementor-widget-container\">\n\t\t\t\t\t\t\t\t\t\t\t\t\t\t\t<img loading=\"lazy\" decoding=\"async\" width=\"97\" height=\"75\" src=\"https:\/\/stayhaws.com\/wp-content\/uploads\/2025\/10\/Local_touch.svg\" class=\"attachment-full size-full wp-image-4122\" alt=\"\" \/>\t\t\t\t\t\t\t\t\t\t\t\t\t\t\t<\/div>\n\t\t\t\t<\/div>\n\t\t\t\t<div class=\"elementor-element elementor-element-fa82a1a elementor-widget__width-inherit elementor-widget elementor-widget-heading\" data-id=\"fa82a1a\" data-element_type=\"widget\" data-e-type=\"widget\" data-widget_type=\"heading.default\">\n\t\t\t\t<div class=\"elementor-widget-container\">\n\t\t\t\t\t<p class=\"elementor-heading-title elementor-size-default\">Toque local<\/p>\t\t\t\t<\/div>\n\t\t\t\t<\/div>\n\t\t\t\t<div class=\"elementor-element elementor-element-e585bba elementor-widget__width-inherit elementor-widget elementor-widget-heading\" data-id=\"e585bba\" data-element_type=\"widget\" data-e-type=\"widget\" data-widget_type=\"heading.default\">\n\t\t\t\t<div class=\"elementor-widget-container\">\n\t\t\t\t\t<p class=\"elementor-heading-title elementor-size-default\">Cada ubicaci\u00f3n refleja el alma de su barrio y su rica cultura.<\/p>\t\t\t\t<\/div>\n\t\t\t\t<\/div>\n\t\t\t\t<\/div>\n\t\t\t\t<\/div>\n\t\t\t\t\t<\/div>\n\t\t\t\t<\/div>\n\t\t\t\t<\/div>\n\t\t","protected":false},"excerpt":{"rendered":"<p>About Us HAWS Lifestyle Hospitality Welcome to HAWS \u2014 where every stay blends the comfort of home with the design, service, and flexibility modern travellers need. Whether you\u2019re here for work, leisure, or both, our goal is to make your experience seamless and uplifting. Nuestra Misi\u00f3n Redefinir la hospitalidad ofreciendo espacios elegantes y funcionales con [&hellip;]<\/p>\n","protected":false},"author":2,"featured_media":0,"parent":0,"menu_order":0,"comment_status":"closed","ping_status":"closed","template":"","meta":{"footnotes":""},"class_list":["post-3808","page","type-page","status-publish","hentry"],"acf":[],"yoast_head":"<!-- This site is optimized with the Yoast SEO plugin v26.9 - https:\/\/yoast.com\/product\/yoast-seo-wordpress\/ -->\n<title>Sobre Nosotros - Haws Lifestyle Hospitality<\/title>\n<meta name=\"robots\" content=\"index, follow, max-snippet:-1, max-image-preview:large, max-video-preview:-1\" \/>\n<link rel=\"canonical\" href=\"https:\/\/stayhaws.com\/es\/sobre-nosotros\/\" \/>\n<meta property=\"og:locale\" content=\"es_ES\" \/>\n<meta property=\"og:type\" content=\"article\" \/>\n<meta property=\"og:title\" content=\"Sobre Nosotros - Haws Lifestyle Hospitality\" \/>\n<meta property=\"og:description\" content=\"About Us HAWS Lifestyle Hospitality Welcome to HAWS \u2014 where every stay blends the comfort of home with the design, service, and flexibility modern travellers need. Whether you\u2019re here for work, leisure, or both, our goal is to make your experience seamless and uplifting. Nuestra Misi\u00f3n Redefinir la hospitalidad ofreciendo espacios elegantes y funcionales con [&hellip;]\" \/>\n<meta property=\"og:url\" content=\"https:\/\/stayhaws.com\/es\/sobre-nosotros\/\" \/>\n<meta property=\"og:site_name\" content=\"Haws Lifestyle Hospitality\" \/>\n<meta property=\"article:modified_time\" content=\"2026-02-14T14:49:58+00:00\" \/>\n<meta property=\"og:image\" content=\"https:\/\/stayhaws.com\/wp-content\/uploads\/2025\/10\/Our-mission.webp\" \/>\n\t<meta property=\"og:image:width\" content=\"570\" \/>\n\t<meta property=\"og:image:height\" content=\"668\" \/>\n\t<meta property=\"og:image:type\" content=\"image\/webp\" \/>\n<meta name=\"twitter:card\" content=\"summary_large_image\" \/>\n<meta name=\"twitter:label1\" content=\"Tiempo de lectura\" \/>\n\t<meta name=\"twitter:data1\" content=\"2 minutos\" \/>\n<script type=\"application\/ld+json\" class=\"yoast-schema-graph\">{\"@context\":\"https:\/\/schema.org\",\"@graph\":[{\"@type\":\"WebPage\",\"@id\":\"https:\/\/stayhaws.com\/es\/sobre-nosotros\/\",\"url\":\"https:\/\/stayhaws.com\/es\/sobre-nosotros\/\",\"name\":\"Sobre Nosotros - Haws Lifestyle Hospitality\",\"isPartOf\":{\"@id\":\"https:\/\/stayhaws.com\/es\/#website\"},\"primaryImageOfPage\":{\"@id\":\"https:\/\/stayhaws.com\/es\/sobre-nosotros\/#primaryimage\"},\"image\":{\"@id\":\"https:\/\/stayhaws.com\/es\/sobre-nosotros\/#primaryimage\"},\"thumbnailUrl\":\"https:\/\/stayhaws.com\/wp-content\/uploads\/2025\/10\/Our-mission.webp\",\"datePublished\":\"2025-10-13T11:07:24+00:00\",\"dateModified\":\"2026-02-14T14:49:58+00:00\",\"breadcrumb\":{\"@id\":\"https:\/\/stayhaws.com\/es\/sobre-nosotros\/#breadcrumb\"},\"inLanguage\":\"es\",\"potentialAction\":[{\"@type\":\"ReadAction\",\"target\":[\"https:\/\/stayhaws.com\/es\/sobre-nosotros\/\"]}]},{\"@type\":\"ImageObject\",\"inLanguage\":\"es\",\"@id\":\"https:\/\/stayhaws.com\/es\/sobre-nosotros\/#primaryimage\",\"url\":\"https:\/\/stayhaws.com\/wp-content\/uploads\/2025\/10\/Our-mission.webp\",\"contentUrl\":\"https:\/\/stayhaws.com\/wp-content\/uploads\/2025\/10\/Our-mission.webp\"},{\"@type\":\"BreadcrumbList\",\"@id\":\"https:\/\/stayhaws.com\/es\/sobre-nosotros\/#breadcrumb\",\"itemListElement\":[{\"@type\":\"ListItem\",\"position\":1,\"name\":\"Home\",\"item\":\"https:\/\/stayhaws.com\/es\/\"},{\"@type\":\"ListItem\",\"position\":2,\"name\":\"Sobre Nosotros\"}]},{\"@type\":\"WebSite\",\"@id\":\"https:\/\/stayhaws.com\/es\/#website\",\"url\":\"https:\/\/stayhaws.com\/es\/\",\"name\":\"HAWS Lifestyle Hospitality\",\"description\":\"Stay Like Home\",\"publisher\":{\"@id\":\"https:\/\/stayhaws.com\/es\/#organization\"},\"potentialAction\":[{\"@type\":\"SearchAction\",\"target\":{\"@type\":\"EntryPoint\",\"urlTemplate\":\"https:\/\/stayhaws.com\/es\/?s={search_term_string}\"},\"query-input\":{\"@type\":\"PropertyValueSpecification\",\"valueRequired\":true,\"valueName\":\"search_term_string\"}}],\"inLanguage\":\"es\"},{\"@type\":\"Organization\",\"@id\":\"https:\/\/stayhaws.com\/es\/#organization\",\"name\":\"HAWS Lifestyle Hospitality\",\"url\":\"https:\/\/stayhaws.com\/es\/\",\"logo\":{\"@type\":\"ImageObject\",\"inLanguage\":\"es\",\"@id\":\"https:\/\/stayhaws.com\/es\/#\/schema\/logo\/image\/\",\"url\":\"https:\/\/stayhaws.com\/wp-content\/uploads\/2024\/09\/haws-logo-tagline-serif-blue.svg\",\"contentUrl\":\"https:\/\/stayhaws.com\/wp-content\/uploads\/2024\/09\/haws-logo-tagline-serif-blue.svg\",\"width\":1,\"height\":1,\"caption\":\"HAWS Lifestyle Hospitality\"},\"image\":{\"@id\":\"https:\/\/stayhaws.com\/es\/#\/schema\/logo\/image\/\"}}]}<\/script>\n<!-- \/ Yoast SEO plugin. -->","yoast_head_json":{"title":"Sobre Nosotros - Haws Lifestyle Hospitality","robots":{"index":"index","follow":"follow","max-snippet":"max-snippet:-1","max-image-preview":"max-image-preview:large","max-video-preview":"max-video-preview:-1"},"canonical":"https:\/\/stayhaws.com\/es\/sobre-nosotros\/","og_locale":"es_ES","og_type":"article","og_title":"Sobre Nosotros - Haws Lifestyle Hospitality","og_description":"About Us HAWS Lifestyle Hospitality Welcome to HAWS \u2014 where every stay blends the comfort of home with the design, service, and flexibility modern travellers need. Whether you\u2019re here for work, leisure, or both, our goal is to make your experience seamless and uplifting. Nuestra Misi\u00f3n Redefinir la hospitalidad ofreciendo espacios elegantes y funcionales con [&hellip;]","og_url":"https:\/\/stayhaws.com\/es\/sobre-nosotros\/","og_site_name":"Haws Lifestyle Hospitality","article_modified_time":"2026-02-14T14:49:58+00:00","og_image":[{"width":570,"height":668,"url":"https:\/\/stayhaws.com\/wp-content\/uploads\/2025\/10\/Our-mission.webp","type":"image\/webp"}],"twitter_card":"summary_large_image","twitter_misc":{"Tiempo de lectura":"2 minutos"},"schema":{"@context":"https:\/\/schema.org","@graph":[{"@type":"WebPage","@id":"https:\/\/stayhaws.com\/es\/sobre-nosotros\/","url":"https:\/\/stayhaws.com\/es\/sobre-nosotros\/","name":"Sobre Nosotros - Haws Lifestyle Hospitality","isPartOf":{"@id":"https:\/\/stayhaws.com\/es\/#website"},"primaryImageOfPage":{"@id":"https:\/\/stayhaws.com\/es\/sobre-nosotros\/#primaryimage"},"image":{"@id":"https:\/\/stayhaws.com\/es\/sobre-nosotros\/#primaryimage"},"thumbnailUrl":"https:\/\/stayhaws.com\/wp-content\/uploads\/2025\/10\/Our-mission.webp","datePublished":"2025-10-13T11:07:24+00:00","dateModified":"2026-02-14T14:49:58+00:00","breadcrumb":{"@id":"https:\/\/stayhaws.com\/es\/sobre-nosotros\/#breadcrumb"},"inLanguage":"es","potentialAction":[{"@type":"ReadAction","target":["https:\/\/stayhaws.com\/es\/sobre-nosotros\/"]}]},{"@type":"ImageObject","inLanguage":"es","@id":"https:\/\/stayhaws.com\/es\/sobre-nosotros\/#primaryimage","url":"https:\/\/stayhaws.com\/wp-content\/uploads\/2025\/10\/Our-mission.webp","contentUrl":"https:\/\/stayhaws.com\/wp-content\/uploads\/2025\/10\/Our-mission.webp"},{"@type":"BreadcrumbList","@id":"https:\/\/stayhaws.com\/es\/sobre-nosotros\/#breadcrumb","itemListElement":[{"@type":"ListItem","position":1,"name":"Home","item":"https:\/\/stayhaws.com\/es\/"},{"@type":"ListItem","position":2,"name":"Sobre Nosotros"}]},{"@type":"WebSite","@id":"https:\/\/stayhaws.com\/es\/#website","url":"https:\/\/stayhaws.com\/es\/","name":"HAWS Lifestyle Hospitality","description":"Stay Like Home","publisher":{"@id":"https:\/\/stayhaws.com\/es\/#organization"},"potentialAction":[{"@type":"SearchAction","target":{"@type":"EntryPoint","urlTemplate":"https:\/\/stayhaws.com\/es\/?s={search_term_string}"},"query-input":{"@type":"PropertyValueSpecification","valueRequired":true,"valueName":"search_term_string"}}],"inLanguage":"es"},{"@type":"Organization","@id":"https:\/\/stayhaws.com\/es\/#organization","name":"HAWS Lifestyle Hospitality","url":"https:\/\/stayhaws.com\/es\/","logo":{"@type":"ImageObject","inLanguage":"es","@id":"https:\/\/stayhaws.com\/es\/#\/schema\/logo\/image\/","url":"https:\/\/stayhaws.com\/wp-content\/uploads\/2024\/09\/haws-logo-tagline-serif-blue.svg","contentUrl":"https:\/\/stayhaws.com\/wp-content\/uploads\/2024\/09\/haws-logo-tagline-serif-blue.svg","width":1,"height":1,"caption":"HAWS Lifestyle Hospitality"},"image":{"@id":"https:\/\/stayhaws.com\/es\/#\/schema\/logo\/image\/"}}]}},"featured_image_src":null,"featured_image_src_square":null,"_links":{"self":[{"href":"https:\/\/stayhaws.com\/es\/wp-json\/wp\/v2\/pages\/3808","targetHints":{"allow":["GET"]}}],"collection":[{"href":"https:\/\/stayhaws.com\/es\/wp-json\/wp\/v2\/pages"}],"about":[{"href":"https:\/\/stayhaws.com\/es\/wp-json\/wp\/v2\/types\/page"}],"author":[{"embeddable":true,"href":"https:\/\/stayhaws.com\/es\/wp-json\/wp\/v2\/users\/2"}],"replies":[{"embeddable":true,"href":"https:\/\/stayhaws.com\/es\/wp-json\/wp\/v2\/comments?post=3808"}],"version-history":[{"count":2,"href":"https:\/\/stayhaws.com\/es\/wp-json\/wp\/v2\/pages\/3808\/revisions"}],"predecessor-version":[{"id":4631,"href":"https:\/\/stayhaws.com\/es\/wp-json\/wp\/v2\/pages\/3808\/revisions\/4631"}],"wp:attachment":[{"href":"https:\/\/stayhaws.com\/es\/wp-json\/wp\/v2\/media?parent=3808"}],"curies":[{"name":"wp","href":"https:\/\/api.w.org\/{rel}","templated":true}]}}