{"id":3815,"date":"2025-10-22T07:19:53","date_gmt":"2025-10-22T06:19:53","guid":{"rendered":"https:\/\/stayhaws.com\/granada\/"},"modified":"2026-02-16T11:01:03","modified_gmt":"2026-02-16T10:01:03","slug":"granada","status":"publish","type":"page","link":"https:\/\/stayhaws.com\/es\/granada\/","title":{"rendered":"Granada"},"content":{"rendered":"\t\t<div data-elementor-type=\"wp-page\" data-elementor-id=\"3815\" class=\"elementor elementor-3815 elementor-2310\" data-elementor-post-type=\"page\">\n\t\t\t\t<div class=\"elementor-element elementor-element-29838a1 e-flex e-con-boxed e-con e-parent\" data-id=\"29838a1\" data-element_type=\"container\" data-e-type=\"container\" data-settings=\"{&quot;background_background&quot;:&quot;classic&quot;}\">\n\t\t\t\t\t<div class=\"e-con-inner\">\n\t\t\t\t<div class=\"elementor-element elementor-element-e23c269 animated-slow elementor-invisible elementor-widget elementor-widget-heading\" data-id=\"e23c269\" data-element_type=\"widget\" data-e-type=\"widget\" data-settings=\"{&quot;_animation&quot;:&quot;fadeInDown&quot;}\" data-widget_type=\"heading.default\">\n\t\t\t\t<div class=\"elementor-widget-container\">\n\t\t\t\t\t<h1 class=\"elementor-heading-title elementor-size-default\">Granada<\/h1>\t\t\t\t<\/div>\n\t\t\t\t<\/div>\n\t\t\t\t\t<\/div>\n\t\t\t\t<\/div>\n\t\t<div class=\"elementor-element elementor-element-13db8c8 e-con-full e-flex e-con e-parent\" data-id=\"13db8c8\" data-element_type=\"container\" data-e-type=\"container\">\n\t\t<div class=\"elementor-element elementor-element-06802d2 e-con-full e-flex e-con e-child\" data-id=\"06802d2\" data-element_type=\"container\" data-e-type=\"container\">\n\t\t<div class=\"elementor-element elementor-element-3071a03 e-con-full animated-slow e-flex elementor-invisible e-con e-child\" data-id=\"3071a03\" data-element_type=\"container\" data-e-type=\"container\" data-settings=\"{&quot;animation&quot;:&quot;fadeInLeft&quot;}\">\n\t\t<div class=\"elementor-element elementor-element-eb6623b e-con-full e-flex e-con e-child\" data-id=\"eb6623b\" data-element_type=\"container\" data-e-type=\"container\">\n\t\t\t\t<div class=\"elementor-element elementor-element-ea04c1c elementor-widget elementor-widget-heading\" data-id=\"ea04c1c\" data-element_type=\"widget\" data-e-type=\"widget\" data-widget_type=\"heading.default\">\n\t\t\t\t<div class=\"elementor-widget-container\">\n\t\t\t\t\t<p class=\"elementor-heading-title elementor-size-default\">Stay HAWS Granada<\/p>\t\t\t\t<\/div>\n\t\t\t\t<\/div>\n\t\t\t\t<div class=\"elementor-element elementor-element-30906bd elementor-widget elementor-widget-heading\" data-id=\"30906bd\" data-element_type=\"widget\" data-e-type=\"widget\" data-widget_type=\"heading.default\">\n\t\t\t\t<div class=\"elementor-widget-container\">\n\t\t\t\t\t<p class=\"elementor-heading-title elementor-size-default\">HAWS Granada<\/p>\t\t\t\t<\/div>\n\t\t\t\t<\/div>\n\t\t\t\t<div class=\"elementor-element elementor-element-350c15d elementor-widget elementor-widget-heading\" data-id=\"350c15d\" data-element_type=\"widget\" data-e-type=\"widget\" data-widget_type=\"heading.default\">\n\t\t\t\t<div class=\"elementor-widget-container\">\n\t\t\t\t\t<p class=\"elementor-heading-title elementor-size-default\">Con apertura a finales de 2026, estamos preparando algo verdaderamente especial en el coraz\u00f3n de Granada. Escondido en el encantador barrio del Albaic\u00edn, nuestro emblem\u00e1tico edificio combina el encanto hist\u00f3rico con un dise\u00f1o contempor\u00e1neo, ofreciendo una nueva forma de experimentar la ciudad.<\/p>\t\t\t\t<\/div>\n\t\t\t\t<\/div>\n\t\t\t\t<div class=\"elementor-element elementor-element-dec9356 elementor-widget__width-initial elementor-widget-tablet_extra__width-initial elementor-widget elementor-widget-heading\" data-id=\"dec9356\" data-element_type=\"widget\" data-e-type=\"widget\" data-widget_type=\"heading.default\">\n\t\t\t\t<div class=\"elementor-widget-container\">\n\t\t\t\t\t<p class=\"elementor-heading-title elementor-size-default\">Con una selecci\u00f3n de apartamentos de uno, dos y tres dormitorios, una refrescante piscina, ba\u00f1os \u00e1rabes tradicionales y todos los servicios y el confort caracter\u00edsticos de HAWS, HAWS Granada est\u00e1 dise\u00f1ado para ser tu hogar perfecto lejos de casa.<br><bR>Ya sea que est\u00e9s aqu\u00ed por ocio, negocios o para explorar la rica historia de Granada, nuestras comodidades de primer nivel y un servicio atento har\u00e1n que tu estancia sea inolvidable.<\/p>\t\t\t\t<\/div>\n\t\t\t\t<\/div>\n\t\t\t\t<\/div>\n\t\t\t\t<\/div>\n\t\t<div class=\"elementor-element elementor-element-155d93e e-con-full animated-slow e-flex elementor-invisible e-con e-child\" data-id=\"155d93e\" data-element_type=\"container\" data-e-type=\"container\" data-settings=\"{&quot;animation&quot;:&quot;fadeInUp&quot;}\">\n\t\t\t\t<div class=\"elementor-element elementor-element-157b92d elementor-widget elementor-widget-image\" data-id=\"157b92d\" data-element_type=\"widget\" data-e-type=\"widget\" data-widget_type=\"image.default\">\n\t\t\t\t<div class=\"elementor-widget-container\">\n\t\t\t\t\t\t\t\t\t\t\t\t\t\t\t<img fetchpriority=\"high\" decoding=\"async\" width=\"1000\" height=\"1332\" src=\"https:\/\/stayhaws.com\/wp-content\/uploads\/2025\/10\/Granada-2-1.webp\" class=\"attachment-full size-full wp-image-3929\" alt=\"\" srcset=\"https:\/\/stayhaws.com\/wp-content\/uploads\/2025\/10\/Granada-2-1.webp 1000w, https:\/\/stayhaws.com\/wp-content\/uploads\/2025\/10\/Granada-2-1-225x300.webp 225w, https:\/\/stayhaws.com\/wp-content\/uploads\/2025\/10\/Granada-2-1-769x1024.webp 769w, https:\/\/stayhaws.com\/wp-content\/uploads\/2025\/10\/Granada-2-1-768x1023.webp 768w\" sizes=\"(max-width: 1000px) 100vw, 1000px\" \/>\t\t\t\t\t\t\t\t\t\t\t\t\t\t\t<\/div>\n\t\t\t\t<\/div>\n\t\t\t\t<\/div>\n\t\t\t\t<\/div>\n\t\t\t\t<\/div>\n\t\t<div class=\"elementor-element elementor-element-cbfd14a e-flex e-con-boxed e-con e-parent\" data-id=\"cbfd14a\" data-element_type=\"container\" data-e-type=\"container\" data-settings=\"{&quot;background_background&quot;:&quot;classic&quot;}\">\n\t\t\t\t\t<div class=\"e-con-inner\">\n\t\t<div class=\"elementor-element elementor-element-eefe938 e-con-full e-flex e-con e-child\" data-id=\"eefe938\" data-element_type=\"container\" data-e-type=\"container\">\n\t\t<div class=\"elementor-element elementor-element-108b566 e-con-full animated-slow e-flex elementor-invisible e-con e-child\" data-id=\"108b566\" data-element_type=\"container\" data-e-type=\"container\" data-settings=\"{&quot;animation&quot;:&quot;fadeInLeft&quot;}\">\n\t\t\t\t<div class=\"elementor-element elementor-element-0510e5f elementor-widget elementor-widget-image\" data-id=\"0510e5f\" data-element_type=\"widget\" data-e-type=\"widget\" data-widget_type=\"image.default\">\n\t\t\t\t<div class=\"elementor-widget-container\">\n\t\t\t\t\t\t\t\t\t\t\t\t\t\t\t<img decoding=\"async\" width=\"1964\" height=\"1248\" src=\"https:\/\/stayhaws.com\/wp-content\/uploads\/2025\/10\/Granada-3.webp\" class=\"attachment-full size-full wp-image-3930\" alt=\"\" srcset=\"https:\/\/stayhaws.com\/wp-content\/uploads\/2025\/10\/Granada-3.webp 1964w, https:\/\/stayhaws.com\/wp-content\/uploads\/2025\/10\/Granada-3-300x191.webp 300w, https:\/\/stayhaws.com\/wp-content\/uploads\/2025\/10\/Granada-3-1024x651.webp 1024w, https:\/\/stayhaws.com\/wp-content\/uploads\/2025\/10\/Granada-3-768x488.webp 768w, https:\/\/stayhaws.com\/wp-content\/uploads\/2025\/10\/Granada-3-1536x976.webp 1536w\" sizes=\"(max-width: 1964px) 100vw, 1964px\" \/>\t\t\t\t\t\t\t\t\t\t\t\t\t\t\t<\/div>\n\t\t\t\t<\/div>\n\t\t\t\t<\/div>\n\t\t<div class=\"elementor-element elementor-element-a5f36d6 e-con-full animated-slow e-flex elementor-invisible e-con e-child\" data-id=\"a5f36d6\" data-element_type=\"container\" data-e-type=\"container\" data-settings=\"{&quot;animation&quot;:&quot;fadeInRight&quot;,&quot;animation_delay&quot;:300}\">\n\t\t<div class=\"elementor-element elementor-element-4f368dd e-con-full e-flex e-con e-child\" data-id=\"4f368dd\" data-element_type=\"container\" data-e-type=\"container\">\n\t\t\t\t<div class=\"elementor-element elementor-element-8fd076c elementor-widget elementor-widget-heading\" data-id=\"8fd076c\" data-element_type=\"widget\" data-e-type=\"widget\" data-widget_type=\"heading.default\">\n\t\t\t\t<div class=\"elementor-widget-container\">\n\t\t\t\t\t<h3 class=\"elementor-heading-title elementor-size-default\">Algo Especial <br>llega a Granada<\/h3>\t\t\t\t<\/div>\n\t\t\t\t<\/div>\n\t\t<div class=\"elementor-element elementor-element-a37972c e-con-full e-flex e-con e-child\" data-id=\"a37972c\" data-element_type=\"container\" data-e-type=\"container\">\n\t\t\t\t<div class=\"elementor-element elementor-element-533d2af elementor-widget__width-initial elementor-widget elementor-widget-heading\" data-id=\"533d2af\" data-element_type=\"widget\" data-e-type=\"widget\" data-widget_type=\"heading.default\">\n\t\t\t\t<div class=\"elementor-widget-container\">\n\t\t\t\t\t<p class=\"elementor-heading-title elementor-size-default\">Reg\u00edstrate ahora para recibir actualizaciones exclusivas, ofertas de acceso anticipado y un primer vistazo a la apertura de nuestro nuevo hotel en el coraz\u00f3n del Albaic\u00edn...<\/p>\t\t\t\t<\/div>\n\t\t\t\t<\/div>\n\t\t\t\t<div class=\"elementor-element elementor-element-07f917e elementor-widget elementor-widget-form\" data-id=\"07f917e\" data-element_type=\"widget\" data-e-type=\"widget\" data-settings=\"{&quot;step_next_label&quot;:&quot;Siguiente&quot;,&quot;step_previous_label&quot;:&quot;Anterior&quot;,&quot;step_type&quot;:&quot;number_text&quot;,&quot;step_icon_shape&quot;:&quot;circle&quot;}\" data-widget_type=\"form.default\">\n\t\t\t\t<div class=\"elementor-widget-container\">\n\t\t\t\t\t\t\t<form class=\"elementor-form\" method=\"post\" name=\"Algo Especial llega a Granada\" aria-label=\"Algo Especial llega a Granada\">\n\t\t\t<input type=\"hidden\" name=\"post_id\" value=\"3815\"\/>\n\t\t\t<input type=\"hidden\" name=\"form_id\" value=\"07f917e\"\/>\n\t\t\t<input type=\"hidden\" name=\"referer_title\" value=\"Wherever life takes you, stay like home - Haws Lifestyle Hospitality\" \/>\n\n\t\t\t\t\t\t\t<input type=\"hidden\" name=\"queried_id\" value=\"3815\"\/>\n\t\t\t\n\t\t\t<div class=\"elementor-form-fields-wrapper elementor-labels-\">\n\t\t\t\t\t\t\t\t<div class=\"elementor-field-type-text elementor-field-group elementor-column elementor-field-group-name elementor-col-100\">\n\t\t\t\t\t\t\t\t\t\t\t\t<label for=\"form-field-name\" class=\"elementor-field-label elementor-screen-only\">\n\t\t\t\t\t\t\t\tNombre\t\t\t\t\t\t\t<\/label>\n\t\t\t\t\t\t\t\t\t\t\t\t\t\t<input size=\"1\" type=\"text\" name=\"form_fields[name]\" id=\"form-field-name\" class=\"elementor-field elementor-size-sm  elementor-field-textual\" placeholder=\"Nombre\">\n\t\t\t\t\t\t\t\t\t\t\t<\/div>\n\t\t\t\t\t\t\t\t<div class=\"elementor-field-type-email elementor-field-group elementor-column elementor-field-group-email elementor-col-100 elementor-field-required\">\n\t\t\t\t\t\t\t\t\t\t\t\t<label for=\"form-field-email\" class=\"elementor-field-label elementor-screen-only\">\n\t\t\t\t\t\t\t\tCorreo electr\u00f3nico\t\t\t\t\t\t\t<\/label>\n\t\t\t\t\t\t\t\t\t\t\t\t\t\t<input size=\"1\" type=\"email\" name=\"form_fields[email]\" id=\"form-field-email\" class=\"elementor-field elementor-size-sm  elementor-field-textual\" placeholder=\"Correo electr\u00f3nico\" required=\"required\">\n\t\t\t\t\t\t\t\t\t\t\t<\/div>\n\t\t\t\t\t\t\t\t<div class=\"elementor-field-type-acceptance elementor-field-group elementor-column elementor-field-group-privacy elementor-col-100 elementor-field-required\">\n\t\t\t\t\t\t\t\t\t\t\t\t<label for=\"form-field-privacy\" class=\"elementor-field-label elementor-screen-only\">\n\t\t\t\t\t\t\t\taceptaci\u00f3n de privacidad\t\t\t\t\t\t\t<\/label>\n\t\t\t\t\t\t\t\t<div class=\"elementor-field-subgroup\">\n\t\t\t<span class=\"elementor-field-option\">\n\t\t\t\t<input type=\"checkbox\" name=\"form_fields[privacy]\" id=\"form-field-privacy\" class=\"elementor-field elementor-size-sm  elementor-acceptance-field\" required=\"required\">\n\t\t\t\t<label for=\"form-field-privacy\">He le\u00eddo y entendido la pol\u00edtica de privacidad<\/label>\t\t\t<\/span>\n\t\t<\/div>\n\t\t\t\t\t\t<\/div>\n\t\t\t\t\t\t\t\t<div class=\"elementor-field-type-acceptance elementor-field-group elementor-column elementor-field-group-marketing elementor-col-100\">\n\t\t\t\t\t\t\t\t\t\t\t\t<label for=\"form-field-marketing\" class=\"elementor-field-label elementor-screen-only\">\n\t\t\t\t\t\t\t\taceptaci\u00f3n de marketing\t\t\t\t\t\t\t<\/label>\n\t\t\t\t\t\t\t\t<div class=\"elementor-field-subgroup\">\n\t\t\t<span class=\"elementor-field-option\">\n\t\t\t\t<input type=\"checkbox\" name=\"form_fields[marketing]\" id=\"form-field-marketing\" class=\"elementor-field elementor-size-sm  elementor-acceptance-field\">\n\t\t\t\t<label for=\"form-field-marketing\">Acepto recibir comunicaciones de marketing\/ofertas\/noticias<\/label>\t\t\t<\/span>\n\t\t<\/div>\n\t\t\t\t\t\t<\/div>\n\t\t\t\t\t\t\t\t<div class=\"elementor-field-type-html elementor-field-group elementor-column elementor-field-group-field_2e73cf9 elementor-col-100\">\n\t\t\t\t\t<div class=\"vertical-space\"><\/div>\t\t\t\t<\/div>\n\t\t\t\t\t\t\t\t<div class=\"elementor-field-group elementor-column elementor-field-type-submit elementor-col-100 e-form__buttons\">\n\t\t\t\t\t<button class=\"elementor-button elementor-size-sm\" type=\"submit\" id=\"sign_me_up\">\n\t\t\t\t\t\t<span class=\"elementor-button-content-wrapper\">\n\t\t\t\t\t\t\t\t\t\t\t\t\t\t\t\t\t\t\t\t\t\t<span class=\"elementor-button-text\">Ap\u00fantame<\/span>\n\t\t\t\t\t\t\t\t\t\t\t\t\t<\/span>\n\t\t\t\t\t<\/button>\n\t\t\t\t<\/div>\n\t\t\t<\/div>\n\t\t<\/form>\n\t\t\t\t\t\t<\/div>\n\t\t\t\t<\/div>\n\t\t\t\t<\/div>\n\t\t\t\t<\/div>\n\t\t\t\t<\/div>\n\t\t\t\t<\/div>\n\t\t\t\t\t<\/div>\n\t\t\t\t<\/div>\n\t\t<div class=\"elementor-element elementor-element-2a8056d e-flex e-con-boxed e-con e-parent\" data-id=\"2a8056d\" data-element_type=\"container\" data-e-type=\"container\">\n\t\t\t\t\t<div class=\"e-con-inner\">\n\t\t<div class=\"elementor-element elementor-element-e396a14 e-flex e-con-boxed e-con e-child\" data-id=\"e396a14\" data-element_type=\"container\" data-e-type=\"container\">\n\t\t\t\t\t<div class=\"e-con-inner\">\n\t\t\t\t<div class=\"elementor-element elementor-element-eb6655e animated-slow elementor-invisible elementor-widget elementor-widget-heading\" data-id=\"eb6655e\" data-element_type=\"widget\" data-e-type=\"widget\" data-settings=\"{&quot;_animation&quot;:&quot;fadeInDown&quot;}\" data-widget_type=\"heading.default\">\n\t\t\t\t<div class=\"elementor-widget-container\">\n\t\t\t\t\t<p class=\"elementor-heading-title elementor-size-default\">Nuestro Barrio<\/p>\t\t\t\t<\/div>\n\t\t\t\t<\/div>\n\t\t\t\t<div class=\"elementor-element elementor-element-ff7a3d8 animated-slow elementor-invisible elementor-widget elementor-widget-heading\" data-id=\"ff7a3d8\" data-element_type=\"widget\" data-e-type=\"widget\" data-settings=\"{&quot;_animation&quot;:&quot;fadeIn&quot;,&quot;_animation_delay&quot;:600}\" data-widget_type=\"heading.default\">\n\t\t\t\t<div class=\"elementor-widget-container\">\n\t\t\t\t\t<p class=\"elementor-heading-title elementor-size-default\">Calle Baja de San Ildefonso, 28  |  Albaic\u00edn  |   18010 Granada<\/p>\t\t\t\t<\/div>\n\t\t\t\t<\/div>\n\t\t\t\t\t<\/div>\n\t\t\t\t<\/div>\n\t\t\t\t<div class=\"elementor-element elementor-element-5ac932b elementor-widget elementor-widget-google_maps\" data-id=\"5ac932b\" data-element_type=\"widget\" data-e-type=\"widget\" data-widget_type=\"google_maps.default\">\n\t\t\t\t<div class=\"elementor-widget-container\">\n\t\t\t\t\t\t\t<div class=\"elementor-custom-embed\">\n\t\t\t<iframe loading=\"lazy\"\n\t\t\t\t\tsrc=\"https:\/\/maps.google.com\/maps?q=Calle%20Baja%20de%20San%20Ildefonso%2C%2028%20%20%7C%20%20Albaic%C3%ADn%20%20%7C%20%20%2018010%20Granada&#038;t=m&#038;z=15&#038;output=embed&#038;iwloc=near\"\n\t\t\t\t\ttitle=\"Calle Baja de San Ildefonso, 28  |  Albaic\u00edn  |   18010 Granada\"\n\t\t\t\t\taria-label=\"Calle Baja de San Ildefonso, 28  |  Albaic\u00edn  |   18010 Granada\"\n\t\t\t><\/iframe>\n\t\t<\/div>\n\t\t\t\t\t\t<\/div>\n\t\t\t\t<\/div>\n\t\t\t\t\t<\/div>\n\t\t\t\t<\/div>\n\t\t\t\t<\/div>\n\t\t","protected":false},"excerpt":{"rendered":"<p>Granada Stay HAWS Granada HAWS Granada Con apertura a finales de 2026, estamos preparando algo verdaderamente especial en el coraz\u00f3n de Granada. Escondido en el encantador barrio del Albaic\u00edn, nuestro emblem\u00e1tico edificio combina el encanto hist\u00f3rico con un dise\u00f1o contempor\u00e1neo, ofreciendo una nueva forma de experimentar la ciudad. Con una selecci\u00f3n de apartamentos de uno, [&hellip;]<\/p>\n","protected":false},"author":2,"featured_media":0,"parent":0,"menu_order":0,"comment_status":"closed","ping_status":"closed","template":"","meta":{"footnotes":""},"class_list":["post-3815","page","type-page","status-publish","hentry"],"acf":[],"yoast_head":"<!-- This site is optimized with the Yoast SEO plugin v26.9 - https:\/\/yoast.com\/product\/yoast-seo-wordpress\/ -->\n<title>Wherever life takes you, stay like home - Haws Lifestyle Hospitality<\/title>\n<meta name=\"description\" content=\"Haws is much more than a place to stay. We are on a quest to create boundary-blurring spaces that will bring together a new generation of bold change-makers to connect, stay, work, play and love.\" \/>\n<meta name=\"robots\" content=\"index, follow, max-snippet:-1, max-image-preview:large, max-video-preview:-1\" \/>\n<link rel=\"canonical\" href=\"https:\/\/stayhaws.com\/es\/granada\/\" \/>\n<meta property=\"og:locale\" content=\"es_ES\" \/>\n<meta property=\"og:type\" content=\"article\" \/>\n<meta property=\"og:title\" content=\"Wherever life takes you, stay like home - Haws Lifestyle Hospitality\" \/>\n<meta property=\"og:description\" content=\"Haws is much more than a place to stay. We are on a quest to create boundary-blurring spaces that will bring together a new generation of bold change-makers to connect, stay, work, play and love.\" \/>\n<meta property=\"og:url\" content=\"https:\/\/stayhaws.com\/es\/granada\/\" \/>\n<meta property=\"og:site_name\" content=\"Haws Lifestyle Hospitality\" \/>\n<meta property=\"article:modified_time\" content=\"2026-02-16T10:01:03+00:00\" \/>\n<meta property=\"og:image\" content=\"https:\/\/stayhaws.com\/wp-content\/uploads\/2025\/10\/Granada-2-1.webp\" \/>\n\t<meta property=\"og:image:width\" content=\"1000\" \/>\n\t<meta property=\"og:image:height\" content=\"1332\" \/>\n\t<meta property=\"og:image:type\" content=\"image\/webp\" \/>\n<meta name=\"twitter:card\" content=\"summary_large_image\" \/>\n<meta name=\"twitter:label1\" content=\"Tiempo de lectura\" \/>\n\t<meta name=\"twitter:data1\" content=\"2 minutos\" \/>\n<script type=\"application\/ld+json\" class=\"yoast-schema-graph\">{\"@context\":\"https:\/\/schema.org\",\"@graph\":[{\"@type\":\"WebPage\",\"@id\":\"https:\/\/stayhaws.com\/es\/granada\/\",\"url\":\"https:\/\/stayhaws.com\/es\/granada\/\",\"name\":\"Wherever life takes you, stay like home - Haws Lifestyle Hospitality\",\"isPartOf\":{\"@id\":\"https:\/\/stayhaws.com\/es\/#website\"},\"primaryImageOfPage\":{\"@id\":\"https:\/\/stayhaws.com\/es\/granada\/#primaryimage\"},\"image\":{\"@id\":\"https:\/\/stayhaws.com\/es\/granada\/#primaryimage\"},\"thumbnailUrl\":\"https:\/\/stayhaws.com\/wp-content\/uploads\/2025\/10\/Granada-2-1.webp\",\"datePublished\":\"2025-10-22T06:19:53+00:00\",\"dateModified\":\"2026-02-16T10:01:03+00:00\",\"description\":\"Haws is much more than a place to stay. We are on a quest to create boundary-blurring spaces that will bring together a new generation of bold change-makers to connect, stay, work, play and love.\",\"breadcrumb\":{\"@id\":\"https:\/\/stayhaws.com\/es\/granada\/#breadcrumb\"},\"inLanguage\":\"es\",\"potentialAction\":[{\"@type\":\"ReadAction\",\"target\":[\"https:\/\/stayhaws.com\/es\/granada\/\"]}]},{\"@type\":\"ImageObject\",\"inLanguage\":\"es\",\"@id\":\"https:\/\/stayhaws.com\/es\/granada\/#primaryimage\",\"url\":\"https:\/\/stayhaws.com\/wp-content\/uploads\/2025\/10\/Granada-2-1.webp\",\"contentUrl\":\"https:\/\/stayhaws.com\/wp-content\/uploads\/2025\/10\/Granada-2-1.webp\"},{\"@type\":\"BreadcrumbList\",\"@id\":\"https:\/\/stayhaws.com\/es\/granada\/#breadcrumb\",\"itemListElement\":[{\"@type\":\"ListItem\",\"position\":1,\"name\":\"Home\",\"item\":\"https:\/\/stayhaws.com\/es\/\"},{\"@type\":\"ListItem\",\"position\":2,\"name\":\"Granada\"}]},{\"@type\":\"WebSite\",\"@id\":\"https:\/\/stayhaws.com\/es\/#website\",\"url\":\"https:\/\/stayhaws.com\/es\/\",\"name\":\"HAWS Lifestyle Hospitality\",\"description\":\"Stay Like Home\",\"publisher\":{\"@id\":\"https:\/\/stayhaws.com\/es\/#organization\"},\"potentialAction\":[{\"@type\":\"SearchAction\",\"target\":{\"@type\":\"EntryPoint\",\"urlTemplate\":\"https:\/\/stayhaws.com\/es\/?s={search_term_string}\"},\"query-input\":{\"@type\":\"PropertyValueSpecification\",\"valueRequired\":true,\"valueName\":\"search_term_string\"}}],\"inLanguage\":\"es\"},{\"@type\":\"Organization\",\"@id\":\"https:\/\/stayhaws.com\/es\/#organization\",\"name\":\"HAWS Lifestyle Hospitality\",\"url\":\"https:\/\/stayhaws.com\/es\/\",\"logo\":{\"@type\":\"ImageObject\",\"inLanguage\":\"es\",\"@id\":\"https:\/\/stayhaws.com\/es\/#\/schema\/logo\/image\/\",\"url\":\"https:\/\/stayhaws.com\/wp-content\/uploads\/2024\/09\/haws-logo-tagline-serif-blue.svg\",\"contentUrl\":\"https:\/\/stayhaws.com\/wp-content\/uploads\/2024\/09\/haws-logo-tagline-serif-blue.svg\",\"width\":1,\"height\":1,\"caption\":\"HAWS Lifestyle Hospitality\"},\"image\":{\"@id\":\"https:\/\/stayhaws.com\/es\/#\/schema\/logo\/image\/\"}}]}<\/script>\n<!-- \/ Yoast SEO plugin. -->","yoast_head_json":{"title":"Wherever life takes you, stay like home - Haws Lifestyle Hospitality","description":"Haws is much more than a place to stay. We are on a quest to create boundary-blurring spaces that will bring together a new generation of bold change-makers to connect, stay, work, play and love.","robots":{"index":"index","follow":"follow","max-snippet":"max-snippet:-1","max-image-preview":"max-image-preview:large","max-video-preview":"max-video-preview:-1"},"canonical":"https:\/\/stayhaws.com\/es\/granada\/","og_locale":"es_ES","og_type":"article","og_title":"Wherever life takes you, stay like home - Haws Lifestyle Hospitality","og_description":"Haws is much more than a place to stay. We are on a quest to create boundary-blurring spaces that will bring together a new generation of bold change-makers to connect, stay, work, play and love.","og_url":"https:\/\/stayhaws.com\/es\/granada\/","og_site_name":"Haws Lifestyle Hospitality","article_modified_time":"2026-02-16T10:01:03+00:00","og_image":[{"width":1000,"height":1332,"url":"https:\/\/stayhaws.com\/wp-content\/uploads\/2025\/10\/Granada-2-1.webp","type":"image\/webp"}],"twitter_card":"summary_large_image","twitter_misc":{"Tiempo de lectura":"2 minutos"},"schema":{"@context":"https:\/\/schema.org","@graph":[{"@type":"WebPage","@id":"https:\/\/stayhaws.com\/es\/granada\/","url":"https:\/\/stayhaws.com\/es\/granada\/","name":"Wherever life takes you, stay like home - Haws Lifestyle Hospitality","isPartOf":{"@id":"https:\/\/stayhaws.com\/es\/#website"},"primaryImageOfPage":{"@id":"https:\/\/stayhaws.com\/es\/granada\/#primaryimage"},"image":{"@id":"https:\/\/stayhaws.com\/es\/granada\/#primaryimage"},"thumbnailUrl":"https:\/\/stayhaws.com\/wp-content\/uploads\/2025\/10\/Granada-2-1.webp","datePublished":"2025-10-22T06:19:53+00:00","dateModified":"2026-02-16T10:01:03+00:00","description":"Haws is much more than a place to stay. We are on a quest to create boundary-blurring spaces that will bring together a new generation of bold change-makers to connect, stay, work, play and love.","breadcrumb":{"@id":"https:\/\/stayhaws.com\/es\/granada\/#breadcrumb"},"inLanguage":"es","potentialAction":[{"@type":"ReadAction","target":["https:\/\/stayhaws.com\/es\/granada\/"]}]},{"@type":"ImageObject","inLanguage":"es","@id":"https:\/\/stayhaws.com\/es\/granada\/#primaryimage","url":"https:\/\/stayhaws.com\/wp-content\/uploads\/2025\/10\/Granada-2-1.webp","contentUrl":"https:\/\/stayhaws.com\/wp-content\/uploads\/2025\/10\/Granada-2-1.webp"},{"@type":"BreadcrumbList","@id":"https:\/\/stayhaws.com\/es\/granada\/#breadcrumb","itemListElement":[{"@type":"ListItem","position":1,"name":"Home","item":"https:\/\/stayhaws.com\/es\/"},{"@type":"ListItem","position":2,"name":"Granada"}]},{"@type":"WebSite","@id":"https:\/\/stayhaws.com\/es\/#website","url":"https:\/\/stayhaws.com\/es\/","name":"HAWS Lifestyle Hospitality","description":"Stay Like Home","publisher":{"@id":"https:\/\/stayhaws.com\/es\/#organization"},"potentialAction":[{"@type":"SearchAction","target":{"@type":"EntryPoint","urlTemplate":"https:\/\/stayhaws.com\/es\/?s={search_term_string}"},"query-input":{"@type":"PropertyValueSpecification","valueRequired":true,"valueName":"search_term_string"}}],"inLanguage":"es"},{"@type":"Organization","@id":"https:\/\/stayhaws.com\/es\/#organization","name":"HAWS Lifestyle Hospitality","url":"https:\/\/stayhaws.com\/es\/","logo":{"@type":"ImageObject","inLanguage":"es","@id":"https:\/\/stayhaws.com\/es\/#\/schema\/logo\/image\/","url":"https:\/\/stayhaws.com\/wp-content\/uploads\/2024\/09\/haws-logo-tagline-serif-blue.svg","contentUrl":"https:\/\/stayhaws.com\/wp-content\/uploads\/2024\/09\/haws-logo-tagline-serif-blue.svg","width":1,"height":1,"caption":"HAWS Lifestyle Hospitality"},"image":{"@id":"https:\/\/stayhaws.com\/es\/#\/schema\/logo\/image\/"}}]}},"featured_image_src":null,"featured_image_src_square":null,"_links":{"self":[{"href":"https:\/\/stayhaws.com\/es\/wp-json\/wp\/v2\/pages\/3815","targetHints":{"allow":["GET"]}}],"collection":[{"href":"https:\/\/stayhaws.com\/es\/wp-json\/wp\/v2\/pages"}],"about":[{"href":"https:\/\/stayhaws.com\/es\/wp-json\/wp\/v2\/types\/page"}],"author":[{"embeddable":true,"href":"https:\/\/stayhaws.com\/es\/wp-json\/wp\/v2\/users\/2"}],"replies":[{"embeddable":true,"href":"https:\/\/stayhaws.com\/es\/wp-json\/wp\/v2\/comments?post=3815"}],"version-history":[{"count":4,"href":"https:\/\/stayhaws.com\/es\/wp-json\/wp\/v2\/pages\/3815\/revisions"}],"predecessor-version":[{"id":5544,"href":"https:\/\/stayhaws.com\/es\/wp-json\/wp\/v2\/pages\/3815\/revisions\/5544"}],"wp:attachment":[{"href":"https:\/\/stayhaws.com\/es\/wp-json\/wp\/v2\/media?parent=3815"}],"curies":[{"name":"wp","href":"https:\/\/api.w.org\/{rel}","templated":true}]}}