{"id":3862,"date":"2025-07-27T16:49:15","date_gmt":"2025-07-27T15:49:15","guid":{"rendered":"https:\/\/stayhaws.com\/lisboa\/heroes-locales\/lisboa-heroes-wine-bars\/"},"modified":"2026-02-15T12:46:56","modified_gmt":"2026-02-15T11:46:56","slug":"bares-de-vino","status":"publish","type":"page","link":"https:\/\/stayhaws.com\/es\/lisboa\/heroes-locales\/bares-de-vino\/","title":{"rendered":"Bares de Vino"},"content":{"rendered":"\t\t<div data-elementor-type=\"wp-page\" data-elementor-id=\"3862\" class=\"elementor elementor-3862 elementor-1356\" data-elementor-post-type=\"page\">\n\t\t\t\t<div class=\"elementor-element elementor-element-29838a1 e-flex e-con-boxed e-con e-parent\" data-id=\"29838a1\" data-element_type=\"container\" data-e-type=\"container\" data-settings=\"{&quot;background_background&quot;:&quot;classic&quot;}\">\n\t\t\t\t\t<div class=\"e-con-inner\">\n\t\t<div class=\"elementor-element elementor-element-7bf49ed e-con-full e-flex e-con e-child\" data-id=\"7bf49ed\" data-element_type=\"container\" data-e-type=\"container\">\n\t\t\t\t<div class=\"elementor-element elementor-element-e23c269 animated-slow elementor-invisible elementor-widget elementor-widget-heading\" data-id=\"e23c269\" data-element_type=\"widget\" data-e-type=\"widget\" data-settings=\"{&quot;_animation&quot;:&quot;fadeInDown&quot;}\" data-widget_type=\"heading.default\">\n\t\t\t\t<div class=\"elementor-widget-container\">\n\t\t\t\t\t<h1 class=\"elementor-heading-title elementor-size-default\">H\u00e9roes Locales<\/h1>\t\t\t\t<\/div>\n\t\t\t\t<\/div>\n\t\t\t\t<div class=\"elementor-element elementor-element-e00d0c3 elementor-widget__width-initial animated-slow elementor-invisible elementor-widget elementor-widget-text-editor\" data-id=\"e00d0c3\" data-element_type=\"widget\" data-e-type=\"widget\" data-settings=\"{&quot;_animation&quot;:&quot;fadeInUp&quot;}\" data-widget_type=\"text-editor.default\">\n\t\t\t\t<div class=\"elementor-widget-container\">\n\t\t\t\t\t\t\t\t\t<p>Lujoso confort y servicio inigualable en el coraz\u00f3n de Lisboa<\/p>\t\t\t\t\t\t\t\t<\/div>\n\t\t\t\t<\/div>\n\t\t\t\t<\/div>\n\t\t<div class=\"elementor-element elementor-element-aa1f8ca e-con-full e-flex e-con e-child\" data-id=\"aa1f8ca\" data-element_type=\"container\" data-e-type=\"container\">\n\t\t\t\t<div class=\"elementor-element elementor-element-a95393f elementor-widget__width-inherit elementor-widget elementor-widget-html\" data-id=\"a95393f\" data-element_type=\"widget\" data-e-type=\"widget\" data-widget_type=\"html.default\">\n\t\t\t\t<div class=\"elementor-widget-container\">\n\t\t\t\t\t<!-- Importar la fuente Epilogue -->\n<link rel=\"preconnect\" href=\"https:\/\/fonts.googleapis.com\">\n<link rel=\"preconnect\" href=\"https:\/\/fonts.gstatic.com\" crossorigin>\n<link href=\"https:\/\/fonts.googleapis.com\/css2?family=Epilogue:wght@400;700&display=swap\" rel=\"stylesheet\">\n\n<!-- Importar los estilos y el script de Flatpickr -->\n<link rel=\"stylesheet\" href=\"https:\/\/cdn.jsdelivr.net\/npm\/flatpickr\/dist\/flatpickr.min.css\">\n<script src=\"https:\/\/cdn.jsdelivr.net\/npm\/flatpickr\"><\/script>\n\n<div class=\"booking-form-container\">\n    <form class=\"booking-form\" id=\"mews-booking-widget\">\n      \n      <div class=\"form-group\">\n        <label for=\"location\">Ubicaci\u00f3n<\/label>\n        <input type=\"text\" id=\"location\" value=\"Lisboa\" readonly>\n      <\/div>\n\n      <div class=\"form-group\">\n        <label for=\"checkin-checkout\">Entrada \/ Salida<\/label>\n        <input type=\"text\" id=\"checkin-checkout\" name=\"checkin-checkout\" placeholder=\"A\u00f1adir fechas\" required>\n      <\/div>\n      \n      <div class=\"form-group\">\n        <label for=\"guests\">Guests<\/label>\n        <select id=\"guests\" name=\"guests\" required>\n            <option value=\"TWO_ADULT\" selected=\"selected\">2 adults<\/option> \n            <option value=\"ONE_ADULT\">1 Adult<\/option> \n            <option value=\"ONE_ADULT_ONE_CHILD\">1 Adult \/ 1 Child<\/option> \n            <option value=\"TWO_ADULT_ONE_CHILD\">2 Adults \/ 1 Child<\/option> \n        <\/select>\n      <\/div>\n      \n      <div class=\"form-group\">\n        <label for=\"promo-code\">\u00bfTienes un C\u00f3digo?<\/label>\n        <input type=\"text\" id=\"promo-code\" name=\"promo-code\" placeholder=\"A\u00f1adir C\u00f3digo\">\n      <\/div>\n      \n      <div class=\"form-group-button\">\n        <button type=\"submit\" id=\"dates-submit\" value=\"Cargando...\">Comprobar Disponibilidad<\/button>\n      <\/div>\n    <\/form>\n<\/div>\n\n<script>\n  flatpickr(\"#checkin-checkout\", {\n    mode: \"range\",\n    dateFormat: \"d\/m\/Y\",\n    minDate: \"today\",\n  });\n<\/script>\n\t\t\t\t<\/div>\n\t\t\t\t<\/div>\n\t\t\t\t<\/div>\n\t\t\t\t\t<\/div>\n\t\t\t\t<\/div>\n\t\t<div class=\"elementor-element elementor-element-fadd3e7 e-con-full e-flex e-con e-parent\" data-id=\"fadd3e7\" data-element_type=\"container\" data-e-type=\"container\" data-settings=\"{&quot;background_background&quot;:&quot;classic&quot;}\">\n\t\t\t\t<div class=\"elementor-element elementor-element-4e0a98b elementor-invisible elementor-widget elementor-widget-heading\" data-id=\"4e0a98b\" data-element_type=\"widget\" data-e-type=\"widget\" data-settings=\"{&quot;_animation&quot;:&quot;fadeInDown&quot;}\" data-widget_type=\"heading.default\">\n\t\t\t\t<div class=\"elementor-widget-container\">\n\t\t\t\t\t<p class=\"elementor-heading-title elementor-size-default\"><a href=\"https:\/\/stayhaws.com\/lisboa\/lisboa-heroes\/\">Lisboa &gt; H\u00e9roes Locales<\/a><\/p>\t\t\t\t<\/div>\n\t\t\t\t<\/div>\n\t\t\t\t<div class=\"elementor-element elementor-element-5eced07 elementor-invisible elementor-widget elementor-widget-heading\" data-id=\"5eced07\" data-element_type=\"widget\" data-e-type=\"widget\" data-settings=\"{&quot;_animation&quot;:&quot;fadeInUp&quot;}\" data-widget_type=\"heading.default\">\n\t\t\t\t<div class=\"elementor-widget-container\">\n\t\t\t\t\t<h2 class=\"elementor-heading-title elementor-size-default\">Bares de Vino<\/h2>\t\t\t\t<\/div>\n\t\t\t\t<\/div>\n\t\t\t\t<\/div>\n\t\t<div class=\"elementor-element elementor-element-c9dfc0a e-con-full e-flex e-con e-parent\" data-id=\"c9dfc0a\" data-element_type=\"container\" data-e-type=\"container\" data-settings=\"{&quot;background_background&quot;:&quot;classic&quot;}\">\n\t\t<div class=\"elementor-element elementor-element-9f19197 e-flex e-con-boxed e-con e-child\" data-id=\"9f19197\" data-element_type=\"container\" data-e-type=\"container\">\n\t\t\t\t\t<div class=\"e-con-inner\">\n\t\t<div class=\"elementor-element elementor-element-59d83d5 e-con-full animated-slow e-flex elementor-invisible e-con e-child\" data-id=\"59d83d5\" data-element_type=\"container\" data-e-type=\"container\" data-settings=\"{&quot;background_background&quot;:&quot;classic&quot;,&quot;animation&quot;:&quot;fadeInLeft&quot;}\">\n\t\t\t\t<div class=\"elementor-element elementor-element-17973d4 animated-slow elementor-invisible elementor-widget elementor-widget-image\" data-id=\"17973d4\" data-element_type=\"widget\" data-e-type=\"widget\" data-settings=\"{&quot;_animation&quot;:&quot;fadeInLeft&quot;,&quot;_animation_delay&quot;:600}\" data-widget_type=\"image.default\">\n\t\t\t\t<div class=\"elementor-widget-container\">\n\t\t\t\t\t\t\t\t\t\t\t\t\t\t\t<img decoding=\"async\" src=\"https:\/\/stayhaws.com\/wp-content\/uploads\/elementor\/thumbs\/8-r9duhioif36dxc8r07my8uxw09y184sy9frnki2ptk.webp\" title=\"8\" alt=\"8\" loading=\"lazy\" \/>\t\t\t\t\t\t\t\t\t\t\t\t\t\t\t<\/div>\n\t\t\t\t<\/div>\n\t\t\t\t<\/div>\n\t\t<div class=\"elementor-element elementor-element-e6bf9a2 e-con-full e-flex e-con e-child\" data-id=\"e6bf9a2\" data-element_type=\"container\" data-e-type=\"container\">\n\t\t\t\t<div class=\"elementor-element elementor-element-a81cb45 animated-slow elementor-invisible elementor-widget elementor-widget-heading\" data-id=\"a81cb45\" data-element_type=\"widget\" data-e-type=\"widget\" data-settings=\"{&quot;_animation&quot;:&quot;fadeInDown&quot;}\" data-widget_type=\"heading.default\">\n\t\t\t\t<div class=\"elementor-widget-container\">\n\t\t\t\t\t<p class=\"elementor-heading-title elementor-size-default\">Bom Bom Bom<\/p>\t\t\t\t<\/div>\n\t\t\t\t<\/div>\n\t\t\t\t<div class=\"elementor-element elementor-element-f3fdd12 elementor-widget elementor-widget-text-editor\" data-id=\"f3fdd12\" data-element_type=\"widget\" data-e-type=\"widget\" data-widget_type=\"text-editor.default\">\n\t\t\t\t<div class=\"elementor-widget-container\">\n\t\t\t\t\t\t\t\t\t<p><b>BOM BOM BOM<\/b><span style=\"font-weight: 400;\"> es un proyecto nacido de tres pasiones compartidas entre los dos fundadores, Antoine y Cassandra: el vino, la m\u00fasica y la buena comida.<\/span><\/p><p><span style=\"font-weight: 400;\">Es un bar de vinos naturales que ofrece una docena de vinos por copa, m\u00e1s de cien referencias de vinos embotellados, as\u00ed como un men\u00fa compuesto de platos para compartir imaginados y cocinados con productos de temporada por la chef Cassandra.<\/span><\/p><p><span style=\"font-weight: 400;\">El espacio tambi\u00e9n cuenta con una peque\u00f1a selecci\u00f3n de discos de vinilo a la venta, cuidadosamente seleccionados por Antoine, DJs pinchando exclusivamente con vinilo cada viernes y s\u00e1bado, y sesiones de jazz en directo dos veces al mes.<\/span><\/p>\t\t\t\t\t\t\t\t<\/div>\n\t\t\t\t<\/div>\n\t\t\t\t<div class=\"elementor-element elementor-element-dbf604f animated-slow elementor-invisible elementor-widget elementor-widget-button\" data-id=\"dbf604f\" data-element_type=\"widget\" data-e-type=\"widget\" data-settings=\"{&quot;_animation&quot;:&quot;fadeInUp&quot;}\" data-widget_type=\"button.default\">\n\t\t\t\t<div class=\"elementor-widget-container\">\n\t\t\t\t\t\t\t\t\t<div class=\"elementor-button-wrapper\">\n\t\t\t\t\t<a class=\"elementor-button elementor-button-link elementor-size-sm\" href=\"https:\/\/www.instagram.com\/bombombomlisboa\" target=\"_blank\">\n\t\t\t\t\t\t<span class=\"elementor-button-content-wrapper\">\n\t\t\t\t\t\t\t\t\t<span class=\"elementor-button-text\">Visita la web de Bom Bom Bom<\/span>\n\t\t\t\t\t<\/span>\n\t\t\t\t\t<\/a>\n\t\t\t\t<\/div>\n\t\t\t\t\t\t\t\t<\/div>\n\t\t\t\t<\/div>\n\t\t\t\t<\/div>\n\t\t\t\t\t<\/div>\n\t\t\t\t<\/div>\n\t\t\t\t<\/div>\n\t\t<div class=\"elementor-element elementor-element-36ffb22 e-con-full e-flex e-con e-parent\" data-id=\"36ffb22\" data-element_type=\"container\" data-e-type=\"container\" data-settings=\"{&quot;background_background&quot;:&quot;classic&quot;}\">\n\t\t<div class=\"elementor-element elementor-element-3ba4bbb e-con-full e-flex e-con e-child\" data-id=\"3ba4bbb\" data-element_type=\"container\" data-e-type=\"container\">\n\t\t<div class=\"elementor-element elementor-element-a7d2805 e-con-full e-flex e-con e-child\" data-id=\"a7d2805\" data-element_type=\"container\" data-e-type=\"container\">\n\t\t\t\t<div class=\"elementor-element elementor-element-5d039df animated-slow elementor-invisible elementor-widget elementor-widget-heading\" data-id=\"5d039df\" data-element_type=\"widget\" data-e-type=\"widget\" data-settings=\"{&quot;_animation&quot;:&quot;fadeInDown&quot;}\" data-widget_type=\"heading.default\">\n\t\t\t\t<div class=\"elementor-widget-container\">\n\t\t\t\t\t<h3 class=\"elementor-heading-title elementor-size-default\">Rude<\/h3>\t\t\t\t<\/div>\n\t\t\t\t<\/div>\n\t\t\t\t<div class=\"elementor-element elementor-element-ab6835f elementor-widget elementor-widget-text-editor\" data-id=\"ab6835f\" data-element_type=\"widget\" data-e-type=\"widget\" data-widget_type=\"text-editor.default\">\n\t\t\t\t<div class=\"elementor-widget-container\">\n\t\t\t\t\t\t\t\t\t<p><span style=\"font-weight: 400;\">Queremos ser ricos en contenido, genuinos. Ser justos, iguales y fieles a nosotros mismos.<\/span><\/p><p><span style=\"font-weight: 400;\">No nos resignamos a la convenci\u00f3n, tenemos los pies firmemente en el suelo<\/span><\/p><p><span style=\"font-weight: 400;\">y al mismo tiempo so\u00f1amos con volar. Rude es un plato que se sirve mejor fr\u00edo, sin<\/span><\/p><p><span style=\"font-weight: 400;\">lo desagradable de la venganza y lleno de sabor. Es vivir la diferencia y sentirse en casa. Es irse y querer volver.<\/span><\/p>\t\t\t\t\t\t\t\t<\/div>\n\t\t\t\t<\/div>\n\t\t\t\t<div class=\"elementor-element elementor-element-5d169d6 animated-slow elementor-invisible elementor-widget elementor-widget-button\" data-id=\"5d169d6\" data-element_type=\"widget\" data-e-type=\"widget\" data-settings=\"{&quot;_animation&quot;:&quot;fadeInUp&quot;}\" data-widget_type=\"button.default\">\n\t\t\t\t<div class=\"elementor-widget-container\">\n\t\t\t\t\t\t\t\t\t<div class=\"elementor-button-wrapper\">\n\t\t\t\t\t<a class=\"elementor-button elementor-button-link elementor-size-sm\" href=\"https:\/\/rude-wine-and-food.mailchimpsites.com\/\" target=\"_blank\">\n\t\t\t\t\t\t<span class=\"elementor-button-content-wrapper\">\n\t\t\t\t\t\t\t\t\t<span class=\"elementor-button-text\">Visita la web de Rude<\/span>\n\t\t\t\t\t<\/span>\n\t\t\t\t\t<\/a>\n\t\t\t\t<\/div>\n\t\t\t\t\t\t\t\t<\/div>\n\t\t\t\t<\/div>\n\t\t\t\t<\/div>\n\t\t\t\t<\/div>\n\t\t<div class=\"elementor-element elementor-element-5581c85 e-con-full e-flex e-con e-child\" data-id=\"5581c85\" data-element_type=\"container\" data-e-type=\"container\">\n\t\t<div class=\"elementor-element elementor-element-35a153c e-con-full animated-slow e-flex elementor-invisible e-con e-child\" data-id=\"35a153c\" data-element_type=\"container\" data-e-type=\"container\" data-settings=\"{&quot;background_background&quot;:&quot;classic&quot;,&quot;animation&quot;:&quot;fadeInRight&quot;}\">\n\t\t\t\t<div class=\"elementor-element elementor-element-0285c81 animated-slow elementor-invisible elementor-widget elementor-widget-image\" data-id=\"0285c81\" data-element_type=\"widget\" data-e-type=\"widget\" data-settings=\"{&quot;_animation&quot;:&quot;fadeInRight&quot;,&quot;_animation_delay&quot;:600}\" data-widget_type=\"image.default\">\n\t\t\t\t<div class=\"elementor-widget-container\">\n\t\t\t\t\t\t\t\t\t\t\t\t\t\t\t<img fetchpriority=\"high\" decoding=\"async\" width=\"940\" height=\"788\" src=\"https:\/\/stayhaws.com\/wp-content\/uploads\/2025\/07\/Rude-2.webp\" class=\"attachment-full size-full wp-image-4394\" alt=\"\" srcset=\"https:\/\/stayhaws.com\/wp-content\/uploads\/2025\/07\/Rude-2.webp 940w, https:\/\/stayhaws.com\/wp-content\/uploads\/2025\/07\/Rude-2-300x251.webp 300w, https:\/\/stayhaws.com\/wp-content\/uploads\/2025\/07\/Rude-2-768x644.webp 768w\" sizes=\"(max-width: 940px) 100vw, 940px\" \/>\t\t\t\t\t\t\t\t\t\t\t\t\t\t\t<\/div>\n\t\t\t\t<\/div>\n\t\t\t\t<\/div>\n\t\t\t\t<\/div>\n\t\t\t\t<\/div>\n\t\t\t\t<\/div>\n\t\t","protected":false},"excerpt":{"rendered":"<p>Local Heroes Luxurious comfort and unmatched\u2028service in the heart of Lisbon Location Check In \/ Check Out Guests 2 adults1 Adult1 Adult \/ 1 Child2 Adults \/ 1 Child Got a Code? Check Availability Lisboa &gt; Local Heroes Wine Bars Bom Bom Bom BOM BOM BOM is a project born from three shared passions between [&hellip;]<\/p>\n","protected":false},"author":2,"featured_media":0,"parent":3710,"menu_order":0,"comment_status":"closed","ping_status":"closed","template":"","meta":{"footnotes":""},"class_list":["post-3862","page","type-page","status-publish","hentry"],"acf":[],"yoast_head":"<!-- This site is optimized with the Yoast SEO plugin v26.9 - https:\/\/yoast.com\/product\/yoast-seo-wordpress\/ -->\n<title>Wherever life takes you, stay like home - Haws Lifestyle Hospitality<\/title>\n<meta name=\"description\" content=\"Haws is much more than a place to stay. We are on a quest to create boundary-blurring spaces that will bring together a new generation of bold change-makers to connect, stay, work, play and love.\" \/>\n<meta name=\"robots\" content=\"index, follow, max-snippet:-1, max-image-preview:large, max-video-preview:-1\" \/>\n<link rel=\"canonical\" href=\"https:\/\/stayhaws.com\/es\/lisboa\/heroes-locales\/bares-de-vino\/\" \/>\n<meta property=\"og:locale\" content=\"es_ES\" \/>\n<meta property=\"og:type\" content=\"article\" \/>\n<meta property=\"og:title\" content=\"Wherever life takes you, stay like home - Haws Lifestyle Hospitality\" \/>\n<meta property=\"og:description\" content=\"Haws is much more than a place to stay. We are on a quest to create boundary-blurring spaces that will bring together a new generation of bold change-makers to connect, stay, work, play and love.\" \/>\n<meta property=\"og:url\" content=\"https:\/\/stayhaws.com\/es\/lisboa\/heroes-locales\/bares-de-vino\/\" \/>\n<meta property=\"og:site_name\" content=\"Haws Lifestyle Hospitality\" \/>\n<meta property=\"article:modified_time\" content=\"2026-02-15T11:46:56+00:00\" \/>\n<meta property=\"og:image\" content=\"https:\/\/stayhaws.com\/wp-content\/uploads\/elementor\/thumbs\/8-r9duhioif36dxc8r07my8uxw09y184sy9frnki2ptk.webp\" \/>\n<meta name=\"twitter:card\" content=\"summary_large_image\" \/>\n<meta name=\"twitter:label1\" content=\"Tiempo de lectura\" \/>\n\t<meta name=\"twitter:data1\" content=\"2 minutos\" \/>\n<script type=\"application\/ld+json\" class=\"yoast-schema-graph\">{\"@context\":\"https:\/\/schema.org\",\"@graph\":[{\"@type\":\"WebPage\",\"@id\":\"https:\/\/stayhaws.com\/es\/lisboa\/heroes-locales\/bares-de-vino\/\",\"url\":\"https:\/\/stayhaws.com\/es\/lisboa\/heroes-locales\/bares-de-vino\/\",\"name\":\"Wherever life takes you, stay like home - Haws Lifestyle Hospitality\",\"isPartOf\":{\"@id\":\"https:\/\/stayhaws.com\/es\/#website\"},\"primaryImageOfPage\":{\"@id\":\"https:\/\/stayhaws.com\/es\/lisboa\/heroes-locales\/bares-de-vino\/#primaryimage\"},\"image\":{\"@id\":\"https:\/\/stayhaws.com\/es\/lisboa\/heroes-locales\/bares-de-vino\/#primaryimage\"},\"thumbnailUrl\":\"https:\/\/stayhaws.com\/wp-content\/uploads\/elementor\/thumbs\/8-r9duhioif36dxc8r07my8uxw09y184sy9frnki2ptk.webp\",\"datePublished\":\"2025-07-27T15:49:15+00:00\",\"dateModified\":\"2026-02-15T11:46:56+00:00\",\"description\":\"Haws is much more than a place to stay. We are on a quest to create boundary-blurring spaces that will bring together a new generation of bold change-makers to connect, stay, work, play and love.\",\"breadcrumb\":{\"@id\":\"https:\/\/stayhaws.com\/es\/lisboa\/heroes-locales\/bares-de-vino\/#breadcrumb\"},\"inLanguage\":\"es\",\"potentialAction\":[{\"@type\":\"ReadAction\",\"target\":[\"https:\/\/stayhaws.com\/es\/lisboa\/heroes-locales\/bares-de-vino\/\"]}]},{\"@type\":\"ImageObject\",\"inLanguage\":\"es\",\"@id\":\"https:\/\/stayhaws.com\/es\/lisboa\/heroes-locales\/bares-de-vino\/#primaryimage\",\"url\":\"https:\/\/stayhaws.com\/wp-content\/uploads\/elementor\/thumbs\/8-r9duhioif36dxc8r07my8uxw09y184sy9frnki2ptk.webp\",\"contentUrl\":\"https:\/\/stayhaws.com\/wp-content\/uploads\/elementor\/thumbs\/8-r9duhioif36dxc8r07my8uxw09y184sy9frnki2ptk.webp\"},{\"@type\":\"BreadcrumbList\",\"@id\":\"https:\/\/stayhaws.com\/es\/lisboa\/heroes-locales\/bares-de-vino\/#breadcrumb\",\"itemListElement\":[{\"@type\":\"ListItem\",\"position\":1,\"name\":\"Home\",\"item\":\"https:\/\/stayhaws.com\/es\/\"},{\"@type\":\"ListItem\",\"position\":2,\"name\":\"Lisboa\",\"item\":\"https:\/\/stayhaws.com\/es\/lisboa\/\"},{\"@type\":\"ListItem\",\"position\":3,\"name\":\"H\u00e9roes Locales\",\"item\":\"https:\/\/stayhaws.com\/es\/lisboa\/lisboa-heroes\/\"},{\"@type\":\"ListItem\",\"position\":4,\"name\":\"Bares de Vino\"}]},{\"@type\":\"WebSite\",\"@id\":\"https:\/\/stayhaws.com\/es\/#website\",\"url\":\"https:\/\/stayhaws.com\/es\/\",\"name\":\"HAWS Lifestyle Hospitality\",\"description\":\"Stay Like Home\",\"publisher\":{\"@id\":\"https:\/\/stayhaws.com\/es\/#organization\"},\"potentialAction\":[{\"@type\":\"SearchAction\",\"target\":{\"@type\":\"EntryPoint\",\"urlTemplate\":\"https:\/\/stayhaws.com\/es\/?s={search_term_string}\"},\"query-input\":{\"@type\":\"PropertyValueSpecification\",\"valueRequired\":true,\"valueName\":\"search_term_string\"}}],\"inLanguage\":\"es\"},{\"@type\":\"Organization\",\"@id\":\"https:\/\/stayhaws.com\/es\/#organization\",\"name\":\"HAWS Lifestyle Hospitality\",\"url\":\"https:\/\/stayhaws.com\/es\/\",\"logo\":{\"@type\":\"ImageObject\",\"inLanguage\":\"es\",\"@id\":\"https:\/\/stayhaws.com\/es\/#\/schema\/logo\/image\/\",\"url\":\"https:\/\/stayhaws.com\/wp-content\/uploads\/2024\/09\/haws-logo-tagline-serif-blue.svg\",\"contentUrl\":\"https:\/\/stayhaws.com\/wp-content\/uploads\/2024\/09\/haws-logo-tagline-serif-blue.svg\",\"width\":1,\"height\":1,\"caption\":\"HAWS Lifestyle Hospitality\"},\"image\":{\"@id\":\"https:\/\/stayhaws.com\/es\/#\/schema\/logo\/image\/\"}}]}<\/script>\n<!-- \/ Yoast SEO plugin. -->","yoast_head_json":{"title":"Wherever life takes you, stay like home - Haws Lifestyle Hospitality","description":"Haws is much more than a place to stay. We are on a quest to create boundary-blurring spaces that will bring together a new generation of bold change-makers to connect, stay, work, play and love.","robots":{"index":"index","follow":"follow","max-snippet":"max-snippet:-1","max-image-preview":"max-image-preview:large","max-video-preview":"max-video-preview:-1"},"canonical":"https:\/\/stayhaws.com\/es\/lisboa\/heroes-locales\/bares-de-vino\/","og_locale":"es_ES","og_type":"article","og_title":"Wherever life takes you, stay like home - Haws Lifestyle Hospitality","og_description":"Haws is much more than a place to stay. We are on a quest to create boundary-blurring spaces that will bring together a new generation of bold change-makers to connect, stay, work, play and love.","og_url":"https:\/\/stayhaws.com\/es\/lisboa\/heroes-locales\/bares-de-vino\/","og_site_name":"Haws Lifestyle Hospitality","article_modified_time":"2026-02-15T11:46:56+00:00","og_image":[{"url":"https:\/\/stayhaws.com\/wp-content\/uploads\/elementor\/thumbs\/8-r9duhioif36dxc8r07my8uxw09y184sy9frnki2ptk.webp","type":"","width":"","height":""}],"twitter_card":"summary_large_image","twitter_misc":{"Tiempo de lectura":"2 minutos"},"schema":{"@context":"https:\/\/schema.org","@graph":[{"@type":"WebPage","@id":"https:\/\/stayhaws.com\/es\/lisboa\/heroes-locales\/bares-de-vino\/","url":"https:\/\/stayhaws.com\/es\/lisboa\/heroes-locales\/bares-de-vino\/","name":"Wherever life takes you, stay like home - Haws Lifestyle Hospitality","isPartOf":{"@id":"https:\/\/stayhaws.com\/es\/#website"},"primaryImageOfPage":{"@id":"https:\/\/stayhaws.com\/es\/lisboa\/heroes-locales\/bares-de-vino\/#primaryimage"},"image":{"@id":"https:\/\/stayhaws.com\/es\/lisboa\/heroes-locales\/bares-de-vino\/#primaryimage"},"thumbnailUrl":"https:\/\/stayhaws.com\/wp-content\/uploads\/elementor\/thumbs\/8-r9duhioif36dxc8r07my8uxw09y184sy9frnki2ptk.webp","datePublished":"2025-07-27T15:49:15+00:00","dateModified":"2026-02-15T11:46:56+00:00","description":"Haws is much more than a place to stay. We are on a quest to create boundary-blurring spaces that will bring together a new generation of bold change-makers to connect, stay, work, play and love.","breadcrumb":{"@id":"https:\/\/stayhaws.com\/es\/lisboa\/heroes-locales\/bares-de-vino\/#breadcrumb"},"inLanguage":"es","potentialAction":[{"@type":"ReadAction","target":["https:\/\/stayhaws.com\/es\/lisboa\/heroes-locales\/bares-de-vino\/"]}]},{"@type":"ImageObject","inLanguage":"es","@id":"https:\/\/stayhaws.com\/es\/lisboa\/heroes-locales\/bares-de-vino\/#primaryimage","url":"https:\/\/stayhaws.com\/wp-content\/uploads\/elementor\/thumbs\/8-r9duhioif36dxc8r07my8uxw09y184sy9frnki2ptk.webp","contentUrl":"https:\/\/stayhaws.com\/wp-content\/uploads\/elementor\/thumbs\/8-r9duhioif36dxc8r07my8uxw09y184sy9frnki2ptk.webp"},{"@type":"BreadcrumbList","@id":"https:\/\/stayhaws.com\/es\/lisboa\/heroes-locales\/bares-de-vino\/#breadcrumb","itemListElement":[{"@type":"ListItem","position":1,"name":"Home","item":"https:\/\/stayhaws.com\/es\/"},{"@type":"ListItem","position":2,"name":"Lisboa","item":"https:\/\/stayhaws.com\/es\/lisboa\/"},{"@type":"ListItem","position":3,"name":"H\u00e9roes Locales","item":"https:\/\/stayhaws.com\/es\/lisboa\/lisboa-heroes\/"},{"@type":"ListItem","position":4,"name":"Bares de Vino"}]},{"@type":"WebSite","@id":"https:\/\/stayhaws.com\/es\/#website","url":"https:\/\/stayhaws.com\/es\/","name":"HAWS Lifestyle Hospitality","description":"Stay Like Home","publisher":{"@id":"https:\/\/stayhaws.com\/es\/#organization"},"potentialAction":[{"@type":"SearchAction","target":{"@type":"EntryPoint","urlTemplate":"https:\/\/stayhaws.com\/es\/?s={search_term_string}"},"query-input":{"@type":"PropertyValueSpecification","valueRequired":true,"valueName":"search_term_string"}}],"inLanguage":"es"},{"@type":"Organization","@id":"https:\/\/stayhaws.com\/es\/#organization","name":"HAWS Lifestyle Hospitality","url":"https:\/\/stayhaws.com\/es\/","logo":{"@type":"ImageObject","inLanguage":"es","@id":"https:\/\/stayhaws.com\/es\/#\/schema\/logo\/image\/","url":"https:\/\/stayhaws.com\/wp-content\/uploads\/2024\/09\/haws-logo-tagline-serif-blue.svg","contentUrl":"https:\/\/stayhaws.com\/wp-content\/uploads\/2024\/09\/haws-logo-tagline-serif-blue.svg","width":1,"height":1,"caption":"HAWS Lifestyle Hospitality"},"image":{"@id":"https:\/\/stayhaws.com\/es\/#\/schema\/logo\/image\/"}}]}},"featured_image_src":null,"featured_image_src_square":null,"_links":{"self":[{"href":"https:\/\/stayhaws.com\/es\/wp-json\/wp\/v2\/pages\/3862","targetHints":{"allow":["GET"]}}],"collection":[{"href":"https:\/\/stayhaws.com\/es\/wp-json\/wp\/v2\/pages"}],"about":[{"href":"https:\/\/stayhaws.com\/es\/wp-json\/wp\/v2\/types\/page"}],"author":[{"embeddable":true,"href":"https:\/\/stayhaws.com\/es\/wp-json\/wp\/v2\/users\/2"}],"replies":[{"embeddable":true,"href":"https:\/\/stayhaws.com\/es\/wp-json\/wp\/v2\/comments?post=3862"}],"version-history":[{"count":1,"href":"https:\/\/stayhaws.com\/es\/wp-json\/wp\/v2\/pages\/3862\/revisions"}],"predecessor-version":[{"id":4395,"href":"https:\/\/stayhaws.com\/es\/wp-json\/wp\/v2\/pages\/3862\/revisions\/4395"}],"up":[{"embeddable":true,"href":"https:\/\/stayhaws.com\/es\/wp-json\/wp\/v2\/pages\/3710"}],"wp:attachment":[{"href":"https:\/\/stayhaws.com\/es\/wp-json\/wp\/v2\/media?parent=3862"}],"curies":[{"name":"wp","href":"https:\/\/api.w.org\/{rel}","templated":true}]}}