{"id":3892,"date":"2024-12-11T13:34:28","date_gmt":"2024-12-11T12:34:28","guid":{"rendered":"https:\/\/stayhaws.com\/privacy-data\/"},"modified":"2026-02-14T20:57:49","modified_gmt":"2026-02-14T19:57:49","slug":"datos-de-privacidad","status":"publish","type":"page","link":"https:\/\/stayhaws.com\/es\/datos-de-privacidad\/","title":{"rendered":"Datos de Privacidad"},"content":{"rendered":"\t\t<div data-elementor-type=\"wp-page\" data-elementor-id=\"3892\" class=\"elementor elementor-3892 elementor-550\" data-elementor-post-type=\"page\">\n\t\t\t\t<div class=\"elementor-element elementor-element-81871c8 e-flex e-con-boxed e-con e-parent\" data-id=\"81871c8\" data-element_type=\"container\" data-e-type=\"container\">\n\t\t\t\t\t<div class=\"e-con-inner\">\n\t\t\t\t<div class=\"elementor-element elementor-element-de038be elementor-widget elementor-widget-heading\" data-id=\"de038be\" data-element_type=\"widget\" data-e-type=\"widget\" data-widget_type=\"heading.default\">\n\t\t\t\t<div class=\"elementor-widget-container\">\n\t\t\t\t\t<h1 class=\"elementor-heading-title elementor-size-default\">Datos de Privacidad<\/h1>\t\t\t\t<\/div>\n\t\t\t\t<\/div>\n\t\t\t\t<div class=\"elementor-element elementor-element-f858f23 elementor-widget elementor-widget-heading\" data-id=\"f858f23\" data-element_type=\"widget\" data-e-type=\"widget\" data-widget_type=\"heading.default\">\n\t\t\t\t<div class=\"elementor-widget-container\">\n\t\t\t\t\t<h3 class=\"elementor-heading-title elementor-size-default\">Introducci\u00f3n<\/h3>\t\t\t\t<\/div>\n\t\t\t\t<\/div>\n\t\t\t\t<div class=\"elementor-element elementor-element-4292d93 elementor-widget elementor-widget-text-editor\" data-id=\"4292d93\" data-element_type=\"widget\" data-e-type=\"widget\" data-widget_type=\"text-editor.default\">\n\t\t\t\t<div class=\"elementor-widget-container\">\n\t\t\t\t\t\t\t\t\t<p><span style=\"font-weight: 400;\">En Haws, queremos asegurarnos de que su experiencia con nosotros le deje con ganas de m\u00e1s. Tanto queremos como necesitamos ser lo m\u00e1s claros y transparentes posible sobre c\u00f3mo tratamos sus datos personales.<\/span><\/p><p><span style=\"font-weight: 400;\">Algunos aspectos legales sobre Haws Lifestyle Hospitality:<\/span><\/p><ul><li style=\"font-weight: 400;\" aria-level=\"1\"><span style=\"font-weight: 400;\">Cada uno de nuestros hoteles y residencias Haws tiene su propia empresa. Sin embargo, la operaci\u00f3n diaria de nuestros hoteles y este sitio web es gestionada por Hub4Lisbon Unipessoal Lda., NIPC: 517198444, Rua Maria n\u00ba25, 1170-014 Lisboa.<\/span><\/li><\/ul><ul><li style=\"font-weight: 400;\" aria-level=\"1\"><span style=\"font-weight: 400;\">Cuando nos visita en persona o contacta directamente con nuestros hoteles y residencias, la empresa Haws correspondiente es responsable del tratamiento de sus datos personales.<\/span><\/li><li style=\"font-weight: 400;\" aria-level=\"1\"><span style=\"font-weight: 400;\">Si interact\u00faa con nosotros en l\u00ednea, entonces <\/span><span style=\"font-weight: 400;\">Haws Lifestyle Hospitality<\/span><span style=\"font-weight: 400;\"><span style=\"font-weight: 400;\"> es responsable del tratamiento de sus datos personales y puede compartir sus datos con la empresa Haws correspondiente si es necesario para completar su reserva o responder a su consulta.<\/span><\/span><\/li><\/ul><p><span style=\"font-weight: 400;\">Entendemos que esto es complicado. As\u00ed que si busca una respuesta r\u00e1pida y sencilla sobre qui\u00e9n es el responsable del tratamiento de datos en un escenario espec\u00edfico que tenga en mente, p\u00f3ngase en contacto con nosotros en <\/span><a href=\"mailto:data@stayhaws.com\"><span style=\"font-weight: 400;\">data@stayhaws.com<\/span><\/a><span style=\"font-weight: 400;\"> y le responderemos de inmediato.<\/span><\/p><p><span style=\"font-weight: 400;\">Esta Pol\u00edtica de Privacidad establece c\u00f3mo Haws Lifestyle Accommodation, propiedad y operada por Hub4Lisbon Unipessoal Lda., recopila, utiliza y protege cualquier informaci\u00f3n personal que usted nos proporcione cuando utiliza nuestros servicios. Nos comprometemos a garantizar la protecci\u00f3n de su privacidad. Si le solicitamos que proporcione cierta informaci\u00f3n mediante la cual pueda ser identificado al utilizar nuestros servicios, puede estar seguro de que solo se utilizar\u00e1 de acuerdo con esta Pol\u00edtica de Privacidad.<\/span><\/p><p> <\/p>\t\t\t\t\t\t\t\t<\/div>\n\t\t\t\t<\/div>\n\t\t\t\t<div class=\"elementor-element elementor-element-f3884d9 elementor-widget elementor-widget-heading\" data-id=\"f3884d9\" data-element_type=\"widget\" data-e-type=\"widget\" data-widget_type=\"heading.default\">\n\t\t\t\t<div class=\"elementor-widget-container\">\n\t\t\t\t\t<h3 class=\"elementor-heading-title elementor-size-default\">Qu\u00e9 informaci\u00f3n recopilamos<\/h3>\t\t\t\t<\/div>\n\t\t\t\t<\/div>\n\t\t\t\t<div class=\"elementor-element elementor-element-8ee0374 elementor-widget elementor-widget-text-editor\" data-id=\"8ee0374\" data-element_type=\"widget\" data-e-type=\"widget\" data-widget_type=\"text-editor.default\">\n\t\t\t\t<div class=\"elementor-widget-container\">\n\t\t\t\t\t\t\t\t\t<p><span style=\"font-weight: 400;\">Podemos recopilar la siguiente informaci\u00f3n cuando utiliza nuestros servicios:<\/span><\/p><ul><li style=\"font-weight: 400;\" aria-level=\"1\"><span style=\"font-weight: 400;\">Su nombre, informaci\u00f3n de contacto y otros datos personales<\/span><\/li><li style=\"font-weight: 400;\" aria-level=\"1\"><span style=\"font-weight: 400;\">Su tarjeta de cr\u00e9dito u otra informaci\u00f3n de pago<\/span><\/li><li style=\"font-weight: 400;\" aria-level=\"1\"><span style=\"font-weight: 400;\">Informaci\u00f3n sobre su estancia y reserva, incluyendo fechas de estancia, preferencias de habitaci\u00f3n, datos de DNI o pasaporte y cualquier solicitud especial o nota<\/span><\/li><li style=\"font-weight: 400;\" aria-level=\"1\"><span style=\"font-weight: 400;\">Su uso de nuestro sitio web o aplicaci\u00f3n m\u00f3vil, incluyendo informaci\u00f3n sobre su navegador, direcci\u00f3n IP y comportamiento de navegaci\u00f3n<\/span><\/li><li style=\"font-weight: 400;\" aria-level=\"1\"><span style=\"font-weight: 400;\"><span style=\"font-weight: 400;\">Cualquier otra informaci\u00f3n que nos proporcione voluntariamente<\/span><\/span><\/li><\/ul><p> <\/p>\t\t\t\t\t\t\t\t<\/div>\n\t\t\t\t<\/div>\n\t\t\t\t<div class=\"elementor-element elementor-element-2b6777b elementor-widget elementor-widget-heading\" data-id=\"2b6777b\" data-element_type=\"widget\" data-e-type=\"widget\" data-widget_type=\"heading.default\">\n\t\t\t\t<div class=\"elementor-widget-container\">\n\t\t\t\t\t<h3 class=\"elementor-heading-title elementor-size-default\">C\u00f3mo utilizamos la informaci\u00f3n<\/h3>\t\t\t\t<\/div>\n\t\t\t\t<\/div>\n\t\t\t\t<div class=\"elementor-element elementor-element-c0d1563 elementor-widget elementor-widget-text-editor\" data-id=\"c0d1563\" data-element_type=\"widget\" data-e-type=\"widget\" data-widget_type=\"text-editor.default\">\n\t\t\t\t<div class=\"elementor-widget-container\">\n\t\t\t\t\t\t\t\t\t<p><span style=\"font-weight: 400;\">Podemos utilizar la informaci\u00f3n que recopilamos para los siguientes fines:<\/span><\/p><ul><li style=\"font-weight: 400;\" aria-level=\"1\"><span style=\"font-weight: 400;\">Para procesar su reserva y pago, y para comunicarnos con usted sobre su estancia<\/span><\/li><li style=\"font-weight: 400;\" aria-level=\"1\"><span style=\"font-weight: 400;\">Para mejorar nuestros servicios y personalizar su experiencia<\/span><\/li><li style=\"font-weight: 400;\" aria-level=\"1\"><span style=\"font-weight: 400;\">Para enviarle correos electr\u00f3nicos promocionales y\/u otras herramientas de comunicaci\u00f3n como WhatsApp o SMS sobre ofertas especiales, eventos u otra informaci\u00f3n que consideremos de su inter\u00e9s<\/span><\/li><li style=\"font-weight: 400;\" aria-level=\"1\"><span style=\"font-weight: 400;\">Para cumplir con las obligaciones legales y regulatorias<\/span><\/li><li style=\"font-weight: 400;\" aria-level=\"1\"><span style=\"font-weight: 400;\"><span style=\"font-weight: 400;\">Para prevenir el fraude y proteger la seguridad de nuestros hu\u00e9spedes y personal<\/span><\/span><\/li><\/ul><p> <\/p>\t\t\t\t\t\t\t\t<\/div>\n\t\t\t\t<\/div>\n\t\t\t\t<div class=\"elementor-element elementor-element-057a834 elementor-widget elementor-widget-heading\" data-id=\"057a834\" data-element_type=\"widget\" data-e-type=\"widget\" data-widget_type=\"heading.default\">\n\t\t\t\t<div class=\"elementor-widget-container\">\n\t\t\t\t\t<h3 class=\"elementor-heading-title elementor-size-default\">C\u00f3mo protegemos su informaci\u00f3n<\/h3>\t\t\t\t<\/div>\n\t\t\t\t<\/div>\n\t\t\t\t<div class=\"elementor-element elementor-element-8a67d99 elementor-widget elementor-widget-text-editor\" data-id=\"8a67d99\" data-element_type=\"widget\" data-e-type=\"widget\" data-widget_type=\"text-editor.default\">\n\t\t\t\t<div class=\"elementor-widget-container\">\n\t\t\t\t\t\t\t\t\t<p><span style=\"font-weight: 400;\">Nos comprometemos a garantizar la seguridad de su informaci\u00f3n. Con el fin de prevenir el acceso o la divulgaci\u00f3n no autorizados, hemos implementado procedimientos f\u00edsicos, electr\u00f3nicos y de gesti\u00f3n adecuados para salvaguardar y proteger la informaci\u00f3n que recopilamos.<\/span><\/p><p> <\/p>\t\t\t\t\t\t\t\t<\/div>\n\t\t\t\t<\/div>\n\t\t\t\t<div class=\"elementor-element elementor-element-0be43b3 elementor-widget elementor-widget-heading\" data-id=\"0be43b3\" data-element_type=\"widget\" data-e-type=\"widget\" data-widget_type=\"heading.default\">\n\t\t\t\t<div class=\"elementor-widget-container\">\n\t\t\t\t\t<h3 class=\"elementor-heading-title elementor-size-default\">C\u00f3mo compartimos su informaci\u00f3n<\/h3>\t\t\t\t<\/div>\n\t\t\t\t<\/div>\n\t\t\t\t<div class=\"elementor-element elementor-element-8a31c24 elementor-widget elementor-widget-text-editor\" data-id=\"8a31c24\" data-element_type=\"widget\" data-e-type=\"widget\" data-widget_type=\"text-editor.default\">\n\t\t\t\t<div class=\"elementor-widget-container\">\n\t\t\t\t\t\t\t\t\t<p><span style=\"font-weight: 400;\">Podemos compartir su informaci\u00f3n con terceros, incluyendo:<\/span><\/p><ul><li style=\"font-weight: 400;\" aria-level=\"1\"><span style=\"font-weight: 400;\">Nuestros proveedores de servicios, como procesadores de pagos y proveedores de soporte inform\u00e1tico, que nos ayudan a prestar nuestros servicios<\/span><\/li><li style=\"font-weight: 400;\" aria-level=\"1\"><span style=\"font-weight: 400;\">Nuestros socios comerciales, como agencias de viajes y operadores tur\u00edsticos, que nos ayudan a promocionar nuestros servicios<\/span><\/li><li style=\"font-weight: 400;\" aria-level=\"1\"><span style=\"font-weight: 400;\"><span style=\"font-weight: 400;\">Las fuerzas del orden o las autoridades gubernamentales, cuando lo exija la ley o para proteger nuestra propiedad, personal o hu\u00e9spedes<\/span><\/span><\/li><\/ul><p><span style=\"font-weight: 400;\">Solo compartiremos su informaci\u00f3n con estos terceros cuando sea necesario y \u00fanicamente despu\u00e9s de asegurarnos de que dispongan de las medidas adecuadas para proteger su privacidad.<\/span><\/p><p> <\/p>\t\t\t\t\t\t\t\t<\/div>\n\t\t\t\t<\/div>\n\t\t\t\t<div class=\"elementor-element elementor-element-09b42e0 elementor-widget elementor-widget-heading\" data-id=\"09b42e0\" data-element_type=\"widget\" data-e-type=\"widget\" data-widget_type=\"heading.default\">\n\t\t\t\t<div class=\"elementor-widget-container\">\n\t\t\t\t\t<h3 class=\"elementor-heading-title elementor-size-default\">Sus derechos y opciones<\/h3>\t\t\t\t<\/div>\n\t\t\t\t<\/div>\n\t\t\t\t<div class=\"elementor-element elementor-element-18a33b5 elementor-widget elementor-widget-text-editor\" data-id=\"18a33b5\" data-element_type=\"widget\" data-e-type=\"widget\" data-widget_type=\"text-editor.default\">\n\t\t\t\t<div class=\"elementor-widget-container\">\n\t\t\t\t\t\t\t\t\t<p><span style=\"font-weight: 400;\">Usted tiene derecho a:<\/span><\/p><ul><li style=\"font-weight: 400;\" aria-level=\"1\"><span style=\"font-weight: 400;\">Acceder a la informaci\u00f3n que tenemos sobre usted y corregir cualquier inexactitud<\/span><\/li><li style=\"font-weight: 400;\" aria-level=\"1\"><span style=\"font-weight: 400;\">Oponerse al tratamiento de su informaci\u00f3n<\/span><\/li><li style=\"font-weight: 400;\" aria-level=\"1\"><span style=\"font-weight: 400;\">Solicitar la supresi\u00f3n de su informaci\u00f3n<\/span><\/li><li style=\"font-weight: 400;\" aria-level=\"1\"><span style=\"font-weight: 400;\">Solicitar la limitaci\u00f3n del tratamiento de su informaci\u00f3n<\/span><\/li><li style=\"font-weight: 400;\" aria-level=\"1\"><span style=\"font-weight: 400;\">Retirar su consentimiento para el tratamiento de su informaci\u00f3n<\/span><\/li><li style=\"font-weight: 400;\" aria-level=\"1\"><span style=\"font-weight: 400;\">Puede ejercer estos derechos poni\u00e9ndose en contacto con nosotros a trav\u00e9s de los datos proporcionados a continuaci\u00f3n.<\/span><\/li><li style=\"font-weight: 400;\" aria-level=\"1\"><span style=\"font-weight: 400;\">Cookies y tecnolog\u00edas de seguimiento<\/span><\/li><li style=\"font-weight: 400;\" aria-level=\"1\"><span style=\"font-weight: 400;\"><span style=\"font-weight: 400;\">Utilizamos cookies y otras tecnolog\u00edas de seguimiento para mejorar su experiencia en nuestro sitio web y para personalizar nuestras comunicaciones con usted. Puede controlar el uso de cookies a trav\u00e9s de la configuraci\u00f3n de su navegador.<\/span><\/span><\/li><\/ul><p> <\/p>\t\t\t\t\t\t\t\t<\/div>\n\t\t\t\t<\/div>\n\t\t\t\t<div class=\"elementor-element elementor-element-5829a86 elementor-widget elementor-widget-heading\" data-id=\"5829a86\" data-element_type=\"widget\" data-e-type=\"widget\" data-widget_type=\"heading.default\">\n\t\t\t\t<div class=\"elementor-widget-container\">\n\t\t\t\t\t<h3 class=\"elementor-heading-title elementor-size-default\">Cambios en esta pol\u00edtica<\/h3>\t\t\t\t<\/div>\n\t\t\t\t<\/div>\n\t\t\t\t<div class=\"elementor-element elementor-element-e01d456 elementor-widget elementor-widget-text-editor\" data-id=\"e01d456\" data-element_type=\"widget\" data-e-type=\"widget\" data-widget_type=\"text-editor.default\">\n\t\t\t\t<div class=\"elementor-widget-container\">\n\t\t\t\t\t\t\t\t\t<p><span style=\"font-weight: 400;\">Podemos actualizar esta Pol\u00edtica de Privacidad peri\u00f3dicamente publicando una nueva versi\u00f3n en nuestro sitio web. Le recomendamos consultar esta p\u00e1gina de vez en cuando para asegurarse de que est\u00e1 conforme con cualquier cambio.<\/span><\/p><p> <\/p>\t\t\t\t\t\t\t\t<\/div>\n\t\t\t\t<\/div>\n\t\t\t\t<div class=\"elementor-element elementor-element-1524ada elementor-widget elementor-widget-heading\" data-id=\"1524ada\" data-element_type=\"widget\" data-e-type=\"widget\" data-widget_type=\"heading.default\">\n\t\t\t\t<div class=\"elementor-widget-container\">\n\t\t\t\t\t<h3 class=\"elementor-heading-title elementor-size-default\">Cont\u00e1ctenos<\/h3>\t\t\t\t<\/div>\n\t\t\t\t<\/div>\n\t\t\t\t<div class=\"elementor-element elementor-element-15c7b17 elementor-widget elementor-widget-text-editor\" data-id=\"15c7b17\" data-element_type=\"widget\" data-e-type=\"widget\" data-widget_type=\"text-editor.default\">\n\t\t\t\t<div class=\"elementor-widget-container\">\n\t\t\t\t\t\t\t\t\t<p><span style=\"font-weight: 400;\">Si tiene alguna pregunta o inquietud sobre esta Pol\u00edtica de Privacidad o sobre el uso que hacemos de su informaci\u00f3n, p\u00f3ngase en contacto con nosotros en <\/span><a href=\"mailto:data@stayhaws.com\"><span style=\"font-weight: 400;\">data@stayhaws.com<\/span><\/a><span style=\"font-weight: 400;\">.<\/span><\/p>\t\t\t\t\t\t\t\t<\/div>\n\t\t\t\t<\/div>\n\t\t\t\t\t<\/div>\n\t\t\t\t<\/div>\n\t\t\t\t<\/div>\n\t\t","protected":false},"excerpt":{"rendered":"<p>Introducci\u00f3n En Haws, queremos asegurarnos de que su experiencia con nosotros le deje con ganas de m\u00e1s. Tanto queremos como necesitamos ser lo m\u00e1s claros y transparentes posible sobre c\u00f3mo tratamos sus datos personales. Algunos aspectos legales sobre Haws Lifestyle Hospitality: Cada uno de nuestros hoteles y residencias Haws tiene su propia empresa. Sin embargo, [&hellip;]<\/p>\n","protected":false},"author":1,"featured_media":0,"parent":0,"menu_order":0,"comment_status":"closed","ping_status":"closed","template":"","meta":{"footnotes":""},"class_list":["post-3892","page","type-page","status-publish","hentry"],"acf":[],"yoast_head":"<!-- This site is optimized with the Yoast SEO plugin v26.9 - https:\/\/yoast.com\/product\/yoast-seo-wordpress\/ -->\n<title>Datos de Privacidad - Haws Lifestyle Hospitality<\/title>\n<meta name=\"robots\" content=\"index, follow, max-snippet:-1, max-image-preview:large, max-video-preview:-1\" \/>\n<link rel=\"canonical\" href=\"https:\/\/stayhaws.com\/es\/datos-de-privacidad\/\" \/>\n<meta property=\"og:locale\" content=\"es_ES\" \/>\n<meta property=\"og:type\" content=\"article\" \/>\n<meta property=\"og:title\" content=\"Datos de Privacidad - Haws Lifestyle Hospitality\" \/>\n<meta property=\"og:description\" content=\"Introducci\u00f3n En Haws, queremos asegurarnos de que su experiencia con nosotros le deje con ganas de m\u00e1s. Tanto queremos como necesitamos ser lo m\u00e1s claros y transparentes posible sobre c\u00f3mo tratamos sus datos personales. Algunos aspectos legales sobre Haws Lifestyle Hospitality: Cada uno de nuestros hoteles y residencias Haws tiene su propia empresa. Sin embargo, [&hellip;]\" \/>\n<meta property=\"og:url\" content=\"https:\/\/stayhaws.com\/es\/datos-de-privacidad\/\" \/>\n<meta property=\"og:site_name\" content=\"Haws Lifestyle Hospitality\" \/>\n<meta property=\"article:modified_time\" content=\"2026-02-14T19:57:49+00:00\" \/>\n<meta name=\"twitter:card\" content=\"summary_large_image\" \/>\n<meta name=\"twitter:label1\" content=\"Tiempo de lectura\" \/>\n\t<meta name=\"twitter:data1\" content=\"4 minutos\" \/>\n<script type=\"application\/ld+json\" class=\"yoast-schema-graph\">{\"@context\":\"https:\/\/schema.org\",\"@graph\":[{\"@type\":\"WebPage\",\"@id\":\"https:\/\/stayhaws.com\/es\/datos-de-privacidad\/\",\"url\":\"https:\/\/stayhaws.com\/es\/datos-de-privacidad\/\",\"name\":\"Datos de Privacidad - Haws Lifestyle Hospitality\",\"isPartOf\":{\"@id\":\"https:\/\/stayhaws.com\/es\/#website\"},\"datePublished\":\"2024-12-11T12:34:28+00:00\",\"dateModified\":\"2026-02-14T19:57:49+00:00\",\"breadcrumb\":{\"@id\":\"https:\/\/stayhaws.com\/es\/datos-de-privacidad\/#breadcrumb\"},\"inLanguage\":\"es\",\"potentialAction\":[{\"@type\":\"ReadAction\",\"target\":[\"https:\/\/stayhaws.com\/es\/datos-de-privacidad\/\"]}]},{\"@type\":\"BreadcrumbList\",\"@id\":\"https:\/\/stayhaws.com\/es\/datos-de-privacidad\/#breadcrumb\",\"itemListElement\":[{\"@type\":\"ListItem\",\"position\":1,\"name\":\"Home\",\"item\":\"https:\/\/stayhaws.com\/es\/\"},{\"@type\":\"ListItem\",\"position\":2,\"name\":\"Datos de Privacidad\"}]},{\"@type\":\"WebSite\",\"@id\":\"https:\/\/stayhaws.com\/es\/#website\",\"url\":\"https:\/\/stayhaws.com\/es\/\",\"name\":\"HAWS Lifestyle Hospitality\",\"description\":\"Stay Like Home\",\"publisher\":{\"@id\":\"https:\/\/stayhaws.com\/es\/#organization\"},\"potentialAction\":[{\"@type\":\"SearchAction\",\"target\":{\"@type\":\"EntryPoint\",\"urlTemplate\":\"https:\/\/stayhaws.com\/es\/?s={search_term_string}\"},\"query-input\":{\"@type\":\"PropertyValueSpecification\",\"valueRequired\":true,\"valueName\":\"search_term_string\"}}],\"inLanguage\":\"es\"},{\"@type\":\"Organization\",\"@id\":\"https:\/\/stayhaws.com\/es\/#organization\",\"name\":\"HAWS Lifestyle Hospitality\",\"url\":\"https:\/\/stayhaws.com\/es\/\",\"logo\":{\"@type\":\"ImageObject\",\"inLanguage\":\"es\",\"@id\":\"https:\/\/stayhaws.com\/es\/#\/schema\/logo\/image\/\",\"url\":\"https:\/\/stayhaws.com\/wp-content\/uploads\/2024\/09\/haws-logo-tagline-serif-blue.svg\",\"contentUrl\":\"https:\/\/stayhaws.com\/wp-content\/uploads\/2024\/09\/haws-logo-tagline-serif-blue.svg\",\"width\":1,\"height\":1,\"caption\":\"HAWS Lifestyle Hospitality\"},\"image\":{\"@id\":\"https:\/\/stayhaws.com\/es\/#\/schema\/logo\/image\/\"}}]}<\/script>\n<!-- \/ Yoast SEO plugin. -->","yoast_head_json":{"title":"Datos de Privacidad - Haws Lifestyle Hospitality","robots":{"index":"index","follow":"follow","max-snippet":"max-snippet:-1","max-image-preview":"max-image-preview:large","max-video-preview":"max-video-preview:-1"},"canonical":"https:\/\/stayhaws.com\/es\/datos-de-privacidad\/","og_locale":"es_ES","og_type":"article","og_title":"Datos de Privacidad - Haws Lifestyle Hospitality","og_description":"Introducci\u00f3n En Haws, queremos asegurarnos de que su experiencia con nosotros le deje con ganas de m\u00e1s. Tanto queremos como necesitamos ser lo m\u00e1s claros y transparentes posible sobre c\u00f3mo tratamos sus datos personales. Algunos aspectos legales sobre Haws Lifestyle Hospitality: Cada uno de nuestros hoteles y residencias Haws tiene su propia empresa. Sin embargo, [&hellip;]","og_url":"https:\/\/stayhaws.com\/es\/datos-de-privacidad\/","og_site_name":"Haws Lifestyle Hospitality","article_modified_time":"2026-02-14T19:57:49+00:00","twitter_card":"summary_large_image","twitter_misc":{"Tiempo de lectura":"4 minutos"},"schema":{"@context":"https:\/\/schema.org","@graph":[{"@type":"WebPage","@id":"https:\/\/stayhaws.com\/es\/datos-de-privacidad\/","url":"https:\/\/stayhaws.com\/es\/datos-de-privacidad\/","name":"Datos de Privacidad - Haws Lifestyle Hospitality","isPartOf":{"@id":"https:\/\/stayhaws.com\/es\/#website"},"datePublished":"2024-12-11T12:34:28+00:00","dateModified":"2026-02-14T19:57:49+00:00","breadcrumb":{"@id":"https:\/\/stayhaws.com\/es\/datos-de-privacidad\/#breadcrumb"},"inLanguage":"es","potentialAction":[{"@type":"ReadAction","target":["https:\/\/stayhaws.com\/es\/datos-de-privacidad\/"]}]},{"@type":"BreadcrumbList","@id":"https:\/\/stayhaws.com\/es\/datos-de-privacidad\/#breadcrumb","itemListElement":[{"@type":"ListItem","position":1,"name":"Home","item":"https:\/\/stayhaws.com\/es\/"},{"@type":"ListItem","position":2,"name":"Datos de Privacidad"}]},{"@type":"WebSite","@id":"https:\/\/stayhaws.com\/es\/#website","url":"https:\/\/stayhaws.com\/es\/","name":"HAWS Lifestyle Hospitality","description":"Stay Like Home","publisher":{"@id":"https:\/\/stayhaws.com\/es\/#organization"},"potentialAction":[{"@type":"SearchAction","target":{"@type":"EntryPoint","urlTemplate":"https:\/\/stayhaws.com\/es\/?s={search_term_string}"},"query-input":{"@type":"PropertyValueSpecification","valueRequired":true,"valueName":"search_term_string"}}],"inLanguage":"es"},{"@type":"Organization","@id":"https:\/\/stayhaws.com\/es\/#organization","name":"HAWS Lifestyle Hospitality","url":"https:\/\/stayhaws.com\/es\/","logo":{"@type":"ImageObject","inLanguage":"es","@id":"https:\/\/stayhaws.com\/es\/#\/schema\/logo\/image\/","url":"https:\/\/stayhaws.com\/wp-content\/uploads\/2024\/09\/haws-logo-tagline-serif-blue.svg","contentUrl":"https:\/\/stayhaws.com\/wp-content\/uploads\/2024\/09\/haws-logo-tagline-serif-blue.svg","width":1,"height":1,"caption":"HAWS Lifestyle Hospitality"},"image":{"@id":"https:\/\/stayhaws.com\/es\/#\/schema\/logo\/image\/"}}]}},"featured_image_src":null,"featured_image_src_square":null,"_links":{"self":[{"href":"https:\/\/stayhaws.com\/es\/wp-json\/wp\/v2\/pages\/3892","targetHints":{"allow":["GET"]}}],"collection":[{"href":"https:\/\/stayhaws.com\/es\/wp-json\/wp\/v2\/pages"}],"about":[{"href":"https:\/\/stayhaws.com\/es\/wp-json\/wp\/v2\/types\/page"}],"author":[{"embeddable":true,"href":"https:\/\/stayhaws.com\/es\/wp-json\/wp\/v2\/users\/1"}],"replies":[{"embeddable":true,"href":"https:\/\/stayhaws.com\/es\/wp-json\/wp\/v2\/comments?post=3892"}],"version-history":[{"count":4,"href":"https:\/\/stayhaws.com\/es\/wp-json\/wp\/v2\/pages\/3892\/revisions"}],"predecessor-version":[{"id":5423,"href":"https:\/\/stayhaws.com\/es\/wp-json\/wp\/v2\/pages\/3892\/revisions\/5423"}],"wp:attachment":[{"href":"https:\/\/stayhaws.com\/es\/wp-json\/wp\/v2\/media?parent=3892"}],"curies":[{"name":"wp","href":"https:\/\/api.w.org\/{rel}","templated":true}]}}