{"id":3722,"date":"2025-07-25T05:36:42","date_gmt":"2025-07-25T05:36:42","guid":{"rendered":"https:\/\/stayhaws.com\/lisbonne\/heros-locaux\/"},"modified":"2026-02-07T15:20:20","modified_gmt":"2026-02-07T15:20:20","slug":"heros-locaux","status":"publish","type":"page","link":"https:\/\/stayhaws.com\/fr\/lisbonne\/heros-locaux\/","title":{"rendered":"H\u00e9ros Locaux"},"content":{"rendered":"\t\t<div data-elementor-type=\"wp-page\" data-elementor-id=\"3722\" class=\"elementor elementor-3722 elementor-1052\" data-elementor-post-type=\"page\">\n\t\t\t\t<div class=\"elementor-element elementor-element-29838a1 e-flex e-con-boxed e-con e-parent\" data-id=\"29838a1\" data-element_type=\"container\" data-e-type=\"container\" data-settings=\"{&quot;background_background&quot;:&quot;video&quot;,&quot;background_play_on_mobile&quot;:&quot;yes&quot;,&quot;background_video_link&quot;:&quot;https:\\\/\\\/stayhaws.com\\\/wp-content\\\/uploads\\\/2024\\\/09\\\/HAWS-LISBOA-by-macawfilms.mp4&quot;}\">\n\t\t\t\t\t<div class=\"e-con-inner\">\n\t\t<div class=\"elementor-background-video-container\">\n\t\t\t\t\t\t\t<video class=\"elementor-background-video-hosted\" role=\"presentation\" autoplay muted playsinline loop><\/video>\n\t\t\t\t\t<\/div><div class=\"elementor-element elementor-element-7bf49ed e-con-full e-flex e-con e-child\" data-id=\"7bf49ed\" data-element_type=\"container\" data-e-type=\"container\">\n\t\t\t\t<div class=\"elementor-element elementor-element-e23c269 animated-slow elementor-invisible elementor-widget elementor-widget-heading\" data-id=\"e23c269\" data-element_type=\"widget\" data-e-type=\"widget\" data-settings=\"{&quot;_animation&quot;:&quot;fadeInDown&quot;}\" data-widget_type=\"heading.default\">\n\t\t\t\t<div class=\"elementor-widget-container\">\n\t\t\t\t\t<h1 class=\"elementor-heading-title elementor-size-default\">H\u00e9ros Locaux<\/h1>\t\t\t\t<\/div>\n\t\t\t\t<\/div>\n\t\t\t\t<div class=\"elementor-element elementor-element-e00d0c3 elementor-widget__width-initial animated-slow elementor-invisible elementor-widget elementor-widget-text-editor\" data-id=\"e00d0c3\" data-element_type=\"widget\" data-e-type=\"widget\" data-settings=\"{&quot;_animation&quot;:&quot;fadeInUp&quot;}\" data-widget_type=\"text-editor.default\">\n\t\t\t\t<div class=\"elementor-widget-container\">\n\t\t\t\t\t\t\t\t\tConfort luxueux et service in\u00e9gal\u00e9 au c\u0153ur de Lisbonne\t\t\t\t\t\t\t\t<\/div>\n\t\t\t\t<\/div>\n\t\t\t\t<\/div>\n\t\t<div class=\"elementor-element elementor-element-aa1f8ca e-con-full e-flex e-con e-child\" data-id=\"aa1f8ca\" data-element_type=\"container\" data-e-type=\"container\">\n\t\t\t\t<div class=\"elementor-element elementor-element-4dff20b elementor-widget__width-inherit elementor-widget elementor-widget-html\" data-id=\"4dff20b\" data-element_type=\"widget\" data-e-type=\"widget\" data-widget_type=\"html.default\">\n\t\t\t\t<div class=\"elementor-widget-container\">\n\t\t\t\t\t<!-- Importar la fuente Epilogue -->\n<link rel=\"preconnect\" href=\"https:\/\/fonts.googleapis.com\">\n<link rel=\"preconnect\" href=\"https:\/\/fonts.gstatic.com\" crossorigin>\n<link href=\"https:\/\/fonts.googleapis.com\/css2?family=Epilogue:wght@400;700&display=swap\" rel=\"stylesheet\">\n\n<!-- Importar los estilos y el script de Flatpickr -->\n<link rel=\"stylesheet\" href=\"https:\/\/cdn.jsdelivr.net\/npm\/flatpickr\/dist\/flatpickr.min.css\">\n<script src=\"https:\/\/cdn.jsdelivr.net\/npm\/flatpickr\"><\/script>\n\n<div class=\"booking-form-container\">\n  <form class=\"booking-form\" id=\"mews-booking-widget\">\n\n    <div class=\"form-group\">\n      <label for=\"location\">Destinations \/ Lieux<\/label>\n      <input type=\"text\" id=\"location\" value=\"Lisbonne\" readonly>\n    <\/div>\n\n    <div class=\"form-group\">\n      <label for=\"checkin-checkout\">Arriv\u00e9e \/ D\u00e9part<\/label>\n      <input type=\"text\" id=\"checkin-checkout\" name=\"checkin-checkout\" placeholder=\"Ajouter des Dates\" required>\n    <\/div>\n\n    <div class=\"form-group\">\n      <div style=\"display: flex; gap: 10px;\">\n        <div style=\"flex: 1;\">\n          <label for=\"adults-input\" style=\"display: block; margin-bottom: 5px;\">Adultes<\/label>\n          <input type=\"number\" id=\"adults-input\" name=\"adults\" value=\"2\" min=\"1\" style=\"width: 100%; padding: 5px;\">\n        <\/div>\n        <div style=\"flex: 1;\">\n          <label for=\"children-input\" style=\"display: block; margin-bottom: 5px;\">Enfants<\/label>\n          <input type=\"number\" id=\"children-input\" name=\"children\" value=\"0\" min=\"0\" style=\"width: 100%; padding: 5px;\">\n        <\/div>\n      <\/div>\n    <\/div>\n\n    <div class=\"form-group\">\n      <label for=\"promo-code\">Vous avez un Code ?<\/label>\n      <input type=\"text\" id=\"promo-code\" name=\"promo-code\" placeholder=\"Saisissez le code\">\n    <\/div>\n\n    <div class=\"form-group-button\">\n      <button type=\"submit\" id=\"dates-submit\" value=\"Chargement...\">V\u00e9rifier la Disponibilit\u00e9<\/button>\n    <\/div>\n  <\/form>\n<\/div>\n\n<script>\n  flatpickr(\"#checkin-checkout\", {\n    mode: \"range\",\n    dateFormat: \"d\/m\/Y\",\n    minDate: \"today\",\n  });\n<\/script>\t\t\t\t<\/div>\n\t\t\t\t<\/div>\n\t\t\t\t<\/div>\n\t\t\t\t\t<\/div>\n\t\t\t\t<\/div>\n\t\t<div class=\"elementor-element elementor-element-c9dfc0a e-con-full e-flex e-con e-parent\" data-id=\"c9dfc0a\" data-element_type=\"container\" data-e-type=\"container\" data-settings=\"{&quot;background_background&quot;:&quot;classic&quot;}\">\n\t\t\t\t<div class=\"elementor-element elementor-element-19a159f animated-slow elementor-invisible elementor-widget elementor-widget-heading\" data-id=\"19a159f\" data-element_type=\"widget\" data-e-type=\"widget\" data-settings=\"{&quot;_animation&quot;:&quot;fadeInDown&quot;}\" data-widget_type=\"heading.default\">\n\t\t\t\t<div class=\"elementor-widget-container\">\n\t\t\t\t\t<p class=\"elementor-heading-title elementor-size-default\">Gens et Lieux<\/p>\t\t\t\t<\/div>\n\t\t\t\t<\/div>\n\t\t\t\t<div class=\"elementor-element elementor-element-6e23a4f animated-slow elementor-invisible elementor-widget elementor-widget-heading\" data-id=\"6e23a4f\" data-element_type=\"widget\" data-e-type=\"widget\" data-settings=\"{&quot;_animation&quot;:&quot;fadeInUp&quot;}\" data-widget_type=\"heading.default\">\n\t\t\t\t<div class=\"elementor-widget-container\">\n\t\t\t\t\t<h2 class=\"elementor-heading-title elementor-size-default\">H\u00e9ros du Quartier<\/h2>\t\t\t\t<\/div>\n\t\t\t\t<\/div>\n\t\t<div class=\"elementor-element elementor-element-9f19197 e-flex e-con-boxed e-con e-child\" data-id=\"9f19197\" data-element_type=\"container\" data-e-type=\"container\">\n\t\t\t\t\t<div class=\"e-con-inner\">\n\t\t<div class=\"elementor-element elementor-element-59d83d5 e-con-full animated-slow e-flex elementor-invisible e-con e-child\" data-id=\"59d83d5\" data-element_type=\"container\" data-e-type=\"container\" data-settings=\"{&quot;background_background&quot;:&quot;classic&quot;,&quot;animation&quot;:&quot;fadeInLeft&quot;}\">\n\t\t<div class=\"elementor-element elementor-element-7825561 e-con-full e-flex e-con e-child\" data-id=\"7825561\" data-element_type=\"container\" data-e-type=\"container\">\n\t\t\t\t<div class=\"elementor-element elementor-element-664408f elementor-widget elementor-widget-heading\" data-id=\"664408f\" data-element_type=\"widget\" data-e-type=\"widget\" data-widget_type=\"heading.default\">\n\t\t\t\t<div class=\"elementor-widget-container\">\n\t\t\t\t\t<p class=\"elementor-heading-title elementor-size-default\">Notre Quartier<\/p>\t\t\t\t<\/div>\n\t\t\t\t<\/div>\n\t\t\t\t<div class=\"elementor-element elementor-element-68d3532 elementor-widget__width-initial elementor-widget elementor-widget-heading\" data-id=\"68d3532\" data-element_type=\"widget\" data-e-type=\"widget\" data-widget_type=\"heading.default\">\n\t\t\t\t<div class=\"elementor-widget-container\">\n\t\t\t\t\t<p class=\"elementor-heading-title elementor-size-default\">Restaurants<\/p>\t\t\t\t<\/div>\n\t\t\t\t<\/div>\n\t\t\t\t<\/div>\n\t\t\t\t<div class=\"elementor-element elementor-element-61c357c elementor-widget elementor-widget-button\" data-id=\"61c357c\" data-element_type=\"widget\" data-e-type=\"widget\" data-widget_type=\"button.default\">\n\t\t\t\t<div class=\"elementor-widget-container\">\n\t\t\t\t\t\t\t\t\t<div class=\"elementor-button-wrapper\">\n\t\t\t\t\t<a class=\"elementor-button elementor-button-link elementor-size-sm\" href=\"https:\/\/stayhaws.com\/fr\/lisbonne\/heros-locaux\/restaurants\/\">\n\t\t\t\t\t\t<span class=\"elementor-button-content-wrapper\">\n\t\t\t\t\t\t\t\t\t<span class=\"elementor-button-text\">D\u00e9couvrez<\/span>\n\t\t\t\t\t<\/span>\n\t\t\t\t\t<\/a>\n\t\t\t\t<\/div>\n\t\t\t\t\t\t\t\t<\/div>\n\t\t\t\t<\/div>\n\t\t\t\t<\/div>\n\t\t<div class=\"elementor-element elementor-element-e6bf9a2 e-con-full e-flex e-con e-child\" data-id=\"e6bf9a2\" data-element_type=\"container\" data-e-type=\"container\">\n\t\t<div class=\"elementor-element elementor-element-c3accb0 e-con-full animated-slow e-flex elementor-invisible e-con e-child\" data-id=\"c3accb0\" data-element_type=\"container\" data-e-type=\"container\" data-settings=\"{&quot;background_background&quot;:&quot;classic&quot;,&quot;animation&quot;:&quot;fadeInRight&quot;}\">\n\t\t<div class=\"elementor-element elementor-element-9bd59e5 e-con-full e-flex e-con e-child\" data-id=\"9bd59e5\" data-element_type=\"container\" data-e-type=\"container\">\n\t\t\t\t<div class=\"elementor-element elementor-element-53e667f elementor-widget__width-initial elementor-widget elementor-widget-heading\" data-id=\"53e667f\" data-element_type=\"widget\" data-e-type=\"widget\" data-widget_type=\"heading.default\">\n\t\t\t\t<div class=\"elementor-widget-container\">\n\t\t\t\t\t<p class=\"elementor-heading-title elementor-size-default\">Bars\/ Pubs<\/p>\t\t\t\t<\/div>\n\t\t\t\t<\/div>\n\t\t\t\t<\/div>\n\t\t\t\t<div class=\"elementor-element elementor-element-2e8dbc9 elementor-widget elementor-widget-button\" data-id=\"2e8dbc9\" data-element_type=\"widget\" data-e-type=\"widget\" data-widget_type=\"button.default\">\n\t\t\t\t<div class=\"elementor-widget-container\">\n\t\t\t\t\t\t\t\t\t<div class=\"elementor-button-wrapper\">\n\t\t\t\t\t<a class=\"elementor-button elementor-button-link elementor-size-sm\" href=\"https:\/\/stayhaws.com\/fr\/lisbonne\/heros-locaux\/pubs-bars\/\">\n\t\t\t\t\t\t<span class=\"elementor-button-content-wrapper\">\n\t\t\t\t\t\t\t\t\t<span class=\"elementor-button-text\">D\u00e9couvrez<\/span>\n\t\t\t\t\t<\/span>\n\t\t\t\t\t<\/a>\n\t\t\t\t<\/div>\n\t\t\t\t\t\t\t\t<\/div>\n\t\t\t\t<\/div>\n\t\t\t\t<\/div>\n\t\t<div class=\"elementor-element elementor-element-80dfece e-con-full animated-slow e-flex elementor-invisible e-con e-child\" data-id=\"80dfece\" data-element_type=\"container\" data-e-type=\"container\" data-settings=\"{&quot;background_background&quot;:&quot;classic&quot;,&quot;animation&quot;:&quot;fadeInRight&quot;,&quot;animation_delay&quot;:1000}\">\n\t\t<div class=\"elementor-element elementor-element-c545850 e-con-full e-flex e-con e-child\" data-id=\"c545850\" data-element_type=\"container\" data-e-type=\"container\">\n\t\t\t\t<div class=\"elementor-element elementor-element-3945ffd elementor-widget__width-initial elementor-widget elementor-widget-heading\" data-id=\"3945ffd\" data-element_type=\"widget\" data-e-type=\"widget\" data-widget_type=\"heading.default\">\n\t\t\t\t<div class=\"elementor-widget-container\">\n\t\t\t\t\t<p class=\"elementor-heading-title elementor-size-default\">Bar \u00e0 Vin<\/p>\t\t\t\t<\/div>\n\t\t\t\t<\/div>\n\t\t\t\t<\/div>\n\t\t\t\t<div class=\"elementor-element elementor-element-dd4262e elementor-widget elementor-widget-button\" data-id=\"dd4262e\" data-element_type=\"widget\" data-e-type=\"widget\" data-widget_type=\"button.default\">\n\t\t\t\t<div class=\"elementor-widget-container\">\n\t\t\t\t\t\t\t\t\t<div class=\"elementor-button-wrapper\">\n\t\t\t\t\t<a class=\"elementor-button elementor-button-link elementor-size-sm\" href=\"https:\/\/stayhaws.com\/fr\/lisbonne\/heros-locaux\/bars-a-vin\/\">\n\t\t\t\t\t\t<span class=\"elementor-button-content-wrapper\">\n\t\t\t\t\t\t\t\t\t<span class=\"elementor-button-text\">D\u00e9couvrez<\/span>\n\t\t\t\t\t<\/span>\n\t\t\t\t\t<\/a>\n\t\t\t\t<\/div>\n\t\t\t\t\t\t\t\t<\/div>\n\t\t\t\t<\/div>\n\t\t\t\t<\/div>\n\t\t<div class=\"elementor-element elementor-element-ad191ce e-con-full animated-slow e-flex elementor-invisible e-con e-child\" data-id=\"ad191ce\" data-element_type=\"container\" data-e-type=\"container\" data-settings=\"{&quot;background_background&quot;:&quot;classic&quot;,&quot;animation&quot;:&quot;fadeInUp&quot;,&quot;animation_delay&quot;:500}\">\n\t\t<div class=\"elementor-element elementor-element-56fe72d e-con-full e-flex e-con e-child\" data-id=\"56fe72d\" data-element_type=\"container\" data-e-type=\"container\">\n\t\t\t\t<div class=\"elementor-element elementor-element-8f41222 elementor-widget__width-initial elementor-widget elementor-widget-heading\" data-id=\"8f41222\" data-element_type=\"widget\" data-e-type=\"widget\" data-widget_type=\"heading.default\">\n\t\t\t\t<div class=\"elementor-widget-container\">\n\t\t\t\t\t<p class=\"elementor-heading-title elementor-size-default\">Boutiques<\/p>\t\t\t\t<\/div>\n\t\t\t\t<\/div>\n\t\t\t\t<\/div>\n\t\t\t\t<div class=\"elementor-element elementor-element-54c64d7 elementor-widget elementor-widget-button\" data-id=\"54c64d7\" data-element_type=\"widget\" data-e-type=\"widget\" data-widget_type=\"button.default\">\n\t\t\t\t<div class=\"elementor-widget-container\">\n\t\t\t\t\t\t\t\t\t<div class=\"elementor-button-wrapper\">\n\t\t\t\t\t<a class=\"elementor-button elementor-button-link elementor-size-sm\" href=\"https:\/\/stayhaws.com\/fr\/lisbonne\/heros-locaux\/boutiques\/\">\n\t\t\t\t\t\t<span class=\"elementor-button-content-wrapper\">\n\t\t\t\t\t\t\t\t\t<span class=\"elementor-button-text\">D\u00e9couvrez<\/span>\n\t\t\t\t\t<\/span>\n\t\t\t\t\t<\/a>\n\t\t\t\t<\/div>\n\t\t\t\t\t\t\t\t<\/div>\n\t\t\t\t<\/div>\n\t\t\t\t<\/div>\n\t\t\t\t<\/div>\n\t\t\t\t\t<\/div>\n\t\t\t\t<\/div>\n\t\t\t\t<\/div>\n\t\t\t\t<\/div>\n\t\t","protected":false},"excerpt":{"rendered":"<p>H\u00e9ros Locaux Luxurious comfort and unmatched\u2028service in the heart of Lisbon Location Check In \/ Check Out Adults Children Got a Code? Check Availability People &amp; Places H\u00e9ros du Quartier Notre Quartier Restaurants Discover Bars\/ Pubs Discover Wine Bar Discover Shops Discover<\/p>\n","protected":false},"author":2,"featured_media":0,"parent":3653,"menu_order":0,"comment_status":"closed","ping_status":"closed","template":"","meta":{"footnotes":""},"class_list":["post-3722","page","type-page","status-publish","hentry"],"acf":[],"yoast_head":"<!-- This site is optimized with the Yoast SEO plugin v26.9 - https:\/\/yoast.com\/product\/yoast-seo-wordpress\/ -->\n<title>O\u00f9 que la vie vous m\u00e8ne, s\u00e9journez comme chez vous - Haws Lifestyle Hospitality<\/title>\n<meta name=\"description\" content=\"Haws est bien plus qu&#039;un simple lieu d&#039;h\u00e9bergement. Nous avons pour ambition de cr\u00e9er des espaces d\u00e9cloisonn\u00e9s qui rassembleront une nouvelle g\u00e9n\u00e9ration d&#039;acteurs du changement audacieux, un lieu o\u00f9 se connecter, vivre, travailler, se divertir et s&#039;aimer.\" \/>\n<meta name=\"robots\" content=\"index, follow, max-snippet:-1, max-image-preview:large, max-video-preview:-1\" \/>\n<link rel=\"canonical\" href=\"https:\/\/stayhaws.com\/fr\/lisbonne\/heros-locaux\/\" \/>\n<meta property=\"og:locale\" content=\"fr_FR\" \/>\n<meta property=\"og:type\" content=\"article\" \/>\n<meta property=\"og:title\" content=\"O\u00f9 que la vie vous m\u00e8ne, s\u00e9journez comme chez vous - Haws Lifestyle Hospitality\" \/>\n<meta property=\"og:description\" content=\"Haws est bien plus qu&#039;un simple lieu d&#039;h\u00e9bergement. Nous avons pour ambition de cr\u00e9er des espaces d\u00e9cloisonn\u00e9s qui rassembleront une nouvelle g\u00e9n\u00e9ration d&#039;acteurs du changement audacieux, un lieu o\u00f9 se connecter, vivre, travailler, se divertir et s&#039;aimer.\" \/>\n<meta property=\"og:url\" content=\"https:\/\/stayhaws.com\/fr\/lisbonne\/heros-locaux\/\" \/>\n<meta property=\"og:site_name\" content=\"Haws Lifestyle Hospitality\" \/>\n<meta property=\"article:modified_time\" content=\"2026-02-07T15:20:20+00:00\" \/>\n<meta name=\"twitter:card\" content=\"summary_large_image\" \/>\n<script type=\"application\/ld+json\" class=\"yoast-schema-graph\">{\"@context\":\"https:\/\/schema.org\",\"@graph\":[{\"@type\":\"WebPage\",\"@id\":\"https:\/\/stayhaws.com\/fr\/lisbonne\/heros-locaux\/\",\"url\":\"https:\/\/stayhaws.com\/fr\/lisbonne\/heros-locaux\/\",\"name\":\"O\u00f9 que la vie vous m\u00e8ne, s\u00e9journez comme chez vous - Haws Lifestyle Hospitality\",\"isPartOf\":{\"@id\":\"https:\/\/stayhaws.com\/fr\/#website\"},\"datePublished\":\"2025-07-25T05:36:42+00:00\",\"dateModified\":\"2026-02-07T15:20:20+00:00\",\"description\":\"Haws est bien plus qu'un simple lieu d'h\u00e9bergement. Nous avons pour ambition de cr\u00e9er des espaces d\u00e9cloisonn\u00e9s qui rassembleront une nouvelle g\u00e9n\u00e9ration d'acteurs du changement audacieux, un lieu o\u00f9 se connecter, vivre, travailler, se divertir et s'aimer.\",\"breadcrumb\":{\"@id\":\"https:\/\/stayhaws.com\/fr\/lisbonne\/heros-locaux\/#breadcrumb\"},\"inLanguage\":\"fr-FR\",\"potentialAction\":[{\"@type\":\"ReadAction\",\"target\":[\"https:\/\/stayhaws.com\/fr\/lisbonne\/heros-locaux\/\"]}]},{\"@type\":\"BreadcrumbList\",\"@id\":\"https:\/\/stayhaws.com\/fr\/lisbonne\/heros-locaux\/#breadcrumb\",\"itemListElement\":[{\"@type\":\"ListItem\",\"position\":1,\"name\":\"Home\",\"item\":\"https:\/\/stayhaws.com\/fr\/\"},{\"@type\":\"ListItem\",\"position\":2,\"name\":\"Lisbonne\",\"item\":\"https:\/\/stayhaws.com\/fr\/lisboa\/\"},{\"@type\":\"ListItem\",\"position\":3,\"name\":\"H\u00e9ros Locaux\"}]},{\"@type\":\"WebSite\",\"@id\":\"https:\/\/stayhaws.com\/fr\/#website\",\"url\":\"https:\/\/stayhaws.com\/fr\/\",\"name\":\"HAWS Lifestyle Hospitality\",\"description\":\"Stay Like Home\",\"publisher\":{\"@id\":\"https:\/\/stayhaws.com\/fr\/#organization\"},\"potentialAction\":[{\"@type\":\"SearchAction\",\"target\":{\"@type\":\"EntryPoint\",\"urlTemplate\":\"https:\/\/stayhaws.com\/fr\/?s={search_term_string}\"},\"query-input\":{\"@type\":\"PropertyValueSpecification\",\"valueRequired\":true,\"valueName\":\"search_term_string\"}}],\"inLanguage\":\"fr-FR\"},{\"@type\":\"Organization\",\"@id\":\"https:\/\/stayhaws.com\/fr\/#organization\",\"name\":\"HAWS Lifestyle Hospitality\",\"url\":\"https:\/\/stayhaws.com\/fr\/\",\"logo\":{\"@type\":\"ImageObject\",\"inLanguage\":\"fr-FR\",\"@id\":\"https:\/\/stayhaws.com\/fr\/#\/schema\/logo\/image\/\",\"url\":\"https:\/\/stayhaws.com\/wp-content\/uploads\/2024\/09\/haws-logo-tagline-serif-blue.svg\",\"contentUrl\":\"https:\/\/stayhaws.com\/wp-content\/uploads\/2024\/09\/haws-logo-tagline-serif-blue.svg\",\"width\":1,\"height\":1,\"caption\":\"HAWS Lifestyle Hospitality\"},\"image\":{\"@id\":\"https:\/\/stayhaws.com\/fr\/#\/schema\/logo\/image\/\"}}]}<\/script>\n<!-- \/ Yoast SEO plugin. -->","yoast_head_json":{"title":"O\u00f9 que la vie vous m\u00e8ne, s\u00e9journez comme chez vous - Haws Lifestyle Hospitality","description":"Haws est bien plus qu'un simple lieu d'h\u00e9bergement. Nous avons pour ambition de cr\u00e9er des espaces d\u00e9cloisonn\u00e9s qui rassembleront une nouvelle g\u00e9n\u00e9ration d'acteurs du changement audacieux, un lieu o\u00f9 se connecter, vivre, travailler, se divertir et s'aimer.","robots":{"index":"index","follow":"follow","max-snippet":"max-snippet:-1","max-image-preview":"max-image-preview:large","max-video-preview":"max-video-preview:-1"},"canonical":"https:\/\/stayhaws.com\/fr\/lisbonne\/heros-locaux\/","og_locale":"fr_FR","og_type":"article","og_title":"O\u00f9 que la vie vous m\u00e8ne, s\u00e9journez comme chez vous - Haws Lifestyle Hospitality","og_description":"Haws est bien plus qu'un simple lieu d'h\u00e9bergement. Nous avons pour ambition de cr\u00e9er des espaces d\u00e9cloisonn\u00e9s qui rassembleront une nouvelle g\u00e9n\u00e9ration d'acteurs du changement audacieux, un lieu o\u00f9 se connecter, vivre, travailler, se divertir et s'aimer.","og_url":"https:\/\/stayhaws.com\/fr\/lisbonne\/heros-locaux\/","og_site_name":"Haws Lifestyle Hospitality","article_modified_time":"2026-02-07T15:20:20+00:00","twitter_card":"summary_large_image","schema":{"@context":"https:\/\/schema.org","@graph":[{"@type":"WebPage","@id":"https:\/\/stayhaws.com\/fr\/lisbonne\/heros-locaux\/","url":"https:\/\/stayhaws.com\/fr\/lisbonne\/heros-locaux\/","name":"O\u00f9 que la vie vous m\u00e8ne, s\u00e9journez comme chez vous - Haws Lifestyle Hospitality","isPartOf":{"@id":"https:\/\/stayhaws.com\/fr\/#website"},"datePublished":"2025-07-25T05:36:42+00:00","dateModified":"2026-02-07T15:20:20+00:00","description":"Haws est bien plus qu'un simple lieu d'h\u00e9bergement. Nous avons pour ambition de cr\u00e9er des espaces d\u00e9cloisonn\u00e9s qui rassembleront une nouvelle g\u00e9n\u00e9ration d'acteurs du changement audacieux, un lieu o\u00f9 se connecter, vivre, travailler, se divertir et s'aimer.","breadcrumb":{"@id":"https:\/\/stayhaws.com\/fr\/lisbonne\/heros-locaux\/#breadcrumb"},"inLanguage":"fr-FR","potentialAction":[{"@type":"ReadAction","target":["https:\/\/stayhaws.com\/fr\/lisbonne\/heros-locaux\/"]}]},{"@type":"BreadcrumbList","@id":"https:\/\/stayhaws.com\/fr\/lisbonne\/heros-locaux\/#breadcrumb","itemListElement":[{"@type":"ListItem","position":1,"name":"Home","item":"https:\/\/stayhaws.com\/fr\/"},{"@type":"ListItem","position":2,"name":"Lisbonne","item":"https:\/\/stayhaws.com\/fr\/lisboa\/"},{"@type":"ListItem","position":3,"name":"H\u00e9ros Locaux"}]},{"@type":"WebSite","@id":"https:\/\/stayhaws.com\/fr\/#website","url":"https:\/\/stayhaws.com\/fr\/","name":"HAWS Lifestyle Hospitality","description":"Stay Like Home","publisher":{"@id":"https:\/\/stayhaws.com\/fr\/#organization"},"potentialAction":[{"@type":"SearchAction","target":{"@type":"EntryPoint","urlTemplate":"https:\/\/stayhaws.com\/fr\/?s={search_term_string}"},"query-input":{"@type":"PropertyValueSpecification","valueRequired":true,"valueName":"search_term_string"}}],"inLanguage":"fr-FR"},{"@type":"Organization","@id":"https:\/\/stayhaws.com\/fr\/#organization","name":"HAWS Lifestyle Hospitality","url":"https:\/\/stayhaws.com\/fr\/","logo":{"@type":"ImageObject","inLanguage":"fr-FR","@id":"https:\/\/stayhaws.com\/fr\/#\/schema\/logo\/image\/","url":"https:\/\/stayhaws.com\/wp-content\/uploads\/2024\/09\/haws-logo-tagline-serif-blue.svg","contentUrl":"https:\/\/stayhaws.com\/wp-content\/uploads\/2024\/09\/haws-logo-tagline-serif-blue.svg","width":1,"height":1,"caption":"HAWS Lifestyle Hospitality"},"image":{"@id":"https:\/\/stayhaws.com\/fr\/#\/schema\/logo\/image\/"}}]}},"featured_image_src":null,"featured_image_src_square":null,"_links":{"self":[{"href":"https:\/\/stayhaws.com\/fr\/wp-json\/wp\/v2\/pages\/3722","targetHints":{"allow":["GET"]}}],"collection":[{"href":"https:\/\/stayhaws.com\/fr\/wp-json\/wp\/v2\/pages"}],"about":[{"href":"https:\/\/stayhaws.com\/fr\/wp-json\/wp\/v2\/types\/page"}],"author":[{"embeddable":true,"href":"https:\/\/stayhaws.com\/fr\/wp-json\/wp\/v2\/users\/2"}],"replies":[{"embeddable":true,"href":"https:\/\/stayhaws.com\/fr\/wp-json\/wp\/v2\/comments?post=3722"}],"version-history":[{"count":2,"href":"https:\/\/stayhaws.com\/fr\/wp-json\/wp\/v2\/pages\/3722\/revisions"}],"predecessor-version":[{"id":4603,"href":"https:\/\/stayhaws.com\/fr\/wp-json\/wp\/v2\/pages\/3722\/revisions\/4603"}],"up":[{"embeddable":true,"href":"https:\/\/stayhaws.com\/fr\/wp-json\/wp\/v2\/pages\/3653"}],"wp:attachment":[{"href":"https:\/\/stayhaws.com\/fr\/wp-json\/wp\/v2\/media?parent=3722"}],"curies":[{"name":"wp","href":"https:\/\/api.w.org\/{rel}","templated":true}]}}