{"id":3811,"date":"2025-11-27T07:31:51","date_gmt":"2025-11-27T06:31:51","guid":{"rendered":"https:\/\/stayhaws.com\/lisbonne\/heros-locaux\/markets\/"},"modified":"2026-02-15T11:46:01","modified_gmt":"2026-02-15T10:46:01","slug":"marches","status":"publish","type":"page","link":"https:\/\/stayhaws.com\/fr\/lisbonne\/heros-locaux\/marches\/","title":{"rendered":"March\u00e9s"},"content":{"rendered":"\t\t<div data-elementor-type=\"wp-page\" data-elementor-id=\"3811\" class=\"elementor elementor-3811 elementor-3304\" data-elementor-post-type=\"page\">\n\t\t\t\t<div class=\"elementor-element elementor-element-29838a1 e-flex e-con-boxed e-con e-parent\" data-id=\"29838a1\" data-element_type=\"container\" data-e-type=\"container\" data-settings=\"{&quot;background_background&quot;:&quot;classic&quot;}\">\n\t\t\t\t\t<div class=\"e-con-inner\">\n\t\t<div class=\"elementor-element elementor-element-7bf49ed e-con-full e-flex e-con e-child\" data-id=\"7bf49ed\" data-element_type=\"container\" data-e-type=\"container\">\n\t\t\t\t<div class=\"elementor-element elementor-element-e23c269 animated-slow elementor-invisible elementor-widget elementor-widget-heading\" data-id=\"e23c269\" data-element_type=\"widget\" data-e-type=\"widget\" data-settings=\"{&quot;_animation&quot;:&quot;fadeInDown&quot;}\" data-widget_type=\"heading.default\">\n\t\t\t\t<div class=\"elementor-widget-container\">\n\t\t\t\t\t<h1 class=\"elementor-heading-title elementor-size-default\">H\u00e9ros Locaux<\/h1>\t\t\t\t<\/div>\n\t\t\t\t<\/div>\n\t\t\t\t<div class=\"elementor-element elementor-element-e00d0c3 elementor-widget__width-initial animated-slow elementor-invisible elementor-widget elementor-widget-text-editor\" data-id=\"e00d0c3\" data-element_type=\"widget\" data-e-type=\"widget\" data-settings=\"{&quot;_animation&quot;:&quot;fadeInUp&quot;}\" data-widget_type=\"text-editor.default\">\n\t\t\t\t<div class=\"elementor-widget-container\">\n\t\t\t\t\t\t\t\t\t<p>Confort luxueux et service in\u00e9gal\u00e9 au c\u0153ur de Lisbonne<\/p>\t\t\t\t\t\t\t\t<\/div>\n\t\t\t\t<\/div>\n\t\t\t\t<\/div>\n\t\t<div class=\"elementor-element elementor-element-aa1f8ca e-con-full e-flex e-con e-child\" data-id=\"aa1f8ca\" data-element_type=\"container\" data-e-type=\"container\">\n\t\t\t\t<div class=\"elementor-element elementor-element-6777a3b elementor-widget__width-inherit elementor-widget elementor-widget-html\" data-id=\"6777a3b\" data-element_type=\"widget\" data-e-type=\"widget\" data-widget_type=\"html.default\">\n\t\t\t\t<div class=\"elementor-widget-container\">\n\t\t\t\t\t<!-- Importar la fuente Epilogue -->\n<link rel=\"preconnect\" href=\"https:\/\/fonts.googleapis.com\">\n<link rel=\"preconnect\" href=\"https:\/\/fonts.gstatic.com\" crossorigin>\n<link href=\"https:\/\/fonts.googleapis.com\/css2?family=Epilogue:wght@400;700&display=swap\" rel=\"stylesheet\">\n\n<!-- Importar los estilos y el script de Flatpickr -->\n<link rel=\"stylesheet\" href=\"https:\/\/cdn.jsdelivr.net\/npm\/flatpickr\/dist\/flatpickr.min.css\">\n<script src=\"https:\/\/cdn.jsdelivr.net\/npm\/flatpickr\"><\/script>\n\n<div class=\"booking-form-container\">\n  <form class=\"booking-form\" id=\"mews-booking-widget\">\n\n    <div class=\"form-group\">\n      <label for=\"location\">Destinations \/ Lieux<\/label>\n      <input type=\"text\" id=\"location\" value=\"Lisbonne\" readonly>\n    <\/div>\n\n    <div class=\"form-group\">\n      <label for=\"checkin-checkout\">Arriv\u00e9e \/ D\u00e9part<\/label>\n      <input type=\"text\" id=\"checkin-checkout\" name=\"checkin-checkout\" placeholder=\"Ajouter des Dates\" required>\n    <\/div>\n\n    <div class=\"form-group\">\n      <div style=\"display: flex; gap: 10px;\">\n        <div style=\"flex: 1;\">\n          <label for=\"adults-input\" style=\"display: block; margin-bottom: 5px;\">Adultes<\/label>\n          <input type=\"number\" id=\"adults-input\" name=\"adults\" value=\"2\" min=\"1\" style=\"width: 100%; padding: 5px;\">\n        <\/div>\n        <div style=\"flex: 1;\">\n          <label for=\"children-input\" style=\"display: block; margin-bottom: 5px;\">Enfants<\/label>\n          <input type=\"number\" id=\"children-input\" name=\"children\" value=\"0\" min=\"0\" style=\"width: 100%; padding: 5px;\">\n        <\/div>\n      <\/div>\n    <\/div>\n\n    <div class=\"form-group\">\n      <label for=\"promo-code\">Vous avez un Code ?<\/label>\n      <input type=\"text\" id=\"promo-code\" name=\"promo-code\" placeholder=\"Saisissez le code\">\n    <\/div>\n\n    <div class=\"form-group-button\">\n      <button type=\"submit\" id=\"dates-submit\" value=\"Chargement...\">V\u00e9rifier la Disponibilit\u00e9<\/button>\n    <\/div>\n  <\/form>\n<\/div>\n\n<script>\n  flatpickr(\"#checkin-checkout\", {\n    mode: \"range\",\n    dateFormat: \"d\/m\/Y\",\n    minDate: \"today\",\n  });\n<\/script>\t\t\t\t<\/div>\n\t\t\t\t<\/div>\n\t\t\t\t<\/div>\n\t\t\t\t\t<\/div>\n\t\t\t\t<\/div>\n\t\t<div class=\"elementor-element elementor-element-c9dfc0a e-con-full e-flex e-con e-parent\" data-id=\"c9dfc0a\" data-element_type=\"container\" data-e-type=\"container\" data-settings=\"{&quot;background_background&quot;:&quot;classic&quot;}\">\n\t\t\t\t<div class=\"elementor-element elementor-element-19a159f elementor-invisible elementor-widget elementor-widget-heading\" data-id=\"19a159f\" data-element_type=\"widget\" data-e-type=\"widget\" data-settings=\"{&quot;_animation&quot;:&quot;fadeInDown&quot;}\" data-widget_type=\"heading.default\">\n\t\t\t\t<div class=\"elementor-widget-container\">\n\t\t\t\t\t<p class=\"elementor-heading-title elementor-size-default\"><a href=\"https:\/\/stayhaws.com\/lisboa\/lisboa-heroes\/\">Lisbonne &gt; H\u00e9ros Locaux<\/a><\/p>\t\t\t\t<\/div>\n\t\t\t\t<\/div>\n\t\t\t\t<div class=\"elementor-element elementor-element-6e23a4f elementor-invisible elementor-widget elementor-widget-heading\" data-id=\"6e23a4f\" data-element_type=\"widget\" data-e-type=\"widget\" data-settings=\"{&quot;_animation&quot;:&quot;fadeInUp&quot;}\" data-widget_type=\"heading.default\">\n\t\t\t\t<div class=\"elementor-widget-container\">\n\t\t\t\t\t<h2 class=\"elementor-heading-title elementor-size-default\">March\u00e9s<\/h2>\t\t\t\t<\/div>\n\t\t\t\t<\/div>\n\t\t\t\t<\/div>\n\t\t<div class=\"elementor-element elementor-element-e7bd527 e-con-full e-flex e-con e-parent\" data-id=\"e7bd527\" data-element_type=\"container\" data-e-type=\"container\" data-settings=\"{&quot;background_background&quot;:&quot;classic&quot;}\">\n\t\t<div class=\"elementor-element elementor-element-e1ed33f e-flex e-con-boxed e-con e-child\" data-id=\"e1ed33f\" data-element_type=\"container\" data-e-type=\"container\">\n\t\t\t\t\t<div class=\"e-con-inner\">\n\t\t<div class=\"elementor-element elementor-element-1bcb095 e-con-full animated-slow e-flex elementor-invisible e-con e-child\" data-id=\"1bcb095\" data-element_type=\"container\" data-e-type=\"container\" data-settings=\"{&quot;background_background&quot;:&quot;classic&quot;,&quot;animation&quot;:&quot;fadeInLeft&quot;}\">\n\t\t\t\t<div class=\"elementor-element elementor-element-73b73d1 animated-slow elementor-invisible elementor-widget elementor-widget-image\" data-id=\"73b73d1\" data-element_type=\"widget\" data-e-type=\"widget\" data-settings=\"{&quot;_animation&quot;:&quot;fadeInLeft&quot;,&quot;_animation_delay&quot;:600}\" data-widget_type=\"image.default\">\n\t\t\t\t<div class=\"elementor-widget-container\">\n\t\t\t\t\t\t\t\t\t\t\t\t\t\t\t<img decoding=\"async\" src=\"https:\/\/stayhaws.com\/wp-content\/uploads\/elementor\/thumbs\/Time-Out-Market-2-rfb9u4mkhik5bofapui935q7e6qwxl1ubcfso5leew.webp\" title=\"Time Out Market 2\" alt=\"Time Out Market 2\" loading=\"lazy\" \/>\t\t\t\t\t\t\t\t\t\t\t\t\t\t\t<\/div>\n\t\t\t\t<\/div>\n\t\t\t\t<\/div>\n\t\t<div class=\"elementor-element elementor-element-a077af9 e-con-full e-flex e-con e-child\" data-id=\"a077af9\" data-element_type=\"container\" data-e-type=\"container\">\n\t\t\t\t<div class=\"elementor-element elementor-element-4db4093 animated-slow elementor-invisible elementor-widget elementor-widget-heading\" data-id=\"4db4093\" data-element_type=\"widget\" data-e-type=\"widget\" data-settings=\"{&quot;_animation&quot;:&quot;fadeInDown&quot;}\" data-widget_type=\"heading.default\">\n\t\t\t\t<div class=\"elementor-widget-container\">\n\t\t\t\t\t<p class=\"elementor-heading-title elementor-size-default\">Time Out Market<\/p>\t\t\t\t<\/div>\n\t\t\t\t<\/div>\n\t\t\t\t<div class=\"elementor-element elementor-element-5d6f1b6 elementor-widget elementor-widget-text-editor\" data-id=\"5d6f1b6\" data-element_type=\"widget\" data-e-type=\"widget\" data-widget_type=\"text-editor.default\">\n\t\t\t\t<div class=\"elementor-widget-container\">\n\t\t\t\t\t\t\t\t\t<p>Mercado da Ribeira, Av. 24 de Julho, 1200-479 Lisboa<\/p><p><strong>Ouvert tous les jours de 10h \u00e0 00h<\/strong><\/p><p>Un concept cr\u00e9\u00e9 de toutes pi\u00e8ces en 2014 par l&rsquo;\u00e9quipe de Time Out Portugal, avec uniquement les meilleures id\u00e9es et projets commerciaux de Lisbonne \u2013 selon l&rsquo;\u00e9quipe \u00e9ditoriale \u2013 qui peuvent rester sur le march\u00e9 d&rsquo;une semaine \u00e0 trois ans. Si c&rsquo;est bon, \u00e7a va dans le magazine ; si c&rsquo;est g\u00e9nial, \u00e7a entre dans le march\u00e9.<\/p><p>D&rsquo;un c\u00f4t\u00e9, 26 restaurants, 8 bars, une douzaine de boutiques et une salle de concert haut de gamme, tous avec le meilleur de Lisbonne (le meilleur steak, le meilleur hamburger, les meilleurs sushis et les meilleurs spectacles en direct, entre autres) ; de l&rsquo;autre c\u00f4t\u00e9, le foyer de certains des vendeurs de march\u00e9 les plus connus (et les plus anciens) de la ville, de viande, poisson, fruits et fleurs.<\/p><p>Aujourd&rsquo;hui, ensemble, les deux c\u00f4t\u00e9s sont fiers d&rsquo;avoir transform\u00e9 le b\u00e2timent, ses environs imm\u00e9diats et tout le quartier de Cais do Sodr\u00e9 en une grande attraction pour les visiteurs, de jour comme de nuit.<\/p><p><strong>D\u00e9couvrez nos cours de cuisine et \u00e9v\u00e9nements mensuels !<\/strong><\/p>\t\t\t\t\t\t\t\t<\/div>\n\t\t\t\t<\/div>\n\t\t\t\t<div class=\"elementor-element elementor-element-fde609d animated-slow elementor-invisible elementor-widget elementor-widget-button\" data-id=\"fde609d\" data-element_type=\"widget\" data-e-type=\"widget\" data-settings=\"{&quot;_animation&quot;:&quot;fadeInUp&quot;}\" data-widget_type=\"button.default\">\n\t\t\t\t<div class=\"elementor-widget-container\">\n\t\t\t\t\t\t\t\t\t<div class=\"elementor-button-wrapper\">\n\t\t\t\t\t<a class=\"elementor-button elementor-button-link elementor-size-sm\" href=\"https:\/\/www.timeout.com\/time-out-market-lisboa\" target=\"_blank\">\n\t\t\t\t\t\t<span class=\"elementor-button-content-wrapper\">\n\t\t\t\t\t\t\t\t\t<span class=\"elementor-button-text\">Visitez le site web du Time Out Market<\/span>\n\t\t\t\t\t<\/span>\n\t\t\t\t\t<\/a>\n\t\t\t\t<\/div>\n\t\t\t\t\t\t\t\t<\/div>\n\t\t\t\t<\/div>\n\t\t\t\t<\/div>\n\t\t\t\t\t<\/div>\n\t\t\t\t<\/div>\n\t\t\t\t<\/div>\n\t\t\t\t<\/div>\n\t\t","protected":false},"excerpt":{"rendered":"<p>Local Heroes Luxurious comfort and unmatched\u2028service in the heart of Lisbon Location Check In \/ Check Out Adults Children Got a Code? Check Availability Lisboa &gt; Local Heroes Markets Time Out Market Mercado da Ribeira, Av. 24 de Julho, 1200-479 Lisboa Open everyday from 10h-00h A concept created from scratch in 2014 by the team [&hellip;]<\/p>\n","protected":false},"author":2,"featured_media":0,"parent":3722,"menu_order":0,"comment_status":"closed","ping_status":"closed","template":"","meta":{"footnotes":""},"class_list":["post-3811","page","type-page","status-publish","hentry"],"acf":[],"yoast_head":"<!-- This site is optimized with the Yoast SEO plugin v26.9 - https:\/\/yoast.com\/product\/yoast-seo-wordpress\/ -->\n<title>Wherever life takes you, stay like home - Haws Lifestyle Hospitality<\/title>\n<meta name=\"description\" content=\"Haws is much more than a place to stay. We are on a quest to create boundary-blurring spaces that will bring together a new generation of bold change-makers to connect, stay, work, play and love.\" \/>\n<meta name=\"robots\" content=\"index, follow, max-snippet:-1, max-image-preview:large, max-video-preview:-1\" \/>\n<link rel=\"canonical\" href=\"https:\/\/stayhaws.com\/fr\/lisbonne\/heros-locaux\/marches\/\" \/>\n<meta property=\"og:locale\" content=\"fr_FR\" \/>\n<meta property=\"og:type\" content=\"article\" \/>\n<meta property=\"og:title\" content=\"Wherever life takes you, stay like home - Haws Lifestyle Hospitality\" \/>\n<meta property=\"og:description\" content=\"Haws is much more than a place to stay. We are on a quest to create boundary-blurring spaces that will bring together a new generation of bold change-makers to connect, stay, work, play and love.\" \/>\n<meta property=\"og:url\" content=\"https:\/\/stayhaws.com\/fr\/lisbonne\/heros-locaux\/marches\/\" \/>\n<meta property=\"og:site_name\" content=\"Haws Lifestyle Hospitality\" \/>\n<meta property=\"article:modified_time\" content=\"2026-02-15T10:46:01+00:00\" \/>\n<meta property=\"og:image\" content=\"https:\/\/stayhaws.com\/wp-content\/uploads\/elementor\/thumbs\/Time-Out-Market-2-rfb9u4mkhik5bofapui935q7e6qwxl1ubcfso5leew.webp\" \/>\n<meta name=\"twitter:card\" content=\"summary_large_image\" \/>\n<meta name=\"twitter:label1\" content=\"Dur\u00e9e de lecture estim\u00e9e\" \/>\n\t<meta name=\"twitter:data1\" content=\"2 minutes\" \/>\n<script type=\"application\/ld+json\" class=\"yoast-schema-graph\">{\"@context\":\"https:\/\/schema.org\",\"@graph\":[{\"@type\":\"WebPage\",\"@id\":\"https:\/\/stayhaws.com\/fr\/lisbonne\/heros-locaux\/marches\/\",\"url\":\"https:\/\/stayhaws.com\/fr\/lisbonne\/heros-locaux\/marches\/\",\"name\":\"Wherever life takes you, stay like home - Haws Lifestyle Hospitality\",\"isPartOf\":{\"@id\":\"https:\/\/stayhaws.com\/fr\/#website\"},\"primaryImageOfPage\":{\"@id\":\"https:\/\/stayhaws.com\/fr\/lisbonne\/heros-locaux\/marches\/#primaryimage\"},\"image\":{\"@id\":\"https:\/\/stayhaws.com\/fr\/lisbonne\/heros-locaux\/marches\/#primaryimage\"},\"thumbnailUrl\":\"https:\/\/stayhaws.com\/wp-content\/uploads\/elementor\/thumbs\/Time-Out-Market-2-rfb9u4mkhik5bofapui935q7e6qwxl1ubcfso5leew.webp\",\"datePublished\":\"2025-11-27T06:31:51+00:00\",\"dateModified\":\"2026-02-15T10:46:01+00:00\",\"description\":\"Haws is much more than a place to stay. We are on a quest to create boundary-blurring spaces that will bring together a new generation of bold change-makers to connect, stay, work, play and love.\",\"breadcrumb\":{\"@id\":\"https:\/\/stayhaws.com\/fr\/lisbonne\/heros-locaux\/marches\/#breadcrumb\"},\"inLanguage\":\"fr-FR\",\"potentialAction\":[{\"@type\":\"ReadAction\",\"target\":[\"https:\/\/stayhaws.com\/fr\/lisbonne\/heros-locaux\/marches\/\"]}]},{\"@type\":\"ImageObject\",\"inLanguage\":\"fr-FR\",\"@id\":\"https:\/\/stayhaws.com\/fr\/lisbonne\/heros-locaux\/marches\/#primaryimage\",\"url\":\"https:\/\/stayhaws.com\/wp-content\/uploads\/elementor\/thumbs\/Time-Out-Market-2-rfb9u4mkhik5bofapui935q7e6qwxl1ubcfso5leew.webp\",\"contentUrl\":\"https:\/\/stayhaws.com\/wp-content\/uploads\/elementor\/thumbs\/Time-Out-Market-2-rfb9u4mkhik5bofapui935q7e6qwxl1ubcfso5leew.webp\"},{\"@type\":\"BreadcrumbList\",\"@id\":\"https:\/\/stayhaws.com\/fr\/lisbonne\/heros-locaux\/marches\/#breadcrumb\",\"itemListElement\":[{\"@type\":\"ListItem\",\"position\":1,\"name\":\"Home\",\"item\":\"https:\/\/stayhaws.com\/fr\/\"},{\"@type\":\"ListItem\",\"position\":2,\"name\":\"Lisbonne\",\"item\":\"https:\/\/stayhaws.com\/fr\/lisboa\/\"},{\"@type\":\"ListItem\",\"position\":3,\"name\":\"H\u00e9ros Locaux\",\"item\":\"https:\/\/stayhaws.com\/fr\/lisboa\/lisboa-heroes\/\"},{\"@type\":\"ListItem\",\"position\":4,\"name\":\"March\u00e9s\"}]},{\"@type\":\"WebSite\",\"@id\":\"https:\/\/stayhaws.com\/fr\/#website\",\"url\":\"https:\/\/stayhaws.com\/fr\/\",\"name\":\"HAWS Lifestyle Hospitality\",\"description\":\"Stay Like Home\",\"publisher\":{\"@id\":\"https:\/\/stayhaws.com\/fr\/#organization\"},\"potentialAction\":[{\"@type\":\"SearchAction\",\"target\":{\"@type\":\"EntryPoint\",\"urlTemplate\":\"https:\/\/stayhaws.com\/fr\/?s={search_term_string}\"},\"query-input\":{\"@type\":\"PropertyValueSpecification\",\"valueRequired\":true,\"valueName\":\"search_term_string\"}}],\"inLanguage\":\"fr-FR\"},{\"@type\":\"Organization\",\"@id\":\"https:\/\/stayhaws.com\/fr\/#organization\",\"name\":\"HAWS Lifestyle Hospitality\",\"url\":\"https:\/\/stayhaws.com\/fr\/\",\"logo\":{\"@type\":\"ImageObject\",\"inLanguage\":\"fr-FR\",\"@id\":\"https:\/\/stayhaws.com\/fr\/#\/schema\/logo\/image\/\",\"url\":\"https:\/\/stayhaws.com\/wp-content\/uploads\/2024\/09\/haws-logo-tagline-serif-blue.svg\",\"contentUrl\":\"https:\/\/stayhaws.com\/wp-content\/uploads\/2024\/09\/haws-logo-tagline-serif-blue.svg\",\"width\":1,\"height\":1,\"caption\":\"HAWS Lifestyle Hospitality\"},\"image\":{\"@id\":\"https:\/\/stayhaws.com\/fr\/#\/schema\/logo\/image\/\"}}]}<\/script>\n<!-- \/ Yoast SEO plugin. -->","yoast_head_json":{"title":"Wherever life takes you, stay like home - Haws Lifestyle Hospitality","description":"Haws is much more than a place to stay. We are on a quest to create boundary-blurring spaces that will bring together a new generation of bold change-makers to connect, stay, work, play and love.","robots":{"index":"index","follow":"follow","max-snippet":"max-snippet:-1","max-image-preview":"max-image-preview:large","max-video-preview":"max-video-preview:-1"},"canonical":"https:\/\/stayhaws.com\/fr\/lisbonne\/heros-locaux\/marches\/","og_locale":"fr_FR","og_type":"article","og_title":"Wherever life takes you, stay like home - Haws Lifestyle Hospitality","og_description":"Haws is much more than a place to stay. We are on a quest to create boundary-blurring spaces that will bring together a new generation of bold change-makers to connect, stay, work, play and love.","og_url":"https:\/\/stayhaws.com\/fr\/lisbonne\/heros-locaux\/marches\/","og_site_name":"Haws Lifestyle Hospitality","article_modified_time":"2026-02-15T10:46:01+00:00","og_image":[{"url":"https:\/\/stayhaws.com\/wp-content\/uploads\/elementor\/thumbs\/Time-Out-Market-2-rfb9u4mkhik5bofapui935q7e6qwxl1ubcfso5leew.webp","type":"","width":"","height":""}],"twitter_card":"summary_large_image","twitter_misc":{"Dur\u00e9e de lecture estim\u00e9e":"2 minutes"},"schema":{"@context":"https:\/\/schema.org","@graph":[{"@type":"WebPage","@id":"https:\/\/stayhaws.com\/fr\/lisbonne\/heros-locaux\/marches\/","url":"https:\/\/stayhaws.com\/fr\/lisbonne\/heros-locaux\/marches\/","name":"Wherever life takes you, stay like home - Haws Lifestyle Hospitality","isPartOf":{"@id":"https:\/\/stayhaws.com\/fr\/#website"},"primaryImageOfPage":{"@id":"https:\/\/stayhaws.com\/fr\/lisbonne\/heros-locaux\/marches\/#primaryimage"},"image":{"@id":"https:\/\/stayhaws.com\/fr\/lisbonne\/heros-locaux\/marches\/#primaryimage"},"thumbnailUrl":"https:\/\/stayhaws.com\/wp-content\/uploads\/elementor\/thumbs\/Time-Out-Market-2-rfb9u4mkhik5bofapui935q7e6qwxl1ubcfso5leew.webp","datePublished":"2025-11-27T06:31:51+00:00","dateModified":"2026-02-15T10:46:01+00:00","description":"Haws is much more than a place to stay. We are on a quest to create boundary-blurring spaces that will bring together a new generation of bold change-makers to connect, stay, work, play and love.","breadcrumb":{"@id":"https:\/\/stayhaws.com\/fr\/lisbonne\/heros-locaux\/marches\/#breadcrumb"},"inLanguage":"fr-FR","potentialAction":[{"@type":"ReadAction","target":["https:\/\/stayhaws.com\/fr\/lisbonne\/heros-locaux\/marches\/"]}]},{"@type":"ImageObject","inLanguage":"fr-FR","@id":"https:\/\/stayhaws.com\/fr\/lisbonne\/heros-locaux\/marches\/#primaryimage","url":"https:\/\/stayhaws.com\/wp-content\/uploads\/elementor\/thumbs\/Time-Out-Market-2-rfb9u4mkhik5bofapui935q7e6qwxl1ubcfso5leew.webp","contentUrl":"https:\/\/stayhaws.com\/wp-content\/uploads\/elementor\/thumbs\/Time-Out-Market-2-rfb9u4mkhik5bofapui935q7e6qwxl1ubcfso5leew.webp"},{"@type":"BreadcrumbList","@id":"https:\/\/stayhaws.com\/fr\/lisbonne\/heros-locaux\/marches\/#breadcrumb","itemListElement":[{"@type":"ListItem","position":1,"name":"Home","item":"https:\/\/stayhaws.com\/fr\/"},{"@type":"ListItem","position":2,"name":"Lisbonne","item":"https:\/\/stayhaws.com\/fr\/lisboa\/"},{"@type":"ListItem","position":3,"name":"H\u00e9ros Locaux","item":"https:\/\/stayhaws.com\/fr\/lisboa\/lisboa-heroes\/"},{"@type":"ListItem","position":4,"name":"March\u00e9s"}]},{"@type":"WebSite","@id":"https:\/\/stayhaws.com\/fr\/#website","url":"https:\/\/stayhaws.com\/fr\/","name":"HAWS Lifestyle Hospitality","description":"Stay Like Home","publisher":{"@id":"https:\/\/stayhaws.com\/fr\/#organization"},"potentialAction":[{"@type":"SearchAction","target":{"@type":"EntryPoint","urlTemplate":"https:\/\/stayhaws.com\/fr\/?s={search_term_string}"},"query-input":{"@type":"PropertyValueSpecification","valueRequired":true,"valueName":"search_term_string"}}],"inLanguage":"fr-FR"},{"@type":"Organization","@id":"https:\/\/stayhaws.com\/fr\/#organization","name":"HAWS Lifestyle Hospitality","url":"https:\/\/stayhaws.com\/fr\/","logo":{"@type":"ImageObject","inLanguage":"fr-FR","@id":"https:\/\/stayhaws.com\/fr\/#\/schema\/logo\/image\/","url":"https:\/\/stayhaws.com\/wp-content\/uploads\/2024\/09\/haws-logo-tagline-serif-blue.svg","contentUrl":"https:\/\/stayhaws.com\/wp-content\/uploads\/2024\/09\/haws-logo-tagline-serif-blue.svg","width":1,"height":1,"caption":"HAWS Lifestyle Hospitality"},"image":{"@id":"https:\/\/stayhaws.com\/fr\/#\/schema\/logo\/image\/"}}]}},"featured_image_src":null,"featured_image_src_square":null,"_links":{"self":[{"href":"https:\/\/stayhaws.com\/fr\/wp-json\/wp\/v2\/pages\/3811","targetHints":{"allow":["GET"]}}],"collection":[{"href":"https:\/\/stayhaws.com\/fr\/wp-json\/wp\/v2\/pages"}],"about":[{"href":"https:\/\/stayhaws.com\/fr\/wp-json\/wp\/v2\/types\/page"}],"author":[{"embeddable":true,"href":"https:\/\/stayhaws.com\/fr\/wp-json\/wp\/v2\/users\/2"}],"replies":[{"embeddable":true,"href":"https:\/\/stayhaws.com\/fr\/wp-json\/wp\/v2\/comments?post=3811"}],"version-history":[{"count":1,"href":"https:\/\/stayhaws.com\/fr\/wp-json\/wp\/v2\/pages\/3811\/revisions"}],"predecessor-version":[{"id":3915,"href":"https:\/\/stayhaws.com\/fr\/wp-json\/wp\/v2\/pages\/3811\/revisions\/3915"}],"up":[{"embeddable":true,"href":"https:\/\/stayhaws.com\/fr\/wp-json\/wp\/v2\/pages\/3722"}],"wp:attachment":[{"href":"https:\/\/stayhaws.com\/fr\/wp-json\/wp\/v2\/media?parent=3811"}],"curies":[{"name":"wp","href":"https:\/\/api.w.org\/{rel}","templated":true}]}}