{"id":3834,"date":"2025-10-13T12:07:24","date_gmt":"2025-10-13T11:07:24","guid":{"rendered":"https:\/\/stayhaws.com\/about-us\/"},"modified":"2026-02-14T15:49:58","modified_gmt":"2026-02-14T14:49:58","slug":"a-propos","status":"publish","type":"page","link":"https:\/\/stayhaws.com\/fr\/a-propos\/","title":{"rendered":"\u00c0 Propos"},"content":{"rendered":"\t\t<div data-elementor-type=\"wp-page\" data-elementor-id=\"3834\" class=\"elementor elementor-3834 elementor-2127\" data-elementor-post-type=\"page\">\n\t\t\t\t<div class=\"elementor-element elementor-element-b669c4d e-flex e-con-boxed e-con e-parent\" data-id=\"b669c4d\" data-element_type=\"container\" data-e-type=\"container\" data-settings=\"{&quot;background_background&quot;:&quot;classic&quot;}\">\n\t\t\t\t\t<div class=\"e-con-inner\">\n\t\t<div class=\"elementor-element elementor-element-100184f e-con-full e-flex e-con e-child\" data-id=\"100184f\" data-element_type=\"container\" data-e-type=\"container\">\n\t\t\t\t<div class=\"elementor-element elementor-element-67af778 animated-slow elementor-invisible elementor-widget elementor-widget-heading\" data-id=\"67af778\" data-element_type=\"widget\" data-e-type=\"widget\" data-settings=\"{&quot;_animation&quot;:&quot;fadeInDown&quot;}\" data-widget_type=\"heading.default\">\n\t\t\t\t<div class=\"elementor-widget-container\">\n\t\t\t\t\t<h1 class=\"elementor-heading-title elementor-size-default\">\u00c0 Propos<\/h1>\t\t\t\t<\/div>\n\t\t\t\t<\/div>\n\t\t\t\t<\/div>\n\t\t\t\t\t<\/div>\n\t\t\t\t<\/div>\n\t\t<div class=\"elementor-element elementor-element-f6f7cb3 e-flex e-con-boxed e-con e-parent\" data-id=\"f6f7cb3\" data-element_type=\"container\" data-e-type=\"container\">\n\t\t\t\t\t<div class=\"e-con-inner\">\n\t\t\t\t<div class=\"elementor-element elementor-element-8de7b75 elementor-widget__width-inherit elementor-widget elementor-widget-heading\" data-id=\"8de7b75\" data-element_type=\"widget\" data-e-type=\"widget\" data-widget_type=\"heading.default\">\n\t\t\t\t<div class=\"elementor-widget-container\">\n\t\t\t\t\t<h4 class=\"elementor-heading-title elementor-size-default\">HAWS Lifestyle Hospitality<\/h4>\t\t\t\t<\/div>\n\t\t\t\t<\/div>\n\t\t\t\t<div class=\"elementor-element elementor-element-e34c273 elementor-widget__width-initial elementor-widget elementor-widget-heading\" data-id=\"e34c273\" data-element_type=\"widget\" data-e-type=\"widget\" data-widget_type=\"heading.default\">\n\t\t\t\t<div class=\"elementor-widget-container\">\n\t\t\t\t\t<h5 class=\"elementor-heading-title elementor-size-default\">Bienvenue chez HAWS \u2014 o\u00f9 chaque s\u00e9jour allie le confort de la maison au design, au service et \u00e0 la flexibilit\u00e9 dont les voyageurs modernes ont besoin. Que vous soyez ici pour le travail, les loisirs ou les deux, notre objectif est de rendre votre exp\u00e9rience fluide et inspirante.<\/h5>\t\t\t\t<\/div>\n\t\t\t\t<\/div>\n\t\t<div class=\"elementor-element elementor-element-4500ca9 e-con-full e-flex e-con e-child\" data-id=\"4500ca9\" data-element_type=\"container\" data-e-type=\"container\">\n\t\t<div class=\"elementor-element elementor-element-a3e50b0 e-con-full animated-slow e-flex elementor-invisible e-con e-child\" data-id=\"a3e50b0\" data-element_type=\"container\" data-e-type=\"container\" data-settings=\"{&quot;animation&quot;:&quot;fadeInLeft&quot;}\">\n\t\t\t\t<div class=\"elementor-element elementor-element-54a6ce3 elementor-widget elementor-widget-image\" data-id=\"54a6ce3\" data-element_type=\"widget\" data-e-type=\"widget\" data-widget_type=\"image.default\">\n\t\t\t\t<div class=\"elementor-widget-container\">\n\t\t\t\t\t\t\t\t\t\t\t\t\t\t\t<img fetchpriority=\"high\" decoding=\"async\" width=\"570\" height=\"668\" src=\"https:\/\/stayhaws.com\/wp-content\/uploads\/2025\/10\/Our-mission.webp\" class=\"attachment-full size-full wp-image-4141\" alt=\"\" srcset=\"https:\/\/stayhaws.com\/wp-content\/uploads\/2025\/10\/Our-mission.webp 570w, https:\/\/stayhaws.com\/wp-content\/uploads\/2025\/10\/Our-mission-256x300.webp 256w\" sizes=\"(max-width: 570px) 100vw, 570px\" \/>\t\t\t\t\t\t\t\t\t\t\t\t\t\t\t<\/div>\n\t\t\t\t<\/div>\n\t\t\t\t<div class=\"elementor-element elementor-element-78f603c elementor-widget__width-inherit elementor-widget elementor-widget-heading\" data-id=\"78f603c\" data-element_type=\"widget\" data-e-type=\"widget\" data-widget_type=\"heading.default\">\n\t\t\t\t<div class=\"elementor-widget-container\">\n\t\t\t\t\t<h4 class=\"elementor-heading-title elementor-size-default\">Notre Mission<\/h4>\t\t\t\t<\/div>\n\t\t\t\t<\/div>\n\t\t\t\t<div class=\"elementor-element elementor-element-fed22f3 elementor-widget__width-initial elementor-widget elementor-widget-heading\" data-id=\"fed22f3\" data-element_type=\"widget\" data-e-type=\"widget\" data-widget_type=\"heading.default\">\n\t\t\t\t<div class=\"elementor-widget-container\">\n\t\t\t\t\t<h5 class=\"elementor-heading-title elementor-size-default\">Red\u00e9finir l'hospitalit\u00e9 en offrant des espaces \u00e9l\u00e9gants et fonctionnels avec des \u00e9quipements pr\u00eats pour le travail, un service exceptionnel et un caract\u00e8re local.<\/h5>\t\t\t\t<\/div>\n\t\t\t\t<\/div>\n\t\t\t\t<\/div>\n\t\t<div class=\"elementor-element elementor-element-e484f06 e-con-full animated-slow e-flex elementor-invisible e-con e-child\" data-id=\"e484f06\" data-element_type=\"container\" data-e-type=\"container\" data-settings=\"{&quot;animation&quot;:&quot;fadeInRight&quot;}\">\n\t\t\t\t<div class=\"elementor-element elementor-element-b735454 elementor-widget elementor-widget-image\" data-id=\"b735454\" data-element_type=\"widget\" data-e-type=\"widget\" data-widget_type=\"image.default\">\n\t\t\t\t<div class=\"elementor-widget-container\">\n\t\t\t\t\t\t\t\t\t\t\t\t\t\t\t<img decoding=\"async\" width=\"570\" height=\"668\" src=\"https:\/\/stayhaws.com\/wp-content\/uploads\/2025\/10\/Our-Story.webp\" class=\"attachment-full size-full wp-image-4140\" alt=\"\" srcset=\"https:\/\/stayhaws.com\/wp-content\/uploads\/2025\/10\/Our-Story.webp 570w, https:\/\/stayhaws.com\/wp-content\/uploads\/2025\/10\/Our-Story-256x300.webp 256w\" sizes=\"(max-width: 570px) 100vw, 570px\" \/>\t\t\t\t\t\t\t\t\t\t\t\t\t\t\t<\/div>\n\t\t\t\t<\/div>\n\t\t\t\t<div class=\"elementor-element elementor-element-6dff487 elementor-widget__width-inherit elementor-widget elementor-widget-heading\" data-id=\"6dff487\" data-element_type=\"widget\" data-e-type=\"widget\" data-widget_type=\"heading.default\">\n\t\t\t\t<div class=\"elementor-widget-container\">\n\t\t\t\t\t<h4 class=\"elementor-heading-title elementor-size-default\">Notre Histoire<\/h4>\t\t\t\t<\/div>\n\t\t\t\t<\/div>\n\t\t\t\t<div class=\"elementor-element elementor-element-f0ae1a5 elementor-widget__width-initial elementor-widget elementor-widget-heading\" data-id=\"f0ae1a5\" data-element_type=\"widget\" data-e-type=\"widget\" data-widget_type=\"heading.default\">\n\t\t\t\t<div class=\"elementor-widget-container\">\n\t\t\t\t\t<h5 class=\"elementor-heading-title elementor-size-default\">HAWS est n\u00e9e de la conviction que les voyageurs d'affaires ne devraient pas avoir \u00e0 choisir entre efficacit\u00e9 et confort. Ancr\u00e9s dans le design, le service et la connectivit\u00e9, nous nous sommes donn\u00e9 pour mission de cr\u00e9er des foyers loin de chez soi \u2014 avec des espaces qui inspirent, un repos qui rajeunit et un soutien sur lequel vous pouvez compter.<\/h5>\t\t\t\t<\/div>\n\t\t\t\t<\/div>\n\t\t\t\t<\/div>\n\t\t\t\t<\/div>\n\t\t\t\t\t<\/div>\n\t\t\t\t<\/div>\n\t\t<div class=\"elementor-element elementor-element-61beb5f e-flex e-con-boxed e-con e-parent\" data-id=\"61beb5f\" data-element_type=\"container\" data-e-type=\"container\" data-settings=\"{&quot;background_background&quot;:&quot;classic&quot;}\">\n\t\t\t\t\t<div class=\"e-con-inner\">\n\t\t\t\t<div class=\"elementor-element elementor-element-ff63de7 elementor-widget__width-inherit elementor-widget elementor-widget-heading\" data-id=\"ff63de7\" data-element_type=\"widget\" data-e-type=\"widget\" data-widget_type=\"heading.default\">\n\t\t\t\t<div class=\"elementor-widget-container\">\n\t\t\t\t\t<h4 class=\"elementor-heading-title elementor-size-default\">Ce Qui Nous Distingue<\/h4>\t\t\t\t<\/div>\n\t\t\t\t<\/div>\n\t\t<div class=\"elementor-element elementor-element-9f14226 e-con-full e-flex e-con e-child\" data-id=\"9f14226\" data-element_type=\"container\" data-e-type=\"container\">\n\t\t<div class=\"elementor-element elementor-element-a84c539 e-con-full animated-slow e-flex elementor-invisible e-con e-child\" data-id=\"a84c539\" data-element_type=\"container\" data-e-type=\"container\" data-settings=\"{&quot;animation&quot;:&quot;fadeInUp&quot;}\">\n\t\t\t\t<div class=\"elementor-element elementor-element-c0a6463 elementor-widget elementor-widget-image\" data-id=\"c0a6463\" data-element_type=\"widget\" data-e-type=\"widget\" data-widget_type=\"image.default\">\n\t\t\t\t<div class=\"elementor-widget-container\">\n\t\t\t\t\t\t\t\t\t\t\t\t\t\t\t<img decoding=\"async\" width=\"78\" height=\"78\" src=\"https:\/\/stayhaws.com\/wp-content\/uploads\/2025\/10\/Designed_accommodations.svg\" class=\"attachment-full size-full wp-image-4136\" alt=\"\" \/>\t\t\t\t\t\t\t\t\t\t\t\t\t\t\t<\/div>\n\t\t\t\t<\/div>\n\t\t\t\t<div class=\"elementor-element elementor-element-129cfb1 elementor-widget__width-inherit elementor-widget elementor-widget-heading\" data-id=\"129cfb1\" data-element_type=\"widget\" data-e-type=\"widget\" data-widget_type=\"heading.default\">\n\t\t\t\t<div class=\"elementor-widget-container\">\n\t\t\t\t\t<p class=\"elementor-heading-title elementor-size-default\">H\u00e9bergements con\u00e7us avec soin<\/p>\t\t\t\t<\/div>\n\t\t\t\t<\/div>\n\t\t\t\t<div class=\"elementor-element elementor-element-4ac7573 elementor-widget__width-inherit elementor-widget elementor-widget-heading\" data-id=\"4ac7573\" data-element_type=\"widget\" data-e-type=\"widget\" data-widget_type=\"heading.default\">\n\t\t\t\t<div class=\"elementor-widget-container\">\n\t\t\t\t\t<p class=\"elementor-heading-title elementor-size-default\">Studios, unit\u00e9s de deux et trois chambres, con\u00e7ues pour le confort et la productivit\u00e9.<\/p>\t\t\t\t<\/div>\n\t\t\t\t<\/div>\n\t\t\t\t<\/div>\n\t\t<div class=\"elementor-element elementor-element-944c26f e-con-full animated-slow e-flex elementor-invisible e-con e-child\" data-id=\"944c26f\" data-element_type=\"container\" data-e-type=\"container\" data-settings=\"{&quot;animation&quot;:&quot;fadeInUp&quot;,&quot;animation_delay&quot;:300}\">\n\t\t\t\t<div class=\"elementor-element elementor-element-e98b533 elementor-widget elementor-widget-image\" data-id=\"e98b533\" data-element_type=\"widget\" data-e-type=\"widget\" data-widget_type=\"image.default\">\n\t\t\t\t<div class=\"elementor-widget-container\">\n\t\t\t\t\t\t\t\t\t\t\t\t\t\t\t<img loading=\"lazy\" decoding=\"async\" width=\"101\" height=\"76\" src=\"https:\/\/stayhaws.com\/wp-content\/uploads\/2025\/07\/Onsite-Working-Spaces.svg\" class=\"attachment-full size-full wp-image-4335\" alt=\"\" \/>\t\t\t\t\t\t\t\t\t\t\t\t\t\t\t<\/div>\n\t\t\t\t<\/div>\n\t\t\t\t<div class=\"elementor-element elementor-element-98fc25c elementor-widget__width-inherit elementor-widget elementor-widget-heading\" data-id=\"98fc25c\" data-element_type=\"widget\" data-e-type=\"widget\" data-widget_type=\"heading.default\">\n\t\t\t\t<div class=\"elementor-widget-container\">\n\t\t\t\t\t<p class=\"elementor-heading-title elementor-size-default\">Installations de travail et de r\u00e9union sur place<\/p>\t\t\t\t<\/div>\n\t\t\t\t<\/div>\n\t\t\t\t<div class=\"elementor-element elementor-element-3b77169 elementor-widget__width-inherit elementor-widget elementor-widget-heading\" data-id=\"3b77169\" data-element_type=\"widget\" data-e-type=\"widget\" data-widget_type=\"heading.default\">\n\t\t\t\t<div class=\"elementor-widget-container\">\n\t\t\t\t\t<p class=\"elementor-heading-title elementor-size-default\">Adapt\u00e9es au travail hybride, aux s\u00e9jours d'entreprise et aux collaborations.<\/p>\t\t\t\t<\/div>\n\t\t\t\t<\/div>\n\t\t\t\t<\/div>\n\t\t<div class=\"elementor-element elementor-element-bb4b2c3 e-con-full animated-slow e-flex elementor-invisible e-con e-child\" data-id=\"bb4b2c3\" data-element_type=\"container\" data-e-type=\"container\" data-settings=\"{&quot;animation&quot;:&quot;fadeInUp&quot;,&quot;animation_delay&quot;:600}\">\n\t\t\t\t<div class=\"elementor-element elementor-element-ed4e48f elementor-widget elementor-widget-image\" data-id=\"ed4e48f\" data-element_type=\"widget\" data-e-type=\"widget\" data-widget_type=\"image.default\">\n\t\t\t\t<div class=\"elementor-widget-container\">\n\t\t\t\t\t\t\t\t\t\t\t\t\t\t\t<img loading=\"lazy\" decoding=\"async\" width=\"64\" height=\"68\" src=\"https:\/\/stayhaws.com\/wp-content\/uploads\/2025\/07\/Flexible.svg\" class=\"attachment-full size-full wp-image-4332\" alt=\"\" \/>\t\t\t\t\t\t\t\t\t\t\t\t\t\t\t<\/div>\n\t\t\t\t<\/div>\n\t\t\t\t<div class=\"elementor-element elementor-element-2c7dacf elementor-widget__width-inherit elementor-widget elementor-widget-heading\" data-id=\"2c7dacf\" data-element_type=\"widget\" data-e-type=\"widget\" data-widget_type=\"heading.default\">\n\t\t\t\t<div class=\"elementor-widget-container\">\n\t\t\t\t\t<p class=\"elementor-heading-title elementor-size-default\">S\u00e9jours flexibles<\/p>\t\t\t\t<\/div>\n\t\t\t\t<\/div>\n\t\t\t\t<div class=\"elementor-element elementor-element-8144d08 elementor-widget__width-inherit elementor-widget elementor-widget-heading\" data-id=\"8144d08\" data-element_type=\"widget\" data-e-type=\"widget\" data-widget_type=\"heading.default\">\n\t\t\t\t<div class=\"elementor-widget-container\">\n\t\t\t\t\t<p class=\"elementor-heading-title elementor-size-default\">D'une nuit \u00e0 plusieurs mois.<\/p>\t\t\t\t<\/div>\n\t\t\t\t<\/div>\n\t\t\t\t<\/div>\n\t\t<div class=\"elementor-element elementor-element-e51802d e-con-full animated-slow e-flex elementor-invisible e-con e-child\" data-id=\"e51802d\" data-element_type=\"container\" data-e-type=\"container\" data-settings=\"{&quot;animation&quot;:&quot;fadeInUp&quot;,&quot;animation_delay&quot;:900}\">\n\t\t\t\t<div class=\"elementor-element elementor-element-c9d5c36 elementor-widget elementor-widget-image\" data-id=\"c9d5c36\" data-element_type=\"widget\" data-e-type=\"widget\" data-widget_type=\"image.default\">\n\t\t\t\t<div class=\"elementor-widget-container\">\n\t\t\t\t\t\t\t\t\t\t\t\t\t\t\t<img loading=\"lazy\" decoding=\"async\" width=\"97\" height=\"75\" src=\"https:\/\/stayhaws.com\/wp-content\/uploads\/2025\/10\/Local_touch.svg\" class=\"attachment-full size-full wp-image-4138\" alt=\"\" \/>\t\t\t\t\t\t\t\t\t\t\t\t\t\t\t<\/div>\n\t\t\t\t<\/div>\n\t\t\t\t<div class=\"elementor-element elementor-element-fa82a1a elementor-widget__width-inherit elementor-widget elementor-widget-heading\" data-id=\"fa82a1a\" data-element_type=\"widget\" data-e-type=\"widget\" data-widget_type=\"heading.default\">\n\t\t\t\t<div class=\"elementor-widget-container\">\n\t\t\t\t\t<p class=\"elementor-heading-title elementor-size-default\">Touche locale<\/p>\t\t\t\t<\/div>\n\t\t\t\t<\/div>\n\t\t\t\t<div class=\"elementor-element elementor-element-e585bba elementor-widget__width-inherit elementor-widget elementor-widget-heading\" data-id=\"e585bba\" data-element_type=\"widget\" data-e-type=\"widget\" data-widget_type=\"heading.default\">\n\t\t\t\t<div class=\"elementor-widget-container\">\n\t\t\t\t\t<p class=\"elementor-heading-title elementor-size-default\">Chaque emplacement refl\u00e8te l'\u00e2me de son quartier et sa riche culture.<\/p>\t\t\t\t<\/div>\n\t\t\t\t<\/div>\n\t\t\t\t<\/div>\n\t\t\t\t<\/div>\n\t\t\t\t\t<\/div>\n\t\t\t\t<\/div>\n\t\t\t\t<\/div>\n\t\t","protected":false},"excerpt":{"rendered":"<p>About Us HAWS Lifestyle Hospitality Welcome to HAWS \u2014 where every stay blends the comfort of home with the design, service, and flexibility modern travellers need. Whether you\u2019re here for work, leisure, or both, our goal is to make your experience seamless and uplifting. Notre Mission Red\u00e9finir l&rsquo;hospitalit\u00e9 en offrant des espaces \u00e9l\u00e9gants et fonctionnels [&hellip;]<\/p>\n","protected":false},"author":2,"featured_media":0,"parent":0,"menu_order":0,"comment_status":"closed","ping_status":"closed","template":"","meta":{"footnotes":""},"class_list":["post-3834","page","type-page","status-publish","hentry"],"acf":[],"yoast_head":"<!-- This site is optimized with the Yoast SEO plugin v26.9 - https:\/\/yoast.com\/product\/yoast-seo-wordpress\/ -->\n<title>\u00c0 Propos - Haws Lifestyle Hospitality<\/title>\n<meta name=\"robots\" content=\"index, follow, max-snippet:-1, max-image-preview:large, max-video-preview:-1\" \/>\n<link rel=\"canonical\" href=\"https:\/\/stayhaws.com\/fr\/a-propos\/\" \/>\n<meta property=\"og:locale\" content=\"fr_FR\" \/>\n<meta property=\"og:type\" content=\"article\" \/>\n<meta property=\"og:title\" content=\"\u00c0 Propos - Haws Lifestyle Hospitality\" \/>\n<meta property=\"og:description\" content=\"About Us HAWS Lifestyle Hospitality Welcome to HAWS \u2014 where every stay blends the comfort of home with the design, service, and flexibility modern travellers need. Whether you\u2019re here for work, leisure, or both, our goal is to make your experience seamless and uplifting. Notre Mission Red\u00e9finir l&rsquo;hospitalit\u00e9 en offrant des espaces \u00e9l\u00e9gants et fonctionnels [&hellip;]\" \/>\n<meta property=\"og:url\" content=\"https:\/\/stayhaws.com\/fr\/a-propos\/\" \/>\n<meta property=\"og:site_name\" content=\"Haws Lifestyle Hospitality\" \/>\n<meta property=\"article:modified_time\" content=\"2026-02-14T14:49:58+00:00\" \/>\n<meta property=\"og:image\" content=\"https:\/\/stayhaws.com\/wp-content\/uploads\/2025\/10\/Our-mission.webp\" \/>\n\t<meta property=\"og:image:width\" content=\"570\" \/>\n\t<meta property=\"og:image:height\" content=\"668\" \/>\n\t<meta property=\"og:image:type\" content=\"image\/webp\" \/>\n<meta name=\"twitter:card\" content=\"summary_large_image\" \/>\n<meta name=\"twitter:label1\" content=\"Dur\u00e9e de lecture estim\u00e9e\" \/>\n\t<meta name=\"twitter:data1\" content=\"2 minutes\" \/>\n<script type=\"application\/ld+json\" class=\"yoast-schema-graph\">{\"@context\":\"https:\/\/schema.org\",\"@graph\":[{\"@type\":\"WebPage\",\"@id\":\"https:\/\/stayhaws.com\/fr\/a-propos\/\",\"url\":\"https:\/\/stayhaws.com\/fr\/a-propos\/\",\"name\":\"\u00c0 Propos - Haws Lifestyle Hospitality\",\"isPartOf\":{\"@id\":\"https:\/\/stayhaws.com\/fr\/#website\"},\"primaryImageOfPage\":{\"@id\":\"https:\/\/stayhaws.com\/fr\/a-propos\/#primaryimage\"},\"image\":{\"@id\":\"https:\/\/stayhaws.com\/fr\/a-propos\/#primaryimage\"},\"thumbnailUrl\":\"https:\/\/stayhaws.com\/wp-content\/uploads\/2025\/10\/Our-mission.webp\",\"datePublished\":\"2025-10-13T11:07:24+00:00\",\"dateModified\":\"2026-02-14T14:49:58+00:00\",\"breadcrumb\":{\"@id\":\"https:\/\/stayhaws.com\/fr\/a-propos\/#breadcrumb\"},\"inLanguage\":\"fr-FR\",\"potentialAction\":[{\"@type\":\"ReadAction\",\"target\":[\"https:\/\/stayhaws.com\/fr\/a-propos\/\"]}]},{\"@type\":\"ImageObject\",\"inLanguage\":\"fr-FR\",\"@id\":\"https:\/\/stayhaws.com\/fr\/a-propos\/#primaryimage\",\"url\":\"https:\/\/stayhaws.com\/wp-content\/uploads\/2025\/10\/Our-mission.webp\",\"contentUrl\":\"https:\/\/stayhaws.com\/wp-content\/uploads\/2025\/10\/Our-mission.webp\"},{\"@type\":\"BreadcrumbList\",\"@id\":\"https:\/\/stayhaws.com\/fr\/a-propos\/#breadcrumb\",\"itemListElement\":[{\"@type\":\"ListItem\",\"position\":1,\"name\":\"Home\",\"item\":\"https:\/\/stayhaws.com\/fr\/\"},{\"@type\":\"ListItem\",\"position\":2,\"name\":\"\u00c0 Propos\"}]},{\"@type\":\"WebSite\",\"@id\":\"https:\/\/stayhaws.com\/fr\/#website\",\"url\":\"https:\/\/stayhaws.com\/fr\/\",\"name\":\"HAWS Lifestyle Hospitality\",\"description\":\"Stay Like Home\",\"publisher\":{\"@id\":\"https:\/\/stayhaws.com\/fr\/#organization\"},\"potentialAction\":[{\"@type\":\"SearchAction\",\"target\":{\"@type\":\"EntryPoint\",\"urlTemplate\":\"https:\/\/stayhaws.com\/fr\/?s={search_term_string}\"},\"query-input\":{\"@type\":\"PropertyValueSpecification\",\"valueRequired\":true,\"valueName\":\"search_term_string\"}}],\"inLanguage\":\"fr-FR\"},{\"@type\":\"Organization\",\"@id\":\"https:\/\/stayhaws.com\/fr\/#organization\",\"name\":\"HAWS Lifestyle Hospitality\",\"url\":\"https:\/\/stayhaws.com\/fr\/\",\"logo\":{\"@type\":\"ImageObject\",\"inLanguage\":\"fr-FR\",\"@id\":\"https:\/\/stayhaws.com\/fr\/#\/schema\/logo\/image\/\",\"url\":\"https:\/\/stayhaws.com\/wp-content\/uploads\/2024\/09\/haws-logo-tagline-serif-blue.svg\",\"contentUrl\":\"https:\/\/stayhaws.com\/wp-content\/uploads\/2024\/09\/haws-logo-tagline-serif-blue.svg\",\"width\":1,\"height\":1,\"caption\":\"HAWS Lifestyle Hospitality\"},\"image\":{\"@id\":\"https:\/\/stayhaws.com\/fr\/#\/schema\/logo\/image\/\"}}]}<\/script>\n<!-- \/ Yoast SEO plugin. -->","yoast_head_json":{"title":"\u00c0 Propos - Haws Lifestyle Hospitality","robots":{"index":"index","follow":"follow","max-snippet":"max-snippet:-1","max-image-preview":"max-image-preview:large","max-video-preview":"max-video-preview:-1"},"canonical":"https:\/\/stayhaws.com\/fr\/a-propos\/","og_locale":"fr_FR","og_type":"article","og_title":"\u00c0 Propos - Haws Lifestyle Hospitality","og_description":"About Us HAWS Lifestyle Hospitality Welcome to HAWS \u2014 where every stay blends the comfort of home with the design, service, and flexibility modern travellers need. Whether you\u2019re here for work, leisure, or both, our goal is to make your experience seamless and uplifting. Notre Mission Red\u00e9finir l&rsquo;hospitalit\u00e9 en offrant des espaces \u00e9l\u00e9gants et fonctionnels [&hellip;]","og_url":"https:\/\/stayhaws.com\/fr\/a-propos\/","og_site_name":"Haws Lifestyle Hospitality","article_modified_time":"2026-02-14T14:49:58+00:00","og_image":[{"width":570,"height":668,"url":"https:\/\/stayhaws.com\/wp-content\/uploads\/2025\/10\/Our-mission.webp","type":"image\/webp"}],"twitter_card":"summary_large_image","twitter_misc":{"Dur\u00e9e de lecture estim\u00e9e":"2 minutes"},"schema":{"@context":"https:\/\/schema.org","@graph":[{"@type":"WebPage","@id":"https:\/\/stayhaws.com\/fr\/a-propos\/","url":"https:\/\/stayhaws.com\/fr\/a-propos\/","name":"\u00c0 Propos - Haws Lifestyle Hospitality","isPartOf":{"@id":"https:\/\/stayhaws.com\/fr\/#website"},"primaryImageOfPage":{"@id":"https:\/\/stayhaws.com\/fr\/a-propos\/#primaryimage"},"image":{"@id":"https:\/\/stayhaws.com\/fr\/a-propos\/#primaryimage"},"thumbnailUrl":"https:\/\/stayhaws.com\/wp-content\/uploads\/2025\/10\/Our-mission.webp","datePublished":"2025-10-13T11:07:24+00:00","dateModified":"2026-02-14T14:49:58+00:00","breadcrumb":{"@id":"https:\/\/stayhaws.com\/fr\/a-propos\/#breadcrumb"},"inLanguage":"fr-FR","potentialAction":[{"@type":"ReadAction","target":["https:\/\/stayhaws.com\/fr\/a-propos\/"]}]},{"@type":"ImageObject","inLanguage":"fr-FR","@id":"https:\/\/stayhaws.com\/fr\/a-propos\/#primaryimage","url":"https:\/\/stayhaws.com\/wp-content\/uploads\/2025\/10\/Our-mission.webp","contentUrl":"https:\/\/stayhaws.com\/wp-content\/uploads\/2025\/10\/Our-mission.webp"},{"@type":"BreadcrumbList","@id":"https:\/\/stayhaws.com\/fr\/a-propos\/#breadcrumb","itemListElement":[{"@type":"ListItem","position":1,"name":"Home","item":"https:\/\/stayhaws.com\/fr\/"},{"@type":"ListItem","position":2,"name":"\u00c0 Propos"}]},{"@type":"WebSite","@id":"https:\/\/stayhaws.com\/fr\/#website","url":"https:\/\/stayhaws.com\/fr\/","name":"HAWS Lifestyle Hospitality","description":"Stay Like Home","publisher":{"@id":"https:\/\/stayhaws.com\/fr\/#organization"},"potentialAction":[{"@type":"SearchAction","target":{"@type":"EntryPoint","urlTemplate":"https:\/\/stayhaws.com\/fr\/?s={search_term_string}"},"query-input":{"@type":"PropertyValueSpecification","valueRequired":true,"valueName":"search_term_string"}}],"inLanguage":"fr-FR"},{"@type":"Organization","@id":"https:\/\/stayhaws.com\/fr\/#organization","name":"HAWS Lifestyle Hospitality","url":"https:\/\/stayhaws.com\/fr\/","logo":{"@type":"ImageObject","inLanguage":"fr-FR","@id":"https:\/\/stayhaws.com\/fr\/#\/schema\/logo\/image\/","url":"https:\/\/stayhaws.com\/wp-content\/uploads\/2024\/09\/haws-logo-tagline-serif-blue.svg","contentUrl":"https:\/\/stayhaws.com\/wp-content\/uploads\/2024\/09\/haws-logo-tagline-serif-blue.svg","width":1,"height":1,"caption":"HAWS Lifestyle Hospitality"},"image":{"@id":"https:\/\/stayhaws.com\/fr\/#\/schema\/logo\/image\/"}}]}},"featured_image_src":null,"featured_image_src_square":null,"_links":{"self":[{"href":"https:\/\/stayhaws.com\/fr\/wp-json\/wp\/v2\/pages\/3834","targetHints":{"allow":["GET"]}}],"collection":[{"href":"https:\/\/stayhaws.com\/fr\/wp-json\/wp\/v2\/pages"}],"about":[{"href":"https:\/\/stayhaws.com\/fr\/wp-json\/wp\/v2\/types\/page"}],"author":[{"embeddable":true,"href":"https:\/\/stayhaws.com\/fr\/wp-json\/wp\/v2\/users\/2"}],"replies":[{"embeddable":true,"href":"https:\/\/stayhaws.com\/fr\/wp-json\/wp\/v2\/comments?post=3834"}],"version-history":[{"count":2,"href":"https:\/\/stayhaws.com\/fr\/wp-json\/wp\/v2\/pages\/3834\/revisions"}],"predecessor-version":[{"id":4634,"href":"https:\/\/stayhaws.com\/fr\/wp-json\/wp\/v2\/pages\/3834\/revisions\/4634"}],"wp:attachment":[{"href":"https:\/\/stayhaws.com\/fr\/wp-json\/wp\/v2\/media?parent=3834"}],"curies":[{"name":"wp","href":"https:\/\/api.w.org\/{rel}","templated":true}]}}