{"id":3894,"date":"2024-12-11T13:34:28","date_gmt":"2024-12-11T12:34:28","guid":{"rendered":"https:\/\/stayhaws.com\/privacy-data\/"},"modified":"2026-02-14T20:57:49","modified_gmt":"2026-02-14T19:57:49","slug":"donnees-de-confidentialite","status":"publish","type":"page","link":"https:\/\/stayhaws.com\/fr\/donnees-de-confidentialite\/","title":{"rendered":"Donn\u00e9es de Confidentialit\u00e9"},"content":{"rendered":"\t\t<div data-elementor-type=\"wp-page\" data-elementor-id=\"3894\" class=\"elementor elementor-3894 elementor-550\" data-elementor-post-type=\"page\">\n\t\t\t\t<div class=\"elementor-element elementor-element-81871c8 e-flex e-con-boxed e-con e-parent\" data-id=\"81871c8\" data-element_type=\"container\" data-e-type=\"container\">\n\t\t\t\t\t<div class=\"e-con-inner\">\n\t\t\t\t<div class=\"elementor-element elementor-element-de038be elementor-widget elementor-widget-heading\" data-id=\"de038be\" data-element_type=\"widget\" data-e-type=\"widget\" data-widget_type=\"heading.default\">\n\t\t\t\t<div class=\"elementor-widget-container\">\n\t\t\t\t\t<h1 class=\"elementor-heading-title elementor-size-default\">Donn\u00e9es de Confidentialit\u00e9<\/h1>\t\t\t\t<\/div>\n\t\t\t\t<\/div>\n\t\t\t\t<div class=\"elementor-element elementor-element-f858f23 elementor-widget elementor-widget-heading\" data-id=\"f858f23\" data-element_type=\"widget\" data-e-type=\"widget\" data-widget_type=\"heading.default\">\n\t\t\t\t<div class=\"elementor-widget-container\">\n\t\t\t\t\t<h3 class=\"elementor-heading-title elementor-size-default\">Introduction<\/h3>\t\t\t\t<\/div>\n\t\t\t\t<\/div>\n\t\t\t\t<div class=\"elementor-element elementor-element-4292d93 elementor-widget elementor-widget-text-editor\" data-id=\"4292d93\" data-element_type=\"widget\" data-e-type=\"widget\" data-widget_type=\"text-editor.default\">\n\t\t\t\t<div class=\"elementor-widget-container\">\n\t\t\t\t\t\t\t\t\t<p><span style=\"font-weight: 400;\">Chez Haws, nous souhaitons que votre exp\u00e9rience avec nous vous donne envie de revenir ! Nous voulons et devons \u00eatre aussi clairs et transparents que possible quant \u00e0 la mani\u00e8re dont nous traitons vos donn\u00e9es personnelles.<\/span><\/p><p><span style=\"font-weight: 400;\">Quelques informations juridiques concernant Haws Lifestyle Hospitality :<\/span><\/p><ul><li style=\"font-weight: 400;\" aria-level=\"1\"><span style=\"font-weight: 400;\">Chacun de nos h\u00f4tels et r\u00e9sidences Haws poss\u00e8de sa propre soci\u00e9t\u00e9. Cependant, la gestion quotidienne de nos h\u00f4tels et de ce site web est assur\u00e9e par Hub4Lisbon Unipessoal Lda., NIPC: 517198444, Rua Maria n\u00ba25, 1170-014 Lisboa.<\/span><\/li><\/ul><ul><li style=\"font-weight: 400;\" aria-level=\"1\"><span style=\"font-weight: 400;\">Lorsque vous nous rendez visite en personne ou que vous contactez directement nos h\u00f4tels et r\u00e9sidences, la soci\u00e9t\u00e9 Haws concern\u00e9e est responsable du traitement de vos donn\u00e9es personnelles.<\/span><\/li><li style=\"font-weight: 400;\" aria-level=\"1\"><span style=\"font-weight: 400;\">Si vous interagissez avec nous en ligne, alors <\/span><span style=\"font-weight: 400;\">Haws Lifestyle Hospitality<\/span><span style=\"font-weight: 400;\"><span style=\"font-weight: 400;\"> est responsable du traitement de vos donn\u00e9es personnelles et peut partager vos donn\u00e9es avec la soci\u00e9t\u00e9 Haws concern\u00e9e si n\u00e9cessaire pour finaliser votre r\u00e9servation ou r\u00e9pondre \u00e0 votre demande.<\/span><\/span><\/li><\/ul><p><span style=\"font-weight: 400;\">Nous comprenons que cela puisse sembler compliqu\u00e9. Si vous cherchez une r\u00e9ponse rapide et simple quant \u00e0 l&rsquo;identit\u00e9 du responsable du traitement des donn\u00e9es dans un cas pr\u00e9cis, n&rsquo;h\u00e9sitez pas \u00e0 nous contacter \u00e0 l&rsquo;adresse <\/span><a href=\"mailto:data@stayhaws.com\"><span style=\"font-weight: 400;\">data@stayhaws.com<\/span><\/a><span style=\"font-weight: 400;\"> et nous vous r\u00e9pondrons dans les plus brefs d\u00e9lais.<\/span><\/p><p><span style=\"font-weight: 400;\">La pr\u00e9sente Politique de Confidentialit\u00e9 d\u00e9crit comment Haws Lifestyle Accommodation, d\u00e9tenue et exploit\u00e9e par Hub4Lisbon Unipessoal Lda., collecte, utilise et prot\u00e8ge toute information personnelle que vous nous fournissez lorsque vous utilisez nos services. Nous nous engageons \u00e0 prot\u00e9ger votre vie priv\u00e9e. Si nous vous demandons de fournir certaines informations permettant de vous identifier lors de l&rsquo;utilisation de nos services, soyez assur\u00e9(e) qu&rsquo;elles ne seront utilis\u00e9es que conform\u00e9ment \u00e0 la pr\u00e9sente Politique de Confidentialit\u00e9.<\/span><\/p><p> <\/p>\t\t\t\t\t\t\t\t<\/div>\n\t\t\t\t<\/div>\n\t\t\t\t<div class=\"elementor-element elementor-element-f3884d9 elementor-widget elementor-widget-heading\" data-id=\"f3884d9\" data-element_type=\"widget\" data-e-type=\"widget\" data-widget_type=\"heading.default\">\n\t\t\t\t<div class=\"elementor-widget-container\">\n\t\t\t\t\t<h3 class=\"elementor-heading-title elementor-size-default\">Quelles informations nous collectons<\/h3>\t\t\t\t<\/div>\n\t\t\t\t<\/div>\n\t\t\t\t<div class=\"elementor-element elementor-element-8ee0374 elementor-widget elementor-widget-text-editor\" data-id=\"8ee0374\" data-element_type=\"widget\" data-e-type=\"widget\" data-widget_type=\"text-editor.default\">\n\t\t\t\t<div class=\"elementor-widget-container\">\n\t\t\t\t\t\t\t\t\t<p><span style=\"font-weight: 400;\">Nous pouvons collecter les informations suivantes lorsque vous utilisez nos services :<\/span><\/p><ul><li style=\"font-weight: 400;\" aria-level=\"1\"><span style=\"font-weight: 400;\">Votre nom, vos coordonn\u00e9es et autres informations personnelles<\/span><\/li><li style=\"font-weight: 400;\" aria-level=\"1\"><span style=\"font-weight: 400;\">Vos informations de carte de cr\u00e9dit ou autres moyens de paiement<\/span><\/li><li style=\"font-weight: 400;\" aria-level=\"1\"><span style=\"font-weight: 400;\">Vos informations de s\u00e9jour et de r\u00e9servation, y compris les dates de s\u00e9jour, les pr\u00e9f\u00e9rences de chambre, les d\u00e9tails de votre pi\u00e8ce d&rsquo;identit\u00e9 ou passeport et toute demande sp\u00e9ciale ou remarque<\/span><\/li><li style=\"font-weight: 400;\" aria-level=\"1\"><span style=\"font-weight: 400;\">Votre utilisation de notre site web ou de notre application mobile, y compris les informations relatives \u00e0 votre navigateur, votre adresse IP et votre comportement de navigation<\/span><\/li><li style=\"font-weight: 400;\" aria-level=\"1\"><span style=\"font-weight: 400;\"><span style=\"font-weight: 400;\">Toute autre information que vous nous fournissez volontairement<\/span><\/span><\/li><\/ul><p> <\/p>\t\t\t\t\t\t\t\t<\/div>\n\t\t\t\t<\/div>\n\t\t\t\t<div class=\"elementor-element elementor-element-2b6777b elementor-widget elementor-widget-heading\" data-id=\"2b6777b\" data-element_type=\"widget\" data-e-type=\"widget\" data-widget_type=\"heading.default\">\n\t\t\t\t<div class=\"elementor-widget-container\">\n\t\t\t\t\t<h3 class=\"elementor-heading-title elementor-size-default\">Comment nous utilisons les informations<\/h3>\t\t\t\t<\/div>\n\t\t\t\t<\/div>\n\t\t\t\t<div class=\"elementor-element elementor-element-c0d1563 elementor-widget elementor-widget-text-editor\" data-id=\"c0d1563\" data-element_type=\"widget\" data-e-type=\"widget\" data-widget_type=\"text-editor.default\">\n\t\t\t\t<div class=\"elementor-widget-container\">\n\t\t\t\t\t\t\t\t\t<p><span style=\"font-weight: 400;\">Nous pouvons utiliser les informations collect\u00e9es aux fins suivantes :<\/span><\/p><ul><li style=\"font-weight: 400;\" aria-level=\"1\"><span style=\"font-weight: 400;\">Pour traiter votre r\u00e9servation et votre paiement, et pour communiquer avec vous au sujet de votre s\u00e9jour<\/span><\/li><li style=\"font-weight: 400;\" aria-level=\"1\"><span style=\"font-weight: 400;\">Pour am\u00e9liorer nos services et personnaliser votre exp\u00e9rience<\/span><\/li><li style=\"font-weight: 400;\" aria-level=\"1\"><span style=\"font-weight: 400;\">Pour vous envoyer des e-mails promotionnels et\/ou d&rsquo;autres outils de communication tels que WhatsApp ou SMS concernant des offres sp\u00e9ciales, des \u00e9v\u00e9nements ou d&rsquo;autres informations susceptibles de vous int\u00e9resser<\/span><\/li><li style=\"font-weight: 400;\" aria-level=\"1\"><span style=\"font-weight: 400;\">Pour nous conformer aux obligations l\u00e9gales et r\u00e9glementaires<\/span><\/li><li style=\"font-weight: 400;\" aria-level=\"1\"><span style=\"font-weight: 400;\"><span style=\"font-weight: 400;\">Pour pr\u00e9venir la fraude et prot\u00e9ger la s\u00e9curit\u00e9 de nos clients et de notre personnel<\/span><\/span><\/li><\/ul><p> <\/p>\t\t\t\t\t\t\t\t<\/div>\n\t\t\t\t<\/div>\n\t\t\t\t<div class=\"elementor-element elementor-element-057a834 elementor-widget elementor-widget-heading\" data-id=\"057a834\" data-element_type=\"widget\" data-e-type=\"widget\" data-widget_type=\"heading.default\">\n\t\t\t\t<div class=\"elementor-widget-container\">\n\t\t\t\t\t<h3 class=\"elementor-heading-title elementor-size-default\">Comment nous prot\u00e9geons vos informations<\/h3>\t\t\t\t<\/div>\n\t\t\t\t<\/div>\n\t\t\t\t<div class=\"elementor-element elementor-element-8a67d99 elementor-widget elementor-widget-text-editor\" data-id=\"8a67d99\" data-element_type=\"widget\" data-e-type=\"widget\" data-widget_type=\"text-editor.default\">\n\t\t\t\t<div class=\"elementor-widget-container\">\n\t\t\t\t\t\t\t\t\t<p><span style=\"font-weight: 400;\">Nous nous engageons \u00e0 garantir la s\u00e9curit\u00e9 de vos informations. Afin de pr\u00e9venir tout acc\u00e8s non autoris\u00e9 ou toute divulgation, nous avons mis en place des proc\u00e9dures physiques, \u00e9lectroniques et organisationnelles appropri\u00e9es pour prot\u00e9ger et s\u00e9curiser les informations que nous collectons.<\/span><\/p><p> <\/p>\t\t\t\t\t\t\t\t<\/div>\n\t\t\t\t<\/div>\n\t\t\t\t<div class=\"elementor-element elementor-element-0be43b3 elementor-widget elementor-widget-heading\" data-id=\"0be43b3\" data-element_type=\"widget\" data-e-type=\"widget\" data-widget_type=\"heading.default\">\n\t\t\t\t<div class=\"elementor-widget-container\">\n\t\t\t\t\t<h3 class=\"elementor-heading-title elementor-size-default\">Comment nous partageons vos informations<\/h3>\t\t\t\t<\/div>\n\t\t\t\t<\/div>\n\t\t\t\t<div class=\"elementor-element elementor-element-8a31c24 elementor-widget elementor-widget-text-editor\" data-id=\"8a31c24\" data-element_type=\"widget\" data-e-type=\"widget\" data-widget_type=\"text-editor.default\">\n\t\t\t\t<div class=\"elementor-widget-container\">\n\t\t\t\t\t\t\t\t\t<p><span style=\"font-weight: 400;\">Nous pouvons partager vos informations avec des tiers, notamment :<\/span><\/p><ul><li style=\"font-weight: 400;\" aria-level=\"1\"><span style=\"font-weight: 400;\">Nos prestataires de services, tels que les processeurs de paiement et les fournisseurs de support informatique, qui nous aident \u00e0 fournir nos services<\/span><\/li><li style=\"font-weight: 400;\" aria-level=\"1\"><span style=\"font-weight: 400;\">Nos partenaires commerciaux, tels que les agents de voyage et les tour-op\u00e9rateurs, qui nous aident \u00e0 promouvoir nos services<\/span><\/li><li style=\"font-weight: 400;\" aria-level=\"1\"><span style=\"font-weight: 400;\"><span style=\"font-weight: 400;\">Les forces de l&rsquo;ordre ou les autorit\u00e9s gouvernementales, lorsque la loi l&rsquo;exige ou pour prot\u00e9ger nos biens, notre personnel ou nos clients<\/span><\/span><\/li><\/ul><p><span style=\"font-weight: 400;\">Nous ne partagerons vos informations avec ces tiers que dans la mesure n\u00e9cessaire et uniquement apr\u00e8s nous \u00eatre assur\u00e9s qu&rsquo;ils disposent de mesures appropri\u00e9es pour prot\u00e9ger votre vie priv\u00e9e.<\/span><\/p><p> <\/p>\t\t\t\t\t\t\t\t<\/div>\n\t\t\t\t<\/div>\n\t\t\t\t<div class=\"elementor-element elementor-element-09b42e0 elementor-widget elementor-widget-heading\" data-id=\"09b42e0\" data-element_type=\"widget\" data-e-type=\"widget\" data-widget_type=\"heading.default\">\n\t\t\t\t<div class=\"elementor-widget-container\">\n\t\t\t\t\t<h3 class=\"elementor-heading-title elementor-size-default\">Vos droits et vos choix<\/h3>\t\t\t\t<\/div>\n\t\t\t\t<\/div>\n\t\t\t\t<div class=\"elementor-element elementor-element-18a33b5 elementor-widget elementor-widget-text-editor\" data-id=\"18a33b5\" data-element_type=\"widget\" data-e-type=\"widget\" data-widget_type=\"text-editor.default\">\n\t\t\t\t<div class=\"elementor-widget-container\">\n\t\t\t\t\t\t\t\t\t<p><span style=\"font-weight: 400;\">Vous avez le droit de :<\/span><\/p><ul><li style=\"font-weight: 400;\" aria-level=\"1\"><span style=\"font-weight: 400;\">Acc\u00e9der aux informations que nous d\u00e9tenons \u00e0 votre sujet et de corriger toute inexactitude<\/span><\/li><li style=\"font-weight: 400;\" aria-level=\"1\"><span style=\"font-weight: 400;\">Vous opposer au traitement de vos informations<\/span><\/li><li style=\"font-weight: 400;\" aria-level=\"1\"><span style=\"font-weight: 400;\">Demander l&rsquo;effacement de vos informations<\/span><\/li><li style=\"font-weight: 400;\" aria-level=\"1\"><span style=\"font-weight: 400;\">Demander la limitation du traitement de vos informations<\/span><\/li><li style=\"font-weight: 400;\" aria-level=\"1\"><span style=\"font-weight: 400;\">Retirer votre consentement au traitement de vos informations<\/span><\/li><li style=\"font-weight: 400;\" aria-level=\"1\"><span style=\"font-weight: 400;\">Vous pouvez exercer ces droits en nous contactant aux coordonn\u00e9es indiqu\u00e9es ci-dessous.<\/span><\/li><li style=\"font-weight: 400;\" aria-level=\"1\"><span style=\"font-weight: 400;\">Cookies et technologies de suivi<\/span><\/li><li style=\"font-weight: 400;\" aria-level=\"1\"><span style=\"font-weight: 400;\"><span style=\"font-weight: 400;\">Nous utilisons des cookies et d&rsquo;autres technologies de suivi pour am\u00e9liorer votre exp\u00e9rience sur notre site web et pour personnaliser nos communications avec vous. Vous pouvez contr\u00f4ler l&rsquo;utilisation des cookies via les param\u00e8tres de votre navigateur.<\/span><\/span><\/li><\/ul><p> <\/p>\t\t\t\t\t\t\t\t<\/div>\n\t\t\t\t<\/div>\n\t\t\t\t<div class=\"elementor-element elementor-element-5829a86 elementor-widget elementor-widget-heading\" data-id=\"5829a86\" data-element_type=\"widget\" data-e-type=\"widget\" data-widget_type=\"heading.default\">\n\t\t\t\t<div class=\"elementor-widget-container\">\n\t\t\t\t\t<h3 class=\"elementor-heading-title elementor-size-default\">Modifications de cette politique<\/h3>\t\t\t\t<\/div>\n\t\t\t\t<\/div>\n\t\t\t\t<div class=\"elementor-element elementor-element-e01d456 elementor-widget elementor-widget-text-editor\" data-id=\"e01d456\" data-element_type=\"widget\" data-e-type=\"widget\" data-widget_type=\"text-editor.default\">\n\t\t\t\t<div class=\"elementor-widget-container\">\n\t\t\t\t\t\t\t\t\t<p><span style=\"font-weight: 400;\">Nous pouvons mettre \u00e0 jour cette Politique de Confidentialit\u00e9 de temps \u00e0 autre en publiant une nouvelle version sur notre site web. Nous vous recommandons de consulter cette page r\u00e9guli\u00e8rement pour vous assurer que vous \u00eates satisfait(e) des \u00e9ventuelles modifications.<\/span><\/p><p> <\/p>\t\t\t\t\t\t\t\t<\/div>\n\t\t\t\t<\/div>\n\t\t\t\t<div class=\"elementor-element elementor-element-1524ada elementor-widget elementor-widget-heading\" data-id=\"1524ada\" data-element_type=\"widget\" data-e-type=\"widget\" data-widget_type=\"heading.default\">\n\t\t\t\t<div class=\"elementor-widget-container\">\n\t\t\t\t\t<h3 class=\"elementor-heading-title elementor-size-default\">Nous contacter<\/h3>\t\t\t\t<\/div>\n\t\t\t\t<\/div>\n\t\t\t\t<div class=\"elementor-element elementor-element-15c7b17 elementor-widget elementor-widget-text-editor\" data-id=\"15c7b17\" data-element_type=\"widget\" data-e-type=\"widget\" data-widget_type=\"text-editor.default\">\n\t\t\t\t<div class=\"elementor-widget-container\">\n\t\t\t\t\t\t\t\t\t<p><span style=\"font-weight: 400;\">Si vous avez des questions ou des pr\u00e9occupations concernant cette Politique de Confidentialit\u00e9 ou l&rsquo;utilisation de vos informations, veuillez nous contacter \u00e0 l&rsquo;adresse <\/span><a href=\"mailto:data@stayhaws.com\"><span style=\"font-weight: 400;\">data@stayhaws.com<\/span><\/a><span style=\"font-weight: 400;\">.<\/span><\/p>\t\t\t\t\t\t\t\t<\/div>\n\t\t\t\t<\/div>\n\t\t\t\t\t<\/div>\n\t\t\t\t<\/div>\n\t\t\t\t<\/div>\n\t\t","protected":false},"excerpt":{"rendered":"<p>Introduction Chez Haws, nous souhaitons que votre exp\u00e9rience avec nous vous donne envie de revenir ! Nous voulons et devons \u00eatre aussi clairs et transparents que possible quant \u00e0 la mani\u00e8re dont nous traitons vos donn\u00e9es personnelles. Quelques informations juridiques concernant Haws Lifestyle Hospitality : Chacun de nos h\u00f4tels et r\u00e9sidences Haws poss\u00e8de sa propre [&hellip;]<\/p>\n","protected":false},"author":1,"featured_media":0,"parent":0,"menu_order":0,"comment_status":"closed","ping_status":"closed","template":"","meta":{"footnotes":""},"class_list":["post-3894","page","type-page","status-publish","hentry"],"acf":[],"yoast_head":"<!-- This site is optimized with the Yoast SEO plugin v26.9 - https:\/\/yoast.com\/product\/yoast-seo-wordpress\/ -->\n<title>Donn\u00e9es de Confidentialit\u00e9 - Haws Lifestyle Hospitality<\/title>\n<meta name=\"robots\" content=\"index, follow, max-snippet:-1, max-image-preview:large, max-video-preview:-1\" \/>\n<link rel=\"canonical\" href=\"https:\/\/stayhaws.com\/fr\/donnees-de-confidentialite\/\" \/>\n<meta property=\"og:locale\" content=\"fr_FR\" \/>\n<meta property=\"og:type\" content=\"article\" \/>\n<meta property=\"og:title\" content=\"Donn\u00e9es de Confidentialit\u00e9 - Haws Lifestyle Hospitality\" \/>\n<meta property=\"og:description\" content=\"Introduction Chez Haws, nous souhaitons que votre exp\u00e9rience avec nous vous donne envie de revenir ! Nous voulons et devons \u00eatre aussi clairs et transparents que possible quant \u00e0 la mani\u00e8re dont nous traitons vos donn\u00e9es personnelles. Quelques informations juridiques concernant Haws Lifestyle Hospitality : Chacun de nos h\u00f4tels et r\u00e9sidences Haws poss\u00e8de sa propre [&hellip;]\" \/>\n<meta property=\"og:url\" content=\"https:\/\/stayhaws.com\/fr\/donnees-de-confidentialite\/\" \/>\n<meta property=\"og:site_name\" content=\"Haws Lifestyle Hospitality\" \/>\n<meta property=\"article:modified_time\" content=\"2026-02-14T19:57:49+00:00\" \/>\n<meta name=\"twitter:card\" content=\"summary_large_image\" \/>\n<meta name=\"twitter:label1\" content=\"Dur\u00e9e de lecture estim\u00e9e\" \/>\n\t<meta name=\"twitter:data1\" content=\"4 minutes\" \/>\n<script type=\"application\/ld+json\" class=\"yoast-schema-graph\">{\"@context\":\"https:\/\/schema.org\",\"@graph\":[{\"@type\":\"WebPage\",\"@id\":\"https:\/\/stayhaws.com\/fr\/donnees-de-confidentialite\/\",\"url\":\"https:\/\/stayhaws.com\/fr\/donnees-de-confidentialite\/\",\"name\":\"Donn\u00e9es de Confidentialit\u00e9 - Haws Lifestyle Hospitality\",\"isPartOf\":{\"@id\":\"https:\/\/stayhaws.com\/fr\/#website\"},\"datePublished\":\"2024-12-11T12:34:28+00:00\",\"dateModified\":\"2026-02-14T19:57:49+00:00\",\"breadcrumb\":{\"@id\":\"https:\/\/stayhaws.com\/fr\/donnees-de-confidentialite\/#breadcrumb\"},\"inLanguage\":\"fr-FR\",\"potentialAction\":[{\"@type\":\"ReadAction\",\"target\":[\"https:\/\/stayhaws.com\/fr\/donnees-de-confidentialite\/\"]}]},{\"@type\":\"BreadcrumbList\",\"@id\":\"https:\/\/stayhaws.com\/fr\/donnees-de-confidentialite\/#breadcrumb\",\"itemListElement\":[{\"@type\":\"ListItem\",\"position\":1,\"name\":\"Home\",\"item\":\"https:\/\/stayhaws.com\/fr\/\"},{\"@type\":\"ListItem\",\"position\":2,\"name\":\"Donn\u00e9es de Confidentialit\u00e9\"}]},{\"@type\":\"WebSite\",\"@id\":\"https:\/\/stayhaws.com\/fr\/#website\",\"url\":\"https:\/\/stayhaws.com\/fr\/\",\"name\":\"HAWS Lifestyle Hospitality\",\"description\":\"Stay Like Home\",\"publisher\":{\"@id\":\"https:\/\/stayhaws.com\/fr\/#organization\"},\"potentialAction\":[{\"@type\":\"SearchAction\",\"target\":{\"@type\":\"EntryPoint\",\"urlTemplate\":\"https:\/\/stayhaws.com\/fr\/?s={search_term_string}\"},\"query-input\":{\"@type\":\"PropertyValueSpecification\",\"valueRequired\":true,\"valueName\":\"search_term_string\"}}],\"inLanguage\":\"fr-FR\"},{\"@type\":\"Organization\",\"@id\":\"https:\/\/stayhaws.com\/fr\/#organization\",\"name\":\"HAWS Lifestyle Hospitality\",\"url\":\"https:\/\/stayhaws.com\/fr\/\",\"logo\":{\"@type\":\"ImageObject\",\"inLanguage\":\"fr-FR\",\"@id\":\"https:\/\/stayhaws.com\/fr\/#\/schema\/logo\/image\/\",\"url\":\"https:\/\/stayhaws.com\/wp-content\/uploads\/2024\/09\/haws-logo-tagline-serif-blue.svg\",\"contentUrl\":\"https:\/\/stayhaws.com\/wp-content\/uploads\/2024\/09\/haws-logo-tagline-serif-blue.svg\",\"width\":1,\"height\":1,\"caption\":\"HAWS Lifestyle Hospitality\"},\"image\":{\"@id\":\"https:\/\/stayhaws.com\/fr\/#\/schema\/logo\/image\/\"}}]}<\/script>\n<!-- \/ Yoast SEO plugin. -->","yoast_head_json":{"title":"Donn\u00e9es de Confidentialit\u00e9 - Haws Lifestyle Hospitality","robots":{"index":"index","follow":"follow","max-snippet":"max-snippet:-1","max-image-preview":"max-image-preview:large","max-video-preview":"max-video-preview:-1"},"canonical":"https:\/\/stayhaws.com\/fr\/donnees-de-confidentialite\/","og_locale":"fr_FR","og_type":"article","og_title":"Donn\u00e9es de Confidentialit\u00e9 - Haws Lifestyle Hospitality","og_description":"Introduction Chez Haws, nous souhaitons que votre exp\u00e9rience avec nous vous donne envie de revenir ! Nous voulons et devons \u00eatre aussi clairs et transparents que possible quant \u00e0 la mani\u00e8re dont nous traitons vos donn\u00e9es personnelles. Quelques informations juridiques concernant Haws Lifestyle Hospitality : Chacun de nos h\u00f4tels et r\u00e9sidences Haws poss\u00e8de sa propre [&hellip;]","og_url":"https:\/\/stayhaws.com\/fr\/donnees-de-confidentialite\/","og_site_name":"Haws Lifestyle Hospitality","article_modified_time":"2026-02-14T19:57:49+00:00","twitter_card":"summary_large_image","twitter_misc":{"Dur\u00e9e de lecture estim\u00e9e":"4 minutes"},"schema":{"@context":"https:\/\/schema.org","@graph":[{"@type":"WebPage","@id":"https:\/\/stayhaws.com\/fr\/donnees-de-confidentialite\/","url":"https:\/\/stayhaws.com\/fr\/donnees-de-confidentialite\/","name":"Donn\u00e9es de Confidentialit\u00e9 - Haws Lifestyle Hospitality","isPartOf":{"@id":"https:\/\/stayhaws.com\/fr\/#website"},"datePublished":"2024-12-11T12:34:28+00:00","dateModified":"2026-02-14T19:57:49+00:00","breadcrumb":{"@id":"https:\/\/stayhaws.com\/fr\/donnees-de-confidentialite\/#breadcrumb"},"inLanguage":"fr-FR","potentialAction":[{"@type":"ReadAction","target":["https:\/\/stayhaws.com\/fr\/donnees-de-confidentialite\/"]}]},{"@type":"BreadcrumbList","@id":"https:\/\/stayhaws.com\/fr\/donnees-de-confidentialite\/#breadcrumb","itemListElement":[{"@type":"ListItem","position":1,"name":"Home","item":"https:\/\/stayhaws.com\/fr\/"},{"@type":"ListItem","position":2,"name":"Donn\u00e9es de Confidentialit\u00e9"}]},{"@type":"WebSite","@id":"https:\/\/stayhaws.com\/fr\/#website","url":"https:\/\/stayhaws.com\/fr\/","name":"HAWS Lifestyle Hospitality","description":"Stay Like Home","publisher":{"@id":"https:\/\/stayhaws.com\/fr\/#organization"},"potentialAction":[{"@type":"SearchAction","target":{"@type":"EntryPoint","urlTemplate":"https:\/\/stayhaws.com\/fr\/?s={search_term_string}"},"query-input":{"@type":"PropertyValueSpecification","valueRequired":true,"valueName":"search_term_string"}}],"inLanguage":"fr-FR"},{"@type":"Organization","@id":"https:\/\/stayhaws.com\/fr\/#organization","name":"HAWS Lifestyle Hospitality","url":"https:\/\/stayhaws.com\/fr\/","logo":{"@type":"ImageObject","inLanguage":"fr-FR","@id":"https:\/\/stayhaws.com\/fr\/#\/schema\/logo\/image\/","url":"https:\/\/stayhaws.com\/wp-content\/uploads\/2024\/09\/haws-logo-tagline-serif-blue.svg","contentUrl":"https:\/\/stayhaws.com\/wp-content\/uploads\/2024\/09\/haws-logo-tagline-serif-blue.svg","width":1,"height":1,"caption":"HAWS Lifestyle Hospitality"},"image":{"@id":"https:\/\/stayhaws.com\/fr\/#\/schema\/logo\/image\/"}}]}},"featured_image_src":null,"featured_image_src_square":null,"_links":{"self":[{"href":"https:\/\/stayhaws.com\/fr\/wp-json\/wp\/v2\/pages\/3894","targetHints":{"allow":["GET"]}}],"collection":[{"href":"https:\/\/stayhaws.com\/fr\/wp-json\/wp\/v2\/pages"}],"about":[{"href":"https:\/\/stayhaws.com\/fr\/wp-json\/wp\/v2\/types\/page"}],"author":[{"embeddable":true,"href":"https:\/\/stayhaws.com\/fr\/wp-json\/wp\/v2\/users\/1"}],"replies":[{"embeddable":true,"href":"https:\/\/stayhaws.com\/fr\/wp-json\/wp\/v2\/comments?post=3894"}],"version-history":[{"count":4,"href":"https:\/\/stayhaws.com\/fr\/wp-json\/wp\/v2\/pages\/3894\/revisions"}],"predecessor-version":[{"id":5426,"href":"https:\/\/stayhaws.com\/fr\/wp-json\/wp\/v2\/pages\/3894\/revisions\/5426"}],"wp:attachment":[{"href":"https:\/\/stayhaws.com\/fr\/wp-json\/wp\/v2\/media?parent=3894"}],"curies":[{"name":"wp","href":"https:\/\/api.w.org\/{rel}","templated":true}]}}