{"id":3896,"date":"2024-12-11T13:34:28","date_gmt":"2024-12-11T12:34:28","guid":{"rendered":"https:\/\/stayhaws.com\/privacy-data\/"},"modified":"2026-02-14T20:57:50","modified_gmt":"2026-02-14T19:57:50","slug":"dati-sulla-privacy","status":"publish","type":"page","link":"https:\/\/stayhaws.com\/it\/dati-sulla-privacy\/","title":{"rendered":"Dati sulla Privacy"},"content":{"rendered":"\t\t<div data-elementor-type=\"wp-page\" data-elementor-id=\"3896\" class=\"elementor elementor-3896 elementor-550\" data-elementor-post-type=\"page\">\n\t\t\t\t<div class=\"elementor-element elementor-element-81871c8 e-flex e-con-boxed e-con e-parent\" data-id=\"81871c8\" data-element_type=\"container\" data-e-type=\"container\">\n\t\t\t\t\t<div class=\"e-con-inner\">\n\t\t\t\t<div class=\"elementor-element elementor-element-de038be elementor-widget elementor-widget-heading\" data-id=\"de038be\" data-element_type=\"widget\" data-e-type=\"widget\" data-widget_type=\"heading.default\">\n\t\t\t\t<div class=\"elementor-widget-container\">\n\t\t\t\t\t<h1 class=\"elementor-heading-title elementor-size-default\">Dati sulla Privacy<\/h1>\t\t\t\t<\/div>\n\t\t\t\t<\/div>\n\t\t\t\t<div class=\"elementor-element elementor-element-f858f23 elementor-widget elementor-widget-heading\" data-id=\"f858f23\" data-element_type=\"widget\" data-e-type=\"widget\" data-widget_type=\"heading.default\">\n\t\t\t\t<div class=\"elementor-widget-container\">\n\t\t\t\t\t<h3 class=\"elementor-heading-title elementor-size-default\">Introduzione<\/h3>\t\t\t\t<\/div>\n\t\t\t\t<\/div>\n\t\t\t\t<div class=\"elementor-element elementor-element-4292d93 elementor-widget elementor-widget-text-editor\" data-id=\"4292d93\" data-element_type=\"widget\" data-e-type=\"widget\" data-widget_type=\"text-editor.default\">\n\t\t\t\t<div class=\"elementor-widget-container\">\n\t\t\t\t\t\t\t\t\t<p><span style=\"font-weight: 400;\">Qui a Haws, desideriamo assicurarci che la Sua esperienza con noi La lasci con il desiderio di tornare! Vogliamo e dobbiamo essere il pi\u00f9 chiari e trasparenti possibile su come trattiamo i Suoi dati personali.<\/span><\/p><p><span style=\"font-weight: 400;\">Alcune informazioni legali su Haws Lifestyle Hospitality:<\/span><\/p><ul><li style=\"font-weight: 400;\" aria-level=\"1\"><span style=\"font-weight: 400;\">Ciascuno dei nostri hotel e residenze Haws ha la propria societ\u00e0. Tuttavia, la gestione quotidiana dei nostri hotel e di questo sito web \u00e8 affidata a Hub4Lisbon Unipessoal Lda., NIPC: 517198444, Rua Maria n\u00ba25, 1170-014 Lisboa.<\/span><\/li><\/ul><ul><li style=\"font-weight: 400;\" aria-level=\"1\"><span style=\"font-weight: 400;\">Quando ci visita di persona o contatta direttamente i nostri Hotel e Residenze, la relativa societ\u00e0 Haws \u00e8 responsabile del trattamento dei Suoi dati personali.<\/span><\/li><li style=\"font-weight: 400;\" aria-level=\"1\"><span style=\"font-weight: 400;\">Se interagisce con noi online, <\/span><span style=\"font-weight: 400;\">Haws Lifestyle Hospitality<\/span><span style=\"font-weight: 400;\"><span style=\"font-weight: 400;\"> \u00e8 responsabile del trattamento dei Suoi dati personali e pu\u00f2 condividere i Suoi dati con la relativa societ\u00e0 Haws, se necessario per completare la Sua prenotazione o rispondere alla Sua richiesta.<\/span><\/span><\/li><\/ul><p><span style=\"font-weight: 400;\">Comprendiamo che possa essere complicato. Pertanto, se desidera una risposta rapida e semplice su chi sia il titolare del trattamento dei dati in uno scenario specifico, La preghiamo di contattarci all&#8217;indirizzo <\/span><a href=\"mailto:data@stayhaws.com\"><span style=\"font-weight: 400;\">data@stayhaws.com<\/span><\/a><span style=\"font-weight: 400;\"> e Le risponderemo al pi\u00f9 presto.<\/span><\/p><p><span style=\"font-weight: 400;\">La presente Informativa sulla Privacy descrive come Haws Lifestyle Accommodation, di propriet\u00e0 e gestita da Hub4Lisbon Unipessoal Lda., raccoglie, utilizza e protegge le informazioni personali che ci fornisce quando utilizza i nostri servizi. Ci impegniamo a garantire la protezione della Sua privacy. Qualora Le chiediamo di fornire determinate informazioni con cui possa essere identificato\/a durante l&#8217;utilizzo dei nostri servizi, pu\u00f2 essere certo\/a che saranno utilizzate esclusivamente in conformit\u00e0 con la presente Informativa sulla Privacy.<\/span><\/p><p> <\/p>\t\t\t\t\t\t\t\t<\/div>\n\t\t\t\t<\/div>\n\t\t\t\t<div class=\"elementor-element elementor-element-f3884d9 elementor-widget elementor-widget-heading\" data-id=\"f3884d9\" data-element_type=\"widget\" data-e-type=\"widget\" data-widget_type=\"heading.default\">\n\t\t\t\t<div class=\"elementor-widget-container\">\n\t\t\t\t\t<h3 class=\"elementor-heading-title elementor-size-default\">Quali informazioni raccogliamo<\/h3>\t\t\t\t<\/div>\n\t\t\t\t<\/div>\n\t\t\t\t<div class=\"elementor-element elementor-element-8ee0374 elementor-widget elementor-widget-text-editor\" data-id=\"8ee0374\" data-element_type=\"widget\" data-e-type=\"widget\" data-widget_type=\"text-editor.default\">\n\t\t\t\t<div class=\"elementor-widget-container\">\n\t\t\t\t\t\t\t\t\t<p><span style=\"font-weight: 400;\">Potremmo raccogliere le seguenti informazioni quando utilizza i nostri servizi:<\/span><\/p><ul><li style=\"font-weight: 400;\" aria-level=\"1\"><span style=\"font-weight: 400;\">Il Suo nome, i dati di contatto e altri dettagli personali<\/span><\/li><li style=\"font-weight: 400;\" aria-level=\"1\"><span style=\"font-weight: 400;\">I dati della Sua carta di credito o altre informazioni di pagamento<\/span><\/li><li style=\"font-weight: 400;\" aria-level=\"1\"><span style=\"font-weight: 400;\">Le informazioni relative al Suo soggiorno e alla prenotazione, incluse le date del soggiorno, le preferenze sulla camera, i dati del documento d&#8217;identit\u00e0 o del passaporto e qualsiasi richiesta speciale o nota<\/span><\/li><li style=\"font-weight: 400;\" aria-level=\"1\"><span style=\"font-weight: 400;\">L&#8217;utilizzo del nostro sito web o dell&#8217;applicazione mobile, incluse informazioni sul Suo browser, indirizzo IP e comportamento di navigazione<\/span><\/li><li style=\"font-weight: 400;\" aria-level=\"1\"><span style=\"font-weight: 400;\"><span style=\"font-weight: 400;\">Qualsiasi altra informazione che ci fornisce volontariamente<\/span><\/span><\/li><\/ul><p> <\/p>\t\t\t\t\t\t\t\t<\/div>\n\t\t\t\t<\/div>\n\t\t\t\t<div class=\"elementor-element elementor-element-2b6777b elementor-widget elementor-widget-heading\" data-id=\"2b6777b\" data-element_type=\"widget\" data-e-type=\"widget\" data-widget_type=\"heading.default\">\n\t\t\t\t<div class=\"elementor-widget-container\">\n\t\t\t\t\t<h3 class=\"elementor-heading-title elementor-size-default\">Come utilizziamo le informazioni<\/h3>\t\t\t\t<\/div>\n\t\t\t\t<\/div>\n\t\t\t\t<div class=\"elementor-element elementor-element-c0d1563 elementor-widget elementor-widget-text-editor\" data-id=\"c0d1563\" data-element_type=\"widget\" data-e-type=\"widget\" data-widget_type=\"text-editor.default\">\n\t\t\t\t<div class=\"elementor-widget-container\">\n\t\t\t\t\t\t\t\t\t<p><span style=\"font-weight: 400;\">Potremmo utilizzare le informazioni raccolte per le seguenti finalit\u00e0:<\/span><\/p><ul><li style=\"font-weight: 400;\" aria-level=\"1\"><span style=\"font-weight: 400;\">Per elaborare la Sua prenotazione e il pagamento e per comunicare con Lei in merito al Suo soggiorno<\/span><\/li><li style=\"font-weight: 400;\" aria-level=\"1\"><span style=\"font-weight: 400;\">Per migliorare i nostri servizi e personalizzare la Sua esperienza<\/span><\/li><li style=\"font-weight: 400;\" aria-level=\"1\"><span style=\"font-weight: 400;\">Per inviarLe e-mail promozionali e\/o altre comunicazioni tramite strumenti come WhatsApp o SMS riguardo offerte speciali, eventi o altre informazioni che riteniamo possano essere di Suo interesse<\/span><\/li><li style=\"font-weight: 400;\" aria-level=\"1\"><span style=\"font-weight: 400;\">Per adempiere agli obblighi legali e normativi<\/span><\/li><li style=\"font-weight: 400;\" aria-level=\"1\"><span style=\"font-weight: 400;\"><span style=\"font-weight: 400;\">Per prevenire frodi e proteggere la sicurezza dei nostri ospiti e del personale<\/span><\/span><\/li><\/ul><p> <\/p>\t\t\t\t\t\t\t\t<\/div>\n\t\t\t\t<\/div>\n\t\t\t\t<div class=\"elementor-element elementor-element-057a834 elementor-widget elementor-widget-heading\" data-id=\"057a834\" data-element_type=\"widget\" data-e-type=\"widget\" data-widget_type=\"heading.default\">\n\t\t\t\t<div class=\"elementor-widget-container\">\n\t\t\t\t\t<h3 class=\"elementor-heading-title elementor-size-default\">Come proteggiamo le Sue informazioni<\/h3>\t\t\t\t<\/div>\n\t\t\t\t<\/div>\n\t\t\t\t<div class=\"elementor-element elementor-element-8a67d99 elementor-widget elementor-widget-text-editor\" data-id=\"8a67d99\" data-element_type=\"widget\" data-e-type=\"widget\" data-widget_type=\"text-editor.default\">\n\t\t\t\t<div class=\"elementor-widget-container\">\n\t\t\t\t\t\t\t\t\t<p><span style=\"font-weight: 400;\">Ci impegniamo a garantire la sicurezza delle Sue informazioni. Al fine di prevenire accessi non autorizzati o divulgazioni, abbiamo adottato adeguate procedure fisiche, elettroniche e gestionali per salvaguardare e proteggere le informazioni che raccogliamo.<\/span><\/p><p> <\/p>\t\t\t\t\t\t\t\t<\/div>\n\t\t\t\t<\/div>\n\t\t\t\t<div class=\"elementor-element elementor-element-0be43b3 elementor-widget elementor-widget-heading\" data-id=\"0be43b3\" data-element_type=\"widget\" data-e-type=\"widget\" data-widget_type=\"heading.default\">\n\t\t\t\t<div class=\"elementor-widget-container\">\n\t\t\t\t\t<h3 class=\"elementor-heading-title elementor-size-default\">Come condividiamo le Sue informazioni<\/h3>\t\t\t\t<\/div>\n\t\t\t\t<\/div>\n\t\t\t\t<div class=\"elementor-element elementor-element-8a31c24 elementor-widget elementor-widget-text-editor\" data-id=\"8a31c24\" data-element_type=\"widget\" data-e-type=\"widget\" data-widget_type=\"text-editor.default\">\n\t\t\t\t<div class=\"elementor-widget-container\">\n\t\t\t\t\t\t\t\t\t<p><span style=\"font-weight: 400;\">Potremmo condividere le Sue informazioni con terze parti, tra cui:<\/span><\/p><ul><li style=\"font-weight: 400;\" aria-level=\"1\"><span style=\"font-weight: 400;\">I nostri fornitori di servizi, come elaboratori di pagamenti e fornitori di supporto IT, che ci aiutano a erogare i nostri servizi<\/span><\/li><li style=\"font-weight: 400;\" aria-level=\"1\"><span style=\"font-weight: 400;\">I nostri partner commerciali, come agenti di viaggio e tour operator, che ci aiutano a promuovere i nostri servizi<\/span><\/li><li style=\"font-weight: 400;\" aria-level=\"1\"><span style=\"font-weight: 400;\"><span style=\"font-weight: 400;\">Le forze dell&#8217;ordine o le autorit\u00e0 governative, quando richiesto dalla legge o per proteggere la nostra propriet\u00e0, il personale o gli ospiti<\/span><\/span><\/li><\/ul><p><span style=\"font-weight: 400;\">Condivideremo le Sue informazioni con queste terze parti solo se necessario e solo dopo aver verificato che dispongano di misure adeguate per proteggere la Sua privacy.<\/span><\/p><p> <\/p>\t\t\t\t\t\t\t\t<\/div>\n\t\t\t\t<\/div>\n\t\t\t\t<div class=\"elementor-element elementor-element-09b42e0 elementor-widget elementor-widget-heading\" data-id=\"09b42e0\" data-element_type=\"widget\" data-e-type=\"widget\" data-widget_type=\"heading.default\">\n\t\t\t\t<div class=\"elementor-widget-container\">\n\t\t\t\t\t<h3 class=\"elementor-heading-title elementor-size-default\">I Suoi diritti e le Sue scelte<\/h3>\t\t\t\t<\/div>\n\t\t\t\t<\/div>\n\t\t\t\t<div class=\"elementor-element elementor-element-18a33b5 elementor-widget elementor-widget-text-editor\" data-id=\"18a33b5\" data-element_type=\"widget\" data-e-type=\"widget\" data-widget_type=\"text-editor.default\">\n\t\t\t\t<div class=\"elementor-widget-container\">\n\t\t\t\t\t\t\t\t\t<p><span style=\"font-weight: 400;\">Lei ha il diritto di:<\/span><\/p><ul><li style=\"font-weight: 400;\" aria-level=\"1\"><span style=\"font-weight: 400;\">Accedere alle informazioni che deteniamo su di Lei e correggere eventuali inesattezze<\/span><\/li><li style=\"font-weight: 400;\" aria-level=\"1\"><span style=\"font-weight: 400;\">Opporsi al trattamento delle Sue informazioni<\/span><\/li><li style=\"font-weight: 400;\" aria-level=\"1\"><span style=\"font-weight: 400;\">Richiedere la cancellazione delle Sue informazioni<\/span><\/li><li style=\"font-weight: 400;\" aria-level=\"1\"><span style=\"font-weight: 400;\">Richiedere la limitazione del trattamento delle Sue informazioni<\/span><\/li><li style=\"font-weight: 400;\" aria-level=\"1\"><span style=\"font-weight: 400;\">Revocare il Suo consenso al trattamento delle Sue informazioni<\/span><\/li><li style=\"font-weight: 400;\" aria-level=\"1\"><span style=\"font-weight: 400;\">Pu\u00f2 esercitare questi diritti contattandoci ai recapiti indicati di seguito.<\/span><\/li><li style=\"font-weight: 400;\" aria-level=\"1\"><span style=\"font-weight: 400;\">Cookie e tecnologie di tracciamento<\/span><\/li><li style=\"font-weight: 400;\" aria-level=\"1\"><span style=\"font-weight: 400;\"><span style=\"font-weight: 400;\">Utilizziamo cookie e altre tecnologie di tracciamento per migliorare la Sua esperienza sul nostro sito web e per personalizzare le nostre comunicazioni con Lei. Pu\u00f2 controllare l&#8217;uso dei cookie tramite le impostazioni del Suo browser.<\/span><\/span><\/li><\/ul><p> <\/p>\t\t\t\t\t\t\t\t<\/div>\n\t\t\t\t<\/div>\n\t\t\t\t<div class=\"elementor-element elementor-element-5829a86 elementor-widget elementor-widget-heading\" data-id=\"5829a86\" data-element_type=\"widget\" data-e-type=\"widget\" data-widget_type=\"heading.default\">\n\t\t\t\t<div class=\"elementor-widget-container\">\n\t\t\t\t\t<h3 class=\"elementor-heading-title elementor-size-default\">Modifiche alla presente informativa<\/h3>\t\t\t\t<\/div>\n\t\t\t\t<\/div>\n\t\t\t\t<div class=\"elementor-element elementor-element-e01d456 elementor-widget elementor-widget-text-editor\" data-id=\"e01d456\" data-element_type=\"widget\" data-e-type=\"widget\" data-widget_type=\"text-editor.default\">\n\t\t\t\t<div class=\"elementor-widget-container\">\n\t\t\t\t\t\t\t\t\t<p><span style=\"font-weight: 400;\">Potremmo aggiornare la presente Informativa sulla Privacy di tanto in tanto pubblicando una nuova versione sul nostro sito web. La invitiamo a consultare questa pagina periodicamente per assicurarsi di essere d&#8217;accordo con eventuali modifiche.<\/span><\/p><p> <\/p>\t\t\t\t\t\t\t\t<\/div>\n\t\t\t\t<\/div>\n\t\t\t\t<div class=\"elementor-element elementor-element-1524ada elementor-widget elementor-widget-heading\" data-id=\"1524ada\" data-element_type=\"widget\" data-e-type=\"widget\" data-widget_type=\"heading.default\">\n\t\t\t\t<div class=\"elementor-widget-container\">\n\t\t\t\t\t<h3 class=\"elementor-heading-title elementor-size-default\">Contattaci<\/h3>\t\t\t\t<\/div>\n\t\t\t\t<\/div>\n\t\t\t\t<div class=\"elementor-element elementor-element-15c7b17 elementor-widget elementor-widget-text-editor\" data-id=\"15c7b17\" data-element_type=\"widget\" data-e-type=\"widget\" data-widget_type=\"text-editor.default\">\n\t\t\t\t<div class=\"elementor-widget-container\">\n\t\t\t\t\t\t\t\t\t<p><span style=\"font-weight: 400;\">Per qualsiasi domanda o dubbio riguardo la presente Informativa sulla Privacy o l&#8217;utilizzo delle Sue informazioni, La preghiamo di contattarci all&#8217;indirizzo <\/span><a href=\"mailto:data@stayhaws.com\"><span style=\"font-weight: 400;\">data@stayhaws.com<\/span><\/a><span style=\"font-weight: 400;\">.<\/span><\/p>\t\t\t\t\t\t\t\t<\/div>\n\t\t\t\t<\/div>\n\t\t\t\t\t<\/div>\n\t\t\t\t<\/div>\n\t\t\t\t<\/div>\n\t\t","protected":false},"excerpt":{"rendered":"<p>Introduzione Qui a Haws, desideriamo assicurarci che la Sua esperienza con noi La lasci con il desiderio di tornare! Vogliamo e dobbiamo essere il pi\u00f9 chiari e trasparenti possibile su come trattiamo i Suoi dati personali. Alcune informazioni legali su Haws Lifestyle Hospitality: Ciascuno dei nostri hotel e residenze Haws ha la propria societ\u00e0. Tuttavia, [&hellip;]<\/p>\n","protected":false},"author":1,"featured_media":0,"parent":0,"menu_order":0,"comment_status":"closed","ping_status":"closed","template":"","meta":{"footnotes":""},"class_list":["post-3896","page","type-page","status-publish","hentry"],"acf":[],"yoast_head":"<!-- This site is optimized with the Yoast SEO plugin v26.9 - https:\/\/yoast.com\/product\/yoast-seo-wordpress\/ -->\n<title>Dati sulla Privacy - Haws Lifestyle Hospitality<\/title>\n<meta name=\"robots\" content=\"index, follow, max-snippet:-1, max-image-preview:large, max-video-preview:-1\" \/>\n<link rel=\"canonical\" href=\"https:\/\/stayhaws.com\/it\/dati-sulla-privacy\/\" \/>\n<meta property=\"og:locale\" content=\"it_IT\" \/>\n<meta property=\"og:type\" content=\"article\" \/>\n<meta property=\"og:title\" content=\"Dati sulla Privacy - Haws Lifestyle Hospitality\" \/>\n<meta property=\"og:description\" content=\"Introduzione Qui a Haws, desideriamo assicurarci che la Sua esperienza con noi La lasci con il desiderio di tornare! Vogliamo e dobbiamo essere il pi\u00f9 chiari e trasparenti possibile su come trattiamo i Suoi dati personali. Alcune informazioni legali su Haws Lifestyle Hospitality: Ciascuno dei nostri hotel e residenze Haws ha la propria societ\u00e0. Tuttavia, [&hellip;]\" \/>\n<meta property=\"og:url\" content=\"https:\/\/stayhaws.com\/it\/dati-sulla-privacy\/\" \/>\n<meta property=\"og:site_name\" content=\"Haws Lifestyle Hospitality\" \/>\n<meta property=\"article:modified_time\" content=\"2026-02-14T19:57:50+00:00\" \/>\n<meta name=\"twitter:card\" content=\"summary_large_image\" \/>\n<meta name=\"twitter:label1\" content=\"Tempo di lettura stimato\" \/>\n\t<meta name=\"twitter:data1\" content=\"4 minuti\" \/>\n<script type=\"application\/ld+json\" class=\"yoast-schema-graph\">{\"@context\":\"https:\/\/schema.org\",\"@graph\":[{\"@type\":\"WebPage\",\"@id\":\"https:\/\/stayhaws.com\/it\/dati-sulla-privacy\/\",\"url\":\"https:\/\/stayhaws.com\/it\/dati-sulla-privacy\/\",\"name\":\"Dati sulla Privacy - Haws Lifestyle Hospitality\",\"isPartOf\":{\"@id\":\"https:\/\/stayhaws.com\/it\/#website\"},\"datePublished\":\"2024-12-11T12:34:28+00:00\",\"dateModified\":\"2026-02-14T19:57:50+00:00\",\"breadcrumb\":{\"@id\":\"https:\/\/stayhaws.com\/it\/dati-sulla-privacy\/#breadcrumb\"},\"inLanguage\":\"it-IT\",\"potentialAction\":[{\"@type\":\"ReadAction\",\"target\":[\"https:\/\/stayhaws.com\/it\/dati-sulla-privacy\/\"]}]},{\"@type\":\"BreadcrumbList\",\"@id\":\"https:\/\/stayhaws.com\/it\/dati-sulla-privacy\/#breadcrumb\",\"itemListElement\":[{\"@type\":\"ListItem\",\"position\":1,\"name\":\"Home\",\"item\":\"https:\/\/stayhaws.com\/it\/\"},{\"@type\":\"ListItem\",\"position\":2,\"name\":\"Dati sulla Privacy\"}]},{\"@type\":\"WebSite\",\"@id\":\"https:\/\/stayhaws.com\/it\/#website\",\"url\":\"https:\/\/stayhaws.com\/it\/\",\"name\":\"HAWS Lifestyle Hospitality\",\"description\":\"Stay Like Home\",\"publisher\":{\"@id\":\"https:\/\/stayhaws.com\/it\/#organization\"},\"potentialAction\":[{\"@type\":\"SearchAction\",\"target\":{\"@type\":\"EntryPoint\",\"urlTemplate\":\"https:\/\/stayhaws.com\/it\/?s={search_term_string}\"},\"query-input\":{\"@type\":\"PropertyValueSpecification\",\"valueRequired\":true,\"valueName\":\"search_term_string\"}}],\"inLanguage\":\"it-IT\"},{\"@type\":\"Organization\",\"@id\":\"https:\/\/stayhaws.com\/it\/#organization\",\"name\":\"HAWS Lifestyle Hospitality\",\"url\":\"https:\/\/stayhaws.com\/it\/\",\"logo\":{\"@type\":\"ImageObject\",\"inLanguage\":\"it-IT\",\"@id\":\"https:\/\/stayhaws.com\/it\/#\/schema\/logo\/image\/\",\"url\":\"https:\/\/stayhaws.com\/wp-content\/uploads\/2024\/09\/haws-logo-tagline-serif-blue.svg\",\"contentUrl\":\"https:\/\/stayhaws.com\/wp-content\/uploads\/2024\/09\/haws-logo-tagline-serif-blue.svg\",\"width\":1,\"height\":1,\"caption\":\"HAWS Lifestyle Hospitality\"},\"image\":{\"@id\":\"https:\/\/stayhaws.com\/it\/#\/schema\/logo\/image\/\"}}]}<\/script>\n<!-- \/ Yoast SEO plugin. -->","yoast_head_json":{"title":"Dati sulla Privacy - Haws Lifestyle Hospitality","robots":{"index":"index","follow":"follow","max-snippet":"max-snippet:-1","max-image-preview":"max-image-preview:large","max-video-preview":"max-video-preview:-1"},"canonical":"https:\/\/stayhaws.com\/it\/dati-sulla-privacy\/","og_locale":"it_IT","og_type":"article","og_title":"Dati sulla Privacy - Haws Lifestyle Hospitality","og_description":"Introduzione Qui a Haws, desideriamo assicurarci che la Sua esperienza con noi La lasci con il desiderio di tornare! Vogliamo e dobbiamo essere il pi\u00f9 chiari e trasparenti possibile su come trattiamo i Suoi dati personali. Alcune informazioni legali su Haws Lifestyle Hospitality: Ciascuno dei nostri hotel e residenze Haws ha la propria societ\u00e0. Tuttavia, [&hellip;]","og_url":"https:\/\/stayhaws.com\/it\/dati-sulla-privacy\/","og_site_name":"Haws Lifestyle Hospitality","article_modified_time":"2026-02-14T19:57:50+00:00","twitter_card":"summary_large_image","twitter_misc":{"Tempo di lettura stimato":"4 minuti"},"schema":{"@context":"https:\/\/schema.org","@graph":[{"@type":"WebPage","@id":"https:\/\/stayhaws.com\/it\/dati-sulla-privacy\/","url":"https:\/\/stayhaws.com\/it\/dati-sulla-privacy\/","name":"Dati sulla Privacy - Haws Lifestyle Hospitality","isPartOf":{"@id":"https:\/\/stayhaws.com\/it\/#website"},"datePublished":"2024-12-11T12:34:28+00:00","dateModified":"2026-02-14T19:57:50+00:00","breadcrumb":{"@id":"https:\/\/stayhaws.com\/it\/dati-sulla-privacy\/#breadcrumb"},"inLanguage":"it-IT","potentialAction":[{"@type":"ReadAction","target":["https:\/\/stayhaws.com\/it\/dati-sulla-privacy\/"]}]},{"@type":"BreadcrumbList","@id":"https:\/\/stayhaws.com\/it\/dati-sulla-privacy\/#breadcrumb","itemListElement":[{"@type":"ListItem","position":1,"name":"Home","item":"https:\/\/stayhaws.com\/it\/"},{"@type":"ListItem","position":2,"name":"Dati sulla Privacy"}]},{"@type":"WebSite","@id":"https:\/\/stayhaws.com\/it\/#website","url":"https:\/\/stayhaws.com\/it\/","name":"HAWS Lifestyle Hospitality","description":"Stay Like Home","publisher":{"@id":"https:\/\/stayhaws.com\/it\/#organization"},"potentialAction":[{"@type":"SearchAction","target":{"@type":"EntryPoint","urlTemplate":"https:\/\/stayhaws.com\/it\/?s={search_term_string}"},"query-input":{"@type":"PropertyValueSpecification","valueRequired":true,"valueName":"search_term_string"}}],"inLanguage":"it-IT"},{"@type":"Organization","@id":"https:\/\/stayhaws.com\/it\/#organization","name":"HAWS Lifestyle Hospitality","url":"https:\/\/stayhaws.com\/it\/","logo":{"@type":"ImageObject","inLanguage":"it-IT","@id":"https:\/\/stayhaws.com\/it\/#\/schema\/logo\/image\/","url":"https:\/\/stayhaws.com\/wp-content\/uploads\/2024\/09\/haws-logo-tagline-serif-blue.svg","contentUrl":"https:\/\/stayhaws.com\/wp-content\/uploads\/2024\/09\/haws-logo-tagline-serif-blue.svg","width":1,"height":1,"caption":"HAWS Lifestyle Hospitality"},"image":{"@id":"https:\/\/stayhaws.com\/it\/#\/schema\/logo\/image\/"}}]}},"featured_image_src":null,"featured_image_src_square":null,"_links":{"self":[{"href":"https:\/\/stayhaws.com\/it\/wp-json\/wp\/v2\/pages\/3896","targetHints":{"allow":["GET"]}}],"collection":[{"href":"https:\/\/stayhaws.com\/it\/wp-json\/wp\/v2\/pages"}],"about":[{"href":"https:\/\/stayhaws.com\/it\/wp-json\/wp\/v2\/types\/page"}],"author":[{"embeddable":true,"href":"https:\/\/stayhaws.com\/it\/wp-json\/wp\/v2\/users\/1"}],"replies":[{"embeddable":true,"href":"https:\/\/stayhaws.com\/it\/wp-json\/wp\/v2\/comments?post=3896"}],"version-history":[{"count":4,"href":"https:\/\/stayhaws.com\/it\/wp-json\/wp\/v2\/pages\/3896\/revisions"}],"predecessor-version":[{"id":5427,"href":"https:\/\/stayhaws.com\/it\/wp-json\/wp\/v2\/pages\/3896\/revisions\/5427"}],"wp:attachment":[{"href":"https:\/\/stayhaws.com\/it\/wp-json\/wp\/v2\/media?parent=3896"}],"curies":[{"name":"wp","href":"https:\/\/api.w.org\/{rel}","templated":true}]}}