{"id":3716,"date":"2025-07-25T05:36:42","date_gmt":"2025-07-25T05:36:42","guid":{"rendered":"https:\/\/stayhaws.com\/lisboa\/herois-locais\/"},"modified":"2026-02-07T15:20:20","modified_gmt":"2026-02-07T15:20:20","slug":"herois-locais","status":"publish","type":"page","link":"https:\/\/stayhaws.com\/pt-pt\/lisboa\/herois-locais\/","title":{"rendered":"Her\u00f3is Locais"},"content":{"rendered":"\t\t<div data-elementor-type=\"wp-page\" data-elementor-id=\"3716\" class=\"elementor elementor-3716 elementor-1052\" data-elementor-post-type=\"page\">\n\t\t\t\t<div class=\"elementor-element elementor-element-29838a1 e-flex e-con-boxed e-con e-parent\" data-id=\"29838a1\" data-element_type=\"container\" data-e-type=\"container\" data-settings=\"{&quot;background_background&quot;:&quot;video&quot;,&quot;background_play_on_mobile&quot;:&quot;yes&quot;,&quot;background_video_link&quot;:&quot;https:\\\/\\\/stayhaws.com\\\/wp-content\\\/uploads\\\/2024\\\/09\\\/HAWS-LISBOA-by-macawfilms.mp4&quot;}\">\n\t\t\t\t\t<div class=\"e-con-inner\">\n\t\t<div class=\"elementor-background-video-container\">\n\t\t\t\t\t\t\t<video class=\"elementor-background-video-hosted\" role=\"presentation\" autoplay muted playsinline loop><\/video>\n\t\t\t\t\t<\/div><div class=\"elementor-element elementor-element-7bf49ed e-con-full e-flex e-con e-child\" data-id=\"7bf49ed\" data-element_type=\"container\" data-e-type=\"container\">\n\t\t\t\t<div class=\"elementor-element elementor-element-e23c269 animated-slow elementor-invisible elementor-widget elementor-widget-heading\" data-id=\"e23c269\" data-element_type=\"widget\" data-e-type=\"widget\" data-settings=\"{&quot;_animation&quot;:&quot;fadeInDown&quot;}\" data-widget_type=\"heading.default\">\n\t\t\t\t<div class=\"elementor-widget-container\">\n\t\t\t\t\t<h1 class=\"elementor-heading-title elementor-size-default\">Her\u00f3is Locais<\/h1>\t\t\t\t<\/div>\n\t\t\t\t<\/div>\n\t\t\t\t<div class=\"elementor-element elementor-element-e00d0c3 elementor-widget__width-initial animated-slow elementor-invisible elementor-widget elementor-widget-text-editor\" data-id=\"e00d0c3\" data-element_type=\"widget\" data-e-type=\"widget\" data-settings=\"{&quot;_animation&quot;:&quot;fadeInUp&quot;}\" data-widget_type=\"text-editor.default\">\n\t\t\t\t<div class=\"elementor-widget-container\">\n\t\t\t\t\t\t\t\t\tConforto luxuoso e servi\u00e7o inigual\u00e1vel no cora\u00e7\u00e3o de Lisboa\t\t\t\t\t\t\t\t<\/div>\n\t\t\t\t<\/div>\n\t\t\t\t<\/div>\n\t\t<div class=\"elementor-element elementor-element-aa1f8ca e-con-full e-flex e-con e-child\" data-id=\"aa1f8ca\" data-element_type=\"container\" data-e-type=\"container\">\n\t\t\t\t<div class=\"elementor-element elementor-element-4dff20b elementor-widget__width-inherit elementor-widget elementor-widget-html\" data-id=\"4dff20b\" data-element_type=\"widget\" data-e-type=\"widget\" data-widget_type=\"html.default\">\n\t\t\t\t<div class=\"elementor-widget-container\">\n\t\t\t\t\t<!-- Importar la fuente Epilogue -->\n<link rel=\"preconnect\" href=\"https:\/\/fonts.googleapis.com\">\n<link rel=\"preconnect\" href=\"https:\/\/fonts.gstatic.com\" crossorigin>\n<link href=\"https:\/\/fonts.googleapis.com\/css2?family=Epilogue:wght@400;700&display=swap\" rel=\"stylesheet\">\n\n<!-- Importar los estilos y el script de Flatpickr -->\n<link rel=\"stylesheet\" href=\"https:\/\/cdn.jsdelivr.net\/npm\/flatpickr\/dist\/flatpickr.min.css\">\n<script src=\"https:\/\/cdn.jsdelivr.net\/npm\/flatpickr\"><\/script>\n\n<div class=\"booking-form-container\">\n  <form class=\"booking-form\" id=\"mews-booking-widget\">\n\n    <div class=\"form-group\">\n      <label for=\"location\">Localiza\u00e7\u00e3o<\/label>\n      <input type=\"text\" id=\"location\" value=\"Lisboa\" readonly>\n    <\/div>\n\n    <div class=\"form-group\">\n      <label for=\"checkin-checkout\">Check-in \/ Check-out<\/label>\n      <input type=\"text\" id=\"checkin-checkout\" name=\"checkin-checkout\" placeholder=\"Adicionar datas\" required>\n    <\/div>\n\n    <div class=\"form-group\">\n      <div style=\"display: flex; gap: 10px;\">\n        <div style=\"flex: 1;\">\n          <label for=\"adults-input\" style=\"display: block; margin-bottom: 5px;\">Adultos<\/label>\n          <input type=\"number\" id=\"adults-input\" name=\"adults\" value=\"2\" min=\"1\" style=\"width: 100%; padding: 5px;\">\n        <\/div>\n        <div style=\"flex: 1;\">\n          <label for=\"children-input\" style=\"display: block; margin-bottom: 5px;\">Crian\u00e7as<\/label>\n          <input type=\"number\" id=\"children-input\" name=\"children\" value=\"0\" min=\"0\" style=\"width: 100%; padding: 5px;\">\n        <\/div>\n      <\/div>\n    <\/div>\n\n    <div class=\"form-group\">\n      <label for=\"promo-code\">Tem um C\u00f3digo?<\/label>\n      <input type=\"text\" id=\"promo-code\" name=\"promo-code\" placeholder=\"Introduza o c\u00f3digo\">\n    <\/div>\n\n    <div class=\"form-group-button\">\n      <button type=\"submit\" id=\"dates-submit\" value=\"Carregando...\">Verificar Disponibilidade<\/button>\n    <\/div>\n  <\/form>\n<\/div>\n\n<script>\n  flatpickr(\"#checkin-checkout\", {\n    mode: \"range\",\n    dateFormat: \"d\/m\/Y\",\n    minDate: \"today\",\n  });\n<\/script>\t\t\t\t<\/div>\n\t\t\t\t<\/div>\n\t\t\t\t<\/div>\n\t\t\t\t\t<\/div>\n\t\t\t\t<\/div>\n\t\t<div class=\"elementor-element elementor-element-c9dfc0a e-con-full e-flex e-con e-parent\" data-id=\"c9dfc0a\" data-element_type=\"container\" data-e-type=\"container\" data-settings=\"{&quot;background_background&quot;:&quot;classic&quot;}\">\n\t\t\t\t<div class=\"elementor-element elementor-element-19a159f animated-slow elementor-invisible elementor-widget elementor-widget-heading\" data-id=\"19a159f\" data-element_type=\"widget\" data-e-type=\"widget\" data-settings=\"{&quot;_animation&quot;:&quot;fadeInDown&quot;}\" data-widget_type=\"heading.default\">\n\t\t\t\t<div class=\"elementor-widget-container\">\n\t\t\t\t\t<p class=\"elementor-heading-title elementor-size-default\">Pessoas e Lugares<\/p>\t\t\t\t<\/div>\n\t\t\t\t<\/div>\n\t\t\t\t<div class=\"elementor-element elementor-element-6e23a4f animated-slow elementor-invisible elementor-widget elementor-widget-heading\" data-id=\"6e23a4f\" data-element_type=\"widget\" data-e-type=\"widget\" data-settings=\"{&quot;_animation&quot;:&quot;fadeInUp&quot;}\" data-widget_type=\"heading.default\">\n\t\t\t\t<div class=\"elementor-widget-container\">\n\t\t\t\t\t<h2 class=\"elementor-heading-title elementor-size-default\">Her\u00f3is do Bairro<\/h2>\t\t\t\t<\/div>\n\t\t\t\t<\/div>\n\t\t<div class=\"elementor-element elementor-element-9f19197 e-flex e-con-boxed e-con e-child\" data-id=\"9f19197\" data-element_type=\"container\" data-e-type=\"container\">\n\t\t\t\t\t<div class=\"e-con-inner\">\n\t\t<div class=\"elementor-element elementor-element-59d83d5 e-con-full animated-slow e-flex elementor-invisible e-con e-child\" data-id=\"59d83d5\" data-element_type=\"container\" data-e-type=\"container\" data-settings=\"{&quot;background_background&quot;:&quot;classic&quot;,&quot;animation&quot;:&quot;fadeInLeft&quot;}\">\n\t\t<div class=\"elementor-element elementor-element-7825561 e-con-full e-flex e-con e-child\" data-id=\"7825561\" data-element_type=\"container\" data-e-type=\"container\">\n\t\t\t\t<div class=\"elementor-element elementor-element-664408f elementor-widget elementor-widget-heading\" data-id=\"664408f\" data-element_type=\"widget\" data-e-type=\"widget\" data-widget_type=\"heading.default\">\n\t\t\t\t<div class=\"elementor-widget-container\">\n\t\t\t\t\t<p class=\"elementor-heading-title elementor-size-default\">O Nosso Bairro<\/p>\t\t\t\t<\/div>\n\t\t\t\t<\/div>\n\t\t\t\t<div class=\"elementor-element elementor-element-68d3532 elementor-widget__width-initial elementor-widget elementor-widget-heading\" data-id=\"68d3532\" data-element_type=\"widget\" data-e-type=\"widget\" data-widget_type=\"heading.default\">\n\t\t\t\t<div class=\"elementor-widget-container\">\n\t\t\t\t\t<p class=\"elementor-heading-title elementor-size-default\">Restaurantes<\/p>\t\t\t\t<\/div>\n\t\t\t\t<\/div>\n\t\t\t\t<\/div>\n\t\t\t\t<div class=\"elementor-element elementor-element-61c357c elementor-widget elementor-widget-button\" data-id=\"61c357c\" data-element_type=\"widget\" data-e-type=\"widget\" data-widget_type=\"button.default\">\n\t\t\t\t<div class=\"elementor-widget-container\">\n\t\t\t\t\t\t\t\t\t<div class=\"elementor-button-wrapper\">\n\t\t\t\t\t<a class=\"elementor-button elementor-button-link elementor-size-sm\" href=\"https:\/\/stayhaws.com\/pt-pt\/lisboa\/herois-locais\/restaurantes\/\">\n\t\t\t\t\t\t<span class=\"elementor-button-content-wrapper\">\n\t\t\t\t\t\t\t\t\t<span class=\"elementor-button-text\">Descubra<\/span>\n\t\t\t\t\t<\/span>\n\t\t\t\t\t<\/a>\n\t\t\t\t<\/div>\n\t\t\t\t\t\t\t\t<\/div>\n\t\t\t\t<\/div>\n\t\t\t\t<\/div>\n\t\t<div class=\"elementor-element elementor-element-e6bf9a2 e-con-full e-flex e-con e-child\" data-id=\"e6bf9a2\" data-element_type=\"container\" data-e-type=\"container\">\n\t\t<div class=\"elementor-element elementor-element-c3accb0 e-con-full animated-slow e-flex elementor-invisible e-con e-child\" data-id=\"c3accb0\" data-element_type=\"container\" data-e-type=\"container\" data-settings=\"{&quot;background_background&quot;:&quot;classic&quot;,&quot;animation&quot;:&quot;fadeInRight&quot;}\">\n\t\t<div class=\"elementor-element elementor-element-9bd59e5 e-con-full e-flex e-con e-child\" data-id=\"9bd59e5\" data-element_type=\"container\" data-e-type=\"container\">\n\t\t\t\t<div class=\"elementor-element elementor-element-53e667f elementor-widget__width-initial elementor-widget elementor-widget-heading\" data-id=\"53e667f\" data-element_type=\"widget\" data-e-type=\"widget\" data-widget_type=\"heading.default\">\n\t\t\t\t<div class=\"elementor-widget-container\">\n\t\t\t\t\t<p class=\"elementor-heading-title elementor-size-default\">Bares\/ Pubs<\/p>\t\t\t\t<\/div>\n\t\t\t\t<\/div>\n\t\t\t\t<\/div>\n\t\t\t\t<div class=\"elementor-element elementor-element-2e8dbc9 elementor-widget elementor-widget-button\" data-id=\"2e8dbc9\" data-element_type=\"widget\" data-e-type=\"widget\" data-widget_type=\"button.default\">\n\t\t\t\t<div class=\"elementor-widget-container\">\n\t\t\t\t\t\t\t\t\t<div class=\"elementor-button-wrapper\">\n\t\t\t\t\t<a class=\"elementor-button elementor-button-link elementor-size-sm\" href=\"https:\/\/stayhaws.com\/pt-pt\/lisboa\/herois-locais\/pubs-bares\/\">\n\t\t\t\t\t\t<span class=\"elementor-button-content-wrapper\">\n\t\t\t\t\t\t\t\t\t<span class=\"elementor-button-text\">Descubra<\/span>\n\t\t\t\t\t<\/span>\n\t\t\t\t\t<\/a>\n\t\t\t\t<\/div>\n\t\t\t\t\t\t\t\t<\/div>\n\t\t\t\t<\/div>\n\t\t\t\t<\/div>\n\t\t<div class=\"elementor-element elementor-element-80dfece e-con-full animated-slow e-flex elementor-invisible e-con e-child\" data-id=\"80dfece\" data-element_type=\"container\" data-e-type=\"container\" data-settings=\"{&quot;background_background&quot;:&quot;classic&quot;,&quot;animation&quot;:&quot;fadeInRight&quot;,&quot;animation_delay&quot;:1000}\">\n\t\t<div class=\"elementor-element elementor-element-c545850 e-con-full e-flex e-con e-child\" data-id=\"c545850\" data-element_type=\"container\" data-e-type=\"container\">\n\t\t\t\t<div class=\"elementor-element elementor-element-3945ffd elementor-widget__width-initial elementor-widget elementor-widget-heading\" data-id=\"3945ffd\" data-element_type=\"widget\" data-e-type=\"widget\" data-widget_type=\"heading.default\">\n\t\t\t\t<div class=\"elementor-widget-container\">\n\t\t\t\t\t<p class=\"elementor-heading-title elementor-size-default\">Wine Bar<\/p>\t\t\t\t<\/div>\n\t\t\t\t<\/div>\n\t\t\t\t<\/div>\n\t\t\t\t<div class=\"elementor-element elementor-element-dd4262e elementor-widget elementor-widget-button\" data-id=\"dd4262e\" data-element_type=\"widget\" data-e-type=\"widget\" data-widget_type=\"button.default\">\n\t\t\t\t<div class=\"elementor-widget-container\">\n\t\t\t\t\t\t\t\t\t<div class=\"elementor-button-wrapper\">\n\t\t\t\t\t<a class=\"elementor-button elementor-button-link elementor-size-sm\" href=\"https:\/\/stayhaws.com\/pt-pt\/lisboa\/herois-locais\/bares-de-vinho\/\">\n\t\t\t\t\t\t<span class=\"elementor-button-content-wrapper\">\n\t\t\t\t\t\t\t\t\t<span class=\"elementor-button-text\">Descubra<\/span>\n\t\t\t\t\t<\/span>\n\t\t\t\t\t<\/a>\n\t\t\t\t<\/div>\n\t\t\t\t\t\t\t\t<\/div>\n\t\t\t\t<\/div>\n\t\t\t\t<\/div>\n\t\t<div class=\"elementor-element elementor-element-ad191ce e-con-full animated-slow e-flex elementor-invisible e-con e-child\" data-id=\"ad191ce\" data-element_type=\"container\" data-e-type=\"container\" data-settings=\"{&quot;background_background&quot;:&quot;classic&quot;,&quot;animation&quot;:&quot;fadeInUp&quot;,&quot;animation_delay&quot;:500}\">\n\t\t<div class=\"elementor-element elementor-element-56fe72d e-con-full e-flex e-con e-child\" data-id=\"56fe72d\" data-element_type=\"container\" data-e-type=\"container\">\n\t\t\t\t<div class=\"elementor-element elementor-element-8f41222 elementor-widget__width-initial elementor-widget elementor-widget-heading\" data-id=\"8f41222\" data-element_type=\"widget\" data-e-type=\"widget\" data-widget_type=\"heading.default\">\n\t\t\t\t<div class=\"elementor-widget-container\">\n\t\t\t\t\t<p class=\"elementor-heading-title elementor-size-default\">Lojas<\/p>\t\t\t\t<\/div>\n\t\t\t\t<\/div>\n\t\t\t\t<\/div>\n\t\t\t\t<div class=\"elementor-element elementor-element-54c64d7 elementor-widget elementor-widget-button\" data-id=\"54c64d7\" data-element_type=\"widget\" data-e-type=\"widget\" data-widget_type=\"button.default\">\n\t\t\t\t<div class=\"elementor-widget-container\">\n\t\t\t\t\t\t\t\t\t<div class=\"elementor-button-wrapper\">\n\t\t\t\t\t<a class=\"elementor-button elementor-button-link elementor-size-sm\" href=\"https:\/\/stayhaws.com\/pt-pt\/lisboa\/herois-locais\/lojas\/\">\n\t\t\t\t\t\t<span class=\"elementor-button-content-wrapper\">\n\t\t\t\t\t\t\t\t\t<span class=\"elementor-button-text\">Descubra<\/span>\n\t\t\t\t\t<\/span>\n\t\t\t\t\t<\/a>\n\t\t\t\t<\/div>\n\t\t\t\t\t\t\t\t<\/div>\n\t\t\t\t<\/div>\n\t\t\t\t<\/div>\n\t\t\t\t<\/div>\n\t\t\t\t\t<\/div>\n\t\t\t\t<\/div>\n\t\t\t\t<\/div>\n\t\t\t\t<\/div>\n\t\t","protected":false},"excerpt":{"rendered":"<p>Her\u00f3is Locais Luxurious comfort and unmatched\u2028service in the heart of Lisbon Location Check In \/ Check Out Adults Children Got a Code? Check Availability People &amp; Places Her\u00f3is do Bairro O Nosso Bairro Restaurantes Discover Bars\/ Pubs Discover Wine Bar Discover Shops Discover<\/p>\n","protected":false},"author":2,"featured_media":0,"parent":3633,"menu_order":0,"comment_status":"closed","ping_status":"closed","template":"","meta":{"footnotes":""},"class_list":["post-3716","page","type-page","status-publish","hentry"],"acf":[],"yoast_head":"<!-- This site is optimized with the Yoast SEO plugin v26.9 - https:\/\/yoast.com\/product\/yoast-seo-wordpress\/ -->\n<title>Para onde quer que a vida o leve, sinta-se em casa - Haws Lifestyle Hospitality<\/title>\n<meta name=\"description\" content=\"Haws is much more than a place to stay. We are on a quest to create boundary-blurring spaces that will bring together a new generation of bold change-makers to connect, stay, work, play and love.\" \/>\n<meta name=\"robots\" content=\"index, follow, max-snippet:-1, max-image-preview:large, max-video-preview:-1\" \/>\n<link rel=\"canonical\" href=\"https:\/\/stayhaws.com\/pt-pt\/lisboa\/herois-locais\/\" \/>\n<meta property=\"og:locale\" content=\"pt_PT\" \/>\n<meta property=\"og:type\" content=\"article\" \/>\n<meta property=\"og:title\" content=\"Para onde quer que a vida o leve, sinta-se em casa - Haws Lifestyle Hospitality\" \/>\n<meta property=\"og:description\" content=\"Haws is much more than a place to stay. We are on a quest to create boundary-blurring spaces that will bring together a new generation of bold change-makers to connect, stay, work, play and love.\" \/>\n<meta property=\"og:url\" content=\"https:\/\/stayhaws.com\/pt-pt\/lisboa\/herois-locais\/\" \/>\n<meta property=\"og:site_name\" content=\"Haws Lifestyle Hospitality\" \/>\n<meta property=\"article:modified_time\" content=\"2026-02-07T15:20:20+00:00\" \/>\n<meta name=\"twitter:card\" content=\"summary_large_image\" \/>\n<script type=\"application\/ld+json\" class=\"yoast-schema-graph\">{\"@context\":\"https:\/\/schema.org\",\"@graph\":[{\"@type\":\"WebPage\",\"@id\":\"https:\/\/stayhaws.com\/pt-pt\/lisboa\/herois-locais\/\",\"url\":\"https:\/\/stayhaws.com\/pt-pt\/lisboa\/herois-locais\/\",\"name\":\"Para onde quer que a vida o leve, sinta-se em casa - Haws Lifestyle Hospitality\",\"isPartOf\":{\"@id\":\"https:\/\/stayhaws.com\/pt-pt\/#website\"},\"datePublished\":\"2025-07-25T05:36:42+00:00\",\"dateModified\":\"2026-02-07T15:20:20+00:00\",\"description\":\"Haws is much more than a place to stay. We are on a quest to create boundary-blurring spaces that will bring together a new generation of bold change-makers to connect, stay, work, play and love.\",\"breadcrumb\":{\"@id\":\"https:\/\/stayhaws.com\/pt-pt\/lisboa\/herois-locais\/#breadcrumb\"},\"inLanguage\":\"pt-PT\",\"potentialAction\":[{\"@type\":\"ReadAction\",\"target\":[\"https:\/\/stayhaws.com\/pt-pt\/lisboa\/herois-locais\/\"]}]},{\"@type\":\"BreadcrumbList\",\"@id\":\"https:\/\/stayhaws.com\/pt-pt\/lisboa\/herois-locais\/#breadcrumb\",\"itemListElement\":[{\"@type\":\"ListItem\",\"position\":1,\"name\":\"Home\",\"item\":\"https:\/\/stayhaws.com\/pt-pt\/\"},{\"@type\":\"ListItem\",\"position\":2,\"name\":\"Lisboa\",\"item\":\"https:\/\/stayhaws.com\/pt-pt\/lisboa\/\"},{\"@type\":\"ListItem\",\"position\":3,\"name\":\"Her\u00f3is Locais\"}]},{\"@type\":\"WebSite\",\"@id\":\"https:\/\/stayhaws.com\/pt-pt\/#website\",\"url\":\"https:\/\/stayhaws.com\/pt-pt\/\",\"name\":\"HAWS Lifestyle Hospitality\",\"description\":\"Stay Like Home\",\"publisher\":{\"@id\":\"https:\/\/stayhaws.com\/pt-pt\/#organization\"},\"potentialAction\":[{\"@type\":\"SearchAction\",\"target\":{\"@type\":\"EntryPoint\",\"urlTemplate\":\"https:\/\/stayhaws.com\/pt-pt\/?s={search_term_string}\"},\"query-input\":{\"@type\":\"PropertyValueSpecification\",\"valueRequired\":true,\"valueName\":\"search_term_string\"}}],\"inLanguage\":\"pt-PT\"},{\"@type\":\"Organization\",\"@id\":\"https:\/\/stayhaws.com\/pt-pt\/#organization\",\"name\":\"HAWS Lifestyle Hospitality\",\"url\":\"https:\/\/stayhaws.com\/pt-pt\/\",\"logo\":{\"@type\":\"ImageObject\",\"inLanguage\":\"pt-PT\",\"@id\":\"https:\/\/stayhaws.com\/pt-pt\/#\/schema\/logo\/image\/\",\"url\":\"https:\/\/stayhaws.com\/wp-content\/uploads\/2024\/09\/haws-logo-tagline-serif-blue.svg\",\"contentUrl\":\"https:\/\/stayhaws.com\/wp-content\/uploads\/2024\/09\/haws-logo-tagline-serif-blue.svg\",\"width\":1,\"height\":1,\"caption\":\"HAWS Lifestyle Hospitality\"},\"image\":{\"@id\":\"https:\/\/stayhaws.com\/pt-pt\/#\/schema\/logo\/image\/\"}}]}<\/script>\n<!-- \/ Yoast SEO plugin. -->","yoast_head_json":{"title":"Para onde quer que a vida o leve, sinta-se em casa - Haws Lifestyle Hospitality","description":"Haws is much more than a place to stay. We are on a quest to create boundary-blurring spaces that will bring together a new generation of bold change-makers to connect, stay, work, play and love.","robots":{"index":"index","follow":"follow","max-snippet":"max-snippet:-1","max-image-preview":"max-image-preview:large","max-video-preview":"max-video-preview:-1"},"canonical":"https:\/\/stayhaws.com\/pt-pt\/lisboa\/herois-locais\/","og_locale":"pt_PT","og_type":"article","og_title":"Para onde quer que a vida o leve, sinta-se em casa - Haws Lifestyle Hospitality","og_description":"Haws is much more than a place to stay. We are on a quest to create boundary-blurring spaces that will bring together a new generation of bold change-makers to connect, stay, work, play and love.","og_url":"https:\/\/stayhaws.com\/pt-pt\/lisboa\/herois-locais\/","og_site_name":"Haws Lifestyle Hospitality","article_modified_time":"2026-02-07T15:20:20+00:00","twitter_card":"summary_large_image","schema":{"@context":"https:\/\/schema.org","@graph":[{"@type":"WebPage","@id":"https:\/\/stayhaws.com\/pt-pt\/lisboa\/herois-locais\/","url":"https:\/\/stayhaws.com\/pt-pt\/lisboa\/herois-locais\/","name":"Para onde quer que a vida o leve, sinta-se em casa - Haws Lifestyle Hospitality","isPartOf":{"@id":"https:\/\/stayhaws.com\/pt-pt\/#website"},"datePublished":"2025-07-25T05:36:42+00:00","dateModified":"2026-02-07T15:20:20+00:00","description":"Haws is much more than a place to stay. We are on a quest to create boundary-blurring spaces that will bring together a new generation of bold change-makers to connect, stay, work, play and love.","breadcrumb":{"@id":"https:\/\/stayhaws.com\/pt-pt\/lisboa\/herois-locais\/#breadcrumb"},"inLanguage":"pt-PT","potentialAction":[{"@type":"ReadAction","target":["https:\/\/stayhaws.com\/pt-pt\/lisboa\/herois-locais\/"]}]},{"@type":"BreadcrumbList","@id":"https:\/\/stayhaws.com\/pt-pt\/lisboa\/herois-locais\/#breadcrumb","itemListElement":[{"@type":"ListItem","position":1,"name":"Home","item":"https:\/\/stayhaws.com\/pt-pt\/"},{"@type":"ListItem","position":2,"name":"Lisboa","item":"https:\/\/stayhaws.com\/pt-pt\/lisboa\/"},{"@type":"ListItem","position":3,"name":"Her\u00f3is Locais"}]},{"@type":"WebSite","@id":"https:\/\/stayhaws.com\/pt-pt\/#website","url":"https:\/\/stayhaws.com\/pt-pt\/","name":"HAWS Lifestyle Hospitality","description":"Stay Like Home","publisher":{"@id":"https:\/\/stayhaws.com\/pt-pt\/#organization"},"potentialAction":[{"@type":"SearchAction","target":{"@type":"EntryPoint","urlTemplate":"https:\/\/stayhaws.com\/pt-pt\/?s={search_term_string}"},"query-input":{"@type":"PropertyValueSpecification","valueRequired":true,"valueName":"search_term_string"}}],"inLanguage":"pt-PT"},{"@type":"Organization","@id":"https:\/\/stayhaws.com\/pt-pt\/#organization","name":"HAWS Lifestyle Hospitality","url":"https:\/\/stayhaws.com\/pt-pt\/","logo":{"@type":"ImageObject","inLanguage":"pt-PT","@id":"https:\/\/stayhaws.com\/pt-pt\/#\/schema\/logo\/image\/","url":"https:\/\/stayhaws.com\/wp-content\/uploads\/2024\/09\/haws-logo-tagline-serif-blue.svg","contentUrl":"https:\/\/stayhaws.com\/wp-content\/uploads\/2024\/09\/haws-logo-tagline-serif-blue.svg","width":1,"height":1,"caption":"HAWS Lifestyle Hospitality"},"image":{"@id":"https:\/\/stayhaws.com\/pt-pt\/#\/schema\/logo\/image\/"}}]}},"featured_image_src":null,"featured_image_src_square":null,"_links":{"self":[{"href":"https:\/\/stayhaws.com\/pt-pt\/wp-json\/wp\/v2\/pages\/3716","targetHints":{"allow":["GET"]}}],"collection":[{"href":"https:\/\/stayhaws.com\/pt-pt\/wp-json\/wp\/v2\/pages"}],"about":[{"href":"https:\/\/stayhaws.com\/pt-pt\/wp-json\/wp\/v2\/types\/page"}],"author":[{"embeddable":true,"href":"https:\/\/stayhaws.com\/pt-pt\/wp-json\/wp\/v2\/users\/2"}],"replies":[{"embeddable":true,"href":"https:\/\/stayhaws.com\/pt-pt\/wp-json\/wp\/v2\/comments?post=3716"}],"version-history":[{"count":2,"href":"https:\/\/stayhaws.com\/pt-pt\/wp-json\/wp\/v2\/pages\/3716\/revisions"}],"predecessor-version":[{"id":4602,"href":"https:\/\/stayhaws.com\/pt-pt\/wp-json\/wp\/v2\/pages\/3716\/revisions\/4602"}],"up":[{"embeddable":true,"href":"https:\/\/stayhaws.com\/pt-pt\/wp-json\/wp\/v2\/pages\/3633"}],"wp:attachment":[{"href":"https:\/\/stayhaws.com\/pt-pt\/wp-json\/wp\/v2\/media?parent=3716"}],"curies":[{"name":"wp","href":"https:\/\/api.w.org\/{rel}","templated":true}]}}