{"id":3814,"date":"2025-11-27T07:31:51","date_gmt":"2025-11-27T06:31:51","guid":{"rendered":"https:\/\/stayhaws.com\/lisboa\/herois-locais\/markets\/"},"modified":"2026-02-15T11:46:01","modified_gmt":"2026-02-15T10:46:01","slug":"mercados","status":"publish","type":"page","link":"https:\/\/stayhaws.com\/pt-pt\/lisboa\/herois-locais\/mercados\/","title":{"rendered":"Mercados"},"content":{"rendered":"\t\t<div data-elementor-type=\"wp-page\" data-elementor-id=\"3814\" class=\"elementor elementor-3814 elementor-3304\" data-elementor-post-type=\"page\">\n\t\t\t\t<div class=\"elementor-element elementor-element-29838a1 e-flex e-con-boxed e-con e-parent\" data-id=\"29838a1\" data-element_type=\"container\" data-e-type=\"container\" data-settings=\"{&quot;background_background&quot;:&quot;classic&quot;}\">\n\t\t\t\t\t<div class=\"e-con-inner\">\n\t\t<div class=\"elementor-element elementor-element-7bf49ed e-con-full e-flex e-con e-child\" data-id=\"7bf49ed\" data-element_type=\"container\" data-e-type=\"container\">\n\t\t\t\t<div class=\"elementor-element elementor-element-e23c269 animated-slow elementor-invisible elementor-widget elementor-widget-heading\" data-id=\"e23c269\" data-element_type=\"widget\" data-e-type=\"widget\" data-settings=\"{&quot;_animation&quot;:&quot;fadeInDown&quot;}\" data-widget_type=\"heading.default\">\n\t\t\t\t<div class=\"elementor-widget-container\">\n\t\t\t\t\t<h1 class=\"elementor-heading-title elementor-size-default\">Her\u00f3is Locais<\/h1>\t\t\t\t<\/div>\n\t\t\t\t<\/div>\n\t\t\t\t<div class=\"elementor-element elementor-element-e00d0c3 elementor-widget__width-initial animated-slow elementor-invisible elementor-widget elementor-widget-text-editor\" data-id=\"e00d0c3\" data-element_type=\"widget\" data-e-type=\"widget\" data-settings=\"{&quot;_animation&quot;:&quot;fadeInUp&quot;}\" data-widget_type=\"text-editor.default\">\n\t\t\t\t<div class=\"elementor-widget-container\">\n\t\t\t\t\t\t\t\t\t<p>Conforto luxuoso e servi\u00e7o inigual\u00e1vel no cora\u00e7\u00e3o de Lisboa<\/p>\t\t\t\t\t\t\t\t<\/div>\n\t\t\t\t<\/div>\n\t\t\t\t<\/div>\n\t\t<div class=\"elementor-element elementor-element-aa1f8ca e-con-full e-flex e-con e-child\" data-id=\"aa1f8ca\" data-element_type=\"container\" data-e-type=\"container\">\n\t\t\t\t<div class=\"elementor-element elementor-element-6777a3b elementor-widget__width-inherit elementor-widget elementor-widget-html\" data-id=\"6777a3b\" data-element_type=\"widget\" data-e-type=\"widget\" data-widget_type=\"html.default\">\n\t\t\t\t<div class=\"elementor-widget-container\">\n\t\t\t\t\t<!-- Importar la fuente Epilogue -->\n<link rel=\"preconnect\" href=\"https:\/\/fonts.googleapis.com\">\n<link rel=\"preconnect\" href=\"https:\/\/fonts.gstatic.com\" crossorigin>\n<link href=\"https:\/\/fonts.googleapis.com\/css2?family=Epilogue:wght@400;700&display=swap\" rel=\"stylesheet\">\n\n<!-- Importar los estilos y el script de Flatpickr -->\n<link rel=\"stylesheet\" href=\"https:\/\/cdn.jsdelivr.net\/npm\/flatpickr\/dist\/flatpickr.min.css\">\n<script src=\"https:\/\/cdn.jsdelivr.net\/npm\/flatpickr\"><\/script>\n\n<div class=\"booking-form-container\">\n  <form class=\"booking-form\" id=\"mews-booking-widget\">\n\n    <div class=\"form-group\">\n      <label for=\"location\">Localiza\u00e7\u00e3o<\/label>\n      <input type=\"text\" id=\"location\" value=\"Lisboa\" readonly>\n    <\/div>\n\n    <div class=\"form-group\">\n      <label for=\"checkin-checkout\">Check-in \/ Check-out<\/label>\n      <input type=\"text\" id=\"checkin-checkout\" name=\"checkin-checkout\" placeholder=\"Adicionar datas\" required>\n    <\/div>\n\n    <div class=\"form-group\">\n      <div style=\"display: flex; gap: 10px;\">\n        <div style=\"flex: 1;\">\n          <label for=\"adults-input\" style=\"display: block; margin-bottom: 5px;\">Adultos<\/label>\n          <input type=\"number\" id=\"adults-input\" name=\"adults\" value=\"2\" min=\"1\" style=\"width: 100%; padding: 5px;\">\n        <\/div>\n        <div style=\"flex: 1;\">\n          <label for=\"children-input\" style=\"display: block; margin-bottom: 5px;\">Crian\u00e7as<\/label>\n          <input type=\"number\" id=\"children-input\" name=\"children\" value=\"0\" min=\"0\" style=\"width: 100%; padding: 5px;\">\n        <\/div>\n      <\/div>\n    <\/div>\n\n    <div class=\"form-group\">\n      <label for=\"promo-code\">Tem um C\u00f3digo?<\/label>\n      <input type=\"text\" id=\"promo-code\" name=\"promo-code\" placeholder=\"Introduza o c\u00f3digo\">\n    <\/div>\n\n    <div class=\"form-group-button\">\n      <button type=\"submit\" id=\"dates-submit\" value=\"Carregando...\">Verificar Disponibilidade<\/button>\n    <\/div>\n  <\/form>\n<\/div>\n\n<script>\n  flatpickr(\"#checkin-checkout\", {\n    mode: \"range\",\n    dateFormat: \"d\/m\/Y\",\n    minDate: \"today\",\n  });\n<\/script>\t\t\t\t<\/div>\n\t\t\t\t<\/div>\n\t\t\t\t<\/div>\n\t\t\t\t\t<\/div>\n\t\t\t\t<\/div>\n\t\t<div class=\"elementor-element elementor-element-c9dfc0a e-con-full e-flex e-con e-parent\" data-id=\"c9dfc0a\" data-element_type=\"container\" data-e-type=\"container\" data-settings=\"{&quot;background_background&quot;:&quot;classic&quot;}\">\n\t\t\t\t<div class=\"elementor-element elementor-element-19a159f elementor-invisible elementor-widget elementor-widget-heading\" data-id=\"19a159f\" data-element_type=\"widget\" data-e-type=\"widget\" data-settings=\"{&quot;_animation&quot;:&quot;fadeInDown&quot;}\" data-widget_type=\"heading.default\">\n\t\t\t\t<div class=\"elementor-widget-container\">\n\t\t\t\t\t<p class=\"elementor-heading-title elementor-size-default\"><a href=\"https:\/\/stayhaws.com\/lisboa\/lisboa-heroes\/\">Lisboa &gt; Her\u00f3is Locais<\/a><\/p>\t\t\t\t<\/div>\n\t\t\t\t<\/div>\n\t\t\t\t<div class=\"elementor-element elementor-element-6e23a4f elementor-invisible elementor-widget elementor-widget-heading\" data-id=\"6e23a4f\" data-element_type=\"widget\" data-e-type=\"widget\" data-settings=\"{&quot;_animation&quot;:&quot;fadeInUp&quot;}\" data-widget_type=\"heading.default\">\n\t\t\t\t<div class=\"elementor-widget-container\">\n\t\t\t\t\t<h2 class=\"elementor-heading-title elementor-size-default\">Mercados<\/h2>\t\t\t\t<\/div>\n\t\t\t\t<\/div>\n\t\t\t\t<\/div>\n\t\t<div class=\"elementor-element elementor-element-e7bd527 e-con-full e-flex e-con e-parent\" data-id=\"e7bd527\" data-element_type=\"container\" data-e-type=\"container\" data-settings=\"{&quot;background_background&quot;:&quot;classic&quot;}\">\n\t\t<div class=\"elementor-element elementor-element-e1ed33f e-flex e-con-boxed e-con e-child\" data-id=\"e1ed33f\" data-element_type=\"container\" data-e-type=\"container\">\n\t\t\t\t\t<div class=\"e-con-inner\">\n\t\t<div class=\"elementor-element elementor-element-1bcb095 e-con-full animated-slow e-flex elementor-invisible e-con e-child\" data-id=\"1bcb095\" data-element_type=\"container\" data-e-type=\"container\" data-settings=\"{&quot;background_background&quot;:&quot;classic&quot;,&quot;animation&quot;:&quot;fadeInLeft&quot;}\">\n\t\t\t\t<div class=\"elementor-element elementor-element-73b73d1 animated-slow elementor-invisible elementor-widget elementor-widget-image\" data-id=\"73b73d1\" data-element_type=\"widget\" data-e-type=\"widget\" data-settings=\"{&quot;_animation&quot;:&quot;fadeInLeft&quot;,&quot;_animation_delay&quot;:600}\" data-widget_type=\"image.default\">\n\t\t\t\t<div class=\"elementor-widget-container\">\n\t\t\t\t\t\t\t\t\t\t\t\t\t\t\t<img decoding=\"async\" src=\"https:\/\/stayhaws.com\/wp-content\/uploads\/elementor\/thumbs\/Time-Out-Market-2-rfb9u4mkhik5bofapui935q7e6qwxl1ubcfso5leew.webp\" title=\"Time Out Market 2\" alt=\"Time Out Market 2\" loading=\"lazy\" \/>\t\t\t\t\t\t\t\t\t\t\t\t\t\t\t<\/div>\n\t\t\t\t<\/div>\n\t\t\t\t<\/div>\n\t\t<div class=\"elementor-element elementor-element-a077af9 e-con-full e-flex e-con e-child\" data-id=\"a077af9\" data-element_type=\"container\" data-e-type=\"container\">\n\t\t\t\t<div class=\"elementor-element elementor-element-4db4093 animated-slow elementor-invisible elementor-widget elementor-widget-heading\" data-id=\"4db4093\" data-element_type=\"widget\" data-e-type=\"widget\" data-settings=\"{&quot;_animation&quot;:&quot;fadeInDown&quot;}\" data-widget_type=\"heading.default\">\n\t\t\t\t<div class=\"elementor-widget-container\">\n\t\t\t\t\t<p class=\"elementor-heading-title elementor-size-default\">Time Out Market<\/p>\t\t\t\t<\/div>\n\t\t\t\t<\/div>\n\t\t\t\t<div class=\"elementor-element elementor-element-5d6f1b6 elementor-widget elementor-widget-text-editor\" data-id=\"5d6f1b6\" data-element_type=\"widget\" data-e-type=\"widget\" data-widget_type=\"text-editor.default\">\n\t\t\t\t<div class=\"elementor-widget-container\">\n\t\t\t\t\t\t\t\t\t<p>Mercado da Ribeira, Av. 24 de Julho, 1200-479 Lisboa<\/p><p><strong>Aberto todos os dias das 10h \u00e0s 00h<\/strong><\/p><p>Um conceito criado de raiz em 2014 pela equipa da Time Out Portugal, com apenas as melhores ideias e projetos empresariais de Lisboa \u2013 segundo a equipa editorial \u2013 que podem permanecer no mercado de uma semana a tr\u00eas anos. Se \u00e9 bom, sai na revista; se \u00e9 genial, entra no mercado.<\/p><p>Por um lado, 26 restaurantes, 8 bares, uma d\u00fazia de lojas e uma sala de espet\u00e1culos de alta qualidade, todos com o melhor de Lisboa (o melhor bife, o melhor hamb\u00farguer, o melhor sushi e os melhores espet\u00e1culos ao vivo, entre outros); por outro lado, a casa de alguns dos vendedores de mercado mais conhecidos (e com mais anos) da cidade, de carne, peixe, fruta e flores.<\/p><p>Hoje, juntos, ambos os lados orgulham-se de ter transformado o edif\u00edcio, os seus arredores imediatos e todo o bairro de Cais do Sodr\u00e9 numa grande atra\u00e7\u00e3o para os visitantes, de dia e de noite.<\/p><p><strong>Descubra os nossos cursos de culin\u00e1ria e eventos mensais!<\/strong><\/p>\t\t\t\t\t\t\t\t<\/div>\n\t\t\t\t<\/div>\n\t\t\t\t<div class=\"elementor-element elementor-element-fde609d animated-slow elementor-invisible elementor-widget elementor-widget-button\" data-id=\"fde609d\" data-element_type=\"widget\" data-e-type=\"widget\" data-settings=\"{&quot;_animation&quot;:&quot;fadeInUp&quot;}\" data-widget_type=\"button.default\">\n\t\t\t\t<div class=\"elementor-widget-container\">\n\t\t\t\t\t\t\t\t\t<div class=\"elementor-button-wrapper\">\n\t\t\t\t\t<a class=\"elementor-button elementor-button-link elementor-size-sm\" href=\"https:\/\/www.timeout.com\/time-out-market-lisboa\" target=\"_blank\">\n\t\t\t\t\t\t<span class=\"elementor-button-content-wrapper\">\n\t\t\t\t\t\t\t\t\t<span class=\"elementor-button-text\">Visite o site do Time Out Market<\/span>\n\t\t\t\t\t<\/span>\n\t\t\t\t\t<\/a>\n\t\t\t\t<\/div>\n\t\t\t\t\t\t\t\t<\/div>\n\t\t\t\t<\/div>\n\t\t\t\t<\/div>\n\t\t\t\t\t<\/div>\n\t\t\t\t<\/div>\n\t\t\t\t<\/div>\n\t\t\t\t<\/div>\n\t\t","protected":false},"excerpt":{"rendered":"<p>Local Heroes Luxurious comfort and unmatched\u2028service in the heart of Lisbon Location Check In \/ Check Out Adults Children Got a Code? Check Availability Lisboa &gt; Local Heroes Markets Time Out Market Mercado da Ribeira, Av. 24 de Julho, 1200-479 Lisboa Open everyday from 10h-00h A concept created from scratch in 2014 by the team [&hellip;]<\/p>\n","protected":false},"author":2,"featured_media":0,"parent":3716,"menu_order":0,"comment_status":"closed","ping_status":"closed","template":"","meta":{"footnotes":""},"class_list":["post-3814","page","type-page","status-publish","hentry"],"acf":[],"yoast_head":"<!-- This site is optimized with the Yoast SEO plugin v26.9 - https:\/\/yoast.com\/product\/yoast-seo-wordpress\/ -->\n<title>Wherever life takes you, stay like home - Haws Lifestyle Hospitality<\/title>\n<meta name=\"description\" content=\"Haws is much more than a place to stay. We are on a quest to create boundary-blurring spaces that will bring together a new generation of bold change-makers to connect, stay, work, play and love.\" \/>\n<meta name=\"robots\" content=\"index, follow, max-snippet:-1, max-image-preview:large, max-video-preview:-1\" \/>\n<link rel=\"canonical\" href=\"https:\/\/stayhaws.com\/pt-pt\/lisboa\/herois-locais\/mercados\/\" \/>\n<meta property=\"og:locale\" content=\"pt_PT\" \/>\n<meta property=\"og:type\" content=\"article\" \/>\n<meta property=\"og:title\" content=\"Wherever life takes you, stay like home - Haws Lifestyle Hospitality\" \/>\n<meta property=\"og:description\" content=\"Haws is much more than a place to stay. We are on a quest to create boundary-blurring spaces that will bring together a new generation of bold change-makers to connect, stay, work, play and love.\" \/>\n<meta property=\"og:url\" content=\"https:\/\/stayhaws.com\/pt-pt\/lisboa\/herois-locais\/mercados\/\" \/>\n<meta property=\"og:site_name\" content=\"Haws Lifestyle Hospitality\" \/>\n<meta property=\"article:modified_time\" content=\"2026-02-15T10:46:01+00:00\" \/>\n<meta property=\"og:image\" content=\"https:\/\/stayhaws.com\/wp-content\/uploads\/elementor\/thumbs\/Time-Out-Market-2-rfb9u4mkhik5bofapui935q7e6qwxl1ubcfso5leew.webp\" \/>\n<meta name=\"twitter:card\" content=\"summary_large_image\" \/>\n<meta name=\"twitter:label1\" content=\"Tempo estimado de leitura\" \/>\n\t<meta name=\"twitter:data1\" content=\"2 minutos\" \/>\n<script type=\"application\/ld+json\" class=\"yoast-schema-graph\">{\"@context\":\"https:\/\/schema.org\",\"@graph\":[{\"@type\":\"WebPage\",\"@id\":\"https:\/\/stayhaws.com\/pt-pt\/lisboa\/herois-locais\/mercados\/\",\"url\":\"https:\/\/stayhaws.com\/pt-pt\/lisboa\/herois-locais\/mercados\/\",\"name\":\"Wherever life takes you, stay like home - Haws Lifestyle Hospitality\",\"isPartOf\":{\"@id\":\"https:\/\/stayhaws.com\/pt-pt\/#website\"},\"primaryImageOfPage\":{\"@id\":\"https:\/\/stayhaws.com\/pt-pt\/lisboa\/herois-locais\/mercados\/#primaryimage\"},\"image\":{\"@id\":\"https:\/\/stayhaws.com\/pt-pt\/lisboa\/herois-locais\/mercados\/#primaryimage\"},\"thumbnailUrl\":\"https:\/\/stayhaws.com\/wp-content\/uploads\/elementor\/thumbs\/Time-Out-Market-2-rfb9u4mkhik5bofapui935q7e6qwxl1ubcfso5leew.webp\",\"datePublished\":\"2025-11-27T06:31:51+00:00\",\"dateModified\":\"2026-02-15T10:46:01+00:00\",\"description\":\"Haws is much more than a place to stay. We are on a quest to create boundary-blurring spaces that will bring together a new generation of bold change-makers to connect, stay, work, play and love.\",\"breadcrumb\":{\"@id\":\"https:\/\/stayhaws.com\/pt-pt\/lisboa\/herois-locais\/mercados\/#breadcrumb\"},\"inLanguage\":\"pt-PT\",\"potentialAction\":[{\"@type\":\"ReadAction\",\"target\":[\"https:\/\/stayhaws.com\/pt-pt\/lisboa\/herois-locais\/mercados\/\"]}]},{\"@type\":\"ImageObject\",\"inLanguage\":\"pt-PT\",\"@id\":\"https:\/\/stayhaws.com\/pt-pt\/lisboa\/herois-locais\/mercados\/#primaryimage\",\"url\":\"https:\/\/stayhaws.com\/wp-content\/uploads\/elementor\/thumbs\/Time-Out-Market-2-rfb9u4mkhik5bofapui935q7e6qwxl1ubcfso5leew.webp\",\"contentUrl\":\"https:\/\/stayhaws.com\/wp-content\/uploads\/elementor\/thumbs\/Time-Out-Market-2-rfb9u4mkhik5bofapui935q7e6qwxl1ubcfso5leew.webp\"},{\"@type\":\"BreadcrumbList\",\"@id\":\"https:\/\/stayhaws.com\/pt-pt\/lisboa\/herois-locais\/mercados\/#breadcrumb\",\"itemListElement\":[{\"@type\":\"ListItem\",\"position\":1,\"name\":\"Home\",\"item\":\"https:\/\/stayhaws.com\/pt-pt\/\"},{\"@type\":\"ListItem\",\"position\":2,\"name\":\"Lisboa\",\"item\":\"https:\/\/stayhaws.com\/pt-pt\/lisboa\/\"},{\"@type\":\"ListItem\",\"position\":3,\"name\":\"Her\u00f3is Locais\",\"item\":\"https:\/\/stayhaws.com\/pt-pt\/lisboa\/lisboa-heroes\/\"},{\"@type\":\"ListItem\",\"position\":4,\"name\":\"Mercados\"}]},{\"@type\":\"WebSite\",\"@id\":\"https:\/\/stayhaws.com\/pt-pt\/#website\",\"url\":\"https:\/\/stayhaws.com\/pt-pt\/\",\"name\":\"HAWS Lifestyle Hospitality\",\"description\":\"Stay Like Home\",\"publisher\":{\"@id\":\"https:\/\/stayhaws.com\/pt-pt\/#organization\"},\"potentialAction\":[{\"@type\":\"SearchAction\",\"target\":{\"@type\":\"EntryPoint\",\"urlTemplate\":\"https:\/\/stayhaws.com\/pt-pt\/?s={search_term_string}\"},\"query-input\":{\"@type\":\"PropertyValueSpecification\",\"valueRequired\":true,\"valueName\":\"search_term_string\"}}],\"inLanguage\":\"pt-PT\"},{\"@type\":\"Organization\",\"@id\":\"https:\/\/stayhaws.com\/pt-pt\/#organization\",\"name\":\"HAWS Lifestyle Hospitality\",\"url\":\"https:\/\/stayhaws.com\/pt-pt\/\",\"logo\":{\"@type\":\"ImageObject\",\"inLanguage\":\"pt-PT\",\"@id\":\"https:\/\/stayhaws.com\/pt-pt\/#\/schema\/logo\/image\/\",\"url\":\"https:\/\/stayhaws.com\/wp-content\/uploads\/2024\/09\/haws-logo-tagline-serif-blue.svg\",\"contentUrl\":\"https:\/\/stayhaws.com\/wp-content\/uploads\/2024\/09\/haws-logo-tagline-serif-blue.svg\",\"width\":1,\"height\":1,\"caption\":\"HAWS Lifestyle Hospitality\"},\"image\":{\"@id\":\"https:\/\/stayhaws.com\/pt-pt\/#\/schema\/logo\/image\/\"}}]}<\/script>\n<!-- \/ Yoast SEO plugin. -->","yoast_head_json":{"title":"Wherever life takes you, stay like home - Haws Lifestyle Hospitality","description":"Haws is much more than a place to stay. We are on a quest to create boundary-blurring spaces that will bring together a new generation of bold change-makers to connect, stay, work, play and love.","robots":{"index":"index","follow":"follow","max-snippet":"max-snippet:-1","max-image-preview":"max-image-preview:large","max-video-preview":"max-video-preview:-1"},"canonical":"https:\/\/stayhaws.com\/pt-pt\/lisboa\/herois-locais\/mercados\/","og_locale":"pt_PT","og_type":"article","og_title":"Wherever life takes you, stay like home - Haws Lifestyle Hospitality","og_description":"Haws is much more than a place to stay. We are on a quest to create boundary-blurring spaces that will bring together a new generation of bold change-makers to connect, stay, work, play and love.","og_url":"https:\/\/stayhaws.com\/pt-pt\/lisboa\/herois-locais\/mercados\/","og_site_name":"Haws Lifestyle Hospitality","article_modified_time":"2026-02-15T10:46:01+00:00","og_image":[{"url":"https:\/\/stayhaws.com\/wp-content\/uploads\/elementor\/thumbs\/Time-Out-Market-2-rfb9u4mkhik5bofapui935q7e6qwxl1ubcfso5leew.webp","type":"","width":"","height":""}],"twitter_card":"summary_large_image","twitter_misc":{"Tempo estimado de leitura":"2 minutos"},"schema":{"@context":"https:\/\/schema.org","@graph":[{"@type":"WebPage","@id":"https:\/\/stayhaws.com\/pt-pt\/lisboa\/herois-locais\/mercados\/","url":"https:\/\/stayhaws.com\/pt-pt\/lisboa\/herois-locais\/mercados\/","name":"Wherever life takes you, stay like home - Haws Lifestyle Hospitality","isPartOf":{"@id":"https:\/\/stayhaws.com\/pt-pt\/#website"},"primaryImageOfPage":{"@id":"https:\/\/stayhaws.com\/pt-pt\/lisboa\/herois-locais\/mercados\/#primaryimage"},"image":{"@id":"https:\/\/stayhaws.com\/pt-pt\/lisboa\/herois-locais\/mercados\/#primaryimage"},"thumbnailUrl":"https:\/\/stayhaws.com\/wp-content\/uploads\/elementor\/thumbs\/Time-Out-Market-2-rfb9u4mkhik5bofapui935q7e6qwxl1ubcfso5leew.webp","datePublished":"2025-11-27T06:31:51+00:00","dateModified":"2026-02-15T10:46:01+00:00","description":"Haws is much more than a place to stay. We are on a quest to create boundary-blurring spaces that will bring together a new generation of bold change-makers to connect, stay, work, play and love.","breadcrumb":{"@id":"https:\/\/stayhaws.com\/pt-pt\/lisboa\/herois-locais\/mercados\/#breadcrumb"},"inLanguage":"pt-PT","potentialAction":[{"@type":"ReadAction","target":["https:\/\/stayhaws.com\/pt-pt\/lisboa\/herois-locais\/mercados\/"]}]},{"@type":"ImageObject","inLanguage":"pt-PT","@id":"https:\/\/stayhaws.com\/pt-pt\/lisboa\/herois-locais\/mercados\/#primaryimage","url":"https:\/\/stayhaws.com\/wp-content\/uploads\/elementor\/thumbs\/Time-Out-Market-2-rfb9u4mkhik5bofapui935q7e6qwxl1ubcfso5leew.webp","contentUrl":"https:\/\/stayhaws.com\/wp-content\/uploads\/elementor\/thumbs\/Time-Out-Market-2-rfb9u4mkhik5bofapui935q7e6qwxl1ubcfso5leew.webp"},{"@type":"BreadcrumbList","@id":"https:\/\/stayhaws.com\/pt-pt\/lisboa\/herois-locais\/mercados\/#breadcrumb","itemListElement":[{"@type":"ListItem","position":1,"name":"Home","item":"https:\/\/stayhaws.com\/pt-pt\/"},{"@type":"ListItem","position":2,"name":"Lisboa","item":"https:\/\/stayhaws.com\/pt-pt\/lisboa\/"},{"@type":"ListItem","position":3,"name":"Her\u00f3is Locais","item":"https:\/\/stayhaws.com\/pt-pt\/lisboa\/lisboa-heroes\/"},{"@type":"ListItem","position":4,"name":"Mercados"}]},{"@type":"WebSite","@id":"https:\/\/stayhaws.com\/pt-pt\/#website","url":"https:\/\/stayhaws.com\/pt-pt\/","name":"HAWS Lifestyle Hospitality","description":"Stay Like Home","publisher":{"@id":"https:\/\/stayhaws.com\/pt-pt\/#organization"},"potentialAction":[{"@type":"SearchAction","target":{"@type":"EntryPoint","urlTemplate":"https:\/\/stayhaws.com\/pt-pt\/?s={search_term_string}"},"query-input":{"@type":"PropertyValueSpecification","valueRequired":true,"valueName":"search_term_string"}}],"inLanguage":"pt-PT"},{"@type":"Organization","@id":"https:\/\/stayhaws.com\/pt-pt\/#organization","name":"HAWS Lifestyle Hospitality","url":"https:\/\/stayhaws.com\/pt-pt\/","logo":{"@type":"ImageObject","inLanguage":"pt-PT","@id":"https:\/\/stayhaws.com\/pt-pt\/#\/schema\/logo\/image\/","url":"https:\/\/stayhaws.com\/wp-content\/uploads\/2024\/09\/haws-logo-tagline-serif-blue.svg","contentUrl":"https:\/\/stayhaws.com\/wp-content\/uploads\/2024\/09\/haws-logo-tagline-serif-blue.svg","width":1,"height":1,"caption":"HAWS Lifestyle Hospitality"},"image":{"@id":"https:\/\/stayhaws.com\/pt-pt\/#\/schema\/logo\/image\/"}}]}},"featured_image_src":null,"featured_image_src_square":null,"_links":{"self":[{"href":"https:\/\/stayhaws.com\/pt-pt\/wp-json\/wp\/v2\/pages\/3814","targetHints":{"allow":["GET"]}}],"collection":[{"href":"https:\/\/stayhaws.com\/pt-pt\/wp-json\/wp\/v2\/pages"}],"about":[{"href":"https:\/\/stayhaws.com\/pt-pt\/wp-json\/wp\/v2\/types\/page"}],"author":[{"embeddable":true,"href":"https:\/\/stayhaws.com\/pt-pt\/wp-json\/wp\/v2\/users\/2"}],"replies":[{"embeddable":true,"href":"https:\/\/stayhaws.com\/pt-pt\/wp-json\/wp\/v2\/comments?post=3814"}],"version-history":[{"count":1,"href":"https:\/\/stayhaws.com\/pt-pt\/wp-json\/wp\/v2\/pages\/3814\/revisions"}],"predecessor-version":[{"id":3927,"href":"https:\/\/stayhaws.com\/pt-pt\/wp-json\/wp\/v2\/pages\/3814\/revisions\/3927"}],"up":[{"embeddable":true,"href":"https:\/\/stayhaws.com\/pt-pt\/wp-json\/wp\/v2\/pages\/3716"}],"wp:attachment":[{"href":"https:\/\/stayhaws.com\/pt-pt\/wp-json\/wp\/v2\/media?parent=3814"}],"curies":[{"name":"wp","href":"https:\/\/api.w.org\/{rel}","templated":true}]}}