{"id":3897,"date":"2024-12-11T13:34:28","date_gmt":"2024-12-11T12:34:28","guid":{"rendered":"https:\/\/stayhaws.com\/privacy-data\/"},"modified":"2026-02-14T20:57:50","modified_gmt":"2026-02-14T19:57:50","slug":"dados-de-privacidade","status":"publish","type":"page","link":"https:\/\/stayhaws.com\/pt-pt\/dados-de-privacidade\/","title":{"rendered":"Dados de Privacidade"},"content":{"rendered":"\t\t<div data-elementor-type=\"wp-page\" data-elementor-id=\"3897\" class=\"elementor elementor-3897 elementor-550\" data-elementor-post-type=\"page\">\n\t\t\t\t<div class=\"elementor-element elementor-element-81871c8 e-flex e-con-boxed e-con e-parent\" data-id=\"81871c8\" data-element_type=\"container\" data-e-type=\"container\">\n\t\t\t\t\t<div class=\"e-con-inner\">\n\t\t\t\t<div class=\"elementor-element elementor-element-de038be elementor-widget elementor-widget-heading\" data-id=\"de038be\" data-element_type=\"widget\" data-e-type=\"widget\" data-widget_type=\"heading.default\">\n\t\t\t\t<div class=\"elementor-widget-container\">\n\t\t\t\t\t<h1 class=\"elementor-heading-title elementor-size-default\">Dados de Privacidade<\/h1>\t\t\t\t<\/div>\n\t\t\t\t<\/div>\n\t\t\t\t<div class=\"elementor-element elementor-element-f858f23 elementor-widget elementor-widget-heading\" data-id=\"f858f23\" data-element_type=\"widget\" data-e-type=\"widget\" data-widget_type=\"heading.default\">\n\t\t\t\t<div class=\"elementor-widget-container\">\n\t\t\t\t\t<h3 class=\"elementor-heading-title elementor-size-default\">Introdu\u00e7\u00e3o<\/h3>\t\t\t\t<\/div>\n\t\t\t\t<\/div>\n\t\t\t\t<div class=\"elementor-element elementor-element-4292d93 elementor-widget elementor-widget-text-editor\" data-id=\"4292d93\" data-element_type=\"widget\" data-e-type=\"widget\" data-widget_type=\"text-editor.default\">\n\t\t\t\t<div class=\"elementor-widget-container\">\n\t\t\t\t\t\t\t\t\t<p><span style=\"font-weight: 400;\">Na Haws, queremos garantir que a sua experi\u00eancia connosco o deixe a querer mais! Queremos e precisamos de ser o mais claros e transparentes poss\u00edvel sobre a forma como tratamos os seus dados pessoais.<\/span><\/p><p><span style=\"font-weight: 400;\">Alguns aspetos legais sobre a Haws Lifestyle Hospitality:<\/span><\/p><ul><li style=\"font-weight: 400;\" aria-level=\"1\"><span style=\"font-weight: 400;\">Cada um dos nossos hot\u00e9is e resid\u00eancias Haws tem a sua pr\u00f3pria empresa. No entanto, a opera\u00e7\u00e3o di\u00e1ria dos nossos hot\u00e9is e deste website \u00e9 gerida pela Hub4Lisbon Unipessoal Lda., NIPC: 517198444, Rua Maria n\u00ba25, 1170-014 Lisboa.<\/span><\/li><\/ul><ul><li style=\"font-weight: 400;\" aria-level=\"1\"><span style=\"font-weight: 400;\">Quando nos visita pessoalmente ou contacta diretamente os nossos Hot\u00e9is e Resid\u00eancias, a empresa Haws respetiva \u00e9 respons\u00e1vel pelo tratamento dos seus dados pessoais.<\/span><\/li><li style=\"font-weight: 400;\" aria-level=\"1\"><span style=\"font-weight: 400;\">Se interage connosco online, ent\u00e3o a <\/span><span style=\"font-weight: 400;\">Haws Lifestyle Hospitality<\/span><span style=\"font-weight: 400;\"><span style=\"font-weight: 400;\"> \u00e9 respons\u00e1vel pelo tratamento dos seus dados pessoais e poder\u00e1 partilhar os seus dados com a empresa Haws respetiva, caso seja necess\u00e1rio para concluir a sua reserva ou responder \u00e0 sua consulta.<\/span><\/span><\/li><\/ul><p><span style=\"font-weight: 400;\">Sabemos que isto \u00e9 complicado. Por isso, se procura uma resposta r\u00e1pida e simples sobre quem \u00e9 o respons\u00e1vel pelo tratamento de dados num cen\u00e1rio espec\u00edfico que tenha em mente, entre em contacto connosco atrav\u00e9s de <\/span><a href=\"mailto:data@stayhaws.com\"><span style=\"font-weight: 400;\">data@stayhaws.com<\/span><\/a><span style=\"font-weight: 400;\"> e responderemos brevemente.<\/span><\/p><p><span style=\"font-weight: 400;\">Esta Pol\u00edtica de Privacidade define a forma como a Haws Lifestyle Accommodation, detida e operada pela Hub4Lisbon Unipessoal Lda., recolhe, utiliza e protege qualquer informa\u00e7\u00e3o pessoal que nos forne\u00e7a quando utiliza os nossos servi\u00e7os. Estamos empenhados em garantir que a sua privacidade \u00e9 protegida. Caso lhe solicitemos determinadas informa\u00e7\u00f5es que permitam a sua identifica\u00e7\u00e3o ao utilizar os nossos servi\u00e7os, pode ter a certeza de que as mesmas ser\u00e3o utilizadas apenas em conformidade com esta Pol\u00edtica de Privacidade.<\/span><\/p><p> <\/p>\t\t\t\t\t\t\t\t<\/div>\n\t\t\t\t<\/div>\n\t\t\t\t<div class=\"elementor-element elementor-element-f3884d9 elementor-widget elementor-widget-heading\" data-id=\"f3884d9\" data-element_type=\"widget\" data-e-type=\"widget\" data-widget_type=\"heading.default\">\n\t\t\t\t<div class=\"elementor-widget-container\">\n\t\t\t\t\t<h3 class=\"elementor-heading-title elementor-size-default\">Que informa\u00e7\u00f5es recolhemos<\/h3>\t\t\t\t<\/div>\n\t\t\t\t<\/div>\n\t\t\t\t<div class=\"elementor-element elementor-element-8ee0374 elementor-widget elementor-widget-text-editor\" data-id=\"8ee0374\" data-element_type=\"widget\" data-e-type=\"widget\" data-widget_type=\"text-editor.default\">\n\t\t\t\t<div class=\"elementor-widget-container\">\n\t\t\t\t\t\t\t\t\t<p><span style=\"font-weight: 400;\">Podemos recolher as seguintes informa\u00e7\u00f5es quando utiliza os nossos servi\u00e7os:<\/span><\/p><ul><li style=\"font-weight: 400;\" aria-level=\"1\"><span style=\"font-weight: 400;\">O seu nome, informa\u00e7\u00f5es de contacto e outros dados pessoais<\/span><\/li><li style=\"font-weight: 400;\" aria-level=\"1\"><span style=\"font-weight: 400;\">Os dados do seu cart\u00e3o de cr\u00e9dito ou outras informa\u00e7\u00f5es de pagamento<\/span><\/li><li style=\"font-weight: 400;\" aria-level=\"1\"><span style=\"font-weight: 400;\">Informa\u00e7\u00f5es sobre a sua estadia e reserva, incluindo datas de estadia, prefer\u00eancias de quarto, dados do Bilhete de Identidade ou Passaporte e quaisquer pedidos especiais ou observa\u00e7\u00f5es<\/span><\/li><li style=\"font-weight: 400;\" aria-level=\"1\"><span style=\"font-weight: 400;\">A sua utiliza\u00e7\u00e3o do nosso website ou aplica\u00e7\u00e3o m\u00f3vel, incluindo informa\u00e7\u00f5es sobre o seu navegador, endere\u00e7o IP e comportamento de navega\u00e7\u00e3o<\/span><\/li><li style=\"font-weight: 400;\" aria-level=\"1\"><span style=\"font-weight: 400;\"><span style=\"font-weight: 400;\">Qualquer outra informa\u00e7\u00e3o que nos forne\u00e7a voluntariamente<\/span><\/span><\/li><\/ul><p> <\/p>\t\t\t\t\t\t\t\t<\/div>\n\t\t\t\t<\/div>\n\t\t\t\t<div class=\"elementor-element elementor-element-2b6777b elementor-widget elementor-widget-heading\" data-id=\"2b6777b\" data-element_type=\"widget\" data-e-type=\"widget\" data-widget_type=\"heading.default\">\n\t\t\t\t<div class=\"elementor-widget-container\">\n\t\t\t\t\t<h3 class=\"elementor-heading-title elementor-size-default\">Como utilizamos as informa\u00e7\u00f5es<\/h3>\t\t\t\t<\/div>\n\t\t\t\t<\/div>\n\t\t\t\t<div class=\"elementor-element elementor-element-c0d1563 elementor-widget elementor-widget-text-editor\" data-id=\"c0d1563\" data-element_type=\"widget\" data-e-type=\"widget\" data-widget_type=\"text-editor.default\">\n\t\t\t\t<div class=\"elementor-widget-container\">\n\t\t\t\t\t\t\t\t\t<p><span style=\"font-weight: 400;\">Podemos utilizar as informa\u00e7\u00f5es recolhidas para os seguintes fins:<\/span><\/p><ul><li style=\"font-weight: 400;\" aria-level=\"1\"><span style=\"font-weight: 400;\">Para processar a sua reserva e pagamento, e para comunicar consigo sobre a sua estadia<\/span><\/li><li style=\"font-weight: 400;\" aria-level=\"1\"><span style=\"font-weight: 400;\">Para melhorar os nossos servi\u00e7os e personalizar a sua experi\u00eancia<\/span><\/li><li style=\"font-weight: 400;\" aria-level=\"1\"><span style=\"font-weight: 400;\">Para lhe enviar emails promocionais e\/ou outras ferramentas de comunica\u00e7\u00e3o como WhatsApp ou SMS sobre ofertas especiais, eventos ou outras informa\u00e7\u00f5es que consideremos do seu interesse<\/span><\/li><li style=\"font-weight: 400;\" aria-level=\"1\"><span style=\"font-weight: 400;\">Para cumprir obriga\u00e7\u00f5es legais e regulamentares<\/span><\/li><li style=\"font-weight: 400;\" aria-level=\"1\"><span style=\"font-weight: 400;\"><span style=\"font-weight: 400;\">Para prevenir fraudes e proteger a seguran\u00e7a dos nossos h\u00f3spedes e colaboradores<\/span><\/span><\/li><\/ul><p> <\/p>\t\t\t\t\t\t\t\t<\/div>\n\t\t\t\t<\/div>\n\t\t\t\t<div class=\"elementor-element elementor-element-057a834 elementor-widget elementor-widget-heading\" data-id=\"057a834\" data-element_type=\"widget\" data-e-type=\"widget\" data-widget_type=\"heading.default\">\n\t\t\t\t<div class=\"elementor-widget-container\">\n\t\t\t\t\t<h3 class=\"elementor-heading-title elementor-size-default\">Como protegemos as suas informa\u00e7\u00f5es<\/h3>\t\t\t\t<\/div>\n\t\t\t\t<\/div>\n\t\t\t\t<div class=\"elementor-element elementor-element-8a67d99 elementor-widget elementor-widget-text-editor\" data-id=\"8a67d99\" data-element_type=\"widget\" data-e-type=\"widget\" data-widget_type=\"text-editor.default\">\n\t\t\t\t<div class=\"elementor-widget-container\">\n\t\t\t\t\t\t\t\t\t<p><span style=\"font-weight: 400;\">Estamos empenhados em garantir que as suas informa\u00e7\u00f5es est\u00e3o seguras. De forma a prevenir o acesso ou divulga\u00e7\u00e3o n\u00e3o autorizados, implement\u00e1mos procedimentos f\u00edsicos, eletr\u00f3nicos e de gest\u00e3o adequados para salvaguardar e proteger as informa\u00e7\u00f5es que recolhemos.<\/span><\/p><p> <\/p>\t\t\t\t\t\t\t\t<\/div>\n\t\t\t\t<\/div>\n\t\t\t\t<div class=\"elementor-element elementor-element-0be43b3 elementor-widget elementor-widget-heading\" data-id=\"0be43b3\" data-element_type=\"widget\" data-e-type=\"widget\" data-widget_type=\"heading.default\">\n\t\t\t\t<div class=\"elementor-widget-container\">\n\t\t\t\t\t<h3 class=\"elementor-heading-title elementor-size-default\">Como partilhamos as suas informa\u00e7\u00f5es<\/h3>\t\t\t\t<\/div>\n\t\t\t\t<\/div>\n\t\t\t\t<div class=\"elementor-element elementor-element-8a31c24 elementor-widget elementor-widget-text-editor\" data-id=\"8a31c24\" data-element_type=\"widget\" data-e-type=\"widget\" data-widget_type=\"text-editor.default\">\n\t\t\t\t<div class=\"elementor-widget-container\">\n\t\t\t\t\t\t\t\t\t<p><span style=\"font-weight: 400;\">Podemos partilhar as suas informa\u00e7\u00f5es com terceiros, incluindo:<\/span><\/p><ul><li style=\"font-weight: 400;\" aria-level=\"1\"><span style=\"font-weight: 400;\">Os nossos prestadores de servi\u00e7os, como processadores de pagamentos e fornecedores de suporte inform\u00e1tico, que nos ajudam a prestar os nossos servi\u00e7os<\/span><\/li><li style=\"font-weight: 400;\" aria-level=\"1\"><span style=\"font-weight: 400;\">Os nossos parceiros comerciais, como ag\u00eancias de viagens e operadores tur\u00edsticos, que nos ajudam a promover os nossos servi\u00e7os<\/span><\/li><li style=\"font-weight: 400;\" aria-level=\"1\"><span style=\"font-weight: 400;\"><span style=\"font-weight: 400;\">Autoridades policiais ou governamentais, quando exigido por lei ou para proteger a nossa propriedade, colaboradores ou h\u00f3spedes<\/span><\/span><\/li><\/ul><p><span style=\"font-weight: 400;\">Apenas partilharemos as suas informa\u00e7\u00f5es com estes terceiros quando necess\u00e1rio e apenas ap\u00f3s garantir que disp\u00f5em de medidas adequadas para proteger a sua privacidade.<\/span><\/p><p> <\/p>\t\t\t\t\t\t\t\t<\/div>\n\t\t\t\t<\/div>\n\t\t\t\t<div class=\"elementor-element elementor-element-09b42e0 elementor-widget elementor-widget-heading\" data-id=\"09b42e0\" data-element_type=\"widget\" data-e-type=\"widget\" data-widget_type=\"heading.default\">\n\t\t\t\t<div class=\"elementor-widget-container\">\n\t\t\t\t\t<h3 class=\"elementor-heading-title elementor-size-default\">Os seus direitos e escolhas<\/h3>\t\t\t\t<\/div>\n\t\t\t\t<\/div>\n\t\t\t\t<div class=\"elementor-element elementor-element-18a33b5 elementor-widget elementor-widget-text-editor\" data-id=\"18a33b5\" data-element_type=\"widget\" data-e-type=\"widget\" data-widget_type=\"text-editor.default\">\n\t\t\t\t<div class=\"elementor-widget-container\">\n\t\t\t\t\t\t\t\t\t<p><span style=\"font-weight: 400;\">Tem o direito de:<\/span><\/p><ul><li style=\"font-weight: 400;\" aria-level=\"1\"><span style=\"font-weight: 400;\">Aceder \u00e0s informa\u00e7\u00f5es que detemos sobre si e corrigir quaisquer imprecis\u00f5es<\/span><\/li><li style=\"font-weight: 400;\" aria-level=\"1\"><span style=\"font-weight: 400;\">Opor-se ao tratamento das suas informa\u00e7\u00f5es<\/span><\/li><li style=\"font-weight: 400;\" aria-level=\"1\"><span style=\"font-weight: 400;\">Solicitar o apagamento das suas informa\u00e7\u00f5es<\/span><\/li><li style=\"font-weight: 400;\" aria-level=\"1\"><span style=\"font-weight: 400;\">Solicitar a limita\u00e7\u00e3o do tratamento das suas informa\u00e7\u00f5es<\/span><\/li><li style=\"font-weight: 400;\" aria-level=\"1\"><span style=\"font-weight: 400;\">Retirar o seu consentimento para o tratamento das suas informa\u00e7\u00f5es<\/span><\/li><li style=\"font-weight: 400;\" aria-level=\"1\"><span style=\"font-weight: 400;\">Pode exercer estes direitos contactando-nos atrav\u00e9s dos dados indicados abaixo.<\/span><\/li><li style=\"font-weight: 400;\" aria-level=\"1\"><span style=\"font-weight: 400;\">Cookies e tecnologias de rastreamento<\/span><\/li><li style=\"font-weight: 400;\" aria-level=\"1\"><span style=\"font-weight: 400;\"><span style=\"font-weight: 400;\">Utilizamos cookies e outras tecnologias de rastreamento para melhorar a sua experi\u00eancia no nosso website e para personalizar as nossas comunica\u00e7\u00f5es consigo. Pode controlar a utiliza\u00e7\u00e3o de cookies atrav\u00e9s das defini\u00e7\u00f5es do seu navegador.<\/span><\/span><\/li><\/ul><p> <\/p>\t\t\t\t\t\t\t\t<\/div>\n\t\t\t\t<\/div>\n\t\t\t\t<div class=\"elementor-element elementor-element-5829a86 elementor-widget elementor-widget-heading\" data-id=\"5829a86\" data-element_type=\"widget\" data-e-type=\"widget\" data-widget_type=\"heading.default\">\n\t\t\t\t<div class=\"elementor-widget-container\">\n\t\t\t\t\t<h3 class=\"elementor-heading-title elementor-size-default\">Altera\u00e7\u00f5es a esta pol\u00edtica<\/h3>\t\t\t\t<\/div>\n\t\t\t\t<\/div>\n\t\t\t\t<div class=\"elementor-element elementor-element-e01d456 elementor-widget elementor-widget-text-editor\" data-id=\"e01d456\" data-element_type=\"widget\" data-e-type=\"widget\" data-widget_type=\"text-editor.default\">\n\t\t\t\t<div class=\"elementor-widget-container\">\n\t\t\t\t\t\t\t\t\t<p><span style=\"font-weight: 400;\">Podemos atualizar esta Pol\u00edtica de Privacidade periodicamente, publicando uma nova vers\u00e3o no nosso website. Dever\u00e1 consultar esta p\u00e1gina ocasionalmente para se certificar de que concorda com quaisquer altera\u00e7\u00f5es.<\/span><\/p><p> <\/p>\t\t\t\t\t\t\t\t<\/div>\n\t\t\t\t<\/div>\n\t\t\t\t<div class=\"elementor-element elementor-element-1524ada elementor-widget elementor-widget-heading\" data-id=\"1524ada\" data-element_type=\"widget\" data-e-type=\"widget\" data-widget_type=\"heading.default\">\n\t\t\t\t<div class=\"elementor-widget-container\">\n\t\t\t\t\t<h3 class=\"elementor-heading-title elementor-size-default\">Contacte-nos<\/h3>\t\t\t\t<\/div>\n\t\t\t\t<\/div>\n\t\t\t\t<div class=\"elementor-element elementor-element-15c7b17 elementor-widget elementor-widget-text-editor\" data-id=\"15c7b17\" data-element_type=\"widget\" data-e-type=\"widget\" data-widget_type=\"text-editor.default\">\n\t\t\t\t<div class=\"elementor-widget-container\">\n\t\t\t\t\t\t\t\t\t<p><span style=\"font-weight: 400;\">Se tiver quaisquer quest\u00f5es ou preocupa\u00e7\u00f5es sobre esta Pol\u00edtica de Privacidade ou sobre a utiliza\u00e7\u00e3o das suas informa\u00e7\u00f5es, contacte-nos atrav\u00e9s de <\/span><a href=\"mailto:data@stayhaws.com\"><span style=\"font-weight: 400;\">data@stayhaws.com<\/span><\/a><span style=\"font-weight: 400;\">.<\/span><\/p>\t\t\t\t\t\t\t\t<\/div>\n\t\t\t\t<\/div>\n\t\t\t\t\t<\/div>\n\t\t\t\t<\/div>\n\t\t\t\t<\/div>\n\t\t","protected":false},"excerpt":{"rendered":"<p>Introdu\u00e7\u00e3o Na Haws, queremos garantir que a sua experi\u00eancia connosco o deixe a querer mais! Queremos e precisamos de ser o mais claros e transparentes poss\u00edvel sobre a forma como tratamos os seus dados pessoais. Alguns aspetos legais sobre a Haws Lifestyle Hospitality: Cada um dos nossos hot\u00e9is e resid\u00eancias Haws tem a sua pr\u00f3pria [&hellip;]<\/p>\n","protected":false},"author":1,"featured_media":0,"parent":0,"menu_order":0,"comment_status":"closed","ping_status":"closed","template":"","meta":{"footnotes":""},"class_list":["post-3897","page","type-page","status-publish","hentry"],"acf":[],"yoast_head":"<!-- This site is optimized with the Yoast SEO plugin v26.9 - https:\/\/yoast.com\/product\/yoast-seo-wordpress\/ -->\n<title>Dados de Privacidade - Haws Lifestyle Hospitality<\/title>\n<meta name=\"robots\" content=\"index, follow, max-snippet:-1, max-image-preview:large, max-video-preview:-1\" \/>\n<link rel=\"canonical\" href=\"https:\/\/stayhaws.com\/pt-pt\/dados-de-privacidade\/\" \/>\n<meta property=\"og:locale\" content=\"pt_PT\" \/>\n<meta property=\"og:type\" content=\"article\" \/>\n<meta property=\"og:title\" content=\"Dados de Privacidade - Haws Lifestyle Hospitality\" \/>\n<meta property=\"og:description\" content=\"Introdu\u00e7\u00e3o Na Haws, queremos garantir que a sua experi\u00eancia connosco o deixe a querer mais! Queremos e precisamos de ser o mais claros e transparentes poss\u00edvel sobre a forma como tratamos os seus dados pessoais. Alguns aspetos legais sobre a Haws Lifestyle Hospitality: Cada um dos nossos hot\u00e9is e resid\u00eancias Haws tem a sua pr\u00f3pria [&hellip;]\" \/>\n<meta property=\"og:url\" content=\"https:\/\/stayhaws.com\/pt-pt\/dados-de-privacidade\/\" \/>\n<meta property=\"og:site_name\" content=\"Haws Lifestyle Hospitality\" \/>\n<meta property=\"article:modified_time\" content=\"2026-02-14T19:57:50+00:00\" \/>\n<meta name=\"twitter:card\" content=\"summary_large_image\" \/>\n<meta name=\"twitter:label1\" content=\"Tempo estimado de leitura\" \/>\n\t<meta name=\"twitter:data1\" content=\"4 minutos\" \/>\n<script type=\"application\/ld+json\" class=\"yoast-schema-graph\">{\"@context\":\"https:\/\/schema.org\",\"@graph\":[{\"@type\":\"WebPage\",\"@id\":\"https:\/\/stayhaws.com\/pt-pt\/dados-de-privacidade\/\",\"url\":\"https:\/\/stayhaws.com\/pt-pt\/dados-de-privacidade\/\",\"name\":\"Dados de Privacidade - Haws Lifestyle Hospitality\",\"isPartOf\":{\"@id\":\"https:\/\/stayhaws.com\/pt-pt\/#website\"},\"datePublished\":\"2024-12-11T12:34:28+00:00\",\"dateModified\":\"2026-02-14T19:57:50+00:00\",\"breadcrumb\":{\"@id\":\"https:\/\/stayhaws.com\/pt-pt\/dados-de-privacidade\/#breadcrumb\"},\"inLanguage\":\"pt-PT\",\"potentialAction\":[{\"@type\":\"ReadAction\",\"target\":[\"https:\/\/stayhaws.com\/pt-pt\/dados-de-privacidade\/\"]}]},{\"@type\":\"BreadcrumbList\",\"@id\":\"https:\/\/stayhaws.com\/pt-pt\/dados-de-privacidade\/#breadcrumb\",\"itemListElement\":[{\"@type\":\"ListItem\",\"position\":1,\"name\":\"Home\",\"item\":\"https:\/\/stayhaws.com\/pt-pt\/\"},{\"@type\":\"ListItem\",\"position\":2,\"name\":\"Dados de Privacidade\"}]},{\"@type\":\"WebSite\",\"@id\":\"https:\/\/stayhaws.com\/pt-pt\/#website\",\"url\":\"https:\/\/stayhaws.com\/pt-pt\/\",\"name\":\"HAWS Lifestyle Hospitality\",\"description\":\"Stay Like Home\",\"publisher\":{\"@id\":\"https:\/\/stayhaws.com\/pt-pt\/#organization\"},\"potentialAction\":[{\"@type\":\"SearchAction\",\"target\":{\"@type\":\"EntryPoint\",\"urlTemplate\":\"https:\/\/stayhaws.com\/pt-pt\/?s={search_term_string}\"},\"query-input\":{\"@type\":\"PropertyValueSpecification\",\"valueRequired\":true,\"valueName\":\"search_term_string\"}}],\"inLanguage\":\"pt-PT\"},{\"@type\":\"Organization\",\"@id\":\"https:\/\/stayhaws.com\/pt-pt\/#organization\",\"name\":\"HAWS Lifestyle Hospitality\",\"url\":\"https:\/\/stayhaws.com\/pt-pt\/\",\"logo\":{\"@type\":\"ImageObject\",\"inLanguage\":\"pt-PT\",\"@id\":\"https:\/\/stayhaws.com\/pt-pt\/#\/schema\/logo\/image\/\",\"url\":\"https:\/\/stayhaws.com\/wp-content\/uploads\/2024\/09\/haws-logo-tagline-serif-blue.svg\",\"contentUrl\":\"https:\/\/stayhaws.com\/wp-content\/uploads\/2024\/09\/haws-logo-tagline-serif-blue.svg\",\"width\":1,\"height\":1,\"caption\":\"HAWS Lifestyle Hospitality\"},\"image\":{\"@id\":\"https:\/\/stayhaws.com\/pt-pt\/#\/schema\/logo\/image\/\"}}]}<\/script>\n<!-- \/ Yoast SEO plugin. -->","yoast_head_json":{"title":"Dados de Privacidade - Haws Lifestyle Hospitality","robots":{"index":"index","follow":"follow","max-snippet":"max-snippet:-1","max-image-preview":"max-image-preview:large","max-video-preview":"max-video-preview:-1"},"canonical":"https:\/\/stayhaws.com\/pt-pt\/dados-de-privacidade\/","og_locale":"pt_PT","og_type":"article","og_title":"Dados de Privacidade - Haws Lifestyle Hospitality","og_description":"Introdu\u00e7\u00e3o Na Haws, queremos garantir que a sua experi\u00eancia connosco o deixe a querer mais! Queremos e precisamos de ser o mais claros e transparentes poss\u00edvel sobre a forma como tratamos os seus dados pessoais. Alguns aspetos legais sobre a Haws Lifestyle Hospitality: Cada um dos nossos hot\u00e9is e resid\u00eancias Haws tem a sua pr\u00f3pria [&hellip;]","og_url":"https:\/\/stayhaws.com\/pt-pt\/dados-de-privacidade\/","og_site_name":"Haws Lifestyle Hospitality","article_modified_time":"2026-02-14T19:57:50+00:00","twitter_card":"summary_large_image","twitter_misc":{"Tempo estimado de leitura":"4 minutos"},"schema":{"@context":"https:\/\/schema.org","@graph":[{"@type":"WebPage","@id":"https:\/\/stayhaws.com\/pt-pt\/dados-de-privacidade\/","url":"https:\/\/stayhaws.com\/pt-pt\/dados-de-privacidade\/","name":"Dados de Privacidade - Haws Lifestyle Hospitality","isPartOf":{"@id":"https:\/\/stayhaws.com\/pt-pt\/#website"},"datePublished":"2024-12-11T12:34:28+00:00","dateModified":"2026-02-14T19:57:50+00:00","breadcrumb":{"@id":"https:\/\/stayhaws.com\/pt-pt\/dados-de-privacidade\/#breadcrumb"},"inLanguage":"pt-PT","potentialAction":[{"@type":"ReadAction","target":["https:\/\/stayhaws.com\/pt-pt\/dados-de-privacidade\/"]}]},{"@type":"BreadcrumbList","@id":"https:\/\/stayhaws.com\/pt-pt\/dados-de-privacidade\/#breadcrumb","itemListElement":[{"@type":"ListItem","position":1,"name":"Home","item":"https:\/\/stayhaws.com\/pt-pt\/"},{"@type":"ListItem","position":2,"name":"Dados de Privacidade"}]},{"@type":"WebSite","@id":"https:\/\/stayhaws.com\/pt-pt\/#website","url":"https:\/\/stayhaws.com\/pt-pt\/","name":"HAWS Lifestyle Hospitality","description":"Stay Like Home","publisher":{"@id":"https:\/\/stayhaws.com\/pt-pt\/#organization"},"potentialAction":[{"@type":"SearchAction","target":{"@type":"EntryPoint","urlTemplate":"https:\/\/stayhaws.com\/pt-pt\/?s={search_term_string}"},"query-input":{"@type":"PropertyValueSpecification","valueRequired":true,"valueName":"search_term_string"}}],"inLanguage":"pt-PT"},{"@type":"Organization","@id":"https:\/\/stayhaws.com\/pt-pt\/#organization","name":"HAWS Lifestyle Hospitality","url":"https:\/\/stayhaws.com\/pt-pt\/","logo":{"@type":"ImageObject","inLanguage":"pt-PT","@id":"https:\/\/stayhaws.com\/pt-pt\/#\/schema\/logo\/image\/","url":"https:\/\/stayhaws.com\/wp-content\/uploads\/2024\/09\/haws-logo-tagline-serif-blue.svg","contentUrl":"https:\/\/stayhaws.com\/wp-content\/uploads\/2024\/09\/haws-logo-tagline-serif-blue.svg","width":1,"height":1,"caption":"HAWS Lifestyle Hospitality"},"image":{"@id":"https:\/\/stayhaws.com\/pt-pt\/#\/schema\/logo\/image\/"}}]}},"featured_image_src":null,"featured_image_src_square":null,"_links":{"self":[{"href":"https:\/\/stayhaws.com\/pt-pt\/wp-json\/wp\/v2\/pages\/3897","targetHints":{"allow":["GET"]}}],"collection":[{"href":"https:\/\/stayhaws.com\/pt-pt\/wp-json\/wp\/v2\/pages"}],"about":[{"href":"https:\/\/stayhaws.com\/pt-pt\/wp-json\/wp\/v2\/types\/page"}],"author":[{"embeddable":true,"href":"https:\/\/stayhaws.com\/pt-pt\/wp-json\/wp\/v2\/users\/1"}],"replies":[{"embeddable":true,"href":"https:\/\/stayhaws.com\/pt-pt\/wp-json\/wp\/v2\/comments?post=3897"}],"version-history":[{"count":4,"href":"https:\/\/stayhaws.com\/pt-pt\/wp-json\/wp\/v2\/pages\/3897\/revisions"}],"predecessor-version":[{"id":5428,"href":"https:\/\/stayhaws.com\/pt-pt\/wp-json\/wp\/v2\/pages\/3897\/revisions\/5428"}],"wp:attachment":[{"href":"https:\/\/stayhaws.com\/pt-pt\/wp-json\/wp\/v2\/media?parent=3897"}],"curies":[{"name":"wp","href":"https:\/\/api.w.org\/{rel}","templated":true}]}}